{"id":8948,"date":"2026-03-03T16:53:29","date_gmt":"2026-03-03T13:53:29","guid":{"rendered":"https:\/\/premecsa.com.ar\/?post_type=product&#038;p=8948"},"modified":"2026-03-03T20:48:00","modified_gmt":"2026-03-03T17:48:00","slug":"autoelevador-nafta-gas-hyundai-25le-7-copia","status":"publish","type":"product","link":"https:\/\/premecsa.com.ar\/es_ar\/shop\/autoelevador-nafta-gas-hyundai-25le-7-copia\/","title":{"rendered":"Autoelevador nafta\/gas Hyundai 25\/35LE-7"},"content":{"rendered":"<div class=\"wpb-content-wrapper\"><div   class=\"vc_row wpb_row vc_row-fluid  \">\n\t<div  class=\"vc_span3 wpb_column vc_column_container \"><div class=\"vc_column-inner \">\n\t\t<div class=\"wpb_wrapper\">\n\t\t\t\n\t<div class=\"wpb_text_column wpb_content_element   ct_epczea6ayjx96lgzd68r\" >\n\t\t<div class=\"wpb_wrapper\" >\n\t\t\t<ul>\n<li>Marca: Hyundai<\/li>\n<li>Equipo <strong>LPG<\/strong><\/li>\n<li>Motor <strong>NISSAN GK25<\/strong><\/li>\n<li>Capacidad de carga:2500\/3500KG<\/li>\n<li>Torre triple.<\/li>\n<li>Elevaci\u00f3n 4800\/6000mm.<\/li>\n<li><strong>Transmisi\u00f3n PowerShift.<\/strong><\/li>\n<li>Rodado neum\u00e1tico<\/li>\n<li>Desplazador lateral.<\/li>\n<\/ul>\n\n\t\t<\/div> \n\t<\/div> \n\t\t<\/div> <\/div>\n\t<\/div> \n\n\t<div  class=\"vc_span3 wpb_column vc_column_container \"><div class=\"vc_column-inner \">\n\t\t<div class=\"wpb_wrapper\">\n\t\t\t\n\t<div class=\"wpb_text_column wpb_content_element  vc_custom_1658433385174  ct_bv8m3sf5yaxpgpwby6g0\" >\n\t\t<div class=\"wpb_wrapper\" >\n\t\t\t<p><strong>Caracter\u00edsticas destacadas:<\/strong><\/p>\n\n\t\t<\/div> \n\t<\/div> \n\t<div class=\"wpb_text_column wpb_content_element   ct_mlz1obrtsbbsyw56euog\" >\n\t\t<div class=\"wpb_wrapper\" >\n\t\t\t<ul>\n<li>Comandos laterales<\/li>\n<li>Mayor eficiencia de combustible (Menor consumo)<\/li>\n<li>Tren trasero reforzado.<\/li>\n<li>Nueva torre (rodamientos coreanos).<\/li>\n<li>Nuevo sistema de refrigeraci\u00f3n.<\/li>\n<li>Sistema de luces completos LED.<\/li>\n<li>Sensor de part\u00edculas en filtro de aire.<\/li>\n<li>Sensor de nivel de l\u00edquido de frenos.<\/li>\n<li>Aumento de velocidad en subida y bajada de torre.<\/li>\n<\/ul>\n\n\t\t<\/div> \n\t<\/div> \n\t\t<\/div> <\/div>\n\t<\/div> \n\n\t<div  class=\"vc_span3 wpb_column vc_column_container \"><div class=\"vc_column-inner \">\n\t\t<div class=\"wpb_wrapper\">\n\t\t\t\r\n\t<div  class=\"wpb_single_image wpb_content_element vc_align_left\">\r\n\t\t<div class=\"wpb_wrapper\">\r\n\t\t\t\r\n\t\t\t<div class=\"vc_single_image-wrapper   vc_box_border_grey\"><img loading=\"lazy\" decoding=\"async\" width=\"300\" height=\"56\" src=\"https:\/\/premecsa.com.ar\/wp-content\/uploads\/2022\/07\/hyundai_xitesolution_blue_web-300x56.png\" class=\"vc_single_image-img attachment-medium\" alt=\"hyundai_xitesolution\" title=\"hyundai_xitesolution_blue_web\" srcset=\"https:\/\/premecsa.com.ar\/wp-content\/uploads\/2022\/07\/hyundai_xitesolution_blue_web-300x56.png 300w, https:\/\/premecsa.com.ar\/wp-content\/uploads\/2022\/07\/hyundai_xitesolution_blue_web.png 321w\" sizes=\"auto, (max-width: 300px) 100vw, 300px\" \/><\/div>\r\n\t\t<\/div>\r\n\t<\/div>\r\n\n\t\t<\/div> <\/div>\n\t<\/div> \n\n\t<div  class=\"vc_span3 wpb_column vc_column_container \"><div class=\"vc_column-inner vc_custom_1661869432866\">\n\t\t<div class=\"wpb_wrapper\">\n\t\t\t<style type=\"text\/css\" >#b_vx0nft469xf56qbn3bv5 a{color:; background:; margin-top:0px; margin-bottom:0px;  margin-left:0px; margin-right:0px; font-weight:900; border-radius:0px;}#b_vx0nft469xf56qbn3bv5 a:hover{color: ; background: ;}<\/style><div class=\"ta_left tf_btn_pos\" id=\"b_vx0nft469xf56qbn3bv5\" ><a class=\"rd_normal_bt mediumlarge_rd_bt bt_icon_left   \" href=\"https:\/\/premecsa.com.ar\/wp-content\/uploads\/2022\/08\/hyundai_25de-7.pdf\" target=\"yes\"   ><i class=\"wi-download-cloud\" ><\/i><span>Descargar PDF<\/span><\/a><\/div><style type='text\/css'> @font-face{font-family: 'wi'; src:url('https:\/\/premecsa.com.ar\/wp-content\/themes\/thefox\/includes\/4k-icons\/icons\/4k-icons-pack05\/icons\/fonts\/wi.eot'); src:url('https:\/\/premecsa.com.ar\/wp-content\/themes\/thefox\/includes\/4k-icons\/icons\/4k-icons-pack05\/icons\/fonts\/wi.eot?#iefix') format('embedded-opentype'), url('https:\/\/premecsa.com.ar\/wp-content\/themes\/thefox\/includes\/4k-icons\/icons\/4k-icons-pack05\/icons\/fonts\/wi.woff') format('woff'), url('https:\/\/premecsa.com.ar\/wp-content\/themes\/thefox\/includes\/4k-icons\/icons\/4k-icons-pack05\/icons\/fonts\/wi.ttf') format('truetype'), url('https:\/\/premecsa.com.ar\/wp-content\/themes\/thefox\/includes\/4k-icons\/icons\/4k-icons-pack05\/icons\/fonts\/wi.svg#oi') format('svg'); font-weight: normal; font-style: normal;}#b_vx0nft469xf56qbn3bv5 .wi-download-cloud:before{font-family: 'wi'; font-weight: normal; font-style: normal;}#b_vx0nft469xf56qbn3bv5 .wi-download-cloud:before{content: \"\\e83b\";}<\/style>\n\n\t\t<\/div> <\/div>\n\t<\/div> \n<\/div>\n<\/div>","protected":false},"excerpt":{"rendered":"<p>Autoelevador Nafta\/gas marca HYUNDAI modelo LE-7 l\u00ednea Premium con torre triple reforzada, desplazador lateral (Cascade) e inclinaci\u00f3n, equipado con motor NISSAN GK25 bomba hidr\u00e1ulica SHIMADZU (japon), transmisi\u00f3n autom\u00e1tica Powershift, cumple con la norma de contaminaci\u00f3n Euro IV. Comandos laterales que facilitan el manejo del operador, incluye sensor de filtro de aire y liquido de freno. Equipo apto para jornadas de trabajo exigentes. Equipo LPG instalado marca IMPCO.<\/p>\n<p><a href=\"https:\/\/premecsa.com.ar\/wp-content\/uploads\/2022\/08\/hyundai_25de-7.pdf\" target=\"_blank\" rel=\"noopener\"><input class=\"contact pe-show-enq-modal wpi-button single_add_to_cart_button button alt\" name=\"contact\" type=\"button\" value=\"Descargar PDF\" \/><\/a><\/p>\n","protected":false},"featured_media":8949,"comment_status":"open","ping_status":"closed","template":"","meta":{"content-type":"","_joinchat":[]},"product_brand":[],"product_cat":[47,43],"product_tag":[],"class_list":{"0":"post-8948","1":"product","2":"type-product","3":"status-publish","4":"has-post-thumbnail","6":"product_cat-autoelevadores-nafteros-hyundai","7":"product_cat-hyundai","9":"first","10":"instock","11":"shipping-taxable","12":"product-type-simple"},"yoast_head":"<!-- This site is optimized with the Yoast SEO plugin v27.4 - https:\/\/yoast.com\/product\/yoast-seo-wordpress\/ -->\n<title>Autoelevador nafta\/gas Hyundai 25\/35LE-7 - Premec<\/title>\n<meta name=\"description\" content=\"Autoelevador Nafta\/gas marca HYUNDAI modelo LE-7 l\u00ednea Premium con torre triple reforzada, desplazador lateral.\" \/>\n<meta name=\"robots\" content=\"index, follow, max-snippet:-1, max-image-preview:large, max-video-preview:-1\" \/>\n<link rel=\"canonical\" href=\"https:\/\/premecsa.com.ar\/es_ar\/shop\/autoelevador-nafta-gas-hyundai-25le-7-copia\/\" \/>\n<meta property=\"og:locale\" content=\"es_ES\" \/>\n<meta property=\"og:type\" content=\"article\" \/>\n<meta property=\"og:title\" content=\"Autoelevador nafta\/gas Hyundai 25\/35LE-7\" \/>\n<meta property=\"og:description\" content=\"Autoelevador Nafta\/gas marca HYUNDAI modelo LE-7 l\u00ednea Premium con torre triple reforzada, desplazador lateral.\" \/>\n<meta property=\"og:url\" content=\"https:\/\/premecsa.com.ar\/es_ar\/shop\/autoelevador-nafta-gas-hyundai-25le-7-copia\/\" \/>\n<meta property=\"og:site_name\" content=\"Premec\" \/>\n<meta property=\"article:publisher\" content=\"https:\/\/www.facebook.com\/premecsa\/\" \/>\n<meta property=\"article:modified_time\" content=\"2026-03-03T17:48:00+00:00\" \/>\n<meta property=\"og:image\" content=\"https:\/\/premecsa.com.ar\/wp-content\/uploads\/2022\/07\/autoelevador_naftagas_2535le-7-1.jpg\" \/>\n\t<meta property=\"og:image:width\" content=\"800\" \/>\n\t<meta property=\"og:image:height\" content=\"800\" \/>\n\t<meta property=\"og:image:type\" content=\"image\/jpeg\" \/>\n<meta name=\"twitter:card\" content=\"summary_large_image\" \/>\n<meta name=\"twitter:title\" content=\"Autoelevador nafta\/gas Hyundai 25\/35LE-7\" \/>\n<meta name=\"twitter:description\" content=\"Autoelevador Nafta\/gas marca HYUNDAI modelo LE-7 l\u00ednea Premium con torre triple reforzada, desplazador lateral.\" \/>\n<meta name=\"twitter:image\" content=\"https:\/\/premecsa.com.ar\/wp-content\/uploads\/2022\/07\/autoelevador_naftagas_2535le-7-1.jpg\" \/>\n<meta name=\"twitter:label1\" content=\"Tiempo de lectura\" \/>\n\t<meta name=\"twitter:data1\" content=\"1 minuto\" \/>\n<script type=\"application\/ld+json\" class=\"yoast-schema-graph\">{\"@context\":\"https:\\\/\\\/schema.org\",\"@graph\":[{\"@type\":\"WebPage\",\"@id\":\"https:\\\/\\\/premecsa.com.ar\\\/shop\\\/autoelevador-nafta-gas-hyundai-25le-7-copia\\\/\",\"url\":\"https:\\\/\\\/premecsa.com.ar\\\/shop\\\/autoelevador-nafta-gas-hyundai-25le-7-copia\\\/\",\"name\":\"Autoelevador nafta\\\/gas Hyundai 25\\\/35LE-7 - Premec\",\"isPartOf\":{\"@id\":\"https:\\\/\\\/premecsa.com.ar\\\/#website\"},\"primaryImageOfPage\":{\"@id\":\"https:\\\/\\\/premecsa.com.ar\\\/shop\\\/autoelevador-nafta-gas-hyundai-25le-7-copia\\\/#primaryimage\"},\"image\":{\"@id\":\"https:\\\/\\\/premecsa.com.ar\\\/shop\\\/autoelevador-nafta-gas-hyundai-25le-7-copia\\\/#primaryimage\"},\"thumbnailUrl\":\"https:\\\/\\\/premecsa.com.ar\\\/wp-content\\\/uploads\\\/2026\\\/03\\\/25LE-WEB-VAG.png\",\"datePublished\":\"2026-03-03T13:53:29+00:00\",\"dateModified\":\"2026-03-03T17:48:00+00:00\",\"description\":\"Autoelevador Nafta\\\/gas marca HYUNDAI modelo LE-7 l\u00ednea Premium con torre triple reforzada, desplazador lateral.\",\"breadcrumb\":{\"@id\":\"https:\\\/\\\/premecsa.com.ar\\\/shop\\\/autoelevador-nafta-gas-hyundai-25le-7-copia\\\/#breadcrumb\"},\"inLanguage\":\"es-AR\",\"potentialAction\":[{\"@type\":\"ReadAction\",\"target\":[\"https:\\\/\\\/premecsa.com.ar\\\/shop\\\/autoelevador-nafta-gas-hyundai-25le-7-copia\\\/\"]}]},{\"@type\":\"ImageObject\",\"inLanguage\":\"es-AR\",\"@id\":\"https:\\\/\\\/premecsa.com.ar\\\/shop\\\/autoelevador-nafta-gas-hyundai-25le-7-copia\\\/#primaryimage\",\"url\":\"https:\\\/\\\/premecsa.com.ar\\\/wp-content\\\/uploads\\\/2026\\\/03\\\/25LE-WEB-VAG.png\",\"contentUrl\":\"https:\\\/\\\/premecsa.com.ar\\\/wp-content\\\/uploads\\\/2026\\\/03\\\/25LE-WEB-VAG.png\",\"width\":535,\"height\":696},{\"@type\":\"BreadcrumbList\",\"@id\":\"https:\\\/\\\/premecsa.com.ar\\\/shop\\\/autoelevador-nafta-gas-hyundai-25le-7-copia\\\/#breadcrumb\",\"itemListElement\":[{\"@type\":\"ListItem\",\"position\":1,\"name\":\"Inicio\",\"item\":\"https:\\\/\\\/premecsa.com.ar\\\/\"},{\"@type\":\"ListItem\",\"position\":2,\"name\":\"Productos\",\"item\":\"https:\\\/\\\/premecsa.com.ar\\\/productos_vieja\\\/\"},{\"@type\":\"ListItem\",\"position\":3,\"name\":\"Autoelevador nafta\\\/gas Hyundai 25\\\/35LE-7\"}]},{\"@type\":\"WebSite\",\"@id\":\"https:\\\/\\\/premecsa.com.ar\\\/#website\",\"url\":\"https:\\\/\\\/premecsa.com.ar\\\/\",\"name\":\"Premec\",\"description\":\"Premec S.A. - Autoelevadores servicio t\u00e9cnico reparaci\u00f3n alquiler venta tractores de arrastre transpalet autoelevadores electricos autoelevadores combustion Premec\",\"publisher\":{\"@id\":\"https:\\\/\\\/premecsa.com.ar\\\/#organization\"},\"potentialAction\":[{\"@type\":\"SearchAction\",\"target\":{\"@type\":\"EntryPoint\",\"urlTemplate\":\"https:\\\/\\\/premecsa.com.ar\\\/?s={search_term_string}\"},\"query-input\":{\"@type\":\"PropertyValueSpecification\",\"valueRequired\":true,\"valueName\":\"search_term_string\"}}],\"inLanguage\":\"es-AR\"},{\"@type\":\"Organization\",\"@id\":\"https:\\\/\\\/premecsa.com.ar\\\/#organization\",\"name\":\"Premec\",\"url\":\"https:\\\/\\\/premecsa.com.ar\\\/\",\"logo\":{\"@type\":\"ImageObject\",\"inLanguage\":\"es-AR\",\"@id\":\"https:\\\/\\\/premecsa.com.ar\\\/#\\\/schema\\\/logo\\\/image\\\/\",\"url\":\"https:\\\/\\\/premecsa.com.ar\\\/wp-content\\\/uploads\\\/2018\\\/05\\\/logo-premec-01.png\",\"contentUrl\":\"https:\\\/\\\/premecsa.com.ar\\\/wp-content\\\/uploads\\\/2018\\\/05\\\/logo-premec-01.png\",\"width\":1305,\"height\":246,\"caption\":\"Premec\"},\"image\":{\"@id\":\"https:\\\/\\\/premecsa.com.ar\\\/#\\\/schema\\\/logo\\\/image\\\/\"},\"sameAs\":[\"https:\\\/\\\/www.facebook.com\\\/premecsa\\\/\",\"https:\\\/\\\/www.instagram.com\\\/premecsa\\\/\"]}]}<\/script>\n<!-- \/ Yoast SEO plugin. -->","yoast_head_json":{"title":"Autoelevador nafta\/gas Hyundai 25\/35LE-7 - Premec","description":"Autoelevador Nafta\/gas marca HYUNDAI modelo LE-7 l\u00ednea Premium con torre triple reforzada, desplazador lateral.","robots":{"index":"index","follow":"follow","max-snippet":"max-snippet:-1","max-image-preview":"max-image-preview:large","max-video-preview":"max-video-preview:-1"},"canonical":"https:\/\/premecsa.com.ar\/es_ar\/shop\/autoelevador-nafta-gas-hyundai-25le-7-copia\/","og_locale":"es_ES","og_type":"article","og_title":"Autoelevador nafta\/gas Hyundai 25\/35LE-7","og_description":"Autoelevador Nafta\/gas marca HYUNDAI modelo LE-7 l\u00ednea Premium con torre triple reforzada, desplazador lateral.","og_url":"https:\/\/premecsa.com.ar\/es_ar\/shop\/autoelevador-nafta-gas-hyundai-25le-7-copia\/","og_site_name":"Premec","article_publisher":"https:\/\/www.facebook.com\/premecsa\/","article_modified_time":"2026-03-03T17:48:00+00:00","og_image":[{"width":800,"height":800,"url":"https:\/\/premecsa.com.ar\/wp-content\/uploads\/2022\/07\/autoelevador_naftagas_2535le-7-1.jpg","type":"image\/jpeg"}],"twitter_card":"summary_large_image","twitter_title":"Autoelevador nafta\/gas Hyundai 25\/35LE-7","twitter_description":"Autoelevador Nafta\/gas marca HYUNDAI modelo LE-7 l\u00ednea Premium con torre triple reforzada, desplazador lateral.","twitter_image":"https:\/\/premecsa.com.ar\/wp-content\/uploads\/2022\/07\/autoelevador_naftagas_2535le-7-1.jpg","twitter_misc":{"Tiempo de lectura":"1 minuto"},"schema":{"@context":"https:\/\/schema.org","@graph":[{"@type":"WebPage","@id":"https:\/\/premecsa.com.ar\/shop\/autoelevador-nafta-gas-hyundai-25le-7-copia\/","url":"https:\/\/premecsa.com.ar\/shop\/autoelevador-nafta-gas-hyundai-25le-7-copia\/","name":"Autoelevador nafta\/gas Hyundai 25\/35LE-7 - Premec","isPartOf":{"@id":"https:\/\/premecsa.com.ar\/#website"},"primaryImageOfPage":{"@id":"https:\/\/premecsa.com.ar\/shop\/autoelevador-nafta-gas-hyundai-25le-7-copia\/#primaryimage"},"image":{"@id":"https:\/\/premecsa.com.ar\/shop\/autoelevador-nafta-gas-hyundai-25le-7-copia\/#primaryimage"},"thumbnailUrl":"https:\/\/premecsa.com.ar\/wp-content\/uploads\/2026\/03\/25LE-WEB-VAG.png","datePublished":"2026-03-03T13:53:29+00:00","dateModified":"2026-03-03T17:48:00+00:00","description":"Autoelevador Nafta\/gas marca HYUNDAI modelo LE-7 l\u00ednea Premium con torre triple reforzada, desplazador lateral.","breadcrumb":{"@id":"https:\/\/premecsa.com.ar\/shop\/autoelevador-nafta-gas-hyundai-25le-7-copia\/#breadcrumb"},"inLanguage":"es-AR","potentialAction":[{"@type":"ReadAction","target":["https:\/\/premecsa.com.ar\/shop\/autoelevador-nafta-gas-hyundai-25le-7-copia\/"]}]},{"@type":"ImageObject","inLanguage":"es-AR","@id":"https:\/\/premecsa.com.ar\/shop\/autoelevador-nafta-gas-hyundai-25le-7-copia\/#primaryimage","url":"https:\/\/premecsa.com.ar\/wp-content\/uploads\/2026\/03\/25LE-WEB-VAG.png","contentUrl":"https:\/\/premecsa.com.ar\/wp-content\/uploads\/2026\/03\/25LE-WEB-VAG.png","width":535,"height":696},{"@type":"BreadcrumbList","@id":"https:\/\/premecsa.com.ar\/shop\/autoelevador-nafta-gas-hyundai-25le-7-copia\/#breadcrumb","itemListElement":[{"@type":"ListItem","position":1,"name":"Inicio","item":"https:\/\/premecsa.com.ar\/"},{"@type":"ListItem","position":2,"name":"Productos","item":"https:\/\/premecsa.com.ar\/productos_vieja\/"},{"@type":"ListItem","position":3,"name":"Autoelevador nafta\/gas Hyundai 25\/35LE-7"}]},{"@type":"WebSite","@id":"https:\/\/premecsa.com.ar\/#website","url":"https:\/\/premecsa.com.ar\/","name":"Premec","description":"Premec S.A. - Autoelevadores servicio t\u00e9cnico reparaci\u00f3n alquiler venta tractores de arrastre transpalet autoelevadores electricos autoelevadores combustion Premec","publisher":{"@id":"https:\/\/premecsa.com.ar\/#organization"},"potentialAction":[{"@type":"SearchAction","target":{"@type":"EntryPoint","urlTemplate":"https:\/\/premecsa.com.ar\/?s={search_term_string}"},"query-input":{"@type":"PropertyValueSpecification","valueRequired":true,"valueName":"search_term_string"}}],"inLanguage":"es-AR"},{"@type":"Organization","@id":"https:\/\/premecsa.com.ar\/#organization","name":"Premec","url":"https:\/\/premecsa.com.ar\/","logo":{"@type":"ImageObject","inLanguage":"es-AR","@id":"https:\/\/premecsa.com.ar\/#\/schema\/logo\/image\/","url":"https:\/\/premecsa.com.ar\/wp-content\/uploads\/2018\/05\/logo-premec-01.png","contentUrl":"https:\/\/premecsa.com.ar\/wp-content\/uploads\/2018\/05\/logo-premec-01.png","width":1305,"height":246,"caption":"Premec"},"image":{"@id":"https:\/\/premecsa.com.ar\/#\/schema\/logo\/image\/"},"sameAs":["https:\/\/www.facebook.com\/premecsa\/","https:\/\/www.instagram.com\/premecsa\/"]}]}},"_links":{"self":[{"href":"https:\/\/premecsa.com.ar\/es_ar\/wp-json\/wp\/v2\/product\/8948","targetHints":{"allow":["GET"]}}],"collection":[{"href":"https:\/\/premecsa.com.ar\/es_ar\/wp-json\/wp\/v2\/product"}],"about":[{"href":"https:\/\/premecsa.com.ar\/es_ar\/wp-json\/wp\/v2\/types\/product"}],"replies":[{"embeddable":true,"href":"https:\/\/premecsa.com.ar\/es_ar\/wp-json\/wp\/v2\/comments?post=8948"}],"wp:featuredmedia":[{"embeddable":true,"href":"https:\/\/premecsa.com.ar\/es_ar\/wp-json\/wp\/v2\/media\/8949"}],"wp:attachment":[{"href":"https:\/\/premecsa.com.ar\/es_ar\/wp-json\/wp\/v2\/media?parent=8948"}],"wp:term":[{"taxonomy":"product_brand","embeddable":true,"href":"https:\/\/premecsa.com.ar\/es_ar\/wp-json\/wp\/v2\/product_brand?post=8948"},{"taxonomy":"product_cat","embeddable":true,"href":"https:\/\/premecsa.com.ar\/es_ar\/wp-json\/wp\/v2\/product_cat?post=8948"},{"taxonomy":"product_tag","embeddable":true,"href":"https:\/\/premecsa.com.ar\/es_ar\/wp-json\/wp\/v2\/product_tag?post=8948"}],"curies":[{"name":"wp","href":"https:\/\/api.w.org\/{rel}","templated":true}]}}