{"id":7002,"date":"2022-08-03T14:25:22","date_gmt":"2022-08-03T17:25:22","guid":{"rendered":"https:\/\/premecsa.com.ar\/?post_type=product&#038;p=7002"},"modified":"2025-06-24T14:26:38","modified_gmt":"2025-06-24T11:26:38","slug":"aditamento-pala","status":"publish","type":"product","link":"https:\/\/premecsa.com.ar\/es_ar\/shop\/aditamento-pala\/","title":{"rendered":"Aditamento Pala"},"content":{"rendered":"<div class=\"wpb-content-wrapper\"><div   class=\"vc_row wpb_row vc_row-fluid  \">\n\t<div  class=\"vc_span4 wpb_column vc_column_container \"><div class=\"vc_column-inner \">\n\t\t<div class=\"wpb_wrapper\">\n\t\t\t\n\t<div class=\"wpb_text_column wpb_content_element   ct_b6k35alh5jksgpvlt28h\" >\n\t\t<div class=\"wpb_wrapper\" >\n\t\t\t<p>Implemento dise\u00f1ado para ser acoplado a un <strong data-start=\"70\" data-end=\"86\">autoelevador, <\/strong>Se utiliza para cargar, transportar y descargar materiales sueltos como tierra, arena, gravilla, fertilizantes, o incluso productos a granel. La pala tiene una estructura robusta y se opera mediante un sistema hidr\u00e1ulico que permite levantar y mover cargas pesadas de manera eficiente. Este implemento es ideal para trabajos en construcci\u00f3n, agricultura o en almacenes donde se necesiten manipular grandes vol\u00famenes de material de forma r\u00e1pida y segura.<\/p>\n\n\t\t<\/div> \n\t<\/div> \n\t\t<\/div> <\/div>\n\t<\/div> \n\n\t<div  class=\"vc_span4 wpb_column vc_column_container \"><div class=\"vc_column-inner \">\n\t\t<div class=\"wpb_wrapper\">\n\t\t\t\r\n\t<div  class=\"wpb_single_image wpb_content_element vc_align_left\">\r\n\t\t<div class=\"wpb_wrapper\">\r\n\t\t\t\r\n\t\t\t<div class=\"vc_single_image-wrapper   vc_box_border_grey\"><img decoding=\"async\" class=\"vc_single_image-img \" src=\"https:\/\/premecsa.com.ar\/wp-content\/uploads\/2022\/08\/logo-autoelevadores-2-233x90.png\" width=\"233\" height=\"90\" alt=\"logo autoelevadores\" title=\"logo autoelevadores\" loading=\"lazy\" \/><\/div>\r\n\t\t<\/div>\r\n\t<\/div>\r\n\n\t\t<\/div> <\/div>\n\t<\/div> \n\n\t<div  class=\"vc_span4 vc_hidden-lg vc_hidden-md vc_hidden-sm vc_hidden-xs wpb_column vc_column_container \"><div class=\"vc_column-inner \">\n\t\t<div class=\"wpb_wrapper\">\n\t\t\t<style type=\"text\/css\" >#b_lcpzjufb99pqyl2o8fg1 a{color:; background:; margin-top:0px; margin-bottom:0px;  margin-left:0px; margin-right:0px; font-weight:900; border-radius:0px;}#b_lcpzjufb99pqyl2o8fg1 a:hover{color: ; background: ;}<\/style><div class=\"ta_left tf_btn_pos\" id=\"b_lcpzjufb99pqyl2o8fg1\" ><a class=\"rd_normal_bt mediumlarge_rd_bt bt_icon_left   \" href=\"https:\/\/premecsa.com.ar\/wp-content\/uploads\/2019\/07\/premec_brazo_articulado.pdf\" target=\"yes\"   ><i class=\"wi-download-cloud\" ><\/i><span>Descargar PDF<\/span><\/a><\/div><style type='text\/css'> @font-face{font-family: 'wi'; src:url('https:\/\/premecsa.com.ar\/wp-content\/themes\/thefox\/includes\/4k-icons\/icons\/4k-icons-pack05\/icons\/fonts\/wi.eot'); src:url('https:\/\/premecsa.com.ar\/wp-content\/themes\/thefox\/includes\/4k-icons\/icons\/4k-icons-pack05\/icons\/fonts\/wi.eot?#iefix') format('embedded-opentype'), url('https:\/\/premecsa.com.ar\/wp-content\/themes\/thefox\/includes\/4k-icons\/icons\/4k-icons-pack05\/icons\/fonts\/wi.woff') format('woff'), url('https:\/\/premecsa.com.ar\/wp-content\/themes\/thefox\/includes\/4k-icons\/icons\/4k-icons-pack05\/icons\/fonts\/wi.ttf') format('truetype'), url('https:\/\/premecsa.com.ar\/wp-content\/themes\/thefox\/includes\/4k-icons\/icons\/4k-icons-pack05\/icons\/fonts\/wi.svg#oi') format('svg'); font-weight: normal; font-style: normal;}#b_lcpzjufb99pqyl2o8fg1 .wi-download-cloud:before{font-family: 'wi'; font-weight: normal; font-style: normal;}#b_lcpzjufb99pqyl2o8fg1 .wi-download-cloud:before{content: \"\\e83b\";}<\/style>\n\n\t\t<\/div> <\/div>\n\t<\/div> \n<\/div>\n<\/div>","protected":false},"excerpt":{"rendered":"<p>Implemento dise\u00f1ado para ser acoplado a un autoelevador, Se utiliza para cargar, transportar y descargar materiales sueltos como tierra, arena, gravilla, fertilizantes, o incluso productos a granel. La pala tiene una estructura robusta y se opera mediante un sistema hidr\u00e1ulico que permite levantar y mover cargas pesadas de manera eficiente. Este implemento es ideal para<br \/><a href=\"https:\/\/premecsa.com.ar\/es_ar\/shop\/aditamento-pala\/\" class=\"more\">Read more<\/a><\/p>\n","protected":false},"featured_media":8462,"comment_status":"open","ping_status":"closed","template":"","meta":{"content-type":"","_joinchat":[]},"product_brand":[],"product_cat":[55],"product_tag":[],"class_list":{"0":"post-7002","1":"product","2":"type-product","3":"status-publish","4":"has-post-thumbnail","6":"product_cat-implementos","8":"first","9":"instock","10":"shipping-taxable","11":"product-type-simple"},"yoast_head":"<!-- This site is optimized with the Yoast SEO plugin v27.4 - https:\/\/yoast.com\/product\/yoast-seo-wordpress\/ -->\n<title>Aditamento Pala - Premec<\/title>\n<meta name=\"description\" content=\"Aditamento Pala\" \/>\n<meta name=\"robots\" content=\"index, follow, max-snippet:-1, max-image-preview:large, max-video-preview:-1\" \/>\n<link rel=\"canonical\" href=\"https:\/\/premecsa.com.ar\/es_ar\/shop\/aditamento-pala\/\" \/>\n<meta property=\"og:locale\" content=\"es_ES\" \/>\n<meta property=\"og:type\" content=\"article\" \/>\n<meta property=\"og:title\" content=\"Aditamento Pala\" \/>\n<meta property=\"og:description\" content=\"Aditamento Pala\" \/>\n<meta property=\"og:url\" content=\"https:\/\/premecsa.com.ar\/es_ar\/shop\/aditamento-pala\/\" \/>\n<meta property=\"og:site_name\" content=\"Premec\" \/>\n<meta property=\"article:publisher\" content=\"https:\/\/www.facebook.com\/premecsa\/\" \/>\n<meta property=\"article:modified_time\" content=\"2025-06-24T11:26:38+00:00\" \/>\n<meta property=\"og:image\" content=\"https:\/\/premecsa.com.ar\/wp-content\/uploads\/2022\/08\/ADITAMENTO-PALA.png\" \/>\n\t<meta property=\"og:image:width\" content=\"470\" \/>\n\t<meta property=\"og:image:height\" content=\"395\" \/>\n\t<meta property=\"og:image:type\" content=\"image\/png\" \/>\n<meta name=\"twitter:card\" content=\"summary_large_image\" \/>\n<meta name=\"twitter:title\" content=\"Aditamento Pala\" \/>\n<meta name=\"twitter:description\" content=\"Aditamento Pala\" \/>\n<meta name=\"twitter:image\" content=\"https:\/\/premecsa.com.ar\/wp-content\/uploads\/2022\/08\/ADITAMENTO-PALA.png\" \/>\n<meta name=\"twitter:label1\" content=\"Tiempo de lectura\" \/>\n\t<meta name=\"twitter:data1\" content=\"1 minuto\" \/>\n<script type=\"application\/ld+json\" class=\"yoast-schema-graph\">{\"@context\":\"https:\\\/\\\/schema.org\",\"@graph\":[{\"@type\":\"WebPage\",\"@id\":\"https:\\\/\\\/premecsa.com.ar\\\/shop\\\/aditamento-pala\\\/\",\"url\":\"https:\\\/\\\/premecsa.com.ar\\\/shop\\\/aditamento-pala\\\/\",\"name\":\"Aditamento Pala - Premec\",\"isPartOf\":{\"@id\":\"https:\\\/\\\/premecsa.com.ar\\\/#website\"},\"primaryImageOfPage\":{\"@id\":\"https:\\\/\\\/premecsa.com.ar\\\/shop\\\/aditamento-pala\\\/#primaryimage\"},\"image\":{\"@id\":\"https:\\\/\\\/premecsa.com.ar\\\/shop\\\/aditamento-pala\\\/#primaryimage\"},\"thumbnailUrl\":\"https:\\\/\\\/premecsa.com.ar\\\/wp-content\\\/uploads\\\/2022\\\/08\\\/aditamento-pala-111.jpg\",\"datePublished\":\"2022-08-03T17:25:22+00:00\",\"dateModified\":\"2025-06-24T11:26:38+00:00\",\"description\":\"Aditamento Pala\",\"breadcrumb\":{\"@id\":\"https:\\\/\\\/premecsa.com.ar\\\/shop\\\/aditamento-pala\\\/#breadcrumb\"},\"inLanguage\":\"es-AR\",\"potentialAction\":[{\"@type\":\"ReadAction\",\"target\":[\"https:\\\/\\\/premecsa.com.ar\\\/shop\\\/aditamento-pala\\\/\"]}]},{\"@type\":\"ImageObject\",\"inLanguage\":\"es-AR\",\"@id\":\"https:\\\/\\\/premecsa.com.ar\\\/shop\\\/aditamento-pala\\\/#primaryimage\",\"url\":\"https:\\\/\\\/premecsa.com.ar\\\/wp-content\\\/uploads\\\/2022\\\/08\\\/aditamento-pala-111.jpg\",\"contentUrl\":\"https:\\\/\\\/premecsa.com.ar\\\/wp-content\\\/uploads\\\/2022\\\/08\\\/aditamento-pala-111.jpg\",\"width\":550,\"height\":383},{\"@type\":\"BreadcrumbList\",\"@id\":\"https:\\\/\\\/premecsa.com.ar\\\/shop\\\/aditamento-pala\\\/#breadcrumb\",\"itemListElement\":[{\"@type\":\"ListItem\",\"position\":1,\"name\":\"Inicio\",\"item\":\"https:\\\/\\\/premecsa.com.ar\\\/\"},{\"@type\":\"ListItem\",\"position\":2,\"name\":\"Productos\",\"item\":\"https:\\\/\\\/premecsa.com.ar\\\/productos_vieja\\\/\"},{\"@type\":\"ListItem\",\"position\":3,\"name\":\"Aditamento Pala\"}]},{\"@type\":\"WebSite\",\"@id\":\"https:\\\/\\\/premecsa.com.ar\\\/#website\",\"url\":\"https:\\\/\\\/premecsa.com.ar\\\/\",\"name\":\"Premec\",\"description\":\"Premec S.A. - Autoelevadores servicio t\u00e9cnico reparaci\u00f3n alquiler venta tractores de arrastre transpalet autoelevadores electricos autoelevadores combustion Premec\",\"publisher\":{\"@id\":\"https:\\\/\\\/premecsa.com.ar\\\/#organization\"},\"potentialAction\":[{\"@type\":\"SearchAction\",\"target\":{\"@type\":\"EntryPoint\",\"urlTemplate\":\"https:\\\/\\\/premecsa.com.ar\\\/?s={search_term_string}\"},\"query-input\":{\"@type\":\"PropertyValueSpecification\",\"valueRequired\":true,\"valueName\":\"search_term_string\"}}],\"inLanguage\":\"es-AR\"},{\"@type\":\"Organization\",\"@id\":\"https:\\\/\\\/premecsa.com.ar\\\/#organization\",\"name\":\"Premec\",\"url\":\"https:\\\/\\\/premecsa.com.ar\\\/\",\"logo\":{\"@type\":\"ImageObject\",\"inLanguage\":\"es-AR\",\"@id\":\"https:\\\/\\\/premecsa.com.ar\\\/#\\\/schema\\\/logo\\\/image\\\/\",\"url\":\"https:\\\/\\\/premecsa.com.ar\\\/wp-content\\\/uploads\\\/2018\\\/05\\\/logo-premec-01.png\",\"contentUrl\":\"https:\\\/\\\/premecsa.com.ar\\\/wp-content\\\/uploads\\\/2018\\\/05\\\/logo-premec-01.png\",\"width\":1305,\"height\":246,\"caption\":\"Premec\"},\"image\":{\"@id\":\"https:\\\/\\\/premecsa.com.ar\\\/#\\\/schema\\\/logo\\\/image\\\/\"},\"sameAs\":[\"https:\\\/\\\/www.facebook.com\\\/premecsa\\\/\",\"https:\\\/\\\/www.instagram.com\\\/premecsa\\\/\"]}]}<\/script>\n<!-- \/ Yoast SEO plugin. -->","yoast_head_json":{"title":"Aditamento Pala - Premec","description":"Aditamento Pala","robots":{"index":"index","follow":"follow","max-snippet":"max-snippet:-1","max-image-preview":"max-image-preview:large","max-video-preview":"max-video-preview:-1"},"canonical":"https:\/\/premecsa.com.ar\/es_ar\/shop\/aditamento-pala\/","og_locale":"es_ES","og_type":"article","og_title":"Aditamento Pala","og_description":"Aditamento Pala","og_url":"https:\/\/premecsa.com.ar\/es_ar\/shop\/aditamento-pala\/","og_site_name":"Premec","article_publisher":"https:\/\/www.facebook.com\/premecsa\/","article_modified_time":"2025-06-24T11:26:38+00:00","og_image":[{"width":470,"height":395,"url":"https:\/\/premecsa.com.ar\/wp-content\/uploads\/2022\/08\/ADITAMENTO-PALA.png","type":"image\/png"}],"twitter_card":"summary_large_image","twitter_title":"Aditamento Pala","twitter_description":"Aditamento Pala","twitter_image":"https:\/\/premecsa.com.ar\/wp-content\/uploads\/2022\/08\/ADITAMENTO-PALA.png","twitter_misc":{"Tiempo de lectura":"1 minuto"},"schema":{"@context":"https:\/\/schema.org","@graph":[{"@type":"WebPage","@id":"https:\/\/premecsa.com.ar\/shop\/aditamento-pala\/","url":"https:\/\/premecsa.com.ar\/shop\/aditamento-pala\/","name":"Aditamento Pala - Premec","isPartOf":{"@id":"https:\/\/premecsa.com.ar\/#website"},"primaryImageOfPage":{"@id":"https:\/\/premecsa.com.ar\/shop\/aditamento-pala\/#primaryimage"},"image":{"@id":"https:\/\/premecsa.com.ar\/shop\/aditamento-pala\/#primaryimage"},"thumbnailUrl":"https:\/\/premecsa.com.ar\/wp-content\/uploads\/2022\/08\/aditamento-pala-111.jpg","datePublished":"2022-08-03T17:25:22+00:00","dateModified":"2025-06-24T11:26:38+00:00","description":"Aditamento Pala","breadcrumb":{"@id":"https:\/\/premecsa.com.ar\/shop\/aditamento-pala\/#breadcrumb"},"inLanguage":"es-AR","potentialAction":[{"@type":"ReadAction","target":["https:\/\/premecsa.com.ar\/shop\/aditamento-pala\/"]}]},{"@type":"ImageObject","inLanguage":"es-AR","@id":"https:\/\/premecsa.com.ar\/shop\/aditamento-pala\/#primaryimage","url":"https:\/\/premecsa.com.ar\/wp-content\/uploads\/2022\/08\/aditamento-pala-111.jpg","contentUrl":"https:\/\/premecsa.com.ar\/wp-content\/uploads\/2022\/08\/aditamento-pala-111.jpg","width":550,"height":383},{"@type":"BreadcrumbList","@id":"https:\/\/premecsa.com.ar\/shop\/aditamento-pala\/#breadcrumb","itemListElement":[{"@type":"ListItem","position":1,"name":"Inicio","item":"https:\/\/premecsa.com.ar\/"},{"@type":"ListItem","position":2,"name":"Productos","item":"https:\/\/premecsa.com.ar\/productos_vieja\/"},{"@type":"ListItem","position":3,"name":"Aditamento Pala"}]},{"@type":"WebSite","@id":"https:\/\/premecsa.com.ar\/#website","url":"https:\/\/premecsa.com.ar\/","name":"Premec","description":"Premec S.A. - Autoelevadores servicio t\u00e9cnico reparaci\u00f3n alquiler venta tractores de arrastre transpalet autoelevadores electricos autoelevadores combustion Premec","publisher":{"@id":"https:\/\/premecsa.com.ar\/#organization"},"potentialAction":[{"@type":"SearchAction","target":{"@type":"EntryPoint","urlTemplate":"https:\/\/premecsa.com.ar\/?s={search_term_string}"},"query-input":{"@type":"PropertyValueSpecification","valueRequired":true,"valueName":"search_term_string"}}],"inLanguage":"es-AR"},{"@type":"Organization","@id":"https:\/\/premecsa.com.ar\/#organization","name":"Premec","url":"https:\/\/premecsa.com.ar\/","logo":{"@type":"ImageObject","inLanguage":"es-AR","@id":"https:\/\/premecsa.com.ar\/#\/schema\/logo\/image\/","url":"https:\/\/premecsa.com.ar\/wp-content\/uploads\/2018\/05\/logo-premec-01.png","contentUrl":"https:\/\/premecsa.com.ar\/wp-content\/uploads\/2018\/05\/logo-premec-01.png","width":1305,"height":246,"caption":"Premec"},"image":{"@id":"https:\/\/premecsa.com.ar\/#\/schema\/logo\/image\/"},"sameAs":["https:\/\/www.facebook.com\/premecsa\/","https:\/\/www.instagram.com\/premecsa\/"]}]}},"_links":{"self":[{"href":"https:\/\/premecsa.com.ar\/es_ar\/wp-json\/wp\/v2\/product\/7002","targetHints":{"allow":["GET"]}}],"collection":[{"href":"https:\/\/premecsa.com.ar\/es_ar\/wp-json\/wp\/v2\/product"}],"about":[{"href":"https:\/\/premecsa.com.ar\/es_ar\/wp-json\/wp\/v2\/types\/product"}],"replies":[{"embeddable":true,"href":"https:\/\/premecsa.com.ar\/es_ar\/wp-json\/wp\/v2\/comments?post=7002"}],"wp:featuredmedia":[{"embeddable":true,"href":"https:\/\/premecsa.com.ar\/es_ar\/wp-json\/wp\/v2\/media\/8462"}],"wp:attachment":[{"href":"https:\/\/premecsa.com.ar\/es_ar\/wp-json\/wp\/v2\/media?parent=7002"}],"wp:term":[{"taxonomy":"product_brand","embeddable":true,"href":"https:\/\/premecsa.com.ar\/es_ar\/wp-json\/wp\/v2\/product_brand?post=7002"},{"taxonomy":"product_cat","embeddable":true,"href":"https:\/\/premecsa.com.ar\/es_ar\/wp-json\/wp\/v2\/product_cat?post=7002"},{"taxonomy":"product_tag","embeddable":true,"href":"https:\/\/premecsa.com.ar\/es_ar\/wp-json\/wp\/v2\/product_tag?post=7002"}],"curies":[{"name":"wp","href":"https:\/\/api.w.org\/{rel}","templated":true}]}}