{"id":6970,"date":"2022-07-25T12:54:52","date_gmt":"2022-07-25T15:54:52","guid":{"rendered":"https:\/\/premecsa.com.ar\/?post_type=product&#038;p=6970"},"modified":"2024-07-16T17:14:59","modified_gmt":"2024-07-16T20:14:59","slug":"transpallet-electrico-rpl-251-lithium","status":"publish","type":"product","link":"https:\/\/premecsa.com.ar\/es_ar\/shop\/transpallet-electrico-rpl-251-lithium\/","title":{"rendered":"Transpallet el\u00e9ctrico RPL 251-Lithium"},"content":{"rendered":"<div class=\"wpb-content-wrapper\"><div   class=\"vc_row wpb_row vc_row-fluid  \">\n\t<div  class=\"vc_span3 wpb_column vc_column_container \"><div class=\"vc_column-inner \">\n\t\t<div class=\"wpb_wrapper\">\n\t\t\t\n\t<div class=\"wpb_text_column wpb_content_element   ct_i6x9zmaidwr08hqmhn0r\" >\n\t\t<div class=\"wpb_wrapper\" >\n\t\t\t<ul>\n<li>Marca: EP<\/li>\n<li><strong>Bater\u00eda Li-ion.<\/strong><\/li>\n<li>Capacidad de Carga:<strong> 2500 KG.<\/strong><\/li>\n<li>Ancho exterior de u\u00f1as: 570 mm.<\/li>\n<li>Hombre <strong>a bordo sobre plataforma rebatible<\/strong>.<\/li>\n<li><strong>Tracci\u00f3n y Elevaci\u00f3n El\u00e9ctrica.<\/strong><\/li>\n<li>Freno el\u00e9ctrico.<\/li>\n<li>Rodado poliuretano.<\/li>\n<li>Sistema contra-marcha de seguridad.<\/li>\n<li>Direcci\u00f3n electro-asistida.<\/li>\n<\/ul>\n\n\t\t<\/div> \n\t<\/div> \n\t\t<\/div> <\/div>\n\t<\/div> \n\n\t<div  class=\"vc_span3 wpb_column vc_column_container \"><div class=\"vc_column-inner \">\n\t\t<div class=\"wpb_wrapper\">\n\t\t\t\n\t<div class=\"wpb_text_column wpb_content_element  vc_custom_1658765037436  ct_6bwdramiydxtnjklkbiw\" >\n\t\t<div class=\"wpb_wrapper\" >\n\t\t\t<p><strong>Ventajas Bater\u00eda Litio:<\/strong><\/p>\n\n\t\t<\/div> \n\t<\/div> \n\t<div class=\"wpb_text_column wpb_content_element   ct_wrqxd7i3qcm06gedrg3t\" >\n\t\t<div class=\"wpb_wrapper\" >\n\t\t\t<ul>\n<li>Mayor autonom\u00eda.<\/li>\n<li>Doble vida \u00fatil de bater\u00eda.<\/li>\n<li>Cargas r\u00e1pidas y de oportunidad.<\/li>\n<li>No requiere reposo despu\u00e9s de la carga.<\/li>\n<li>Menor consumo.<\/li>\n<li>Bater\u00eda libre de mantenimiento.<\/li>\n<li>Ecol\u00f3gica.<\/li>\n<\/ul>\n\n\t\t<\/div> \n\t<\/div> \n\t\t<\/div> <\/div>\n\t<\/div> \n\n\t<div  class=\"vc_span3 wpb_column vc_column_container \"><div class=\"vc_column-inner \">\n\t\t<div class=\"wpb_wrapper\">\n\t\t\t\r\n\t<div  class=\"wpb_single_image wpb_content_element vc_align_left\">\r\n\t\t<div class=\"wpb_wrapper\">\r\n\t\t\t\r\n\t\t\t<div class=\"vc_single_image-wrapper   vc_box_border_grey\"><img loading=\"lazy\" decoding=\"async\" width=\"206\" height=\"148\" src=\"https:\/\/premecsa.com.ar\/wp-content\/uploads\/2022\/07\/letsgrow_together.min_.png\" class=\"vc_single_image-img attachment-medium\" alt=\"\" title=\"letsgrow_together.min\" srcset=\"https:\/\/premecsa.com.ar\/wp-content\/uploads\/2022\/07\/letsgrow_together.min_.png 206w, https:\/\/premecsa.com.ar\/wp-content\/uploads\/2022\/07\/letsgrow_together.min_-553x400.png 553w\" sizes=\"auto, (max-width: 206px) 100vw, 206px\" \/><\/div>\r\n\t\t<\/div>\r\n\t<\/div>\r\n\r\n\t<div  class=\"wpb_single_image wpb_content_element vc_align_left\">\r\n\t\t<div class=\"wpb_wrapper\">\r\n\t\t\t\r\n\t\t\t<div class=\"vc_single_image-wrapper   vc_box_border_grey\"><img decoding=\"async\" class=\"vc_single_image-img \" src=\"https:\/\/premecsa.com.ar\/wp-content\/uploads\/2022\/07\/li-ion-1-172x80.png\" width=\"172\" height=\"80\" alt=\"li-ion\" title=\"li-ion\" loading=\"lazy\" \/><\/div>\r\n\t\t<\/div>\r\n\t<\/div>\r\n\r\n\t<div  class=\"wpb_single_image wpb_content_element vc_align_left\">\r\n\t\t<div class=\"wpb_wrapper\">\r\n\t\t\t\r\n\t\t\t<div class=\"vc_single_image-wrapper   vc_box_border_grey\"><img decoding=\"async\" class=\"vc_single_image-img \" src=\"https:\/\/premecsa.com.ar\/wp-content\/uploads\/2022\/07\/list-1-172x80.png\" width=\"172\" height=\"80\" alt=\"list\" title=\"list\" loading=\"lazy\" \/><\/div>\r\n\t\t<\/div>\r\n\t<\/div>\r\n\n\t\t<\/div> <\/div>\n\t<\/div> \n\n\t<div  class=\"vc_span3 wpb_column vc_column_container \"><div class=\"vc_column-inner vc_custom_1658765330451\">\n\t\t<div class=\"wpb_wrapper\">\n\t\t\t<style type=\"text\/css\" >#b_1ff1a1kwa3jb4vffbu0n a{color:; background:; margin-top:0px; margin-bottom:0px;  margin-left:0px; margin-right:0px; font-weight:900; border-radius:0px;}#b_1ff1a1kwa3jb4vffbu0n a:hover{color: ; background: ;}<\/style><div class=\"ta_left tf_btn_pos\" id=\"b_1ff1a1kwa3jb4vffbu0n\" ><a class=\"rd_normal_bt mediumlarge_rd_bt bt_icon_left   \" href=\"https:\/\/premecsa.com.ar\/wp-content\/uploads\/2023\/05\/RPL201201H251301-en-Brochure.pdf\" target=\"yes\"   ><i class=\"wi-download-cloud\" ><\/i><span>Descargar PDF<\/span><\/a><\/div><style type='text\/css'> @font-face{font-family: 'wi'; src:url('https:\/\/premecsa.com.ar\/wp-content\/themes\/thefox\/includes\/4k-icons\/icons\/4k-icons-pack05\/icons\/fonts\/wi.eot'); src:url('https:\/\/premecsa.com.ar\/wp-content\/themes\/thefox\/includes\/4k-icons\/icons\/4k-icons-pack05\/icons\/fonts\/wi.eot?#iefix') format('embedded-opentype'), url('https:\/\/premecsa.com.ar\/wp-content\/themes\/thefox\/includes\/4k-icons\/icons\/4k-icons-pack05\/icons\/fonts\/wi.woff') format('woff'), url('https:\/\/premecsa.com.ar\/wp-content\/themes\/thefox\/includes\/4k-icons\/icons\/4k-icons-pack05\/icons\/fonts\/wi.ttf') format('truetype'), url('https:\/\/premecsa.com.ar\/wp-content\/themes\/thefox\/includes\/4k-icons\/icons\/4k-icons-pack05\/icons\/fonts\/wi.svg#oi') format('svg'); font-weight: normal; font-style: normal;}#b_1ff1a1kwa3jb4vffbu0n .wi-download-cloud:before{font-family: 'wi'; font-weight: normal; font-style: normal;}#b_1ff1a1kwa3jb4vffbu0n .wi-download-cloud:before{content: \"\\e83b\";}<\/style>\n\n\t\t<\/div> <\/div>\n\t<\/div> \n<\/div>\n<\/div>","protected":false},"excerpt":{"rendered":"<p>La serie RPL es la m\u00e1quina perfecta para cualquier tipo de tareas de transporte de media a alta distancia dentro del almac\u00e9n, as\u00ed como carga \/ descarga en muelles y aplicaciones de muelles de carga. La direcci\u00f3n asistida el\u00e9ctrica de serie es una caracter\u00edstica \u00fanica de esta transpaleta con operador a pie para aumentar la productividad y la ergonom\u00eda.<\/p>\n<p><a href=\"https:\/\/premecsa.com.ar\/wp-content\/uploads\/2023\/05\/RPL201201H251301-en-Brochure.pdf\" target=\"_blank\" rel=\"noopener\"><input class=\"contact pe-show-enq-modal wpi-button single_add_to_cart_button button alt\" name=\"contact\" type=\"button\" value=\"Descargar PDF\" \/><\/a><\/p>\n","protected":false},"featured_media":6971,"comment_status":"open","ping_status":"closed","template":"","meta":{"content-type":"","_joinchat":[]},"product_brand":[],"product_cat":[49,53],"product_tag":[],"class_list":{"0":"post-6970","1":"product","2":"type-product","3":"status-publish","4":"has-post-thumbnail","6":"product_cat-ep","7":"product_cat-transpallet-ep","9":"first","10":"instock","11":"shipping-taxable","12":"product-type-simple"},"yoast_head":"<!-- This site is optimized with the Yoast SEO plugin v27.4 - https:\/\/yoast.com\/product\/yoast-seo-wordpress\/ -->\n<title>Transpallet el\u00e9ctrico RPL 251-Lithium - Premec<\/title>\n<meta name=\"description\" content=\"La serie RPL es la m\u00e1quina perfecta para cualquier tipo de tareas de transporte de media a alta distancia dentro del almac\u00e9n.\" \/>\n<meta name=\"robots\" content=\"index, follow, max-snippet:-1, max-image-preview:large, max-video-preview:-1\" \/>\n<link rel=\"canonical\" href=\"https:\/\/premecsa.com.ar\/es_ar\/shop\/transpallet-electrico-rpl-251-lithium\/\" \/>\n<meta property=\"og:locale\" content=\"es_ES\" \/>\n<meta property=\"og:type\" content=\"article\" \/>\n<meta property=\"og:title\" content=\"Transpallet el\u00e9ctrico RPL 251-Lithium\" \/>\n<meta property=\"og:description\" content=\"La serie RPL es la m\u00e1quina perfecta para cualquier tipo de tareas de transporte de media a alta distancia dentro del almac\u00e9n.\" \/>\n<meta property=\"og:url\" content=\"https:\/\/premecsa.com.ar\/es_ar\/shop\/transpallet-electrico-rpl-251-lithium\/\" \/>\n<meta property=\"og:site_name\" content=\"Premec\" \/>\n<meta property=\"article:publisher\" content=\"https:\/\/www.facebook.com\/premecsa\/\" \/>\n<meta property=\"article:modified_time\" content=\"2024-07-16T20:14:59+00:00\" \/>\n<meta property=\"og:image\" content=\"https:\/\/premecsa.com.ar\/wp-content\/uploads\/2022\/07\/transpallet_electrico_RPL_251-Lithium.jpg\" \/>\n\t<meta property=\"og:image:width\" content=\"800\" \/>\n\t<meta property=\"og:image:height\" content=\"800\" \/>\n\t<meta property=\"og:image:type\" content=\"image\/jpeg\" \/>\n<meta name=\"twitter:card\" content=\"summary_large_image\" \/>\n<meta name=\"twitter:title\" content=\"Transpallet el\u00e9ctrico RPL 251-Lithium\" \/>\n<meta name=\"twitter:description\" content=\"La serie RPL es la m\u00e1quina perfecta para cualquier tipo de tareas de transporte de media a alta distancia dentro del almac\u00e9n.\" \/>\n<meta name=\"twitter:image\" content=\"https:\/\/premecsa.com.ar\/wp-content\/uploads\/2022\/07\/transpallet_electrico_RPL_251-Lithium.jpg\" \/>\n<meta name=\"twitter:label1\" content=\"Tiempo de lectura\" \/>\n\t<meta name=\"twitter:data1\" content=\"1 minuto\" \/>\n<script type=\"application\/ld+json\" class=\"yoast-schema-graph\">{\"@context\":\"https:\\\/\\\/schema.org\",\"@graph\":[{\"@type\":\"WebPage\",\"@id\":\"https:\\\/\\\/premecsa.com.ar\\\/shop\\\/transpallet-electrico-rpl-251-lithium\\\/\",\"url\":\"https:\\\/\\\/premecsa.com.ar\\\/shop\\\/transpallet-electrico-rpl-251-lithium\\\/\",\"name\":\"Transpallet el\u00e9ctrico RPL 251-Lithium - Premec\",\"isPartOf\":{\"@id\":\"https:\\\/\\\/premecsa.com.ar\\\/#website\"},\"primaryImageOfPage\":{\"@id\":\"https:\\\/\\\/premecsa.com.ar\\\/shop\\\/transpallet-electrico-rpl-251-lithium\\\/#primaryimage\"},\"image\":{\"@id\":\"https:\\\/\\\/premecsa.com.ar\\\/shop\\\/transpallet-electrico-rpl-251-lithium\\\/#primaryimage\"},\"thumbnailUrl\":\"https:\\\/\\\/premecsa.com.ar\\\/wp-content\\\/uploads\\\/2022\\\/07\\\/transpallet_electrico_RPL_251-Lithium.jpg\",\"datePublished\":\"2022-07-25T15:54:52+00:00\",\"dateModified\":\"2024-07-16T20:14:59+00:00\",\"description\":\"La serie RPL es la m\u00e1quina perfecta para cualquier tipo de tareas de transporte de media a alta distancia dentro del almac\u00e9n.\",\"breadcrumb\":{\"@id\":\"https:\\\/\\\/premecsa.com.ar\\\/shop\\\/transpallet-electrico-rpl-251-lithium\\\/#breadcrumb\"},\"inLanguage\":\"es-AR\",\"potentialAction\":[{\"@type\":\"ReadAction\",\"target\":[\"https:\\\/\\\/premecsa.com.ar\\\/shop\\\/transpallet-electrico-rpl-251-lithium\\\/\"]}]},{\"@type\":\"ImageObject\",\"inLanguage\":\"es-AR\",\"@id\":\"https:\\\/\\\/premecsa.com.ar\\\/shop\\\/transpallet-electrico-rpl-251-lithium\\\/#primaryimage\",\"url\":\"https:\\\/\\\/premecsa.com.ar\\\/wp-content\\\/uploads\\\/2022\\\/07\\\/transpallet_electrico_RPL_251-Lithium.jpg\",\"contentUrl\":\"https:\\\/\\\/premecsa.com.ar\\\/wp-content\\\/uploads\\\/2022\\\/07\\\/transpallet_electrico_RPL_251-Lithium.jpg\",\"width\":800,\"height\":800,\"caption\":\"transpallet_electrico_RPL_251-Lithium\"},{\"@type\":\"BreadcrumbList\",\"@id\":\"https:\\\/\\\/premecsa.com.ar\\\/shop\\\/transpallet-electrico-rpl-251-lithium\\\/#breadcrumb\",\"itemListElement\":[{\"@type\":\"ListItem\",\"position\":1,\"name\":\"Inicio\",\"item\":\"https:\\\/\\\/premecsa.com.ar\\\/\"},{\"@type\":\"ListItem\",\"position\":2,\"name\":\"Productos\",\"item\":\"https:\\\/\\\/premecsa.com.ar\\\/productos_vieja\\\/\"},{\"@type\":\"ListItem\",\"position\":3,\"name\":\"Transpallet el\u00e9ctrico RPL 251-Lithium\"}]},{\"@type\":\"WebSite\",\"@id\":\"https:\\\/\\\/premecsa.com.ar\\\/#website\",\"url\":\"https:\\\/\\\/premecsa.com.ar\\\/\",\"name\":\"Premec\",\"description\":\"Premec S.A. - Autoelevadores servicio t\u00e9cnico reparaci\u00f3n alquiler venta tractores de arrastre transpalet autoelevadores electricos autoelevadores combustion Premec\",\"publisher\":{\"@id\":\"https:\\\/\\\/premecsa.com.ar\\\/#organization\"},\"potentialAction\":[{\"@type\":\"SearchAction\",\"target\":{\"@type\":\"EntryPoint\",\"urlTemplate\":\"https:\\\/\\\/premecsa.com.ar\\\/?s={search_term_string}\"},\"query-input\":{\"@type\":\"PropertyValueSpecification\",\"valueRequired\":true,\"valueName\":\"search_term_string\"}}],\"inLanguage\":\"es-AR\"},{\"@type\":\"Organization\",\"@id\":\"https:\\\/\\\/premecsa.com.ar\\\/#organization\",\"name\":\"Premec\",\"url\":\"https:\\\/\\\/premecsa.com.ar\\\/\",\"logo\":{\"@type\":\"ImageObject\",\"inLanguage\":\"es-AR\",\"@id\":\"https:\\\/\\\/premecsa.com.ar\\\/#\\\/schema\\\/logo\\\/image\\\/\",\"url\":\"https:\\\/\\\/premecsa.com.ar\\\/wp-content\\\/uploads\\\/2018\\\/05\\\/logo-premec-01.png\",\"contentUrl\":\"https:\\\/\\\/premecsa.com.ar\\\/wp-content\\\/uploads\\\/2018\\\/05\\\/logo-premec-01.png\",\"width\":1305,\"height\":246,\"caption\":\"Premec\"},\"image\":{\"@id\":\"https:\\\/\\\/premecsa.com.ar\\\/#\\\/schema\\\/logo\\\/image\\\/\"},\"sameAs\":[\"https:\\\/\\\/www.facebook.com\\\/premecsa\\\/\",\"https:\\\/\\\/www.instagram.com\\\/premecsa\\\/\"]}]}<\/script>\n<!-- \/ Yoast SEO plugin. -->","yoast_head_json":{"title":"Transpallet el\u00e9ctrico RPL 251-Lithium - Premec","description":"La serie RPL es la m\u00e1quina perfecta para cualquier tipo de tareas de transporte de media a alta distancia dentro del almac\u00e9n.","robots":{"index":"index","follow":"follow","max-snippet":"max-snippet:-1","max-image-preview":"max-image-preview:large","max-video-preview":"max-video-preview:-1"},"canonical":"https:\/\/premecsa.com.ar\/es_ar\/shop\/transpallet-electrico-rpl-251-lithium\/","og_locale":"es_ES","og_type":"article","og_title":"Transpallet el\u00e9ctrico RPL 251-Lithium","og_description":"La serie RPL es la m\u00e1quina perfecta para cualquier tipo de tareas de transporte de media a alta distancia dentro del almac\u00e9n.","og_url":"https:\/\/premecsa.com.ar\/es_ar\/shop\/transpallet-electrico-rpl-251-lithium\/","og_site_name":"Premec","article_publisher":"https:\/\/www.facebook.com\/premecsa\/","article_modified_time":"2024-07-16T20:14:59+00:00","og_image":[{"width":800,"height":800,"url":"https:\/\/premecsa.com.ar\/wp-content\/uploads\/2022\/07\/transpallet_electrico_RPL_251-Lithium.jpg","type":"image\/jpeg"}],"twitter_card":"summary_large_image","twitter_title":"Transpallet el\u00e9ctrico RPL 251-Lithium","twitter_description":"La serie RPL es la m\u00e1quina perfecta para cualquier tipo de tareas de transporte de media a alta distancia dentro del almac\u00e9n.","twitter_image":"https:\/\/premecsa.com.ar\/wp-content\/uploads\/2022\/07\/transpallet_electrico_RPL_251-Lithium.jpg","twitter_misc":{"Tiempo de lectura":"1 minuto"},"schema":{"@context":"https:\/\/schema.org","@graph":[{"@type":"WebPage","@id":"https:\/\/premecsa.com.ar\/shop\/transpallet-electrico-rpl-251-lithium\/","url":"https:\/\/premecsa.com.ar\/shop\/transpallet-electrico-rpl-251-lithium\/","name":"Transpallet el\u00e9ctrico RPL 251-Lithium - Premec","isPartOf":{"@id":"https:\/\/premecsa.com.ar\/#website"},"primaryImageOfPage":{"@id":"https:\/\/premecsa.com.ar\/shop\/transpallet-electrico-rpl-251-lithium\/#primaryimage"},"image":{"@id":"https:\/\/premecsa.com.ar\/shop\/transpallet-electrico-rpl-251-lithium\/#primaryimage"},"thumbnailUrl":"https:\/\/premecsa.com.ar\/wp-content\/uploads\/2022\/07\/transpallet_electrico_RPL_251-Lithium.jpg","datePublished":"2022-07-25T15:54:52+00:00","dateModified":"2024-07-16T20:14:59+00:00","description":"La serie RPL es la m\u00e1quina perfecta para cualquier tipo de tareas de transporte de media a alta distancia dentro del almac\u00e9n.","breadcrumb":{"@id":"https:\/\/premecsa.com.ar\/shop\/transpallet-electrico-rpl-251-lithium\/#breadcrumb"},"inLanguage":"es-AR","potentialAction":[{"@type":"ReadAction","target":["https:\/\/premecsa.com.ar\/shop\/transpallet-electrico-rpl-251-lithium\/"]}]},{"@type":"ImageObject","inLanguage":"es-AR","@id":"https:\/\/premecsa.com.ar\/shop\/transpallet-electrico-rpl-251-lithium\/#primaryimage","url":"https:\/\/premecsa.com.ar\/wp-content\/uploads\/2022\/07\/transpallet_electrico_RPL_251-Lithium.jpg","contentUrl":"https:\/\/premecsa.com.ar\/wp-content\/uploads\/2022\/07\/transpallet_electrico_RPL_251-Lithium.jpg","width":800,"height":800,"caption":"transpallet_electrico_RPL_251-Lithium"},{"@type":"BreadcrumbList","@id":"https:\/\/premecsa.com.ar\/shop\/transpallet-electrico-rpl-251-lithium\/#breadcrumb","itemListElement":[{"@type":"ListItem","position":1,"name":"Inicio","item":"https:\/\/premecsa.com.ar\/"},{"@type":"ListItem","position":2,"name":"Productos","item":"https:\/\/premecsa.com.ar\/productos_vieja\/"},{"@type":"ListItem","position":3,"name":"Transpallet el\u00e9ctrico RPL 251-Lithium"}]},{"@type":"WebSite","@id":"https:\/\/premecsa.com.ar\/#website","url":"https:\/\/premecsa.com.ar\/","name":"Premec","description":"Premec S.A. - Autoelevadores servicio t\u00e9cnico reparaci\u00f3n alquiler venta tractores de arrastre transpalet autoelevadores electricos autoelevadores combustion Premec","publisher":{"@id":"https:\/\/premecsa.com.ar\/#organization"},"potentialAction":[{"@type":"SearchAction","target":{"@type":"EntryPoint","urlTemplate":"https:\/\/premecsa.com.ar\/?s={search_term_string}"},"query-input":{"@type":"PropertyValueSpecification","valueRequired":true,"valueName":"search_term_string"}}],"inLanguage":"es-AR"},{"@type":"Organization","@id":"https:\/\/premecsa.com.ar\/#organization","name":"Premec","url":"https:\/\/premecsa.com.ar\/","logo":{"@type":"ImageObject","inLanguage":"es-AR","@id":"https:\/\/premecsa.com.ar\/#\/schema\/logo\/image\/","url":"https:\/\/premecsa.com.ar\/wp-content\/uploads\/2018\/05\/logo-premec-01.png","contentUrl":"https:\/\/premecsa.com.ar\/wp-content\/uploads\/2018\/05\/logo-premec-01.png","width":1305,"height":246,"caption":"Premec"},"image":{"@id":"https:\/\/premecsa.com.ar\/#\/schema\/logo\/image\/"},"sameAs":["https:\/\/www.facebook.com\/premecsa\/","https:\/\/www.instagram.com\/premecsa\/"]}]}},"_links":{"self":[{"href":"https:\/\/premecsa.com.ar\/es_ar\/wp-json\/wp\/v2\/product\/6970","targetHints":{"allow":["GET"]}}],"collection":[{"href":"https:\/\/premecsa.com.ar\/es_ar\/wp-json\/wp\/v2\/product"}],"about":[{"href":"https:\/\/premecsa.com.ar\/es_ar\/wp-json\/wp\/v2\/types\/product"}],"replies":[{"embeddable":true,"href":"https:\/\/premecsa.com.ar\/es_ar\/wp-json\/wp\/v2\/comments?post=6970"}],"wp:featuredmedia":[{"embeddable":true,"href":"https:\/\/premecsa.com.ar\/es_ar\/wp-json\/wp\/v2\/media\/6971"}],"wp:attachment":[{"href":"https:\/\/premecsa.com.ar\/es_ar\/wp-json\/wp\/v2\/media?parent=6970"}],"wp:term":[{"taxonomy":"product_brand","embeddable":true,"href":"https:\/\/premecsa.com.ar\/es_ar\/wp-json\/wp\/v2\/product_brand?post=6970"},{"taxonomy":"product_cat","embeddable":true,"href":"https:\/\/premecsa.com.ar\/es_ar\/wp-json\/wp\/v2\/product_cat?post=6970"},{"taxonomy":"product_tag","embeddable":true,"href":"https:\/\/premecsa.com.ar\/es_ar\/wp-json\/wp\/v2\/product_tag?post=6970"}],"curies":[{"name":"wp","href":"https:\/\/api.w.org\/{rel}","templated":true}]}}