{"id":6949,"date":"2022-07-20T11:18:34","date_gmt":"2022-07-20T14:18:34","guid":{"rendered":"https:\/\/premecsa.com.ar\/?post_type=product&#038;p=6949"},"modified":"2026-03-04T19:42:24","modified_gmt":"2026-03-04T16:42:24","slug":"autoelevador-diesel-ep-cpcd25-t8-xinchai","status":"publish","type":"product","link":"https:\/\/premecsa.com.ar\/es_ar\/shop\/autoelevador-diesel-ep-cpcd25-t8-xinchai\/","title":{"rendered":"Autoelevador diesel  EP CPCD25 T8 Xinchai"},"content":{"rendered":"<div class=\"wpb-content-wrapper\"><div   class=\"vc_row wpb_row vc_row-fluid  \">\n\t<div  class=\"vc_span4 wpb_column vc_column_container \"><div class=\"vc_column-inner \">\n\t\t<div class=\"wpb_wrapper\">\n\t\t\t\n\t<div class=\"wpb_text_column wpb_content_element   ct_qido955xnwg1xf2j5t55\" >\n\t\t<div class=\"wpb_wrapper\" >\n\t\t\t<ul>\n<li>Marca: EP<\/li>\n<li><strong>Motor Xinchai C490 EURO.<\/strong><\/li>\n<li>Capacidad de Carga: 2500 o 3500kg.<\/li>\n<li>Torre triple.<\/li>\n<li>Elevaci\u00f3n 4800\/6000mm.<\/li>\n<li><strong>Transmisi\u00f3n PowerShift.<\/strong><\/li>\n<li>Rodado neum\u00e1tico.<\/li>\n<li>Desplazador lateral.<\/li>\n<\/ul>\n\n\t\t<\/div> \n\t<\/div> \n\t\t<\/div> <\/div>\n\t<\/div> \n\n\t<div  class=\"vc_span4 wpb_column vc_column_container \"><div class=\"vc_column-inner \">\n\t\t<div class=\"wpb_wrapper\">\n\t\t\t\r\n\t<div  class=\"wpb_single_image wpb_content_element vc_align_left\">\r\n\t\t<div class=\"wpb_wrapper\">\r\n\t\t\t\r\n\t\t\t<div class=\"vc_single_image-wrapper   vc_box_border_grey\"><img loading=\"lazy\" decoding=\"async\" width=\"206\" height=\"148\" src=\"https:\/\/premecsa.com.ar\/wp-content\/uploads\/2022\/07\/letsgrow_together.min_.png\" class=\"vc_single_image-img attachment-medium\" alt=\"\" title=\"letsgrow_together.min\" srcset=\"https:\/\/premecsa.com.ar\/wp-content\/uploads\/2022\/07\/letsgrow_together.min_.png 206w, https:\/\/premecsa.com.ar\/wp-content\/uploads\/2022\/07\/letsgrow_together.min_-553x400.png 553w\" sizes=\"auto, (max-width: 206px) 100vw, 206px\" \/><\/div>\r\n\t\t<\/div>\r\n\t<\/div>\r\n\n\t\t<\/div> <\/div>\n\t<\/div> \n\n\t<div  class=\"vc_span4 wpb_column vc_column_container \"><div class=\"vc_column-inner \">\n\t\t<div class=\"wpb_wrapper\">\n\t\t\t<style type=\"text\/css\" >#b_bwkvnrh0t737dpessy3h a{color:; background:; margin-top:0px; margin-bottom:0px;  margin-left:0px; margin-right:0px; font-weight:900; border-radius:0px;}#b_bwkvnrh0t737dpessy3h a:hover{color: ; background: ;}<\/style><div class=\"ta_left tf_btn_pos\" id=\"b_bwkvnrh0t737dpessy3h\" ><a class=\"rd_normal_bt mediumlarge_rd_bt bt_icon_left   \" href=\"https:\/\/premecsa.com.ar\/wp-content\/uploads\/2022\/07\/CPCQD15-35T8-EN-Brochure.pdf\" target=\"yes\"   ><i class=\"wi-download-cloud\" ><\/i><span>Descargar PDF<\/span><\/a><\/div><style type='text\/css'> @font-face{font-family: 'wi'; src:url('https:\/\/premecsa.com.ar\/wp-content\/themes\/thefox\/includes\/4k-icons\/icons\/4k-icons-pack05\/icons\/fonts\/wi.eot'); src:url('https:\/\/premecsa.com.ar\/wp-content\/themes\/thefox\/includes\/4k-icons\/icons\/4k-icons-pack05\/icons\/fonts\/wi.eot?#iefix') format('embedded-opentype'), url('https:\/\/premecsa.com.ar\/wp-content\/themes\/thefox\/includes\/4k-icons\/icons\/4k-icons-pack05\/icons\/fonts\/wi.woff') format('woff'), url('https:\/\/premecsa.com.ar\/wp-content\/themes\/thefox\/includes\/4k-icons\/icons\/4k-icons-pack05\/icons\/fonts\/wi.ttf') format('truetype'), url('https:\/\/premecsa.com.ar\/wp-content\/themes\/thefox\/includes\/4k-icons\/icons\/4k-icons-pack05\/icons\/fonts\/wi.svg#oi') format('svg'); font-weight: normal; font-style: normal;}#b_bwkvnrh0t737dpessy3h .wi-download-cloud:before{font-family: 'wi'; font-weight: normal; font-style: normal;}#b_bwkvnrh0t737dpessy3h .wi-download-cloud:before{content: \"\\e83b\";}<\/style>\n\n\t\t<\/div> <\/div>\n\t<\/div> \n<\/div>\n<\/div>","protected":false},"excerpt":{"rendered":"<p>Autoelevador Diesel marca EP-EQUIPMENT modelo CPCD T8 con torre triple, desplazador lateral e inclinaci\u00f3n. Equipado con motor XINCHAI C490 (China), transmisi\u00f3n autom\u00e1tica. Ideal para cortas jornadas laborales.<\/p>\n<p><a href=\"https:\/\/premecsa.com.ar\/wp-content\/uploads\/2022\/07\/CPCQD15-35T8-EN-Brochure.pdf\" target=\"_blank\" rel=\"noopener\"><input class=\"contact pe-show-enq-modal wpi-button single_add_to_cart_button button alt\" name=\"contact\" type=\"button\" value=\"Descargar PDF\" \/><\/a><\/p>\n","protected":false},"featured_media":8975,"comment_status":"open","ping_status":"closed","template":"","meta":{"content-type":"","_joinchat":[]},"product_brand":[],"product_cat":[51,49],"product_tag":[],"class_list":{"0":"post-6949","1":"product","2":"type-product","3":"status-publish","4":"has-post-thumbnail","6":"product_cat-autoelevadores-diesel-ep","7":"product_cat-ep","9":"first","10":"instock","11":"shipping-taxable","12":"product-type-simple"},"yoast_head":"<!-- This site is optimized with the Yoast SEO plugin v27.4 - https:\/\/yoast.com\/product\/yoast-seo-wordpress\/ -->\n<title>Autoelevador diesel EP CPCD25 T8 Xinchai - Premec<\/title>\n<meta name=\"description\" content=\"Autoelevador Diesel marca EP-EQUIPMENT modelo CPCD T8 con torre triple, desplazador lateral e inclinaci\u00f3n. Equipado con motor XINCHAI C490.\" \/>\n<meta name=\"robots\" content=\"index, follow, max-snippet:-1, max-image-preview:large, max-video-preview:-1\" \/>\n<link rel=\"canonical\" href=\"https:\/\/premecsa.com.ar\/es_ar\/shop\/autoelevador-diesel-ep-cpcd25-t8-xinchai\/\" \/>\n<meta property=\"og:locale\" content=\"es_ES\" \/>\n<meta property=\"og:type\" content=\"article\" \/>\n<meta property=\"og:title\" content=\"Autoelevador diesel Ep CPCD25 T8 Xinchai\" \/>\n<meta property=\"og:description\" content=\"Autoelevador Diesel marca EP-EQUIPMENT modelo CPCD T8 con torre triple, desplazador lateral e inclinaci\u00f3n. Equipado con motor XINCHAI C490.\" \/>\n<meta property=\"og:url\" content=\"https:\/\/premecsa.com.ar\/es_ar\/shop\/autoelevador-diesel-ep-cpcd25-t8-xinchai\/\" \/>\n<meta property=\"og:site_name\" content=\"Premec\" \/>\n<meta property=\"article:publisher\" content=\"https:\/\/www.facebook.com\/premecsa\/\" \/>\n<meta property=\"article:modified_time\" content=\"2026-03-04T16:42:24+00:00\" \/>\n<meta property=\"og:image\" content=\"https:\/\/premecsa.com.ar\/wp-content\/uploads\/2022\/07\/Autoelevador-diesel-Ep-cpcd25-t8-xinchai.jpg\" \/>\n\t<meta property=\"og:image:width\" content=\"800\" \/>\n\t<meta property=\"og:image:height\" content=\"800\" \/>\n\t<meta property=\"og:image:type\" content=\"image\/jpeg\" \/>\n<meta name=\"twitter:card\" content=\"summary_large_image\" \/>\n<meta name=\"twitter:title\" content=\"Autoelevador diesel Ep CPCD25 T8 Xinchai\" \/>\n<meta name=\"twitter:description\" content=\"Autoelevador Diesel marca EP-EQUIPMENT modelo CPCD T8 con torre triple, desplazador lateral e inclinaci\u00f3n. Equipado con motor XINCHAI C490.\" \/>\n<meta name=\"twitter:image\" content=\"https:\/\/premecsa.com.ar\/wp-content\/uploads\/2022\/07\/Autoelevador-diesel-Ep-cpcd25-t8-xinchai.jpg\" \/>\n<meta name=\"twitter:label1\" content=\"Tiempo de lectura\" \/>\n\t<meta name=\"twitter:data1\" content=\"1 minuto\" \/>\n<script type=\"application\/ld+json\" class=\"yoast-schema-graph\">{\"@context\":\"https:\\\/\\\/schema.org\",\"@graph\":[{\"@type\":\"WebPage\",\"@id\":\"https:\\\/\\\/premecsa.com.ar\\\/shop\\\/autoelevador-diesel-ep-cpcd25-t8-xinchai\\\/\",\"url\":\"https:\\\/\\\/premecsa.com.ar\\\/shop\\\/autoelevador-diesel-ep-cpcd25-t8-xinchai\\\/\",\"name\":\"Autoelevador diesel EP CPCD25 T8 Xinchai - Premec\",\"isPartOf\":{\"@id\":\"https:\\\/\\\/premecsa.com.ar\\\/#website\"},\"primaryImageOfPage\":{\"@id\":\"https:\\\/\\\/premecsa.com.ar\\\/shop\\\/autoelevador-diesel-ep-cpcd25-t8-xinchai\\\/#primaryimage\"},\"image\":{\"@id\":\"https:\\\/\\\/premecsa.com.ar\\\/shop\\\/autoelevador-diesel-ep-cpcd25-t8-xinchai\\\/#primaryimage\"},\"thumbnailUrl\":\"https:\\\/\\\/premecsa.com.ar\\\/wp-content\\\/uploads\\\/2022\\\/07\\\/CPCD-T8-WEB.png\",\"datePublished\":\"2022-07-20T14:18:34+00:00\",\"dateModified\":\"2026-03-04T16:42:24+00:00\",\"description\":\"Autoelevador Diesel marca EP-EQUIPMENT modelo CPCD T8 con torre triple, desplazador lateral e inclinaci\u00f3n. Equipado con motor XINCHAI C490.\",\"breadcrumb\":{\"@id\":\"https:\\\/\\\/premecsa.com.ar\\\/shop\\\/autoelevador-diesel-ep-cpcd25-t8-xinchai\\\/#breadcrumb\"},\"inLanguage\":\"es-AR\",\"potentialAction\":[{\"@type\":\"ReadAction\",\"target\":[\"https:\\\/\\\/premecsa.com.ar\\\/shop\\\/autoelevador-diesel-ep-cpcd25-t8-xinchai\\\/\"]}]},{\"@type\":\"ImageObject\",\"inLanguage\":\"es-AR\",\"@id\":\"https:\\\/\\\/premecsa.com.ar\\\/shop\\\/autoelevador-diesel-ep-cpcd25-t8-xinchai\\\/#primaryimage\",\"url\":\"https:\\\/\\\/premecsa.com.ar\\\/wp-content\\\/uploads\\\/2022\\\/07\\\/CPCD-T8-WEB.png\",\"contentUrl\":\"https:\\\/\\\/premecsa.com.ar\\\/wp-content\\\/uploads\\\/2022\\\/07\\\/CPCD-T8-WEB.png\",\"width\":534,\"height\":696},{\"@type\":\"BreadcrumbList\",\"@id\":\"https:\\\/\\\/premecsa.com.ar\\\/shop\\\/autoelevador-diesel-ep-cpcd25-t8-xinchai\\\/#breadcrumb\",\"itemListElement\":[{\"@type\":\"ListItem\",\"position\":1,\"name\":\"Inicio\",\"item\":\"https:\\\/\\\/premecsa.com.ar\\\/\"},{\"@type\":\"ListItem\",\"position\":2,\"name\":\"Productos\",\"item\":\"https:\\\/\\\/premecsa.com.ar\\\/productos_vieja\\\/\"},{\"@type\":\"ListItem\",\"position\":3,\"name\":\"Autoelevador diesel EP CPCD25 T8 Xinchai\"}]},{\"@type\":\"WebSite\",\"@id\":\"https:\\\/\\\/premecsa.com.ar\\\/#website\",\"url\":\"https:\\\/\\\/premecsa.com.ar\\\/\",\"name\":\"Premec\",\"description\":\"Premec S.A. - Autoelevadores servicio t\u00e9cnico reparaci\u00f3n alquiler venta tractores de arrastre transpalet autoelevadores electricos autoelevadores combustion Premec\",\"publisher\":{\"@id\":\"https:\\\/\\\/premecsa.com.ar\\\/#organization\"},\"potentialAction\":[{\"@type\":\"SearchAction\",\"target\":{\"@type\":\"EntryPoint\",\"urlTemplate\":\"https:\\\/\\\/premecsa.com.ar\\\/?s={search_term_string}\"},\"query-input\":{\"@type\":\"PropertyValueSpecification\",\"valueRequired\":true,\"valueName\":\"search_term_string\"}}],\"inLanguage\":\"es-AR\"},{\"@type\":\"Organization\",\"@id\":\"https:\\\/\\\/premecsa.com.ar\\\/#organization\",\"name\":\"Premec\",\"url\":\"https:\\\/\\\/premecsa.com.ar\\\/\",\"logo\":{\"@type\":\"ImageObject\",\"inLanguage\":\"es-AR\",\"@id\":\"https:\\\/\\\/premecsa.com.ar\\\/#\\\/schema\\\/logo\\\/image\\\/\",\"url\":\"https:\\\/\\\/premecsa.com.ar\\\/wp-content\\\/uploads\\\/2018\\\/05\\\/logo-premec-01.png\",\"contentUrl\":\"https:\\\/\\\/premecsa.com.ar\\\/wp-content\\\/uploads\\\/2018\\\/05\\\/logo-premec-01.png\",\"width\":1305,\"height\":246,\"caption\":\"Premec\"},\"image\":{\"@id\":\"https:\\\/\\\/premecsa.com.ar\\\/#\\\/schema\\\/logo\\\/image\\\/\"},\"sameAs\":[\"https:\\\/\\\/www.facebook.com\\\/premecsa\\\/\",\"https:\\\/\\\/www.instagram.com\\\/premecsa\\\/\"]}]}<\/script>\n<!-- \/ Yoast SEO plugin. -->","yoast_head_json":{"title":"Autoelevador diesel EP CPCD25 T8 Xinchai - Premec","description":"Autoelevador Diesel marca EP-EQUIPMENT modelo CPCD T8 con torre triple, desplazador lateral e inclinaci\u00f3n. Equipado con motor XINCHAI C490.","robots":{"index":"index","follow":"follow","max-snippet":"max-snippet:-1","max-image-preview":"max-image-preview:large","max-video-preview":"max-video-preview:-1"},"canonical":"https:\/\/premecsa.com.ar\/es_ar\/shop\/autoelevador-diesel-ep-cpcd25-t8-xinchai\/","og_locale":"es_ES","og_type":"article","og_title":"Autoelevador diesel Ep CPCD25 T8 Xinchai","og_description":"Autoelevador Diesel marca EP-EQUIPMENT modelo CPCD T8 con torre triple, desplazador lateral e inclinaci\u00f3n. Equipado con motor XINCHAI C490.","og_url":"https:\/\/premecsa.com.ar\/es_ar\/shop\/autoelevador-diesel-ep-cpcd25-t8-xinchai\/","og_site_name":"Premec","article_publisher":"https:\/\/www.facebook.com\/premecsa\/","article_modified_time":"2026-03-04T16:42:24+00:00","og_image":[{"width":800,"height":800,"url":"https:\/\/premecsa.com.ar\/wp-content\/uploads\/2022\/07\/Autoelevador-diesel-Ep-cpcd25-t8-xinchai.jpg","type":"image\/jpeg"}],"twitter_card":"summary_large_image","twitter_title":"Autoelevador diesel Ep CPCD25 T8 Xinchai","twitter_description":"Autoelevador Diesel marca EP-EQUIPMENT modelo CPCD T8 con torre triple, desplazador lateral e inclinaci\u00f3n. Equipado con motor XINCHAI C490.","twitter_image":"https:\/\/premecsa.com.ar\/wp-content\/uploads\/2022\/07\/Autoelevador-diesel-Ep-cpcd25-t8-xinchai.jpg","twitter_misc":{"Tiempo de lectura":"1 minuto"},"schema":{"@context":"https:\/\/schema.org","@graph":[{"@type":"WebPage","@id":"https:\/\/premecsa.com.ar\/shop\/autoelevador-diesel-ep-cpcd25-t8-xinchai\/","url":"https:\/\/premecsa.com.ar\/shop\/autoelevador-diesel-ep-cpcd25-t8-xinchai\/","name":"Autoelevador diesel EP CPCD25 T8 Xinchai - Premec","isPartOf":{"@id":"https:\/\/premecsa.com.ar\/#website"},"primaryImageOfPage":{"@id":"https:\/\/premecsa.com.ar\/shop\/autoelevador-diesel-ep-cpcd25-t8-xinchai\/#primaryimage"},"image":{"@id":"https:\/\/premecsa.com.ar\/shop\/autoelevador-diesel-ep-cpcd25-t8-xinchai\/#primaryimage"},"thumbnailUrl":"https:\/\/premecsa.com.ar\/wp-content\/uploads\/2022\/07\/CPCD-T8-WEB.png","datePublished":"2022-07-20T14:18:34+00:00","dateModified":"2026-03-04T16:42:24+00:00","description":"Autoelevador Diesel marca EP-EQUIPMENT modelo CPCD T8 con torre triple, desplazador lateral e inclinaci\u00f3n. Equipado con motor XINCHAI C490.","breadcrumb":{"@id":"https:\/\/premecsa.com.ar\/shop\/autoelevador-diesel-ep-cpcd25-t8-xinchai\/#breadcrumb"},"inLanguage":"es-AR","potentialAction":[{"@type":"ReadAction","target":["https:\/\/premecsa.com.ar\/shop\/autoelevador-diesel-ep-cpcd25-t8-xinchai\/"]}]},{"@type":"ImageObject","inLanguage":"es-AR","@id":"https:\/\/premecsa.com.ar\/shop\/autoelevador-diesel-ep-cpcd25-t8-xinchai\/#primaryimage","url":"https:\/\/premecsa.com.ar\/wp-content\/uploads\/2022\/07\/CPCD-T8-WEB.png","contentUrl":"https:\/\/premecsa.com.ar\/wp-content\/uploads\/2022\/07\/CPCD-T8-WEB.png","width":534,"height":696},{"@type":"BreadcrumbList","@id":"https:\/\/premecsa.com.ar\/shop\/autoelevador-diesel-ep-cpcd25-t8-xinchai\/#breadcrumb","itemListElement":[{"@type":"ListItem","position":1,"name":"Inicio","item":"https:\/\/premecsa.com.ar\/"},{"@type":"ListItem","position":2,"name":"Productos","item":"https:\/\/premecsa.com.ar\/productos_vieja\/"},{"@type":"ListItem","position":3,"name":"Autoelevador diesel EP CPCD25 T8 Xinchai"}]},{"@type":"WebSite","@id":"https:\/\/premecsa.com.ar\/#website","url":"https:\/\/premecsa.com.ar\/","name":"Premec","description":"Premec S.A. - Autoelevadores servicio t\u00e9cnico reparaci\u00f3n alquiler venta tractores de arrastre transpalet autoelevadores electricos autoelevadores combustion Premec","publisher":{"@id":"https:\/\/premecsa.com.ar\/#organization"},"potentialAction":[{"@type":"SearchAction","target":{"@type":"EntryPoint","urlTemplate":"https:\/\/premecsa.com.ar\/?s={search_term_string}"},"query-input":{"@type":"PropertyValueSpecification","valueRequired":true,"valueName":"search_term_string"}}],"inLanguage":"es-AR"},{"@type":"Organization","@id":"https:\/\/premecsa.com.ar\/#organization","name":"Premec","url":"https:\/\/premecsa.com.ar\/","logo":{"@type":"ImageObject","inLanguage":"es-AR","@id":"https:\/\/premecsa.com.ar\/#\/schema\/logo\/image\/","url":"https:\/\/premecsa.com.ar\/wp-content\/uploads\/2018\/05\/logo-premec-01.png","contentUrl":"https:\/\/premecsa.com.ar\/wp-content\/uploads\/2018\/05\/logo-premec-01.png","width":1305,"height":246,"caption":"Premec"},"image":{"@id":"https:\/\/premecsa.com.ar\/#\/schema\/logo\/image\/"},"sameAs":["https:\/\/www.facebook.com\/premecsa\/","https:\/\/www.instagram.com\/premecsa\/"]}]}},"_links":{"self":[{"href":"https:\/\/premecsa.com.ar\/es_ar\/wp-json\/wp\/v2\/product\/6949","targetHints":{"allow":["GET"]}}],"collection":[{"href":"https:\/\/premecsa.com.ar\/es_ar\/wp-json\/wp\/v2\/product"}],"about":[{"href":"https:\/\/premecsa.com.ar\/es_ar\/wp-json\/wp\/v2\/types\/product"}],"replies":[{"embeddable":true,"href":"https:\/\/premecsa.com.ar\/es_ar\/wp-json\/wp\/v2\/comments?post=6949"}],"wp:featuredmedia":[{"embeddable":true,"href":"https:\/\/premecsa.com.ar\/es_ar\/wp-json\/wp\/v2\/media\/8975"}],"wp:attachment":[{"href":"https:\/\/premecsa.com.ar\/es_ar\/wp-json\/wp\/v2\/media?parent=6949"}],"wp:term":[{"taxonomy":"product_brand","embeddable":true,"href":"https:\/\/premecsa.com.ar\/es_ar\/wp-json\/wp\/v2\/product_brand?post=6949"},{"taxonomy":"product_cat","embeddable":true,"href":"https:\/\/premecsa.com.ar\/es_ar\/wp-json\/wp\/v2\/product_cat?post=6949"},{"taxonomy":"product_tag","embeddable":true,"href":"https:\/\/premecsa.com.ar\/es_ar\/wp-json\/wp\/v2\/product_tag?post=6949"}],"curies":[{"name":"wp","href":"https:\/\/api.w.org\/{rel}","templated":true}]}}