{"id":6916,"date":"2022-07-12T11:09:44","date_gmt":"2022-07-12T14:09:44","guid":{"rendered":"https:\/\/premecsa.com.ar\/?post_type=product&#038;p=6916"},"modified":"2023-05-10T14:21:37","modified_gmt":"2023-05-10T17:21:37","slug":"apilador-reach-hyundai-brj-9","status":"publish","type":"product","link":"https:\/\/premecsa.com.ar\/es_ar\/shop\/apilador-reach-hyundai-brj-9\/","title":{"rendered":"Apilador reach Hyundai BRJ-9"},"content":{"rendered":"<div class=\"wpb-content-wrapper\"><div   class=\"vc_row wpb_row vc_row-fluid  \">\n\t<div  class=\"vc_span3 wpb_column vc_column_container \"><div class=\"vc_column-inner \">\n\t\t<div class=\"wpb_wrapper\">\n\t\t\t\n\t<div class=\"wpb_text_column wpb_content_element   ct_1268nimww324eeld8pz1\" >\n\t\t<div class=\"wpb_wrapper\" >\n\t\t\t<ul>\n<li>Marca: HYUNDAI<\/li>\n<li><strong>Bater\u00eda Li-ion<\/strong><\/li>\n<li>Capacidad de carga: <strong>Desde 1600 Hasta 2500kg<\/strong>.<\/li>\n<li>Torre triple.<\/li>\n<li>Elevaci\u00f3n <strong>6000\/12000mm.<\/strong><\/li>\n<li>Hombre a bordo<\/li>\n<li>Controladores ZAPI<\/li>\n<li>Reach, inclinaci\u00f3n de u\u00f1as y desplazador.<\/li>\n<li>Rodado Poliuretano<strong>.<\/strong><\/li>\n<li><strong>Pasillo m\u00ednimo recomendado 2812 mm.<\/strong><\/li>\n<\/ul>\n\n\t\t<\/div> \n\t<\/div> \n\t\t<\/div> <\/div>\n\t<\/div> \n\n\t<div  class=\"vc_span3 wpb_column vc_column_container \"><div class=\"vc_column-inner vc_custom_1657219344640\">\n\t\t<div class=\"wpb_wrapper\">\n\t\t\t\n\t<div class=\"wpb_text_column wpb_content_element   ct_e9btblqh6d1y1fex7h6l\" >\n\t\t<div class=\"wpb_wrapper\" >\n\t\t\t<p><strong>Ventaja Bateria Litio:<\/strong><\/p>\n\n\t\t<\/div> \n\t<\/div> \n\t<div class=\"wpb_text_column wpb_content_element   ct_dkdq4g1nzqjjqsb7lbpj\" >\n\t\t<div class=\"wpb_wrapper\" >\n\t\t\t<ul>\n<li>Mayor autonom\u00eda.<\/li>\n<li>Doble vida \u00fatil de bater\u00eda.<\/li>\n<li>Cargas r\u00e1pidas y de oportunidad.<\/li>\n<li>No requiere reposo despu\u00e9s de la carga.<\/li>\n<li>Menor consumo.<\/li>\n<li>Bater\u00eda libre de mantenimiento.<\/li>\n<li>Ecol\u00f3gica.<\/li>\n<\/ul>\n\n\t\t<\/div> \n\t<\/div> \n\t\t<\/div> <\/div>\n\t<\/div> \n\n\t<div  class=\"vc_span3 wpb_column vc_column_container \"><div class=\"vc_column-inner vc_custom_1657219351608\">\n\t\t<div class=\"wpb_wrapper\">\n\t\t\t\r\n\t<div  class=\"wpb_single_image wpb_content_element vc_align_left\">\r\n\t\t<div class=\"wpb_wrapper\">\r\n\t\t\t\r\n\t\t\t<div class=\"vc_single_image-wrapper   vc_box_border_grey\"><img loading=\"lazy\" decoding=\"async\" width=\"300\" height=\"56\" src=\"https:\/\/premecsa.com.ar\/wp-content\/uploads\/2022\/07\/hyundai_xitesolution_blue_web-300x56.png\" class=\"vc_single_image-img attachment-medium\" alt=\"hyundai_xitesolution\" title=\"hyundai_xitesolution_blue_web\" srcset=\"https:\/\/premecsa.com.ar\/wp-content\/uploads\/2022\/07\/hyundai_xitesolution_blue_web-300x56.png 300w, https:\/\/premecsa.com.ar\/wp-content\/uploads\/2022\/07\/hyundai_xitesolution_blue_web.png 321w\" sizes=\"auto, (max-width: 300px) 100vw, 300px\" \/><\/div>\r\n\t\t<\/div>\r\n\t<\/div>\r\n\r\n\t<div  class=\"wpb_single_image wpb_content_element vc_align_left\">\r\n\t\t<div class=\"wpb_wrapper\">\r\n\t\t\t\r\n\t\t\t<div class=\"vc_single_image-wrapper   vc_box_border_grey\"><img decoding=\"async\" class=\"vc_single_image-img \" src=\"https:\/\/premecsa.com.ar\/wp-content\/uploads\/2022\/07\/li-ion-1-172x80.png\" width=\"172\" height=\"80\" alt=\"li-ion\" title=\"li-ion\" loading=\"lazy\" \/><\/div>\r\n\t\t<\/div>\r\n\t<\/div>\r\n\n\t\t<\/div> <\/div>\n\t<\/div> \n\n\t<div  class=\"vc_span3 wpb_column vc_column_container \"><div class=\"vc_column-inner \">\n\t\t<div class=\"wpb_wrapper\">\n\t\t\t<style type=\"text\/css\" >#b_tnazr2n5caa5ec0bvv6i a{color:; background:; margin-top:0px; margin-bottom:0px;  margin-left:0px; margin-right:0px; font-weight:900; border-radius:0px;}#b_tnazr2n5caa5ec0bvv6i a:hover{color: ; background: ;}<\/style><div class=\"ta_left tf_btn_pos\" id=\"b_tnazr2n5caa5ec0bvv6i\" ><a class=\"rd_normal_bt mediumlarge_rd_bt bt_icon_left   \" href=\"https:\/\/premecsa.com.ar\/wp-content\/uploads\/2018\/11\/14BRJ-9_en.pdf\" target=\"yes\"   ><i class=\"wi-download-cloud\" ><\/i><span>Descargar PDF<\/span><\/a><\/div><style type='text\/css'> @font-face{font-family: 'wi'; src:url('https:\/\/premecsa.com.ar\/wp-content\/themes\/thefox\/includes\/4k-icons\/icons\/4k-icons-pack05\/icons\/fonts\/wi.eot'); src:url('https:\/\/premecsa.com.ar\/wp-content\/themes\/thefox\/includes\/4k-icons\/icons\/4k-icons-pack05\/icons\/fonts\/wi.eot?#iefix') format('embedded-opentype'), url('https:\/\/premecsa.com.ar\/wp-content\/themes\/thefox\/includes\/4k-icons\/icons\/4k-icons-pack05\/icons\/fonts\/wi.woff') format('woff'), url('https:\/\/premecsa.com.ar\/wp-content\/themes\/thefox\/includes\/4k-icons\/icons\/4k-icons-pack05\/icons\/fonts\/wi.ttf') format('truetype'), url('https:\/\/premecsa.com.ar\/wp-content\/themes\/thefox\/includes\/4k-icons\/icons\/4k-icons-pack05\/icons\/fonts\/wi.svg#oi') format('svg'); font-weight: normal; font-style: normal;}#b_tnazr2n5caa5ec0bvv6i .wi-download-cloud:before{font-family: 'wi'; font-weight: normal; font-style: normal;}#b_tnazr2n5caa5ec0bvv6i .wi-download-cloud:before{content: \"\\e83b\";}<\/style>\n\n\t\t<\/div> <\/div>\n\t<\/div> \n<\/div>\n<\/div>","protected":false},"excerpt":{"rendered":"<p>Apilador el\u00e9ctrico l\u00ednea Premium marca HYUNDAI modelo BRJ-9, hombre a bordo sentado el cual le brinda al operario un manejo c\u00f3modo para una mayor productividad. Equipo de alta performance con tecnolog\u00eda de LITIO para largas jornadas de trabajo. Ideal para log\u00edstica e intralog\u00edstica. Posee cuatro funciones hidr\u00e1ulicas (reach, elevaci\u00f3n, desplazador, inclinaci\u00f3n). Apto para pasillos angostos.<\/p>\n<p><a href=\"https:\/\/premecsa.com.ar\/wp-content\/uploads\/2018\/11\/14BRJ-9_en.pdf\" target=\"_blank\" rel=\"noopener\"><input class=\"contact pe-show-enq-modal wpi-button single_add_to_cart_button button alt\" name=\"contact\" type=\"button\" value=\"Descargar PDF\" \/><\/a><\/p>\n","protected":false},"featured_media":6924,"comment_status":"open","ping_status":"closed","template":"","meta":{"content-type":"","_joinchat":[]},"product_brand":[],"product_cat":[45,43],"product_tag":[],"class_list":{"0":"post-6916","1":"product","2":"type-product","3":"status-publish","4":"has-post-thumbnail","6":"product_cat-apiladores-hyundai","7":"product_cat-hyundai","9":"first","10":"instock","11":"shipping-taxable","12":"product-type-simple"},"yoast_head":"<!-- This site is optimized with the Yoast SEO plugin v27.4 - https:\/\/yoast.com\/product\/yoast-seo-wordpress\/ -->\n<title>Apilador reach Hyundai BRJ-9 - Premec<\/title>\n<meta name=\"description\" content=\"Apilador el\u00e9ctrico l\u00ednea Premium marca HYUNDAI modelo BRJ-9, hombre a bordo sentado el cual le brinda al operario un manejo c\u00f3modo.\" \/>\n<meta name=\"robots\" content=\"index, follow, max-snippet:-1, max-image-preview:large, max-video-preview:-1\" \/>\n<link rel=\"canonical\" href=\"https:\/\/premecsa.com.ar\/es_ar\/shop\/apilador-reach-hyundai-brj-9\/\" \/>\n<meta property=\"og:locale\" content=\"es_ES\" \/>\n<meta property=\"og:type\" content=\"article\" \/>\n<meta property=\"og:title\" content=\"Apilador reach Hyundai brj-9\" \/>\n<meta property=\"og:description\" content=\"Apilador el\u00e9ctrico l\u00ednea Premium marca HYUNDAI modelo BRJ-9, hombre a bordo sentado el cual le brinda al operario un manejo c\u00f3modo.\" \/>\n<meta property=\"og:url\" content=\"https:\/\/premecsa.com.ar\/es_ar\/shop\/apilador-reach-hyundai-brj-9\/\" \/>\n<meta property=\"og:site_name\" content=\"Premec\" \/>\n<meta property=\"article:publisher\" content=\"https:\/\/www.facebook.com\/premecsa\/\" \/>\n<meta property=\"article:modified_time\" content=\"2023-05-10T17:21:37+00:00\" \/>\n<meta property=\"og:image\" content=\"https:\/\/premecsa.com.ar\/wp-content\/uploads\/2022\/07\/hyundai_apiladores_brj9.jpg\" \/>\n\t<meta property=\"og:image:width\" content=\"800\" \/>\n\t<meta property=\"og:image:height\" content=\"800\" \/>\n\t<meta property=\"og:image:type\" content=\"image\/jpeg\" \/>\n<meta name=\"twitter:card\" content=\"summary_large_image\" \/>\n<meta name=\"twitter:title\" content=\"Apilador reach Hyundai brj-9\" \/>\n<meta name=\"twitter:description\" content=\"Apilador el\u00e9ctrico l\u00ednea Premium marca HYUNDAI modelo BRJ-9, hombre a bordo sentado el cual le brinda al operario un manejo c\u00f3modo.\" \/>\n<meta name=\"twitter:image\" content=\"https:\/\/premecsa.com.ar\/wp-content\/uploads\/2022\/07\/hyundai_apiladores_brj9.jpg\" \/>\n<meta name=\"twitter:label1\" content=\"Tiempo de lectura\" \/>\n\t<meta name=\"twitter:data1\" content=\"1 minuto\" \/>\n<script type=\"application\/ld+json\" class=\"yoast-schema-graph\">{\"@context\":\"https:\\\/\\\/schema.org\",\"@graph\":[{\"@type\":\"WebPage\",\"@id\":\"https:\\\/\\\/premecsa.com.ar\\\/shop\\\/apilador-reach-hyundai-brj-9\\\/\",\"url\":\"https:\\\/\\\/premecsa.com.ar\\\/shop\\\/apilador-reach-hyundai-brj-9\\\/\",\"name\":\"Apilador reach Hyundai BRJ-9 - Premec\",\"isPartOf\":{\"@id\":\"https:\\\/\\\/premecsa.com.ar\\\/#website\"},\"primaryImageOfPage\":{\"@id\":\"https:\\\/\\\/premecsa.com.ar\\\/shop\\\/apilador-reach-hyundai-brj-9\\\/#primaryimage\"},\"image\":{\"@id\":\"https:\\\/\\\/premecsa.com.ar\\\/shop\\\/apilador-reach-hyundai-brj-9\\\/#primaryimage\"},\"thumbnailUrl\":\"https:\\\/\\\/premecsa.com.ar\\\/wp-content\\\/uploads\\\/2022\\\/07\\\/hyundai_apiladores_brj9.jpg\",\"datePublished\":\"2022-07-12T14:09:44+00:00\",\"dateModified\":\"2023-05-10T17:21:37+00:00\",\"description\":\"Apilador el\u00e9ctrico l\u00ednea Premium marca HYUNDAI modelo BRJ-9, hombre a bordo sentado el cual le brinda al operario un manejo c\u00f3modo.\",\"breadcrumb\":{\"@id\":\"https:\\\/\\\/premecsa.com.ar\\\/shop\\\/apilador-reach-hyundai-brj-9\\\/#breadcrumb\"},\"inLanguage\":\"es-AR\",\"potentialAction\":[{\"@type\":\"ReadAction\",\"target\":[\"https:\\\/\\\/premecsa.com.ar\\\/shop\\\/apilador-reach-hyundai-brj-9\\\/\"]}]},{\"@type\":\"ImageObject\",\"inLanguage\":\"es-AR\",\"@id\":\"https:\\\/\\\/premecsa.com.ar\\\/shop\\\/apilador-reach-hyundai-brj-9\\\/#primaryimage\",\"url\":\"https:\\\/\\\/premecsa.com.ar\\\/wp-content\\\/uploads\\\/2022\\\/07\\\/hyundai_apiladores_brj9.jpg\",\"contentUrl\":\"https:\\\/\\\/premecsa.com.ar\\\/wp-content\\\/uploads\\\/2022\\\/07\\\/hyundai_apiladores_brj9.jpg\",\"width\":800,\"height\":800,\"caption\":\"hyundai apiladores brj9\"},{\"@type\":\"BreadcrumbList\",\"@id\":\"https:\\\/\\\/premecsa.com.ar\\\/shop\\\/apilador-reach-hyundai-brj-9\\\/#breadcrumb\",\"itemListElement\":[{\"@type\":\"ListItem\",\"position\":1,\"name\":\"Inicio\",\"item\":\"https:\\\/\\\/premecsa.com.ar\\\/\"},{\"@type\":\"ListItem\",\"position\":2,\"name\":\"Productos\",\"item\":\"https:\\\/\\\/premecsa.com.ar\\\/productos_vieja\\\/\"},{\"@type\":\"ListItem\",\"position\":3,\"name\":\"Apilador reach Hyundai BRJ-9\"}]},{\"@type\":\"WebSite\",\"@id\":\"https:\\\/\\\/premecsa.com.ar\\\/#website\",\"url\":\"https:\\\/\\\/premecsa.com.ar\\\/\",\"name\":\"Premec\",\"description\":\"Premec S.A. - Autoelevadores servicio t\u00e9cnico reparaci\u00f3n alquiler venta tractores de arrastre transpalet autoelevadores electricos autoelevadores combustion Premec\",\"publisher\":{\"@id\":\"https:\\\/\\\/premecsa.com.ar\\\/#organization\"},\"potentialAction\":[{\"@type\":\"SearchAction\",\"target\":{\"@type\":\"EntryPoint\",\"urlTemplate\":\"https:\\\/\\\/premecsa.com.ar\\\/?s={search_term_string}\"},\"query-input\":{\"@type\":\"PropertyValueSpecification\",\"valueRequired\":true,\"valueName\":\"search_term_string\"}}],\"inLanguage\":\"es-AR\"},{\"@type\":\"Organization\",\"@id\":\"https:\\\/\\\/premecsa.com.ar\\\/#organization\",\"name\":\"Premec\",\"url\":\"https:\\\/\\\/premecsa.com.ar\\\/\",\"logo\":{\"@type\":\"ImageObject\",\"inLanguage\":\"es-AR\",\"@id\":\"https:\\\/\\\/premecsa.com.ar\\\/#\\\/schema\\\/logo\\\/image\\\/\",\"url\":\"https:\\\/\\\/premecsa.com.ar\\\/wp-content\\\/uploads\\\/2018\\\/05\\\/logo-premec-01.png\",\"contentUrl\":\"https:\\\/\\\/premecsa.com.ar\\\/wp-content\\\/uploads\\\/2018\\\/05\\\/logo-premec-01.png\",\"width\":1305,\"height\":246,\"caption\":\"Premec\"},\"image\":{\"@id\":\"https:\\\/\\\/premecsa.com.ar\\\/#\\\/schema\\\/logo\\\/image\\\/\"},\"sameAs\":[\"https:\\\/\\\/www.facebook.com\\\/premecsa\\\/\",\"https:\\\/\\\/www.instagram.com\\\/premecsa\\\/\"]}]}<\/script>\n<!-- \/ Yoast SEO plugin. -->","yoast_head_json":{"title":"Apilador reach Hyundai BRJ-9 - Premec","description":"Apilador el\u00e9ctrico l\u00ednea Premium marca HYUNDAI modelo BRJ-9, hombre a bordo sentado el cual le brinda al operario un manejo c\u00f3modo.","robots":{"index":"index","follow":"follow","max-snippet":"max-snippet:-1","max-image-preview":"max-image-preview:large","max-video-preview":"max-video-preview:-1"},"canonical":"https:\/\/premecsa.com.ar\/es_ar\/shop\/apilador-reach-hyundai-brj-9\/","og_locale":"es_ES","og_type":"article","og_title":"Apilador reach Hyundai brj-9","og_description":"Apilador el\u00e9ctrico l\u00ednea Premium marca HYUNDAI modelo BRJ-9, hombre a bordo sentado el cual le brinda al operario un manejo c\u00f3modo.","og_url":"https:\/\/premecsa.com.ar\/es_ar\/shop\/apilador-reach-hyundai-brj-9\/","og_site_name":"Premec","article_publisher":"https:\/\/www.facebook.com\/premecsa\/","article_modified_time":"2023-05-10T17:21:37+00:00","og_image":[{"width":800,"height":800,"url":"https:\/\/premecsa.com.ar\/wp-content\/uploads\/2022\/07\/hyundai_apiladores_brj9.jpg","type":"image\/jpeg"}],"twitter_card":"summary_large_image","twitter_title":"Apilador reach Hyundai brj-9","twitter_description":"Apilador el\u00e9ctrico l\u00ednea Premium marca HYUNDAI modelo BRJ-9, hombre a bordo sentado el cual le brinda al operario un manejo c\u00f3modo.","twitter_image":"https:\/\/premecsa.com.ar\/wp-content\/uploads\/2022\/07\/hyundai_apiladores_brj9.jpg","twitter_misc":{"Tiempo de lectura":"1 minuto"},"schema":{"@context":"https:\/\/schema.org","@graph":[{"@type":"WebPage","@id":"https:\/\/premecsa.com.ar\/shop\/apilador-reach-hyundai-brj-9\/","url":"https:\/\/premecsa.com.ar\/shop\/apilador-reach-hyundai-brj-9\/","name":"Apilador reach Hyundai BRJ-9 - Premec","isPartOf":{"@id":"https:\/\/premecsa.com.ar\/#website"},"primaryImageOfPage":{"@id":"https:\/\/premecsa.com.ar\/shop\/apilador-reach-hyundai-brj-9\/#primaryimage"},"image":{"@id":"https:\/\/premecsa.com.ar\/shop\/apilador-reach-hyundai-brj-9\/#primaryimage"},"thumbnailUrl":"https:\/\/premecsa.com.ar\/wp-content\/uploads\/2022\/07\/hyundai_apiladores_brj9.jpg","datePublished":"2022-07-12T14:09:44+00:00","dateModified":"2023-05-10T17:21:37+00:00","description":"Apilador el\u00e9ctrico l\u00ednea Premium marca HYUNDAI modelo BRJ-9, hombre a bordo sentado el cual le brinda al operario un manejo c\u00f3modo.","breadcrumb":{"@id":"https:\/\/premecsa.com.ar\/shop\/apilador-reach-hyundai-brj-9\/#breadcrumb"},"inLanguage":"es-AR","potentialAction":[{"@type":"ReadAction","target":["https:\/\/premecsa.com.ar\/shop\/apilador-reach-hyundai-brj-9\/"]}]},{"@type":"ImageObject","inLanguage":"es-AR","@id":"https:\/\/premecsa.com.ar\/shop\/apilador-reach-hyundai-brj-9\/#primaryimage","url":"https:\/\/premecsa.com.ar\/wp-content\/uploads\/2022\/07\/hyundai_apiladores_brj9.jpg","contentUrl":"https:\/\/premecsa.com.ar\/wp-content\/uploads\/2022\/07\/hyundai_apiladores_brj9.jpg","width":800,"height":800,"caption":"hyundai apiladores brj9"},{"@type":"BreadcrumbList","@id":"https:\/\/premecsa.com.ar\/shop\/apilador-reach-hyundai-brj-9\/#breadcrumb","itemListElement":[{"@type":"ListItem","position":1,"name":"Inicio","item":"https:\/\/premecsa.com.ar\/"},{"@type":"ListItem","position":2,"name":"Productos","item":"https:\/\/premecsa.com.ar\/productos_vieja\/"},{"@type":"ListItem","position":3,"name":"Apilador reach Hyundai BRJ-9"}]},{"@type":"WebSite","@id":"https:\/\/premecsa.com.ar\/#website","url":"https:\/\/premecsa.com.ar\/","name":"Premec","description":"Premec S.A. - Autoelevadores servicio t\u00e9cnico reparaci\u00f3n alquiler venta tractores de arrastre transpalet autoelevadores electricos autoelevadores combustion Premec","publisher":{"@id":"https:\/\/premecsa.com.ar\/#organization"},"potentialAction":[{"@type":"SearchAction","target":{"@type":"EntryPoint","urlTemplate":"https:\/\/premecsa.com.ar\/?s={search_term_string}"},"query-input":{"@type":"PropertyValueSpecification","valueRequired":true,"valueName":"search_term_string"}}],"inLanguage":"es-AR"},{"@type":"Organization","@id":"https:\/\/premecsa.com.ar\/#organization","name":"Premec","url":"https:\/\/premecsa.com.ar\/","logo":{"@type":"ImageObject","inLanguage":"es-AR","@id":"https:\/\/premecsa.com.ar\/#\/schema\/logo\/image\/","url":"https:\/\/premecsa.com.ar\/wp-content\/uploads\/2018\/05\/logo-premec-01.png","contentUrl":"https:\/\/premecsa.com.ar\/wp-content\/uploads\/2018\/05\/logo-premec-01.png","width":1305,"height":246,"caption":"Premec"},"image":{"@id":"https:\/\/premecsa.com.ar\/#\/schema\/logo\/image\/"},"sameAs":["https:\/\/www.facebook.com\/premecsa\/","https:\/\/www.instagram.com\/premecsa\/"]}]}},"_links":{"self":[{"href":"https:\/\/premecsa.com.ar\/es_ar\/wp-json\/wp\/v2\/product\/6916","targetHints":{"allow":["GET"]}}],"collection":[{"href":"https:\/\/premecsa.com.ar\/es_ar\/wp-json\/wp\/v2\/product"}],"about":[{"href":"https:\/\/premecsa.com.ar\/es_ar\/wp-json\/wp\/v2\/types\/product"}],"replies":[{"embeddable":true,"href":"https:\/\/premecsa.com.ar\/es_ar\/wp-json\/wp\/v2\/comments?post=6916"}],"wp:featuredmedia":[{"embeddable":true,"href":"https:\/\/premecsa.com.ar\/es_ar\/wp-json\/wp\/v2\/media\/6924"}],"wp:attachment":[{"href":"https:\/\/premecsa.com.ar\/es_ar\/wp-json\/wp\/v2\/media?parent=6916"}],"wp:term":[{"taxonomy":"product_brand","embeddable":true,"href":"https:\/\/premecsa.com.ar\/es_ar\/wp-json\/wp\/v2\/product_brand?post=6916"},{"taxonomy":"product_cat","embeddable":true,"href":"https:\/\/premecsa.com.ar\/es_ar\/wp-json\/wp\/v2\/product_cat?post=6916"},{"taxonomy":"product_tag","embeddable":true,"href":"https:\/\/premecsa.com.ar\/es_ar\/wp-json\/wp\/v2\/product_tag?post=6916"}],"curies":[{"name":"wp","href":"https:\/\/api.w.org\/{rel}","templated":true}]}}