{"id":8774,"date":"2025-05-16T20:34:41","date_gmt":"2025-05-16T17:34:41","guid":{"rendered":"https:\/\/premecsa.com.ar\/?page_id=8774"},"modified":"2026-03-03T18:40:31","modified_gmt":"2026-03-03T15:40:31","slug":"politica-institucional","status":"publish","type":"page","link":"https:\/\/premecsa.com.ar\/es_ar\/politica-institucional\/","title":{"rendered":"Nuestra historia"},"content":{"rendered":"<div class=\"wpb-content-wrapper\"><div   class=\"vc_row wpb_row vc_row-fluid  \">\n\t<div  class=\"vc_span12 wpb_column vc_column_container \"><div class=\"vc_column-inner \">\n\t\t<div class=\"wpb_wrapper\">\n\t\t\t<style type=\"text\/css\" >#l_at0mlkcqrm3xrm59mts7.sc_line ,#l_at0mlkcqrm3xrm59mts7 .sc_line { height:1px; background:#1e73be;}#l_at0mlkcqrm3xrm59mts7 {margin:0px 0 0px 0; padding:0;}<\/style><div class=\"clearfix\"><\/div><div id=\"l_at0mlkcqrm3xrm59mts7\"  class=\"sc_line rd_line_normal\" ><\/div><div class=\"vc_empty_space\"   style=\"height: 32px\"><span class=\"vc_empty_space_inner\"><\/span><\/div>\n\t\t<\/div> <\/div>\n\t<\/div> \n<\/div><div   class=\"vc_row wpb_row vc_row-fluid  \">\n\t<div  class=\"vc_span12 wpb_column vc_column_container \"><div class=\"vc_column-inner \">\n\t\t<div class=\"wpb_wrapper\">\n\t\t\t<div class=\"rd_img_gallery_ctn clearfix\" style=\"margin:0px auto 0px;\"><a class=\"ig_col_1 \" href=\"https:\/\/premecsa.com.ar\/wp-content\/uploads\/2025\/05\/Slider-empresa-1976-1024x372.jpg\"  rel=\"prettyPhoto[rel-1313327981]\" ><img loading=\"lazy\" decoding=\"async\" width=\"1600\" height=\"582\" src=\"https:\/\/premecsa.com.ar\/wp-content\/uploads\/2025\/05\/Slider-empresa-1976.jpg\" class=\"attachment-full\" alt=\"\" title=\"Slider-empresa 1976\" srcset=\"https:\/\/premecsa.com.ar\/wp-content\/uploads\/2025\/05\/Slider-empresa-1976.jpg 1600w, https:\/\/premecsa.com.ar\/wp-content\/uploads\/2025\/05\/Slider-empresa-1976-300x109.jpg 300w, https:\/\/premecsa.com.ar\/wp-content\/uploads\/2025\/05\/Slider-empresa-1976-1024x372.jpg 1024w, https:\/\/premecsa.com.ar\/wp-content\/uploads\/2025\/05\/Slider-empresa-1976-768x279.jpg 768w, https:\/\/premecsa.com.ar\/wp-content\/uploads\/2025\/05\/Slider-empresa-1976-1536x559.jpg 1536w, https:\/\/premecsa.com.ar\/wp-content\/uploads\/2025\/05\/Slider-empresa-1976-535x195.jpg 535w\" sizes=\"auto, (max-width: 1600px) 100vw, 1600px\" \/><\/a><\/div>\n\t\t<\/div> <\/div>\n\t<\/div> \n<\/div><div   class=\"vc_row wpb_row vc_row-fluid  \">\n\t<div  class=\"vc_span12 wpb_column vc_column_container \"><div class=\"vc_column-inner \">\n\t\t<div class=\"wpb_wrapper\">\n\t\t\t<style type=\"text\/css\" >#l_2zb8nek7y9ahmb5a8tg9.sc_line ,#l_2zb8nek7y9ahmb5a8tg9 .sc_line { height:1px; background:#1e73be;}#l_2zb8nek7y9ahmb5a8tg9 {margin:0px 0 0px 0; padding:0;}<\/style><div class=\"clearfix\"><\/div><div id=\"l_2zb8nek7y9ahmb5a8tg9\"  class=\"sc_line rd_line_normal\" ><\/div>\n\t\t<\/div> <\/div>\n\t<\/div> \n<\/div><div   class=\"vc_row wpb_row vc_row-fluid vc_custom_1747418184219  \">\n\t<div  class=\"vc_span12 wpb_column vc_column_container \"><div class=\"vc_column-inner \">\n\t\t<div class=\"wpb_wrapper\">\n\t\t\t<div class=\"rd_img_gallery_ctn clearfix\" style=\"margin:0px auto 0px;\"><a class=\"ig_col_1 \" href=\"https:\/\/premecsa.com.ar\/wp-content\/uploads\/2026\/03\/Sin-titulo-25-1024x572.png\"  rel=\"prettyPhoto[rel-1186511102]\" ><img loading=\"lazy\" decoding=\"async\" width=\"1376\" height=\"768\" src=\"https:\/\/premecsa.com.ar\/wp-content\/uploads\/2026\/03\/Sin-titulo-25.png\" class=\"attachment-full\" alt=\"\" title=\"Sin t\u00edtulo (25)\" srcset=\"https:\/\/premecsa.com.ar\/wp-content\/uploads\/2026\/03\/Sin-titulo-25.png 1376w, https:\/\/premecsa.com.ar\/wp-content\/uploads\/2026\/03\/Sin-titulo-25-300x167.png 300w, https:\/\/premecsa.com.ar\/wp-content\/uploads\/2026\/03\/Sin-titulo-25-1024x572.png 1024w, https:\/\/premecsa.com.ar\/wp-content\/uploads\/2026\/03\/Sin-titulo-25-768x429.png 768w, https:\/\/premecsa.com.ar\/wp-content\/uploads\/2026\/03\/Sin-titulo-25-535x299.png 535w\" sizes=\"auto, (max-width: 1376px) 100vw, 1376px\" \/><\/a><\/div>\n\t\t<\/div> <\/div>\n\t<\/div> \n<\/div><div   class=\"vc_row wpb_row vc_row-fluid  \">\n\t<div  class=\"vc_span12 wpb_column vc_column_container \"><div class=\"vc_column-inner \">\n\t\t<div class=\"wpb_wrapper\">\n\t\t\t<div class=\"vc_empty_space\"   style=\"height: 32px\"><span class=\"vc_empty_space_inner\"><\/span><\/div><style type=\"text\/css\" >#l_1lbfyjy97rmr3fecx5ai.sc_line ,#l_1lbfyjy97rmr3fecx5ai .sc_line { height:1px; background:#1e73be;}#l_1lbfyjy97rmr3fecx5ai {margin:0px 0 0px 0; padding:0;}<\/style><div class=\"clearfix\"><\/div><div id=\"l_1lbfyjy97rmr3fecx5ai\"  class=\"sc_line rd_line_normal\" ><\/div>\n\t\t<\/div> <\/div>\n\t<\/div> \n<\/div><div   class=\"vc_row wpb_row vc_row-fluid  \">\n\t<div  class=\"vc_span12 wpb_column vc_column_container \"><div class=\"vc_column-inner \">\n\t\t<div class=\"wpb_wrapper\">\n\t\t\t\n\t<div class=\"wpb_text_column wpb_content_element   ct_1vqdd4lteref9i62xlqx\" >\n\t\t<div class=\"wpb_wrapper\" >\n\t\t\t<p><br data-start=\"2111\" data-end=\"2114\" \/>Premec S.A. es representante oficial de Hyundai Material Handling en Argentina. Brindamos soluciones integrales en autoelevadores, repuestos originales y servicio t\u00e9cnico certificado. Nuestro compromiso es ofrecer tecnolog\u00eda de vanguardia y soporte profesional a nuestros clientes.<\/p>\n<p>&nbsp;<\/p>\n<p>En Premec S.A. nos comprometemos con los m\u00e1s altos est\u00e1ndares de calidad, atenci\u00f3n al cliente y transparencia.<br data-start=\"609\" data-end=\"612\" \/>Nuestra Pol\u00edtica de Calidad est\u00e1 disponible a continuaci\u00f3n y representa nuestro compromiso formal con la mejora continua, el cumplimiento legal y la satisfacci\u00f3n de nuestros clientes.<br data-start=\"797\" data-end=\"800\" \/>Tambi\u00e9n adherimos a principios de privacidad, uso responsable de la informaci\u00f3n y pr\u00e1cticas \u00e9ticas en la prestaci\u00f3n de servicios t\u00e9cnicos y comerciales.<\/p>\n\n\t\t<\/div> \n\t<\/div> \n\t\t<\/div> <\/div>\n\t<\/div> \n<\/div>\n<\/div>","protected":false},"excerpt":{"rendered":"<p>Premec S.A. es representante oficial de Hyundai Material Handling en Argentina. Brindamos soluciones integrales en autoelevadores, repuestos originales y servicio t\u00e9cnico certificado. Nuestro compromiso es ofrecer tecnolog\u00eda de vanguardia y soporte profesional a nuestros clientes. &nbsp; En Premec S.A. nos comprometemos con los m\u00e1s altos est\u00e1ndares de calidad, atenci\u00f3n al cliente y transparencia.Nuestra Pol\u00edtica de<br \/><a href=\"https:\/\/premecsa.com.ar\/es_ar\/politica-institucional\/\" class=\"more\">Read more<\/a><\/p>\n","protected":false},"author":4,"featured_media":0,"parent":0,"menu_order":0,"comment_status":"closed","ping_status":"closed","template":"","meta":{"content-type":"","_joinchat":[],"footnotes":""},"class_list":["post-8774","page","type-page","status-publish","hentry"],"yoast_head":"<!-- This site is optimized with the Yoast SEO plugin v27.4 - https:\/\/yoast.com\/product\/yoast-seo-wordpress\/ -->\n<title>Nuestra historia - Premec<\/title>\n<meta name=\"description\" content=\"\/politica-institucional\/ Premec sa representante oficial HYUNDAI\" \/>\n<meta name=\"robots\" content=\"index, follow, max-snippet:-1, max-image-preview:large, max-video-preview:-1\" \/>\n<link rel=\"canonical\" href=\"https:\/\/premecsa.com.ar\/es_ar\/politica-institucional\/\" \/>\n<meta property=\"og:locale\" content=\"es_ES\" \/>\n<meta property=\"og:type\" content=\"article\" \/>\n<meta property=\"og:title\" content=\"Nuestra historia - Premec\" \/>\n<meta property=\"og:description\" content=\"\/politica-institucional\/ Premec sa representante oficial HYUNDAI\" \/>\n<meta property=\"og:url\" content=\"https:\/\/premecsa.com.ar\/es_ar\/politica-institucional\/\" \/>\n<meta property=\"og:site_name\" content=\"Premec\" \/>\n<meta property=\"article:publisher\" content=\"https:\/\/www.facebook.com\/premecsa\/\" \/>\n<meta property=\"article:modified_time\" content=\"2026-03-03T15:40:31+00:00\" \/>\n<meta name=\"twitter:card\" content=\"summary_large_image\" \/>\n<meta name=\"twitter:label1\" content=\"Tiempo de lectura\" \/>\n\t<meta name=\"twitter:data1\" content=\"1 minuto\" \/>\n<script type=\"application\/ld+json\" class=\"yoast-schema-graph\">{\"@context\":\"https:\\\/\\\/schema.org\",\"@graph\":[{\"@type\":\"WebPage\",\"@id\":\"https:\\\/\\\/premecsa.com.ar\\\/politica-institucional\\\/\",\"url\":\"https:\\\/\\\/premecsa.com.ar\\\/politica-institucional\\\/\",\"name\":\"Nuestra historia - Premec\",\"isPartOf\":{\"@id\":\"https:\\\/\\\/premecsa.com.ar\\\/#website\"},\"datePublished\":\"2025-05-16T17:34:41+00:00\",\"dateModified\":\"2026-03-03T15:40:31+00:00\",\"description\":\"\\\/politica-institucional\\\/ Premec sa representante oficial HYUNDAI\",\"breadcrumb\":{\"@id\":\"https:\\\/\\\/premecsa.com.ar\\\/politica-institucional\\\/#breadcrumb\"},\"inLanguage\":\"es-AR\",\"potentialAction\":[{\"@type\":\"ReadAction\",\"target\":[\"https:\\\/\\\/premecsa.com.ar\\\/politica-institucional\\\/\"]}]},{\"@type\":\"BreadcrumbList\",\"@id\":\"https:\\\/\\\/premecsa.com.ar\\\/politica-institucional\\\/#breadcrumb\",\"itemListElement\":[{\"@type\":\"ListItem\",\"position\":1,\"name\":\"Inicio\",\"item\":\"https:\\\/\\\/premecsa.com.ar\\\/\"},{\"@type\":\"ListItem\",\"position\":2,\"name\":\"Nuestra historia\"}]},{\"@type\":\"WebSite\",\"@id\":\"https:\\\/\\\/premecsa.com.ar\\\/#website\",\"url\":\"https:\\\/\\\/premecsa.com.ar\\\/\",\"name\":\"Premec\",\"description\":\"Premec S.A. - Autoelevadores servicio t\u00e9cnico reparaci\u00f3n alquiler venta tractores de arrastre transpalet autoelevadores electricos autoelevadores combustion Premec\",\"publisher\":{\"@id\":\"https:\\\/\\\/premecsa.com.ar\\\/#organization\"},\"potentialAction\":[{\"@type\":\"SearchAction\",\"target\":{\"@type\":\"EntryPoint\",\"urlTemplate\":\"https:\\\/\\\/premecsa.com.ar\\\/?s={search_term_string}\"},\"query-input\":{\"@type\":\"PropertyValueSpecification\",\"valueRequired\":true,\"valueName\":\"search_term_string\"}}],\"inLanguage\":\"es-AR\"},{\"@type\":\"Organization\",\"@id\":\"https:\\\/\\\/premecsa.com.ar\\\/#organization\",\"name\":\"Premec\",\"url\":\"https:\\\/\\\/premecsa.com.ar\\\/\",\"logo\":{\"@type\":\"ImageObject\",\"inLanguage\":\"es-AR\",\"@id\":\"https:\\\/\\\/premecsa.com.ar\\\/#\\\/schema\\\/logo\\\/image\\\/\",\"url\":\"https:\\\/\\\/premecsa.com.ar\\\/wp-content\\\/uploads\\\/2018\\\/05\\\/logo-premec-01.png\",\"contentUrl\":\"https:\\\/\\\/premecsa.com.ar\\\/wp-content\\\/uploads\\\/2018\\\/05\\\/logo-premec-01.png\",\"width\":1305,\"height\":246,\"caption\":\"Premec\"},\"image\":{\"@id\":\"https:\\\/\\\/premecsa.com.ar\\\/#\\\/schema\\\/logo\\\/image\\\/\"},\"sameAs\":[\"https:\\\/\\\/www.facebook.com\\\/premecsa\\\/\",\"https:\\\/\\\/www.instagram.com\\\/premecsa\\\/\"]}]}<\/script>\n<!-- \/ Yoast SEO plugin. -->","yoast_head_json":{"title":"Nuestra historia - Premec","description":"\/politica-institucional\/ Premec sa representante oficial HYUNDAI","robots":{"index":"index","follow":"follow","max-snippet":"max-snippet:-1","max-image-preview":"max-image-preview:large","max-video-preview":"max-video-preview:-1"},"canonical":"https:\/\/premecsa.com.ar\/es_ar\/politica-institucional\/","og_locale":"es_ES","og_type":"article","og_title":"Nuestra historia - Premec","og_description":"\/politica-institucional\/ Premec sa representante oficial HYUNDAI","og_url":"https:\/\/premecsa.com.ar\/es_ar\/politica-institucional\/","og_site_name":"Premec","article_publisher":"https:\/\/www.facebook.com\/premecsa\/","article_modified_time":"2026-03-03T15:40:31+00:00","twitter_card":"summary_large_image","twitter_misc":{"Tiempo de lectura":"1 minuto"},"schema":{"@context":"https:\/\/schema.org","@graph":[{"@type":"WebPage","@id":"https:\/\/premecsa.com.ar\/politica-institucional\/","url":"https:\/\/premecsa.com.ar\/politica-institucional\/","name":"Nuestra historia - Premec","isPartOf":{"@id":"https:\/\/premecsa.com.ar\/#website"},"datePublished":"2025-05-16T17:34:41+00:00","dateModified":"2026-03-03T15:40:31+00:00","description":"\/politica-institucional\/ Premec sa representante oficial HYUNDAI","breadcrumb":{"@id":"https:\/\/premecsa.com.ar\/politica-institucional\/#breadcrumb"},"inLanguage":"es-AR","potentialAction":[{"@type":"ReadAction","target":["https:\/\/premecsa.com.ar\/politica-institucional\/"]}]},{"@type":"BreadcrumbList","@id":"https:\/\/premecsa.com.ar\/politica-institucional\/#breadcrumb","itemListElement":[{"@type":"ListItem","position":1,"name":"Inicio","item":"https:\/\/premecsa.com.ar\/"},{"@type":"ListItem","position":2,"name":"Nuestra historia"}]},{"@type":"WebSite","@id":"https:\/\/premecsa.com.ar\/#website","url":"https:\/\/premecsa.com.ar\/","name":"Premec","description":"Premec S.A. - Autoelevadores servicio t\u00e9cnico reparaci\u00f3n alquiler venta tractores de arrastre transpalet autoelevadores electricos autoelevadores combustion Premec","publisher":{"@id":"https:\/\/premecsa.com.ar\/#organization"},"potentialAction":[{"@type":"SearchAction","target":{"@type":"EntryPoint","urlTemplate":"https:\/\/premecsa.com.ar\/?s={search_term_string}"},"query-input":{"@type":"PropertyValueSpecification","valueRequired":true,"valueName":"search_term_string"}}],"inLanguage":"es-AR"},{"@type":"Organization","@id":"https:\/\/premecsa.com.ar\/#organization","name":"Premec","url":"https:\/\/premecsa.com.ar\/","logo":{"@type":"ImageObject","inLanguage":"es-AR","@id":"https:\/\/premecsa.com.ar\/#\/schema\/logo\/image\/","url":"https:\/\/premecsa.com.ar\/wp-content\/uploads\/2018\/05\/logo-premec-01.png","contentUrl":"https:\/\/premecsa.com.ar\/wp-content\/uploads\/2018\/05\/logo-premec-01.png","width":1305,"height":246,"caption":"Premec"},"image":{"@id":"https:\/\/premecsa.com.ar\/#\/schema\/logo\/image\/"},"sameAs":["https:\/\/www.facebook.com\/premecsa\/","https:\/\/www.instagram.com\/premecsa\/"]}]}},"_links":{"self":[{"href":"https:\/\/premecsa.com.ar\/es_ar\/wp-json\/wp\/v2\/pages\/8774","targetHints":{"allow":["GET"]}}],"collection":[{"href":"https:\/\/premecsa.com.ar\/es_ar\/wp-json\/wp\/v2\/pages"}],"about":[{"href":"https:\/\/premecsa.com.ar\/es_ar\/wp-json\/wp\/v2\/types\/page"}],"author":[{"embeddable":true,"href":"https:\/\/premecsa.com.ar\/es_ar\/wp-json\/wp\/v2\/users\/4"}],"replies":[{"embeddable":true,"href":"https:\/\/premecsa.com.ar\/es_ar\/wp-json\/wp\/v2\/comments?post=8774"}],"version-history":[{"count":15,"href":"https:\/\/premecsa.com.ar\/es_ar\/wp-json\/wp\/v2\/pages\/8774\/revisions"}],"predecessor-version":[{"id":8969,"href":"https:\/\/premecsa.com.ar\/es_ar\/wp-json\/wp\/v2\/pages\/8774\/revisions\/8969"}],"wp:attachment":[{"href":"https:\/\/premecsa.com.ar\/es_ar\/wp-json\/wp\/v2\/media?parent=8774"}],"curies":[{"name":"wp","href":"https:\/\/api.w.org\/{rel}","templated":true}]}}