{"id":8757,"date":"2025-05-16T20:17:20","date_gmt":"2025-05-16T17:17:20","guid":{"rendered":"https:\/\/premecsa.com.ar\/?page_id=8757"},"modified":"2026-03-04T20:40:07","modified_gmt":"2026-03-04T17:40:07","slug":"nuestros-valores","status":"publish","type":"page","link":"https:\/\/premecsa.com.ar\/es_ar\/nuestros-valores\/","title":{"rendered":"Valores"},"content":{"rendered":"<div class=\"wpb-content-wrapper\"><div   class=\"vc_row wpb_row vc_row-fluid  \">\n\t<div  class=\"vc_span12 wpb_column vc_column_container \"><div class=\"vc_column-inner \">\n\t\t<div class=\"wpb_wrapper\">\n\t\t\t<style type=\"text\/css\" >#l_kzymvk8jg5hptvhxh2gj.sc_line ,#l_kzymvk8jg5hptvhxh2gj .sc_line { height:1px; background:#1e73be;}#l_kzymvk8jg5hptvhxh2gj {margin:0px 0 0px 0; padding:0;}<\/style><div class=\"clearfix\"><\/div><div id=\"l_kzymvk8jg5hptvhxh2gj\"  class=\"sc_line rd_line_normal\" ><\/div><div class=\"vc_empty_space\"   style=\"height: 32px\"><span class=\"vc_empty_space_inner\"><\/span><\/div>\n\t\t<\/div> <\/div>\n\t<\/div> \n<\/div><div   class=\"vc_row wpb_row vc_row-fluid  \">\n\t<div  class=\"vc_span12 wpb_column vc_column_container \"><div class=\"vc_column-inner \">\n\t\t<div class=\"wpb_wrapper\">\n\t\t\t<div class=\"rd_img_gallery_ctn clearfix\" style=\"margin:0px auto 0px;\"><a class=\"ig_col_1 \" href=\"https:\/\/premecsa.com.ar\/wp-content\/uploads\/2026\/03\/Sin-titulo-26-1024x576.png\"  rel=\"prettyPhoto[rel-1641860998]\" ><img loading=\"lazy\" decoding=\"async\" width=\"1365\" height=\"768\" src=\"https:\/\/premecsa.com.ar\/wp-content\/uploads\/2026\/03\/Sin-titulo-26.png\" class=\"attachment-full\" alt=\"\" title=\"Sin t\u00edtulo (26)\" srcset=\"https:\/\/premecsa.com.ar\/wp-content\/uploads\/2026\/03\/Sin-titulo-26.png 1365w, https:\/\/premecsa.com.ar\/wp-content\/uploads\/2026\/03\/Sin-titulo-26-300x169.png 300w, https:\/\/premecsa.com.ar\/wp-content\/uploads\/2026\/03\/Sin-titulo-26-1024x576.png 1024w, https:\/\/premecsa.com.ar\/wp-content\/uploads\/2026\/03\/Sin-titulo-26-768x432.png 768w, https:\/\/premecsa.com.ar\/wp-content\/uploads\/2026\/03\/Sin-titulo-26-535x301.png 535w\" sizes=\"auto, (max-width: 1365px) 100vw, 1365px\" \/><\/a><\/div>\n\t\t<\/div> <\/div>\n\t<\/div> \n<\/div><div   class=\"vc_row wpb_row vc_row-fluid  \">\n\t<div  class=\"vc_span12 wpb_column vc_column_container \"><div class=\"vc_column-inner \">\n\t\t<div class=\"wpb_wrapper\">\n\t\t\t<style type=\"text\/css\" >#l_ieaq8kdfbimlbd5zukx2.sc_line ,#l_ieaq8kdfbimlbd5zukx2 .sc_line { height:1px; background:#1e73be;}#l_ieaq8kdfbimlbd5zukx2 {margin:0px 0 0px 0; padding:0;}<\/style><div class=\"clearfix\"><\/div><div id=\"l_ieaq8kdfbimlbd5zukx2\"  class=\"sc_line rd_line_normal\" ><\/div>\n\t\t<\/div> <\/div>\n\t<\/div> \n<\/div><div   class=\"vc_row wpb_row vc_row-fluid  \">\n\t<div  class=\"vc_span6 wpb_column vc_column_container \"><div class=\"vc_column-inner \">\n\t\t<div class=\"wpb_wrapper\">\n\t\t\t<style type=\"text\/css\" >#b_04xtcr7hk7w24qllqaq8 a{color:#ffffff; background: #1e73be; background: -moz-linear-gradient(-45deg,  #1e73be 0%, #1e73be 100%); background: -webkit-gradient(linear, left top, right bottom, color-stop(0%,#1e73be), color-stop(100%,#1e73be)); background: -webkit-linear-gradient(-45deg,  #1e73be 0%,#1e73be 100%); background: -o-linear-gradient(-45deg,  #1e73be 0%,#1e73be 100%); background: -ms-linear-gradient(-45deg,  #1e73be 0%,#1e73be 100%); background: linear-gradient(135deg,  #1e73be 0%,#1e73be 100%); filter: progid:DXImageTransform.Microsoft.gradient( startColorstr=\"#1e73be\", endColorstr=\"#1e73be\",GradientType=1 );  margin-top:0px; margin-bottom:0px;  margin-left:0px; margin-right:0px; font-weight:900; border-radius:0px;}#b_04xtcr7hk7w24qllqaq8 a:hover{color: ; background: ;}<\/style><div class=\"ta_center tf_btn_pos\" id=\"b_04xtcr7hk7w24qllqaq8\" ><a class=\"rd_normal_bt mediumlarge_rd_bt  \" href=\"https:\/\/drive.google.com\/file\/d\/1hgls6XbAlDbZ7HKOe357hu1ZN0w31pLs\/view?usp=drivesdk\" target=\"\"   >VER CODIGO DE ETICA<\/a><\/div>\n\t\t<\/div> <\/div>\n\t<\/div> \n\n\t<div  class=\"vc_span6 wpb_column vc_column_container \"><div class=\"vc_column-inner \">\n\t\t<div class=\"wpb_wrapper\">\n\t\t\t<style type=\"text\/css\" >#b_x1v1q2hl304yehrmbj40 a{color:#ffffff; background: #1e73be; background: -moz-linear-gradient(-45deg,  #1e73be 0%, #1e73be 100%); background: -webkit-gradient(linear, left top, right bottom, color-stop(0%,#1e73be), color-stop(100%,#1e73be)); background: -webkit-linear-gradient(-45deg,  #1e73be 0%,#1e73be 100%); background: -o-linear-gradient(-45deg,  #1e73be 0%,#1e73be 100%); background: -ms-linear-gradient(-45deg,  #1e73be 0%,#1e73be 100%); background: linear-gradient(135deg,  #1e73be 0%,#1e73be 100%); filter: progid:DXImageTransform.Microsoft.gradient( startColorstr=\"#1e73be\", endColorstr=\"#1e73be\",GradientType=1 );  margin-top:0px; margin-bottom:0px;  margin-left:0px; margin-right:0px; font-weight:900; border-radius:0px;}#b_x1v1q2hl304yehrmbj40 a:hover{color: ; background: ;}<\/style><div class=\"ta_center tf_btn_pos\" id=\"b_x1v1q2hl304yehrmbj40\" ><a class=\"rd_normal_bt mediumlarge_rd_bt  \" href=\"https:\/\/drive.google.com\/file\/d\/110fZTgITWCvOi7Cvm9bmIpyLYbNrXA9Q\/view?usp=drivesdk\" target=\"\"   >CANAL DE RECLAMOS<\/a><\/div>\n\t\t<\/div> <\/div>\n\t<\/div> \n<\/div><div   class=\"vc_row wpb_row vc_row-fluid  \">\n\t<div  class=\"vc_span12 wpb_column vc_column_container \"><div class=\"vc_column-inner \">\n\t\t<div class=\"wpb_wrapper\">\n\t\t\t<style type=\"text\/css\" >#l_gw41ay0oi2xnbq1adpg4.sc_line ,#l_gw41ay0oi2xnbq1adpg4 .sc_line { height:1px; background:#1e73be;}#l_gw41ay0oi2xnbq1adpg4 {margin:0px 0 0px 0; padding:0;}<\/style><div class=\"clearfix\"><\/div><div id=\"l_gw41ay0oi2xnbq1adpg4\"  class=\"sc_line rd_line_normal\" ><\/div>\n\t\t<\/div> <\/div>\n\t<\/div> \n<\/div><div   class=\"vc_row wpb_row vc_row-fluid  \">\n\t<div  class=\"vc_span12 wpb_column vc_column_container \"><div class=\"vc_column-inner \">\n\t\t<div class=\"wpb_wrapper\">\n\t\t\t\n\t<div class=\"wpb_text_column wpb_content_element   ct_001x2r8fa5ypghqiqi2o\" >\n\t\t<div class=\"wpb_wrapper\" >\n\t\t\t<p><br data-start=\"2111\" data-end=\"2114\" \/>Premec S.A. es representante oficial de Hyundai Material Handling en Argentina. Brindamos soluciones integrales en autoelevadores, repuestos originales y servicio t\u00e9cnico certificado. Nuestro compromiso es ofrecer tecnolog\u00eda de vanguardia y soporte profesional a nuestros clientes.<\/p>\n<p>&nbsp;<\/p>\n<p>En Premec S.A. nos comprometemos con los m\u00e1s altos est\u00e1ndares de calidad, atenci\u00f3n al cliente y transparencia.<br data-start=\"609\" data-end=\"612\" \/>Nuestra Pol\u00edtica de Calidad est\u00e1 disponible a continuaci\u00f3n y representa nuestro compromiso formal con la mejora continua, el cumplimiento legal y la satisfacci\u00f3n de nuestros clientes.<br data-start=\"797\" data-end=\"800\" \/>Tambi\u00e9n adherimos a principios de privacidad, uso responsable de la informaci\u00f3n y pr\u00e1cticas \u00e9ticas en la prestaci\u00f3n de servicios t\u00e9cnicos y comerciales.<\/p>\n\n\t\t<\/div> \n\t<\/div> \n\t\t<\/div> <\/div>\n\t<\/div> \n<\/div>\n<\/div>","protected":false},"excerpt":{"rendered":"<p>VER CODIGO DE ETICA CANAL DE RECLAMOS Premec S.A. es representante oficial de Hyundai Material Handling en Argentina. Brindamos soluciones integrales en autoelevadores, repuestos originales y servicio t\u00e9cnico certificado. Nuestro compromiso es ofrecer tecnolog\u00eda de vanguardia y soporte profesional a nuestros clientes. &nbsp; En Premec S.A. nos comprometemos con los m\u00e1s altos est\u00e1ndares de calidad,<br \/><a href=\"https:\/\/premecsa.com.ar\/es_ar\/nuestros-valores\/\" class=\"more\">Read more<\/a><\/p>\n","protected":false},"author":4,"featured_media":0,"parent":0,"menu_order":0,"comment_status":"closed","ping_status":"closed","template":"","meta":{"content-type":"","_joinchat":[],"footnotes":""},"class_list":["post-8757","page","type-page","status-publish","hentry"],"yoast_head":"<!-- This site is optimized with the Yoast SEO plugin v27.4 - https:\/\/yoast.com\/product\/yoast-seo-wordpress\/ -->\n<title>Valores - Premec<\/title>\n<meta name=\"robots\" content=\"index, follow, max-snippet:-1, max-image-preview:large, max-video-preview:-1\" \/>\n<link rel=\"canonical\" href=\"https:\/\/premecsa.com.ar\/es_ar\/nuestros-valores\/\" \/>\n<meta property=\"og:locale\" content=\"es_ES\" \/>\n<meta property=\"og:type\" content=\"article\" \/>\n<meta property=\"og:title\" content=\"Valores - Premec\" \/>\n<meta property=\"og:description\" content=\"VER CODIGO DE ETICA CANAL DE RECLAMOS Premec S.A. es representante oficial de Hyundai Material Handling en Argentina. Brindamos soluciones integrales en autoelevadores, repuestos originales y servicio t\u00e9cnico certificado. Nuestro compromiso es ofrecer tecnolog\u00eda de vanguardia y soporte profesional a nuestros clientes. &nbsp; En Premec S.A. nos comprometemos con los m\u00e1s altos est\u00e1ndares de calidad,Read more\" \/>\n<meta property=\"og:url\" content=\"https:\/\/premecsa.com.ar\/es_ar\/nuestros-valores\/\" \/>\n<meta property=\"og:site_name\" content=\"Premec\" \/>\n<meta property=\"article:publisher\" content=\"https:\/\/www.facebook.com\/premecsa\/\" \/>\n<meta property=\"article:modified_time\" content=\"2026-03-04T17:40:07+00:00\" \/>\n<meta name=\"twitter:card\" content=\"summary_large_image\" \/>\n<meta name=\"twitter:label1\" content=\"Tiempo de lectura\" \/>\n\t<meta name=\"twitter:data1\" content=\"1 minuto\" \/>\n<script type=\"application\/ld+json\" class=\"yoast-schema-graph\">{\"@context\":\"https:\\\/\\\/schema.org\",\"@graph\":[{\"@type\":\"WebPage\",\"@id\":\"https:\\\/\\\/premecsa.com.ar\\\/nuestros-valores\\\/\",\"url\":\"https:\\\/\\\/premecsa.com.ar\\\/nuestros-valores\\\/\",\"name\":\"Valores - Premec\",\"isPartOf\":{\"@id\":\"https:\\\/\\\/premecsa.com.ar\\\/#website\"},\"datePublished\":\"2025-05-16T17:17:20+00:00\",\"dateModified\":\"2026-03-04T17:40:07+00:00\",\"breadcrumb\":{\"@id\":\"https:\\\/\\\/premecsa.com.ar\\\/nuestros-valores\\\/#breadcrumb\"},\"inLanguage\":\"es-AR\",\"potentialAction\":[{\"@type\":\"ReadAction\",\"target\":[\"https:\\\/\\\/premecsa.com.ar\\\/nuestros-valores\\\/\"]}]},{\"@type\":\"BreadcrumbList\",\"@id\":\"https:\\\/\\\/premecsa.com.ar\\\/nuestros-valores\\\/#breadcrumb\",\"itemListElement\":[{\"@type\":\"ListItem\",\"position\":1,\"name\":\"Inicio\",\"item\":\"https:\\\/\\\/premecsa.com.ar\\\/\"},{\"@type\":\"ListItem\",\"position\":2,\"name\":\"Valores\"}]},{\"@type\":\"WebSite\",\"@id\":\"https:\\\/\\\/premecsa.com.ar\\\/#website\",\"url\":\"https:\\\/\\\/premecsa.com.ar\\\/\",\"name\":\"Premec\",\"description\":\"Premec S.A. - Autoelevadores servicio t\u00e9cnico reparaci\u00f3n alquiler venta tractores de arrastre transpalet autoelevadores electricos autoelevadores combustion Premec\",\"publisher\":{\"@id\":\"https:\\\/\\\/premecsa.com.ar\\\/#organization\"},\"potentialAction\":[{\"@type\":\"SearchAction\",\"target\":{\"@type\":\"EntryPoint\",\"urlTemplate\":\"https:\\\/\\\/premecsa.com.ar\\\/?s={search_term_string}\"},\"query-input\":{\"@type\":\"PropertyValueSpecification\",\"valueRequired\":true,\"valueName\":\"search_term_string\"}}],\"inLanguage\":\"es-AR\"},{\"@type\":\"Organization\",\"@id\":\"https:\\\/\\\/premecsa.com.ar\\\/#organization\",\"name\":\"Premec\",\"url\":\"https:\\\/\\\/premecsa.com.ar\\\/\",\"logo\":{\"@type\":\"ImageObject\",\"inLanguage\":\"es-AR\",\"@id\":\"https:\\\/\\\/premecsa.com.ar\\\/#\\\/schema\\\/logo\\\/image\\\/\",\"url\":\"https:\\\/\\\/premecsa.com.ar\\\/wp-content\\\/uploads\\\/2018\\\/05\\\/logo-premec-01.png\",\"contentUrl\":\"https:\\\/\\\/premecsa.com.ar\\\/wp-content\\\/uploads\\\/2018\\\/05\\\/logo-premec-01.png\",\"width\":1305,\"height\":246,\"caption\":\"Premec\"},\"image\":{\"@id\":\"https:\\\/\\\/premecsa.com.ar\\\/#\\\/schema\\\/logo\\\/image\\\/\"},\"sameAs\":[\"https:\\\/\\\/www.facebook.com\\\/premecsa\\\/\",\"https:\\\/\\\/www.instagram.com\\\/premecsa\\\/\"]}]}<\/script>\n<!-- \/ Yoast SEO plugin. -->","yoast_head_json":{"title":"Valores - Premec","robots":{"index":"index","follow":"follow","max-snippet":"max-snippet:-1","max-image-preview":"max-image-preview:large","max-video-preview":"max-video-preview:-1"},"canonical":"https:\/\/premecsa.com.ar\/es_ar\/nuestros-valores\/","og_locale":"es_ES","og_type":"article","og_title":"Valores - Premec","og_description":"VER CODIGO DE ETICA CANAL DE RECLAMOS Premec S.A. es representante oficial de Hyundai Material Handling en Argentina. Brindamos soluciones integrales en autoelevadores, repuestos originales y servicio t\u00e9cnico certificado. Nuestro compromiso es ofrecer tecnolog\u00eda de vanguardia y soporte profesional a nuestros clientes. &nbsp; En Premec S.A. nos comprometemos con los m\u00e1s altos est\u00e1ndares de calidad,Read more","og_url":"https:\/\/premecsa.com.ar\/es_ar\/nuestros-valores\/","og_site_name":"Premec","article_publisher":"https:\/\/www.facebook.com\/premecsa\/","article_modified_time":"2026-03-04T17:40:07+00:00","twitter_card":"summary_large_image","twitter_misc":{"Tiempo de lectura":"1 minuto"},"schema":{"@context":"https:\/\/schema.org","@graph":[{"@type":"WebPage","@id":"https:\/\/premecsa.com.ar\/nuestros-valores\/","url":"https:\/\/premecsa.com.ar\/nuestros-valores\/","name":"Valores - Premec","isPartOf":{"@id":"https:\/\/premecsa.com.ar\/#website"},"datePublished":"2025-05-16T17:17:20+00:00","dateModified":"2026-03-04T17:40:07+00:00","breadcrumb":{"@id":"https:\/\/premecsa.com.ar\/nuestros-valores\/#breadcrumb"},"inLanguage":"es-AR","potentialAction":[{"@type":"ReadAction","target":["https:\/\/premecsa.com.ar\/nuestros-valores\/"]}]},{"@type":"BreadcrumbList","@id":"https:\/\/premecsa.com.ar\/nuestros-valores\/#breadcrumb","itemListElement":[{"@type":"ListItem","position":1,"name":"Inicio","item":"https:\/\/premecsa.com.ar\/"},{"@type":"ListItem","position":2,"name":"Valores"}]},{"@type":"WebSite","@id":"https:\/\/premecsa.com.ar\/#website","url":"https:\/\/premecsa.com.ar\/","name":"Premec","description":"Premec S.A. - Autoelevadores servicio t\u00e9cnico reparaci\u00f3n alquiler venta tractores de arrastre transpalet autoelevadores electricos autoelevadores combustion Premec","publisher":{"@id":"https:\/\/premecsa.com.ar\/#organization"},"potentialAction":[{"@type":"SearchAction","target":{"@type":"EntryPoint","urlTemplate":"https:\/\/premecsa.com.ar\/?s={search_term_string}"},"query-input":{"@type":"PropertyValueSpecification","valueRequired":true,"valueName":"search_term_string"}}],"inLanguage":"es-AR"},{"@type":"Organization","@id":"https:\/\/premecsa.com.ar\/#organization","name":"Premec","url":"https:\/\/premecsa.com.ar\/","logo":{"@type":"ImageObject","inLanguage":"es-AR","@id":"https:\/\/premecsa.com.ar\/#\/schema\/logo\/image\/","url":"https:\/\/premecsa.com.ar\/wp-content\/uploads\/2018\/05\/logo-premec-01.png","contentUrl":"https:\/\/premecsa.com.ar\/wp-content\/uploads\/2018\/05\/logo-premec-01.png","width":1305,"height":246,"caption":"Premec"},"image":{"@id":"https:\/\/premecsa.com.ar\/#\/schema\/logo\/image\/"},"sameAs":["https:\/\/www.facebook.com\/premecsa\/","https:\/\/www.instagram.com\/premecsa\/"]}]}},"_links":{"self":[{"href":"https:\/\/premecsa.com.ar\/es_ar\/wp-json\/wp\/v2\/pages\/8757","targetHints":{"allow":["GET"]}}],"collection":[{"href":"https:\/\/premecsa.com.ar\/es_ar\/wp-json\/wp\/v2\/pages"}],"about":[{"href":"https:\/\/premecsa.com.ar\/es_ar\/wp-json\/wp\/v2\/types\/page"}],"author":[{"embeddable":true,"href":"https:\/\/premecsa.com.ar\/es_ar\/wp-json\/wp\/v2\/users\/4"}],"replies":[{"embeddable":true,"href":"https:\/\/premecsa.com.ar\/es_ar\/wp-json\/wp\/v2\/comments?post=8757"}],"version-history":[{"count":27,"href":"https:\/\/premecsa.com.ar\/es_ar\/wp-json\/wp\/v2\/pages\/8757\/revisions"}],"predecessor-version":[{"id":8977,"href":"https:\/\/premecsa.com.ar\/es_ar\/wp-json\/wp\/v2\/pages\/8757\/revisions\/8977"}],"wp:attachment":[{"href":"https:\/\/premecsa.com.ar\/es_ar\/wp-json\/wp\/v2\/media?parent=8757"}],"curies":[{"name":"wp","href":"https:\/\/api.w.org\/{rel}","templated":true}]}}