{"id":8743,"date":"2025-05-16T19:55:17","date_gmt":"2025-05-16T16:55:17","guid":{"rendered":"https:\/\/premecsa.com.ar\/?page_id=8743"},"modified":"2025-08-01T17:33:03","modified_gmt":"2025-08-01T14:33:03","slug":"calidad","status":"publish","type":"page","link":"https:\/\/premecsa.com.ar\/es_ar\/calidad\/","title":{"rendered":"Calidad"},"content":{"rendered":"<div class=\"wpb-content-wrapper\"><div   class=\"vc_row wpb_row vc_row-fluid  \">\n\t<div  class=\"vc_span6 wpb_column vc_column_container \"><div class=\"vc_column-inner \">\n\t\t<div class=\"wpb_wrapper\">\n\t\t\t<style type=\"text\/css\" >#l_quw0h13fjjbeatfzbh7c.sc_line ,#l_quw0h13fjjbeatfzbh7c .sc_line { height:1px; background:#1e73be;}#l_quw0h13fjjbeatfzbh7c {margin:0px 0 0px 0; padding:0;}<\/style><div class=\"clearfix\"><\/div><div id=\"l_quw0h13fjjbeatfzbh7c\"  class=\"sc_line rd_line_normal\" ><\/div><div class=\"vc_empty_space\"   style=\"height: 32px\"><span class=\"vc_empty_space_inner\"><\/span><\/div>\n\t<div class=\"wpb_text_column wpb_content_element   ct_4olq0dok1opi9lha4ola\" >\n\t\t<div class=\"wpb_wrapper\" >\n\t\t\t<h5><\/h5>\n<h5><\/h5>\n<h5><strong>POLITICA DE CALIDAD:<\/strong><\/h5>\n<p>&nbsp;<\/p>\n<p>Es POLITICA DE PREMEC S.A garantizar la calidad de sus trabajos de forma que nos podamos convertir en los mejores colaboradores de nuestros clientes, ofreci\u00e9ndoles productos y servicios que permitan el beneficio mutuo.<\/p>\n<p>Como desarrollo de esta pol\u00edtica de calidad y como parte del compromiso adquirido con la mejora continua, en PREMEC S.A hemos decidido adaptar nuestro Sistema de Gesti\u00f3n de Calidad de acuerdo con la Norma ISO-9001:2015, que nos permita mantener la uniformidad en la calidad de todos los trabajos que realizamos y nos proporcione mecanismos para corregir y, sobre todo, prevenir los defectos.<\/p>\n<p>&nbsp;<\/p>\n<h5>NUESTRA POLITICA DE CALIDAD SE APOYA EN:<\/h5>\n<p>&nbsp;<\/p>\n<ol>\n<li>La implantaci\u00f3n de una estrategia de orientaci\u00f3n al mercado que nos permita\u00a0<strong>conocer continuamente las<\/strong>\u00a0<strong>necesidades de nuestros clientes<\/strong> para facilitarles los productos y servicios demandados, colaborando con su plan de mejora y calidad.<\/li>\n<li>La\u00a0<strong>colaboraci\u00f3n con nuestros proveedores<\/strong> principales para asegurar que los equipos recibidos correspondan con la calidad requerida.<\/li>\n<li>La\u00a0<strong>formaci\u00f3n de nuestro personal<\/strong>, capacit\u00e1ndoles para que puedan asumir sus responsabilidades en la consecuci\u00f3n de la calidad y su mejora d\u00eda a d\u00eda. De esta manera se promocionar\u00e1 el conocimiento de\u00a0<strong>los requisitos internos en cada etapa del proceso<\/strong>, asegurando su cumplimiento y por tanto alcanzando las especificaciones del producto final. Con estas acciones se promover\u00e1 el esp\u00edritu\u00a0<strong>de trabajo en equipo<\/strong>\u00a0entre todo el personal, potenciando su implicaci\u00f3n en los procesos.<\/li>\n<\/ol>\n<p>&nbsp;<\/p>\n<p>PREMEC S.A quiere dirigir sus esfuerzos mediante la implantaci\u00f3n de su Sistema de Gesti\u00f3n de la Calidad para el cumplimiento de las expectativas y necesidades de los clientes, as\u00ed como poder asegurar el cumplimiento de la reglamentaci\u00f3n oficial de los trabajos a realizar.<\/p>\n\n\t\t<\/div> \n\t<\/div> \n\t\t<\/div> <\/div>\n\t<\/div> \n\n\t<div  class=\"vc_span6 wpb_column vc_column_container \"><div class=\"vc_column-inner \">\n\t\t<div class=\"wpb_wrapper\">\n\t\t\t<div class=\"vc_empty_space\"   style=\"height: 32px\"><span class=\"vc_empty_space_inner\"><\/span><\/div><div class=\"rd_img_gallery_ctn clearfix\" style=\"margin:0px auto 0px;\"><a class=\"ig_col_1 \" href=\"https:\/\/premecsa.com.ar\/wp-content\/uploads\/2024\/06\/certificado-iso-nuevo.png\"  rel=\"prettyPhoto[rel-78047602]\" ><img decoding=\"async\" class=\"\" src=\"https:\/\/premecsa.com.ar\/wp-content\/uploads\/2024\/06\/certificado-iso-nuevo.png\" width=\"548\" height=\"888\" alt=\"certificado iso nuevo\" title=\"certificado iso nuevo\" loading=\"lazy\" \/><\/a><\/div>\n\t<div class=\"wpb_text_column wpb_content_element   ct_zfors8v8hxwutssxk414\" >\n\t\t<div class=\"wpb_wrapper\" >\n\t\t\t<p>En Premec S.A. nos comprometemos con los m\u00e1s altos est\u00e1ndares de calidad, atenci\u00f3n al cliente y transparencia.<br data-start=\"609\" data-end=\"612\" \/>Nuestra Pol\u00edtica de Calidad est\u00e1 disponible a continuaci\u00f3n y representa nuestro compromiso formal con la mejora continua, el cumplimiento legal y la satisfacci\u00f3n de nuestros clientes.<br data-start=\"797\" data-end=\"800\" \/>Tambi\u00e9n adherimos a principios de privacidad, uso responsable de la informaci\u00f3n y pr\u00e1cticas \u00e9ticas en la prestaci\u00f3n de servicios t\u00e9cnicos y comerciales.<\/p>\n\n\t\t<\/div> \n\t<\/div> \n\t\t<\/div> <\/div>\n\t<\/div> \n<\/div><div   class=\"vc_row wpb_row vc_row-fluid  \">\n\t<div  class=\"vc_span12 wpb_column vc_column_container \"><div class=\"vc_column-inner \">\n\t\t<div class=\"wpb_wrapper\">\n\t\t\t<style type=\"text\/css\" >#l_1evmsi83cbgejvvugg9o.sc_line ,#l_1evmsi83cbgejvvugg9o .sc_line { height:1px; background:#1e73be;}#l_1evmsi83cbgejvvugg9o {margin:0px 0 0px 0; padding:0;}<\/style><div class=\"clearfix\"><\/div><div id=\"l_1evmsi83cbgejvvugg9o\"  class=\"sc_line rd_line_normal\" ><\/div>\n\t\t<\/div> <\/div>\n\t<\/div> \n<\/div>\n<\/div>","protected":false},"excerpt":{"rendered":"<p>POLITICA DE CALIDAD: &nbsp; Es POLITICA DE PREMEC S.A garantizar la calidad de sus trabajos de forma que nos podamos convertir en los mejores colaboradores de nuestros clientes, ofreci\u00e9ndoles productos y servicios que permitan el beneficio mutuo. Como desarrollo de esta pol\u00edtica de calidad y como parte del compromiso adquirido con la mejora continua, en<br \/><a href=\"https:\/\/premecsa.com.ar\/es_ar\/calidad\/\" class=\"more\">Read more<\/a><\/p>\n","protected":false},"author":4,"featured_media":0,"parent":0,"menu_order":0,"comment_status":"closed","ping_status":"closed","template":"","meta":{"content-type":"","_joinchat":[],"footnotes":""},"class_list":["post-8743","page","type-page","status-publish","hentry"],"yoast_head":"<!-- This site is optimized with the Yoast SEO plugin v27.4 - https:\/\/yoast.com\/product\/yoast-seo-wordpress\/ -->\n<title>Calidad - Premec<\/title>\n<meta name=\"robots\" content=\"index, follow, max-snippet:-1, max-image-preview:large, max-video-preview:-1\" \/>\n<link rel=\"canonical\" href=\"https:\/\/premecsa.com.ar\/es_ar\/calidad\/\" \/>\n<meta property=\"og:locale\" content=\"es_ES\" \/>\n<meta property=\"og:type\" content=\"article\" \/>\n<meta property=\"og:title\" content=\"Calidad - Premec\" \/>\n<meta property=\"og:description\" content=\"POLITICA DE CALIDAD: &nbsp; Es POLITICA DE PREMEC S.A garantizar la calidad de sus trabajos de forma que nos podamos convertir en los mejores colaboradores de nuestros clientes, ofreci\u00e9ndoles productos y servicios que permitan el beneficio mutuo. Como desarrollo de esta pol\u00edtica de calidad y como parte del compromiso adquirido con la mejora continua, enRead more\" \/>\n<meta property=\"og:url\" content=\"https:\/\/premecsa.com.ar\/es_ar\/calidad\/\" \/>\n<meta property=\"og:site_name\" content=\"Premec\" \/>\n<meta property=\"article:publisher\" content=\"https:\/\/www.facebook.com\/premecsa\/\" \/>\n<meta property=\"article:modified_time\" content=\"2025-08-01T14:33:03+00:00\" \/>\n<meta name=\"twitter:card\" content=\"summary_large_image\" \/>\n<meta name=\"twitter:label1\" content=\"Tiempo de lectura\" \/>\n\t<meta name=\"twitter:data1\" content=\"2 minutos\" \/>\n<script type=\"application\/ld+json\" class=\"yoast-schema-graph\">{\"@context\":\"https:\\\/\\\/schema.org\",\"@graph\":[{\"@type\":\"WebPage\",\"@id\":\"https:\\\/\\\/premecsa.com.ar\\\/calidad\\\/\",\"url\":\"https:\\\/\\\/premecsa.com.ar\\\/calidad\\\/\",\"name\":\"Calidad - Premec\",\"isPartOf\":{\"@id\":\"https:\\\/\\\/premecsa.com.ar\\\/#website\"},\"datePublished\":\"2025-05-16T16:55:17+00:00\",\"dateModified\":\"2025-08-01T14:33:03+00:00\",\"breadcrumb\":{\"@id\":\"https:\\\/\\\/premecsa.com.ar\\\/calidad\\\/#breadcrumb\"},\"inLanguage\":\"es-AR\",\"potentialAction\":[{\"@type\":\"ReadAction\",\"target\":[\"https:\\\/\\\/premecsa.com.ar\\\/calidad\\\/\"]}]},{\"@type\":\"BreadcrumbList\",\"@id\":\"https:\\\/\\\/premecsa.com.ar\\\/calidad\\\/#breadcrumb\",\"itemListElement\":[{\"@type\":\"ListItem\",\"position\":1,\"name\":\"Inicio\",\"item\":\"https:\\\/\\\/premecsa.com.ar\\\/\"},{\"@type\":\"ListItem\",\"position\":2,\"name\":\"Calidad\"}]},{\"@type\":\"WebSite\",\"@id\":\"https:\\\/\\\/premecsa.com.ar\\\/#website\",\"url\":\"https:\\\/\\\/premecsa.com.ar\\\/\",\"name\":\"Premec\",\"description\":\"Premec S.A. - Autoelevadores servicio t\u00e9cnico reparaci\u00f3n alquiler venta tractores de arrastre transpalet autoelevadores electricos autoelevadores combustion Premec\",\"publisher\":{\"@id\":\"https:\\\/\\\/premecsa.com.ar\\\/#organization\"},\"potentialAction\":[{\"@type\":\"SearchAction\",\"target\":{\"@type\":\"EntryPoint\",\"urlTemplate\":\"https:\\\/\\\/premecsa.com.ar\\\/?s={search_term_string}\"},\"query-input\":{\"@type\":\"PropertyValueSpecification\",\"valueRequired\":true,\"valueName\":\"search_term_string\"}}],\"inLanguage\":\"es-AR\"},{\"@type\":\"Organization\",\"@id\":\"https:\\\/\\\/premecsa.com.ar\\\/#organization\",\"name\":\"Premec\",\"url\":\"https:\\\/\\\/premecsa.com.ar\\\/\",\"logo\":{\"@type\":\"ImageObject\",\"inLanguage\":\"es-AR\",\"@id\":\"https:\\\/\\\/premecsa.com.ar\\\/#\\\/schema\\\/logo\\\/image\\\/\",\"url\":\"https:\\\/\\\/premecsa.com.ar\\\/wp-content\\\/uploads\\\/2018\\\/05\\\/logo-premec-01.png\",\"contentUrl\":\"https:\\\/\\\/premecsa.com.ar\\\/wp-content\\\/uploads\\\/2018\\\/05\\\/logo-premec-01.png\",\"width\":1305,\"height\":246,\"caption\":\"Premec\"},\"image\":{\"@id\":\"https:\\\/\\\/premecsa.com.ar\\\/#\\\/schema\\\/logo\\\/image\\\/\"},\"sameAs\":[\"https:\\\/\\\/www.facebook.com\\\/premecsa\\\/\",\"https:\\\/\\\/www.instagram.com\\\/premecsa\\\/\"]}]}<\/script>\n<!-- \/ Yoast SEO plugin. -->","yoast_head_json":{"title":"Calidad - Premec","robots":{"index":"index","follow":"follow","max-snippet":"max-snippet:-1","max-image-preview":"max-image-preview:large","max-video-preview":"max-video-preview:-1"},"canonical":"https:\/\/premecsa.com.ar\/es_ar\/calidad\/","og_locale":"es_ES","og_type":"article","og_title":"Calidad - Premec","og_description":"POLITICA DE CALIDAD: &nbsp; Es POLITICA DE PREMEC S.A garantizar la calidad de sus trabajos de forma que nos podamos convertir en los mejores colaboradores de nuestros clientes, ofreci\u00e9ndoles productos y servicios que permitan el beneficio mutuo. Como desarrollo de esta pol\u00edtica de calidad y como parte del compromiso adquirido con la mejora continua, enRead more","og_url":"https:\/\/premecsa.com.ar\/es_ar\/calidad\/","og_site_name":"Premec","article_publisher":"https:\/\/www.facebook.com\/premecsa\/","article_modified_time":"2025-08-01T14:33:03+00:00","twitter_card":"summary_large_image","twitter_misc":{"Tiempo de lectura":"2 minutos"},"schema":{"@context":"https:\/\/schema.org","@graph":[{"@type":"WebPage","@id":"https:\/\/premecsa.com.ar\/calidad\/","url":"https:\/\/premecsa.com.ar\/calidad\/","name":"Calidad - Premec","isPartOf":{"@id":"https:\/\/premecsa.com.ar\/#website"},"datePublished":"2025-05-16T16:55:17+00:00","dateModified":"2025-08-01T14:33:03+00:00","breadcrumb":{"@id":"https:\/\/premecsa.com.ar\/calidad\/#breadcrumb"},"inLanguage":"es-AR","potentialAction":[{"@type":"ReadAction","target":["https:\/\/premecsa.com.ar\/calidad\/"]}]},{"@type":"BreadcrumbList","@id":"https:\/\/premecsa.com.ar\/calidad\/#breadcrumb","itemListElement":[{"@type":"ListItem","position":1,"name":"Inicio","item":"https:\/\/premecsa.com.ar\/"},{"@type":"ListItem","position":2,"name":"Calidad"}]},{"@type":"WebSite","@id":"https:\/\/premecsa.com.ar\/#website","url":"https:\/\/premecsa.com.ar\/","name":"Premec","description":"Premec S.A. - Autoelevadores servicio t\u00e9cnico reparaci\u00f3n alquiler venta tractores de arrastre transpalet autoelevadores electricos autoelevadores combustion Premec","publisher":{"@id":"https:\/\/premecsa.com.ar\/#organization"},"potentialAction":[{"@type":"SearchAction","target":{"@type":"EntryPoint","urlTemplate":"https:\/\/premecsa.com.ar\/?s={search_term_string}"},"query-input":{"@type":"PropertyValueSpecification","valueRequired":true,"valueName":"search_term_string"}}],"inLanguage":"es-AR"},{"@type":"Organization","@id":"https:\/\/premecsa.com.ar\/#organization","name":"Premec","url":"https:\/\/premecsa.com.ar\/","logo":{"@type":"ImageObject","inLanguage":"es-AR","@id":"https:\/\/premecsa.com.ar\/#\/schema\/logo\/image\/","url":"https:\/\/premecsa.com.ar\/wp-content\/uploads\/2018\/05\/logo-premec-01.png","contentUrl":"https:\/\/premecsa.com.ar\/wp-content\/uploads\/2018\/05\/logo-premec-01.png","width":1305,"height":246,"caption":"Premec"},"image":{"@id":"https:\/\/premecsa.com.ar\/#\/schema\/logo\/image\/"},"sameAs":["https:\/\/www.facebook.com\/premecsa\/","https:\/\/www.instagram.com\/premecsa\/"]}]}},"_links":{"self":[{"href":"https:\/\/premecsa.com.ar\/es_ar\/wp-json\/wp\/v2\/pages\/8743","targetHints":{"allow":["GET"]}}],"collection":[{"href":"https:\/\/premecsa.com.ar\/es_ar\/wp-json\/wp\/v2\/pages"}],"about":[{"href":"https:\/\/premecsa.com.ar\/es_ar\/wp-json\/wp\/v2\/types\/page"}],"author":[{"embeddable":true,"href":"https:\/\/premecsa.com.ar\/es_ar\/wp-json\/wp\/v2\/users\/4"}],"replies":[{"embeddable":true,"href":"https:\/\/premecsa.com.ar\/es_ar\/wp-json\/wp\/v2\/comments?post=8743"}],"version-history":[{"count":25,"href":"https:\/\/premecsa.com.ar\/es_ar\/wp-json\/wp\/v2\/pages\/8743\/revisions"}],"predecessor-version":[{"id":8877,"href":"https:\/\/premecsa.com.ar\/es_ar\/wp-json\/wp\/v2\/pages\/8743\/revisions\/8877"}],"wp:attachment":[{"href":"https:\/\/premecsa.com.ar\/es_ar\/wp-json\/wp\/v2\/media?parent=8743"}],"curies":[{"name":"wp","href":"https:\/\/api.w.org\/{rel}","templated":true}]}}