{"id":5025,"date":"2017-08-18T20:35:54","date_gmt":"2017-08-18T20:35:54","guid":{"rendered":"http:\/\/premecsa.com.ar?page_id=5025"},"modified":"2018-06-29T15:27:23","modified_gmt":"2018-06-29T18:27:23","slug":"repuestos","status":"publish","type":"page","link":"https:\/\/premecsa.com.ar\/es_ar\/repuestos\/","title":{"rendered":"Repuestos"},"content":{"rendered":"<div class=\"wpb-content-wrapper\"><div   class=\"vc_row wpb_row vc_row-fluid  \">\n\t<div  class=\"vc_span12 wpb_column vc_column_container \"><div class=\"vc_column-inner \">\n\t\t<div class=\"wpb_wrapper\">\n\t\t\t\r\n\t<div  class=\"wpb_single_image wpb_content_element vc_align_left  img_zoom_effect\">\r\n\t\t<div class=\"wpb_wrapper\">\r\n\t\t\t\r\n\t\t\t\r\n\t\t<figure class=\"vc_figure\">\r\n\t\t\t<div class=\"vc_single_image-wrapper   vc_box_border_grey\"><span><img loading=\"lazy\" decoding=\"async\" data-vc-zoom=\"https:\/\/premecsa.com.ar\/wp-content\/uploads\/2018\/05\/TVH_Lonking.jpg\" width=\"799\" height=\"448\" src=\"https:\/\/premecsa.com.ar\/wp-content\/uploads\/2018\/05\/TVH_Lonking.jpg\" class=\"vc_single_image-img attachment-large\" alt=\"\" title=\"TVH_Lonking\" srcset=\"https:\/\/premecsa.com.ar\/wp-content\/uploads\/2018\/05\/TVH_Lonking.jpg 799w, https:\/\/premecsa.com.ar\/wp-content\/uploads\/2018\/05\/TVH_Lonking-535x300.jpg 535w, https:\/\/premecsa.com.ar\/wp-content\/uploads\/2018\/05\/TVH_Lonking-300x168.jpg 300w, https:\/\/premecsa.com.ar\/wp-content\/uploads\/2018\/05\/TVH_Lonking-768x431.jpg 768w\" sizes=\"auto, (max-width: 799px) 100vw, 799px\" \/><\/span><\/div>\r\n\t\t\t<figcaption class=\"vc_figure-caption\">- Repuestos para todos los modelos.\n\n- Bater\u00edas y cargadores de bater\u00eda.\n\n- Tambi\u00e9n disponibilidad de repuestos para otras marcas.\n\n- Piezas originales para su autoelevador.<\/figcaption>\r\n\t\t<\/figure>\r\n\t\r\n\t\t<\/div>\r\n\t<\/div>\r\n\n\t\t<\/div> <\/div>\n\t<\/div> \n<\/div><div   class=\"vc_row wpb_row vc_row-fluid  \">\n\t<div  class=\"vc_span12 wpb_column vc_column_container \"><div class=\"vc_column-inner \">\n\t\t<div class=\"wpb_wrapper\">\n\t\t\t\n\t\t<\/div> <\/div>\n\t<\/div> \n<\/div>\n<\/div>","protected":false},"excerpt":{"rendered":"<p>&#8211; Repuestos para todos los modelos. &#8211; Bater\u00edas y cargadores de bater\u00eda. &#8211; Tambi\u00e9n disponibilidad de repuestos para otras marcas. &#8211; Piezas originales para su autoelevador.<\/p>\n","protected":false},"author":4,"featured_media":0,"parent":0,"menu_order":0,"comment_status":"closed","ping_status":"closed","template":"","meta":{"content-type":"","_joinchat":[],"footnotes":""},"class_list":["post-5025","page","type-page","status-publish","hentry"],"yoast_head":"<!-- This site is optimized with the Yoast SEO plugin v27.4 - https:\/\/yoast.com\/product\/yoast-seo-wordpress\/ -->\n<title>Repuestos - Premec<\/title>\n<meta name=\"robots\" content=\"index, follow, max-snippet:-1, max-image-preview:large, max-video-preview:-1\" \/>\n<link rel=\"canonical\" href=\"https:\/\/premecsa.com.ar\/es_ar\/repuestos\/\" \/>\n<meta property=\"og:locale\" content=\"es_ES\" \/>\n<meta property=\"og:type\" content=\"article\" \/>\n<meta property=\"og:title\" content=\"Repuestos - Premec\" \/>\n<meta property=\"og:description\" content=\"- Repuestos para todos los modelos. - Bater\u00edas y cargadores de bater\u00eda. - Tambi\u00e9n disponibilidad de repuestos para otras marcas. - Piezas originales para su autoelevador.\" \/>\n<meta property=\"og:url\" content=\"https:\/\/premecsa.com.ar\/es_ar\/repuestos\/\" \/>\n<meta property=\"og:site_name\" content=\"Premec\" \/>\n<meta property=\"article:publisher\" content=\"https:\/\/www.facebook.com\/premecsa\/\" \/>\n<meta property=\"article:modified_time\" content=\"2018-06-29T18:27:23+00:00\" \/>\n<meta name=\"twitter:card\" content=\"summary_large_image\" \/>\n<script type=\"application\/ld+json\" class=\"yoast-schema-graph\">{\"@context\":\"https:\\\/\\\/schema.org\",\"@graph\":[{\"@type\":\"WebPage\",\"@id\":\"https:\\\/\\\/premecsa.com.ar\\\/repuestos\\\/\",\"url\":\"https:\\\/\\\/premecsa.com.ar\\\/repuestos\\\/\",\"name\":\"Repuestos - Premec\",\"isPartOf\":{\"@id\":\"https:\\\/\\\/premecsa.com.ar\\\/#website\"},\"datePublished\":\"2017-08-18T20:35:54+00:00\",\"dateModified\":\"2018-06-29T18:27:23+00:00\",\"breadcrumb\":{\"@id\":\"https:\\\/\\\/premecsa.com.ar\\\/repuestos\\\/#breadcrumb\"},\"inLanguage\":\"es-AR\",\"potentialAction\":[{\"@type\":\"ReadAction\",\"target\":[\"https:\\\/\\\/premecsa.com.ar\\\/repuestos\\\/\"]}]},{\"@type\":\"BreadcrumbList\",\"@id\":\"https:\\\/\\\/premecsa.com.ar\\\/repuestos\\\/#breadcrumb\",\"itemListElement\":[{\"@type\":\"ListItem\",\"position\":1,\"name\":\"Inicio\",\"item\":\"https:\\\/\\\/premecsa.com.ar\\\/\"},{\"@type\":\"ListItem\",\"position\":2,\"name\":\"Repuestos\"}]},{\"@type\":\"WebSite\",\"@id\":\"https:\\\/\\\/premecsa.com.ar\\\/#website\",\"url\":\"https:\\\/\\\/premecsa.com.ar\\\/\",\"name\":\"Premec\",\"description\":\"Premec S.A. - Autoelevadores servicio t\u00e9cnico reparaci\u00f3n alquiler venta tractores de arrastre transpalet autoelevadores electricos autoelevadores combustion Premec\",\"publisher\":{\"@id\":\"https:\\\/\\\/premecsa.com.ar\\\/#organization\"},\"potentialAction\":[{\"@type\":\"SearchAction\",\"target\":{\"@type\":\"EntryPoint\",\"urlTemplate\":\"https:\\\/\\\/premecsa.com.ar\\\/?s={search_term_string}\"},\"query-input\":{\"@type\":\"PropertyValueSpecification\",\"valueRequired\":true,\"valueName\":\"search_term_string\"}}],\"inLanguage\":\"es-AR\"},{\"@type\":\"Organization\",\"@id\":\"https:\\\/\\\/premecsa.com.ar\\\/#organization\",\"name\":\"Premec\",\"url\":\"https:\\\/\\\/premecsa.com.ar\\\/\",\"logo\":{\"@type\":\"ImageObject\",\"inLanguage\":\"es-AR\",\"@id\":\"https:\\\/\\\/premecsa.com.ar\\\/#\\\/schema\\\/logo\\\/image\\\/\",\"url\":\"https:\\\/\\\/premecsa.com.ar\\\/wp-content\\\/uploads\\\/2018\\\/05\\\/logo-premec-01.png\",\"contentUrl\":\"https:\\\/\\\/premecsa.com.ar\\\/wp-content\\\/uploads\\\/2018\\\/05\\\/logo-premec-01.png\",\"width\":1305,\"height\":246,\"caption\":\"Premec\"},\"image\":{\"@id\":\"https:\\\/\\\/premecsa.com.ar\\\/#\\\/schema\\\/logo\\\/image\\\/\"},\"sameAs\":[\"https:\\\/\\\/www.facebook.com\\\/premecsa\\\/\",\"https:\\\/\\\/www.instagram.com\\\/premecsa\\\/\"]}]}<\/script>\n<!-- \/ Yoast SEO plugin. -->","yoast_head_json":{"title":"Repuestos - Premec","robots":{"index":"index","follow":"follow","max-snippet":"max-snippet:-1","max-image-preview":"max-image-preview:large","max-video-preview":"max-video-preview:-1"},"canonical":"https:\/\/premecsa.com.ar\/es_ar\/repuestos\/","og_locale":"es_ES","og_type":"article","og_title":"Repuestos - Premec","og_description":"- Repuestos para todos los modelos. - Bater\u00edas y cargadores de bater\u00eda. - Tambi\u00e9n disponibilidad de repuestos para otras marcas. - Piezas originales para su autoelevador.","og_url":"https:\/\/premecsa.com.ar\/es_ar\/repuestos\/","og_site_name":"Premec","article_publisher":"https:\/\/www.facebook.com\/premecsa\/","article_modified_time":"2018-06-29T18:27:23+00:00","twitter_card":"summary_large_image","schema":{"@context":"https:\/\/schema.org","@graph":[{"@type":"WebPage","@id":"https:\/\/premecsa.com.ar\/repuestos\/","url":"https:\/\/premecsa.com.ar\/repuestos\/","name":"Repuestos - Premec","isPartOf":{"@id":"https:\/\/premecsa.com.ar\/#website"},"datePublished":"2017-08-18T20:35:54+00:00","dateModified":"2018-06-29T18:27:23+00:00","breadcrumb":{"@id":"https:\/\/premecsa.com.ar\/repuestos\/#breadcrumb"},"inLanguage":"es-AR","potentialAction":[{"@type":"ReadAction","target":["https:\/\/premecsa.com.ar\/repuestos\/"]}]},{"@type":"BreadcrumbList","@id":"https:\/\/premecsa.com.ar\/repuestos\/#breadcrumb","itemListElement":[{"@type":"ListItem","position":1,"name":"Inicio","item":"https:\/\/premecsa.com.ar\/"},{"@type":"ListItem","position":2,"name":"Repuestos"}]},{"@type":"WebSite","@id":"https:\/\/premecsa.com.ar\/#website","url":"https:\/\/premecsa.com.ar\/","name":"Premec","description":"Premec S.A. - Autoelevadores servicio t\u00e9cnico reparaci\u00f3n alquiler venta tractores de arrastre transpalet autoelevadores electricos autoelevadores combustion Premec","publisher":{"@id":"https:\/\/premecsa.com.ar\/#organization"},"potentialAction":[{"@type":"SearchAction","target":{"@type":"EntryPoint","urlTemplate":"https:\/\/premecsa.com.ar\/?s={search_term_string}"},"query-input":{"@type":"PropertyValueSpecification","valueRequired":true,"valueName":"search_term_string"}}],"inLanguage":"es-AR"},{"@type":"Organization","@id":"https:\/\/premecsa.com.ar\/#organization","name":"Premec","url":"https:\/\/premecsa.com.ar\/","logo":{"@type":"ImageObject","inLanguage":"es-AR","@id":"https:\/\/premecsa.com.ar\/#\/schema\/logo\/image\/","url":"https:\/\/premecsa.com.ar\/wp-content\/uploads\/2018\/05\/logo-premec-01.png","contentUrl":"https:\/\/premecsa.com.ar\/wp-content\/uploads\/2018\/05\/logo-premec-01.png","width":1305,"height":246,"caption":"Premec"},"image":{"@id":"https:\/\/premecsa.com.ar\/#\/schema\/logo\/image\/"},"sameAs":["https:\/\/www.facebook.com\/premecsa\/","https:\/\/www.instagram.com\/premecsa\/"]}]}},"_links":{"self":[{"href":"https:\/\/premecsa.com.ar\/es_ar\/wp-json\/wp\/v2\/pages\/5025","targetHints":{"allow":["GET"]}}],"collection":[{"href":"https:\/\/premecsa.com.ar\/es_ar\/wp-json\/wp\/v2\/pages"}],"about":[{"href":"https:\/\/premecsa.com.ar\/es_ar\/wp-json\/wp\/v2\/types\/page"}],"author":[{"embeddable":true,"href":"https:\/\/premecsa.com.ar\/es_ar\/wp-json\/wp\/v2\/users\/4"}],"replies":[{"embeddable":true,"href":"https:\/\/premecsa.com.ar\/es_ar\/wp-json\/wp\/v2\/comments?post=5025"}],"version-history":[{"count":2,"href":"https:\/\/premecsa.com.ar\/es_ar\/wp-json\/wp\/v2\/pages\/5025\/revisions"}],"predecessor-version":[{"id":6186,"href":"https:\/\/premecsa.com.ar\/es_ar\/wp-json\/wp\/v2\/pages\/5025\/revisions\/6186"}],"wp:attachment":[{"href":"https:\/\/premecsa.com.ar\/es_ar\/wp-json\/wp\/v2\/media?parent=5025"}],"curies":[{"name":"wp","href":"https:\/\/api.w.org\/{rel}","templated":true}]}}