{"id":5009,"date":"2017-08-18T20:27:49","date_gmt":"2017-08-18T20:27:49","guid":{"rendered":"http:\/\/premecsa.com.ar?page_id=5009"},"modified":"2026-02-27T14:51:17","modified_gmt":"2026-02-27T11:51:17","slug":"contacto","status":"publish","type":"page","link":"https:\/\/premecsa.com.ar\/es_ar\/contacto\/","title":{"rendered":"Contacto"},"content":{"rendered":"<div class=\"wpb-content-wrapper\"><div   class=\"vc_row wpb_row vc_row-fluid vc_custom_1673613746420  \">\n\t<div  class=\"vc_span6 wpb_column vc_column_container \"><div class=\"vc_column-inner \">\n\t\t<div class=\"wpb_wrapper\">\n\t\t\t\n\t<div class=\"wpb_text_column wpb_content_element   ct_fm86gb1omspq45kk8yu8\" >\n\t\t<div class=\"wpb_wrapper\" >\n\t\t\t<p>Si deseas recibir una cotizaci\u00f3n o informaci\u00f3n detallada de nuestros productos y servicios, complet\u00e1 el formulario y a la brevedad nos ponemos en contacto.<\/p>\n<p>Ante solicitudes de Servicio T\u00e9cnico, consultas administrativas o ventas, dejamos a disposici\u00f3n los medios para contactarnos.<\/p>\n<p><strong>Venta de equipos:\u00a0<\/strong>11 5592-6605<br \/>\n<strong>Alquiler de equipos:<\/strong> 11 6027-2126<br \/>\n<strong>Servicio T\u00e9cnico Alquileres:<\/strong>\u00a015 3432-2866<br \/>\n<strong>Servicio T\u00e9cnico Postventa:<\/strong>\u00a011 6881-5230<br \/>\n<strong>Repuestos:<\/strong>\u00a011 2164-0366<\/p>\n\n\t\t<\/div> \n\t<\/div> \n\t\t<\/div> <\/div>\n\t<\/div> \n\n\t<div  class=\"vc_span6 wpb_column vc_column_container \"><div class=\"vc_column-inner \">\n\t\t<div class=\"wpb_wrapper\">\n\t\t\t\n\t<div class=\"wpb_text_column wpb_content_element   ct_xjntq8udihn6at7pgijl\" >\n\t\t<div class=\"wpb_wrapper\" >\n\t\t\t<h3><strong>Acceda a nuestras redes<\/strong><\/h3>\n\n\t\t<\/div> \n\t<\/div> \r\n\t<div class=\"rd_si_sc rd_si_big_rounded_trend\" id=\"rd_0hl83l94fl0diw5930ot\">   \r\n\t\r\n\t                                                            <div id=\"yt\" class=\"rda_fadeInUp\"> <a href=\"https:\/\/www.youtube.com\/channel\/UCFVzuznLNMUaJfkAVSuiRbw\" target=\"_blank\"><i class=\"fa fa-youtube\"><\/i><\/a><\/div>\r\n                                                                  <div id=\"lin\" class=\"rda_fadeInUp\"> <a href=\"https:\/\/www.linkedin.com\/company\/premec-sa\/\" target=\"_blank\"><i class=\"fa fa-linkedin\"><\/i><\/a><\/div>\r\n                              <div id=\"twitter\" class=\"rda_fadeInUp\"> <a href=\"https:\/\/twitter.com\/premecsa\" target=\"_blank\"><i class=\"fa fa-twitter\"><\/i><\/a><\/div>\r\n                                                                              <div id=\"instagram\" class=\"rda_fadeInUp\"> <a href=\"https:\/\/www.instagram.com\/premecsa\/\" target=\"_blank\" ><i class=\"fa fa-instagram\"><\/i><\/a><\/div>\r\n                              <div id=\"facebook\" class=\"rda_fadeInUp\"> <a href=\"https:\/\/www.facebook.com\/premecsa\/\" target=\"_blank\" ><i class=\"fa fa-facebook\"><\/i><\/a><\/div>\r\n      \t                          \t  \r\n\t<\/div>\r\n\t \r\n\t <style type=\"text\/css\" >#rd_0hl83l94fl0diw5930ot {margin:0px auto 0px;}#rd_0hl83l94fl0diw5930ot div a{color:;}#rd_0hl83l94fl0diw5930ot div {width:20% ;}#rd_0hl83l94fl0diw5930ot div a{background:#eaeaea;}#rd_0hl83l94fl0diw5930ot div a:hover{color:!important;}<\/style>\n\t\t<\/div> <\/div>\n\t<\/div> \n<\/div><div   class=\"vc_row wpb_row vc_row-fluid  \">\n\t<div  class=\"vc_span6 wpb_column vc_column_container \"><div class=\"vc_column-inner \">\n\t\t<div class=\"wpb_wrapper\">\n\t\t\t<style type=\"text\/css\" >#rd_q6j7d1dgd72nxu685qe3 .wpcf7 input[type=submit]{font-size:15px; font-weight:900; border-radius:2px; padding:11px 15px; letter-spacing: 0.5px; margin-top:3px;}#rd_q6j7d1dgd72nxu685qe3 .wpcf7 input[type=submit]:hover {background:#00368a; color:#ffffff !important;}#rd_q6j7d1dgd72nxu685qe3 .wpcf7 input:not([type=submit]):not([type=checkbox]),#rd_q6j7d1dgd72nxu685qe3 textarea,#rd_q6j7d1dgd72nxu685qe3 .wpcf7 select{border-radius:0px;}#rd_q6j7d1dgd72nxu685qe3 .wpcf7 input:not([type=submit]),#rd_q6j7d1dgd72nxu685qe3 textarea,#rd_q6j7d1dgd72nxu685qe3 .wpcf7 input[type=submit],#rd_q6j7d1dgd72nxu685qe3 .wpcf7 select{margin-top:3px;}#rd_q6j7d1dgd72nxu685qe3 p{margin-bottom:23px;}#rd_q6j7d1dgd72nxu685qe3 .wpcf7 input:not([type=submit]):not([type=checkbox]),#rd_q6j7d1dgd72nxu685qe3 .wpcf7  textarea,#rd_q6j7d1dgd72nxu685qe3 .wpcf7 select{border:1px solid #ecf0f1; background:#ffffff;}#rd_q6j7d1dgd72nxu685qe3 .wpcf7 input[type=submit]{background:; color: !important;}<\/style><div id=\"rd_q6j7d1dgd72nxu685qe3\" class=\"\">\n<div class=\"wpcf7 no-js\" id=\"wpcf7-f5052-o1\" lang=\"es-ES\" dir=\"ltr\" data-wpcf7-id=\"5052\">\n<div class=\"screen-reader-response\"><p role=\"status\" aria-live=\"polite\" aria-atomic=\"true\"><\/p> <ul><\/ul><\/div>\n<form action=\"\/es_ar\/wp-json\/wp\/v2\/pages\/5009#wpcf7-f5052-o1\" method=\"post\" class=\"wpcf7-form init\" aria-label=\"Formulario de contacto\" novalidate=\"novalidate\" data-status=\"init\">\n<fieldset class=\"hidden-fields-container\"><input type=\"hidden\" name=\"_wpcf7\" value=\"5052\" \/><input type=\"hidden\" name=\"_wpcf7_version\" value=\"6.1.5\" \/><input type=\"hidden\" name=\"_wpcf7_locale\" value=\"es_ES\" \/><input type=\"hidden\" name=\"_wpcf7_unit_tag\" value=\"wpcf7-f5052-o1\" \/><input type=\"hidden\" name=\"_wpcf7_container_post\" value=\"0\" \/><input type=\"hidden\" name=\"_wpcf7_posted_data_hash\" value=\"\" \/><input type=\"hidden\" name=\"_wpcf7_recaptcha_response\" value=\"\" \/>\n<\/fieldset>\n<p><label> Nombre y Apellido (requerido)<br \/>\n<span class=\"wpcf7-form-control-wrap\" data-name=\"your-name\"><input size=\"40\" maxlength=\"400\" class=\"wpcf7-form-control wpcf7-text wpcf7-validates-as-required\" aria-required=\"true\" aria-invalid=\"false\" value=\"\" type=\"text\" name=\"your-name\" \/><\/span> <\/label>\n<\/p>\n<p><label> Tu correo electr\u00f3nico (requerido)<br \/>\n<span class=\"wpcf7-form-control-wrap\" data-name=\"your-email\"><input size=\"40\" maxlength=\"400\" class=\"wpcf7-form-control wpcf7-email wpcf7-validates-as-required wpcf7-text wpcf7-validates-as-email\" aria-required=\"true\" aria-invalid=\"false\" value=\"\" type=\"email\" name=\"your-email\" \/><\/span> <\/label>\n<\/p>\n<p><label> Tel\u00e9fono<br \/>\n<span class=\"wpcf7-form-control-wrap\" data-name=\"your-telefono\"><input size=\"40\" maxlength=\"400\" class=\"wpcf7-form-control wpcf7-tel wpcf7-text wpcf7-validates-as-tel\" aria-invalid=\"false\" value=\"\" type=\"tel\" name=\"your-telefono\" \/><\/span> <\/label>\n<\/p>\n<p><label> Mensaje<br \/>\n<span class=\"wpcf7-form-control-wrap\" data-name=\"your-message\"><textarea cols=\"40\" rows=\"10\" maxlength=\"2000\" class=\"wpcf7-form-control wpcf7-textarea\" aria-invalid=\"false\" name=\"your-message\"><\/textarea><\/span> <\/label>\n<\/p>\n<p><input class=\"wpcf7-form-control wpcf7-submit has-spinner\" type=\"submit\" value=\"Enviar\" \/>\n<\/p><p style=\"display: none !important;\" class=\"akismet-fields-container\" data-prefix=\"_wpcf7_ak_\"><label>&#916;<textarea name=\"_wpcf7_ak_hp_textarea\" cols=\"45\" rows=\"8\" maxlength=\"100\"><\/textarea><\/label><input type=\"hidden\" id=\"ak_js_1\" name=\"_wpcf7_ak_js\" value=\"38\"\/><script type=\"text\/javascript\">\n\/* <![CDATA[ *\/\ndocument.getElementById( \"ak_js_1\" ).setAttribute( \"value\", ( new Date() ).getTime() );\n\/* ]]> *\/\n<\/script>\n<\/p><div class=\"wpcf7-response-output\" aria-hidden=\"true\"><\/div>\n<\/form>\n<\/div>\n<\/div>\n\t\t<\/div> <\/div>\n\t<\/div> \n\n\t<div  class=\"vc_span6 wpb_column vc_column_container \"><div class=\"vc_column-inner \">\n\t\t<div class=\"wpb_wrapper\">\n\t\t\t<div class=\"wpb_gmaps_widget wpb_content_element\"><div class=\"wpb_wrapper\"><div class=\"wpb_map_wraper\"><iframe loading=\"lazy\" src=\"https:\/\/www.google.com\/maps\/embed?pb=!1m18!1m12!1m3!1d3283.335875603869!2d-58.5996826848706!3d-34.62095156591694!2m3!1f0!2f0!3f0!3m2!1i1024!2i768!4f13.1!3m3!1m2!1s0x95bcb8605d991759%3A0x4a9a0a46a97a0be6!2sPremec+S.A.+(Autoelevadores)!5e0!3m2!1ses!2sar!4v1511272041715\" width=\"600\" height=\"450\" frameborder=\"0\" style=\"border:0\" allowfullscreen><\/iframe><\/div><\/div><\/div>\n\t\t<\/div> <\/div>\n\t<\/div> \n<\/div><div   class=\"vc_row wpb_row vc_row-fluid  \">\n\t<div  class=\"vc_span12 wpb_column vc_column_container \"><div class=\"vc_column-inner \">\n\t\t<div class=\"wpb_wrapper\">\n\t\t\t\n\t<div class=\"wpb_text_column wpb_content_element   ct_a2555gckzz068tkle95z\" >\n\t\t<div class=\"wpb_wrapper\" >\n\t\t\t<p><br data-start=\"2111\" data-end=\"2114\" \/>Premec S.A. es representante oficial de Hyundai Material Handling en Argentina. Brindamos soluciones integrales en autoelevadores, repuestos originales y servicio t\u00e9cnico certificado. Nuestro compromiso es ofrecer tecnolog\u00eda de vanguardia y soporte profesional a nuestros clientes.<\/p>\n\n\t\t<\/div> \n\t<\/div> \n\t\t<\/div> <\/div>\n\t<\/div> \n<\/div>\n<\/div>","protected":false},"excerpt":{"rendered":"<p>Si deseas recibir una cotizaci\u00f3n o informaci\u00f3n detallada de nuestros productos y servicios, complet\u00e1 el formulario y a la brevedad nos ponemos en contacto. Ante solicitudes de Servicio T\u00e9cnico, consultas administrativas o ventas, dejamos a disposici\u00f3n los medios para contactarnos. Venta de equipos:\u00a011 5592-6605 Alquiler de equipos: 11 6027-2126 Servicio T\u00e9cnico Alquileres:\u00a015 3432-2866 Servicio T\u00e9cnico<br \/><a href=\"https:\/\/premecsa.com.ar\/es_ar\/contacto\/\" class=\"more\">Read more<\/a><\/p>\n","protected":false},"author":4,"featured_media":5093,"parent":0,"menu_order":0,"comment_status":"closed","ping_status":"closed","template":"","meta":{"content-type":"","_joinchat":[],"footnotes":""},"class_list":["post-5009","page","type-page","status-publish","has-post-thumbnail","hentry"],"yoast_head":"<!-- This site is optimized with the Yoast SEO plugin v27.4 - https:\/\/yoast.com\/product\/yoast-seo-wordpress\/ -->\n<title>Contacto - Premec<\/title>\n<meta name=\"robots\" content=\"index, follow, max-snippet:-1, max-image-preview:large, max-video-preview:-1\" \/>\n<link rel=\"canonical\" href=\"https:\/\/premecsa.com.ar\/es_ar\/contacto\/\" \/>\n<meta property=\"og:locale\" content=\"es_ES\" \/>\n<meta property=\"og:type\" content=\"article\" \/>\n<meta property=\"og:title\" content=\"Contacto - Premec\" \/>\n<meta property=\"og:description\" content=\"Si deseas recibir una cotizaci\u00f3n o informaci\u00f3n detallada de nuestros productos y servicios, complet\u00e1 el formulario y a la brevedad nos ponemos en contacto. Ante solicitudes de Servicio T\u00e9cnico, consultas administrativas o ventas, dejamos a disposici\u00f3n los medios para contactarnos. Venta de equipos:\u00a011 5592-6605 Alquiler de equipos: 11 6027-2126 Servicio T\u00e9cnico Alquileres:\u00a015 3432-2866 Servicio T\u00e9cnicoRead more\" \/>\n<meta property=\"og:url\" content=\"https:\/\/premecsa.com.ar\/es_ar\/contacto\/\" \/>\n<meta property=\"og:site_name\" content=\"Premec\" \/>\n<meta property=\"article:publisher\" content=\"https:\/\/www.facebook.com\/premecsa\/\" \/>\n<meta property=\"article:modified_time\" content=\"2026-02-27T11:51:17+00:00\" \/>\n<meta name=\"twitter:card\" content=\"summary_large_image\" \/>\n<meta name=\"twitter:label1\" content=\"Tiempo de lectura\" \/>\n\t<meta name=\"twitter:data1\" content=\"1 minuto\" \/>\n<script type=\"application\/ld+json\" class=\"yoast-schema-graph\">{\"@context\":\"https:\\\/\\\/schema.org\",\"@graph\":[{\"@type\":\"WebPage\",\"@id\":\"https:\\\/\\\/premecsa.com.ar\\\/contacto\\\/\",\"url\":\"https:\\\/\\\/premecsa.com.ar\\\/contacto\\\/\",\"name\":\"Contacto - Premec\",\"isPartOf\":{\"@id\":\"https:\\\/\\\/premecsa.com.ar\\\/#website\"},\"primaryImageOfPage\":{\"@id\":\"https:\\\/\\\/premecsa.com.ar\\\/contacto\\\/#primaryimage\"},\"image\":{\"@id\":\"https:\\\/\\\/premecsa.com.ar\\\/contacto\\\/#primaryimage\"},\"thumbnailUrl\":\"\",\"datePublished\":\"2017-08-18T20:27:49+00:00\",\"dateModified\":\"2026-02-27T11:51:17+00:00\",\"breadcrumb\":{\"@id\":\"https:\\\/\\\/premecsa.com.ar\\\/contacto\\\/#breadcrumb\"},\"inLanguage\":\"es-AR\",\"potentialAction\":[{\"@type\":\"ReadAction\",\"target\":[\"https:\\\/\\\/premecsa.com.ar\\\/contacto\\\/\"]}]},{\"@type\":\"ImageObject\",\"inLanguage\":\"es-AR\",\"@id\":\"https:\\\/\\\/premecsa.com.ar\\\/contacto\\\/#primaryimage\",\"url\":\"\",\"contentUrl\":\"\"},{\"@type\":\"BreadcrumbList\",\"@id\":\"https:\\\/\\\/premecsa.com.ar\\\/contacto\\\/#breadcrumb\",\"itemListElement\":[{\"@type\":\"ListItem\",\"position\":1,\"name\":\"Inicio\",\"item\":\"https:\\\/\\\/premecsa.com.ar\\\/\"},{\"@type\":\"ListItem\",\"position\":2,\"name\":\"Contacto\"}]},{\"@type\":\"WebSite\",\"@id\":\"https:\\\/\\\/premecsa.com.ar\\\/#website\",\"url\":\"https:\\\/\\\/premecsa.com.ar\\\/\",\"name\":\"Premec\",\"description\":\"Premec S.A. - Autoelevadores servicio t\u00e9cnico reparaci\u00f3n alquiler venta tractores de arrastre transpalet autoelevadores electricos autoelevadores combustion Premec\",\"publisher\":{\"@id\":\"https:\\\/\\\/premecsa.com.ar\\\/#organization\"},\"potentialAction\":[{\"@type\":\"SearchAction\",\"target\":{\"@type\":\"EntryPoint\",\"urlTemplate\":\"https:\\\/\\\/premecsa.com.ar\\\/?s={search_term_string}\"},\"query-input\":{\"@type\":\"PropertyValueSpecification\",\"valueRequired\":true,\"valueName\":\"search_term_string\"}}],\"inLanguage\":\"es-AR\"},{\"@type\":\"Organization\",\"@id\":\"https:\\\/\\\/premecsa.com.ar\\\/#organization\",\"name\":\"Premec\",\"url\":\"https:\\\/\\\/premecsa.com.ar\\\/\",\"logo\":{\"@type\":\"ImageObject\",\"inLanguage\":\"es-AR\",\"@id\":\"https:\\\/\\\/premecsa.com.ar\\\/#\\\/schema\\\/logo\\\/image\\\/\",\"url\":\"https:\\\/\\\/premecsa.com.ar\\\/wp-content\\\/uploads\\\/2018\\\/05\\\/logo-premec-01.png\",\"contentUrl\":\"https:\\\/\\\/premecsa.com.ar\\\/wp-content\\\/uploads\\\/2018\\\/05\\\/logo-premec-01.png\",\"width\":1305,\"height\":246,\"caption\":\"Premec\"},\"image\":{\"@id\":\"https:\\\/\\\/premecsa.com.ar\\\/#\\\/schema\\\/logo\\\/image\\\/\"},\"sameAs\":[\"https:\\\/\\\/www.facebook.com\\\/premecsa\\\/\",\"https:\\\/\\\/www.instagram.com\\\/premecsa\\\/\"]}]}<\/script>\n<!-- \/ Yoast SEO plugin. -->","yoast_head_json":{"title":"Contacto - Premec","robots":{"index":"index","follow":"follow","max-snippet":"max-snippet:-1","max-image-preview":"max-image-preview:large","max-video-preview":"max-video-preview:-1"},"canonical":"https:\/\/premecsa.com.ar\/es_ar\/contacto\/","og_locale":"es_ES","og_type":"article","og_title":"Contacto - Premec","og_description":"Si deseas recibir una cotizaci\u00f3n o informaci\u00f3n detallada de nuestros productos y servicios, complet\u00e1 el formulario y a la brevedad nos ponemos en contacto. Ante solicitudes de Servicio T\u00e9cnico, consultas administrativas o ventas, dejamos a disposici\u00f3n los medios para contactarnos. Venta de equipos:\u00a011 5592-6605 Alquiler de equipos: 11 6027-2126 Servicio T\u00e9cnico Alquileres:\u00a015 3432-2866 Servicio T\u00e9cnicoRead more","og_url":"https:\/\/premecsa.com.ar\/es_ar\/contacto\/","og_site_name":"Premec","article_publisher":"https:\/\/www.facebook.com\/premecsa\/","article_modified_time":"2026-02-27T11:51:17+00:00","twitter_card":"summary_large_image","twitter_misc":{"Tiempo de lectura":"1 minuto"},"schema":{"@context":"https:\/\/schema.org","@graph":[{"@type":"WebPage","@id":"https:\/\/premecsa.com.ar\/contacto\/","url":"https:\/\/premecsa.com.ar\/contacto\/","name":"Contacto - Premec","isPartOf":{"@id":"https:\/\/premecsa.com.ar\/#website"},"primaryImageOfPage":{"@id":"https:\/\/premecsa.com.ar\/contacto\/#primaryimage"},"image":{"@id":"https:\/\/premecsa.com.ar\/contacto\/#primaryimage"},"thumbnailUrl":"","datePublished":"2017-08-18T20:27:49+00:00","dateModified":"2026-02-27T11:51:17+00:00","breadcrumb":{"@id":"https:\/\/premecsa.com.ar\/contacto\/#breadcrumb"},"inLanguage":"es-AR","potentialAction":[{"@type":"ReadAction","target":["https:\/\/premecsa.com.ar\/contacto\/"]}]},{"@type":"ImageObject","inLanguage":"es-AR","@id":"https:\/\/premecsa.com.ar\/contacto\/#primaryimage","url":"","contentUrl":""},{"@type":"BreadcrumbList","@id":"https:\/\/premecsa.com.ar\/contacto\/#breadcrumb","itemListElement":[{"@type":"ListItem","position":1,"name":"Inicio","item":"https:\/\/premecsa.com.ar\/"},{"@type":"ListItem","position":2,"name":"Contacto"}]},{"@type":"WebSite","@id":"https:\/\/premecsa.com.ar\/#website","url":"https:\/\/premecsa.com.ar\/","name":"Premec","description":"Premec S.A. - Autoelevadores servicio t\u00e9cnico reparaci\u00f3n alquiler venta tractores de arrastre transpalet autoelevadores electricos autoelevadores combustion Premec","publisher":{"@id":"https:\/\/premecsa.com.ar\/#organization"},"potentialAction":[{"@type":"SearchAction","target":{"@type":"EntryPoint","urlTemplate":"https:\/\/premecsa.com.ar\/?s={search_term_string}"},"query-input":{"@type":"PropertyValueSpecification","valueRequired":true,"valueName":"search_term_string"}}],"inLanguage":"es-AR"},{"@type":"Organization","@id":"https:\/\/premecsa.com.ar\/#organization","name":"Premec","url":"https:\/\/premecsa.com.ar\/","logo":{"@type":"ImageObject","inLanguage":"es-AR","@id":"https:\/\/premecsa.com.ar\/#\/schema\/logo\/image\/","url":"https:\/\/premecsa.com.ar\/wp-content\/uploads\/2018\/05\/logo-premec-01.png","contentUrl":"https:\/\/premecsa.com.ar\/wp-content\/uploads\/2018\/05\/logo-premec-01.png","width":1305,"height":246,"caption":"Premec"},"image":{"@id":"https:\/\/premecsa.com.ar\/#\/schema\/logo\/image\/"},"sameAs":["https:\/\/www.facebook.com\/premecsa\/","https:\/\/www.instagram.com\/premecsa\/"]}]}},"_links":{"self":[{"href":"https:\/\/premecsa.com.ar\/es_ar\/wp-json\/wp\/v2\/pages\/5009","targetHints":{"allow":["GET"]}}],"collection":[{"href":"https:\/\/premecsa.com.ar\/es_ar\/wp-json\/wp\/v2\/pages"}],"about":[{"href":"https:\/\/premecsa.com.ar\/es_ar\/wp-json\/wp\/v2\/types\/page"}],"author":[{"embeddable":true,"href":"https:\/\/premecsa.com.ar\/es_ar\/wp-json\/wp\/v2\/users\/4"}],"replies":[{"embeddable":true,"href":"https:\/\/premecsa.com.ar\/es_ar\/wp-json\/wp\/v2\/comments?post=5009"}],"version-history":[{"count":35,"href":"https:\/\/premecsa.com.ar\/es_ar\/wp-json\/wp\/v2\/pages\/5009\/revisions"}],"predecessor-version":[{"id":8939,"href":"https:\/\/premecsa.com.ar\/es_ar\/wp-json\/wp\/v2\/pages\/5009\/revisions\/8939"}],"wp:featuredmedia":[{"embeddable":true,"href":"https:\/\/premecsa.com.ar\/es_ar\/wp-json\/"}],"wp:attachment":[{"href":"https:\/\/premecsa.com.ar\/es_ar\/wp-json\/wp\/v2\/media?parent=5009"}],"curies":[{"name":"wp","href":"https:\/\/api.w.org\/{rel}","templated":true}]}}