{"id":5005,"date":"2017-08-18T20:26:56","date_gmt":"2017-08-18T20:26:56","guid":{"rendered":"http:\/\/premecsa.com.ar?page_id=5005"},"modified":"2026-01-13T19:56:28","modified_gmt":"2026-01-13T16:56:28","slug":"servicios","status":"publish","type":"page","link":"https:\/\/premecsa.com.ar\/es_ar\/servicios\/","title":{"rendered":"Servicios"},"content":{"rendered":"<div class=\"wpb-content-wrapper\"><div   class=\"vc_row wpb_row vc_row-fluid vc_custom_1673613698287  \">\n\t<div  class=\"vc_span4 wpb_column vc_column_container \"><div class=\"vc_column-inner \">\n\t\t<div class=\"wpb_wrapper\">\n\t\t\t<style type=\"text\/css\" >#rand_gan1dn04agxzffihu0g5 {margin-top:0px; margin-bottom:0px; }<\/style><style type='text\/css'> @font-face{font-family: 'elg'; src:url('https:\/\/premecsa.com.ar\/wp-content\/themes\/thefox\/includes\/4k-icons\/icons\/4k-icons-pack02\/icons\/fonts\/elg.eot'); src:url('https:\/\/premecsa.com.ar\/wp-content\/themes\/thefox\/includes\/4k-icons\/icons\/4k-icons-pack02\/icons\/fonts\/elg.eot?#iefix') format('embedded-opentype'), url('https:\/\/premecsa.com.ar\/wp-content\/themes\/thefox\/includes\/4k-icons\/icons\/4k-icons-pack02\/icons\/fonts\/elg.woff') format('woff'), url('https:\/\/premecsa.com.ar\/wp-content\/themes\/thefox\/includes\/4k-icons\/icons\/4k-icons-pack02\/icons\/fonts\/elg.ttf') format('truetype'), url('https:\/\/premecsa.com.ar\/wp-content\/themes\/thefox\/includes\/4k-icons\/icons\/4k-icons-pack02\/icons\/fonts\/elg.svg#oi') format('svg'); font-weight: normal; font-style: normal;}#rand_gan1dn04agxzffihu0g5 .elg-icon_key_alt:before{font-family: 'elg'; font-weight: normal; font-style: normal;}#rand_gan1dn04agxzffihu0g5 .elg-icon_key_alt:before{content: \"\\e001\";}<\/style>\n<div id=\"rand_gan1dn04agxzffihu0g5\" class=\"icon_box_bigsquare \"><style type=\"text\/css\" >#rand_gan1dn04agxzffihu0g5 .ib_bigsquare{background:#00368a; }<\/style><div class=\"ib_bigsquare\"><i class=\"elg-icon_key_alt\" style=\"color:#fff;\"><\/i><\/div><h3 style=\"color:#00368a;\">Servicio t\u00e9cnico<\/h3><p style=\"color:#7f7f93\"><\/p>\n<p style=\"text-align: left;\"><strong>Sabemos c\u00f3mo hacerlo.<\/strong><br \/>\nBrindamos un servicio de mantenimiento y reparaci\u00f3n con un alto valor agregado. Equipamiento especializado.<\/p>\n<p><\/p><\/div>\n<!-- lists --><div class=\"rd_list_1_alt rd_list_left\"><style type='text\/css'> @font-face{font-family: 'ft'; src:url('https:\/\/premecsa.com.ar\/wp-content\/themes\/thefox\/includes\/4k-icons\/icons\/4k-icons-pack03\/icons\/fonts\/ft.eot'); src:url('https:\/\/premecsa.com.ar\/wp-content\/themes\/thefox\/includes\/4k-icons\/icons\/4k-icons-pack03\/icons\/fonts\/ft.eot?#iefix') format('embedded-opentype'), url('https:\/\/premecsa.com.ar\/wp-content\/themes\/thefox\/includes\/4k-icons\/icons\/4k-icons-pack03\/icons\/fonts\/ft.woff') format('woff'), url('https:\/\/premecsa.com.ar\/wp-content\/themes\/thefox\/includes\/4k-icons\/icons\/4k-icons-pack03\/icons\/fonts\/ft.ttf') format('truetype'), url('https:\/\/premecsa.com.ar\/wp-content\/themes\/thefox\/includes\/4k-icons\/icons\/4k-icons-pack03\/icons\/fonts\/ft.svg#oi') format('svg'); font-weight: normal; font-style: normal;}#rand_fuqxotveamj8356y9vgp .ft-right20:before{font-family: 'ft'; font-weight: normal; font-style: normal;}#rand_fuqxotveamj8356y9vgp .ft-right20:before{content: \"\\e82c\";}<\/style>\n<style type=\"text\/css\" >.rd_list_1 .list_item_ctn { border-color:#ecf0f1}.rd_list_1 #rand_fuqxotveamj8356y9vgp .list_icn i,.rd_list_1_alt #rand_fuqxotveamj8356y9vgp .list_icn i{color:#00368a;}.rd_list_2 #rand_fuqxotveamj8356y9vgp:after{background:#939393;}.rd_list_2 #rand_fuqxotveamj8356y9vgp .list_icn i{color:#00368a;}.rd_list_3 #rand_fuqxotveamj8356y9vgp .list_icn,.rd_list_5 #rand_fuqxotveamj8356y9vgp .list_icn,.rd_list_6 #rand_fuqxotveamj8356y9vgp .list_icn{background:#00368a;}.rd_list_4 #rand_fuqxotveamj8356y9vgp{background:#00368a;}#rand_fuqxotveamj8356y9vgp h3{color:#1c4689;}#rand_fuqxotveamj8356y9vgp p{color:#939393;}.rd_list_7 #rand_fuqxotveamj8356y9vgp .list_icn{color:#00368a;}<\/style><div class=\"list_item_ctn\" id=\"rand_fuqxotveamj8356y9vgp\"><div class=\"list_icn\"><i class=\"ft-right20\"><\/i><\/div><div class=\"list_desc\"><h3>Caracter\u00edsticas<\/h3><p>\u25cf Abono mensual para mantenimiento preventivo total.<br \/>\n\u25cf Unidades m\u00f3viles completas y equipadas para efectuar mantenimiento ambulante.<br \/>\n\u25cf Mantenimiento correctivo.<br \/>\n\u25cf Reparaciones mayores e integrales en nuestra planta si el equipo lo requiere.<br \/>\n\u25cf Diagn\u00f3stico sobre el estado de los equipos e informe.<\/p><\/div><\/div><\/div>\r\n\r\n<!-- lists END-->\n\n\t\t<\/div> <\/div>\n\t<\/div> \n\n\t<div  class=\"vc_span4 wpb_column vc_column_container \"><div class=\"vc_column-inner \">\n\t\t<div class=\"wpb_wrapper\">\n\t\t\t<style type=\"text\/css\" >#rand_rvfti07vo1bafgllf09n {margin-top:0px; margin-bottom:0px; }<\/style><style type='text\/css'> @font-face{font-family: 'elg'; src:url('https:\/\/premecsa.com.ar\/wp-content\/themes\/thefox\/includes\/4k-icons\/icons\/4k-icons-pack02\/icons\/fonts\/elg.eot'); src:url('https:\/\/premecsa.com.ar\/wp-content\/themes\/thefox\/includes\/4k-icons\/icons\/4k-icons-pack02\/icons\/fonts\/elg.eot?#iefix') format('embedded-opentype'), url('https:\/\/premecsa.com.ar\/wp-content\/themes\/thefox\/includes\/4k-icons\/icons\/4k-icons-pack02\/icons\/fonts\/elg.woff') format('woff'), url('https:\/\/premecsa.com.ar\/wp-content\/themes\/thefox\/includes\/4k-icons\/icons\/4k-icons-pack02\/icons\/fonts\/elg.ttf') format('truetype'), url('https:\/\/premecsa.com.ar\/wp-content\/themes\/thefox\/includes\/4k-icons\/icons\/4k-icons-pack02\/icons\/fonts\/elg.svg#oi') format('svg'); font-weight: normal; font-style: normal;}#rand_rvfti07vo1bafgllf09n .elg-icon_key_alt:before{font-family: 'elg'; font-weight: normal; font-style: normal;}#rand_rvfti07vo1bafgllf09n .elg-icon_key_alt:before{content: \"\\e001\";}<\/style>\n<div id=\"rand_rvfti07vo1bafgllf09n\" class=\"icon_box_bigsquare \"><style type=\"text\/css\" >#rand_rvfti07vo1bafgllf09n .ib_bigsquare{background:#00368a; }<\/style><div class=\"ib_bigsquare\"><i class=\"elg-icon_key_alt\" style=\"color:#fff;\"><\/i><\/div><h3 style=\"color:#00368a;\">Alquileres<\/h3><p style=\"color:#7f7f93\"><\/p>\n<p style=\"text-align: left;\"><strong>Un equipo para cada soluci\u00f3n.<\/strong><br \/>\nLa m\u00e1s amplia flota de equipos en alquiler. Soluciones a medida para hacer rendir al m\u00e1ximo la productividad de su empresa.<\/p>\n<p><\/p><\/div>\n<!-- lists --><div class=\"rd_list_1_alt rd_list_left\"><style type='text\/css'> @font-face{font-family: 'ft'; src:url('https:\/\/premecsa.com.ar\/wp-content\/themes\/thefox\/includes\/4k-icons\/icons\/4k-icons-pack03\/icons\/fonts\/ft.eot'); src:url('https:\/\/premecsa.com.ar\/wp-content\/themes\/thefox\/includes\/4k-icons\/icons\/4k-icons-pack03\/icons\/fonts\/ft.eot?#iefix') format('embedded-opentype'), url('https:\/\/premecsa.com.ar\/wp-content\/themes\/thefox\/includes\/4k-icons\/icons\/4k-icons-pack03\/icons\/fonts\/ft.woff') format('woff'), url('https:\/\/premecsa.com.ar\/wp-content\/themes\/thefox\/includes\/4k-icons\/icons\/4k-icons-pack03\/icons\/fonts\/ft.ttf') format('truetype'), url('https:\/\/premecsa.com.ar\/wp-content\/themes\/thefox\/includes\/4k-icons\/icons\/4k-icons-pack03\/icons\/fonts\/ft.svg#oi') format('svg'); font-weight: normal; font-style: normal;}#rand_2c8c8amzqqw1cjl9x4ve .ft-right20:before{font-family: 'ft'; font-weight: normal; font-style: normal;}#rand_2c8c8amzqqw1cjl9x4ve .ft-right20:before{content: \"\\e82c\";}<\/style>\n<style type=\"text\/css\" >.rd_list_1 .list_item_ctn { border-color:#ecf0f1}.rd_list_1 #rand_2c8c8amzqqw1cjl9x4ve .list_icn i,.rd_list_1_alt #rand_2c8c8amzqqw1cjl9x4ve .list_icn i{color:#00368a;}.rd_list_2 #rand_2c8c8amzqqw1cjl9x4ve:after{background:#939393;}.rd_list_2 #rand_2c8c8amzqqw1cjl9x4ve .list_icn i{color:#00368a;}.rd_list_3 #rand_2c8c8amzqqw1cjl9x4ve .list_icn,.rd_list_5 #rand_2c8c8amzqqw1cjl9x4ve .list_icn,.rd_list_6 #rand_2c8c8amzqqw1cjl9x4ve .list_icn{background:#00368a;}.rd_list_4 #rand_2c8c8amzqqw1cjl9x4ve{background:#00368a;}#rand_2c8c8amzqqw1cjl9x4ve h3{color:#1c4689;}#rand_2c8c8amzqqw1cjl9x4ve p{color:#939393;}.rd_list_7 #rand_2c8c8amzqqw1cjl9x4ve .list_icn{color:#00368a;}<\/style><div class=\"list_item_ctn\" id=\"rand_2c8c8amzqqw1cjl9x4ve\"><div class=\"list_icn\"><i class=\"ft-right20\"><\/i><\/div><div class=\"list_desc\"><h3>Caracter\u00edsticas<\/h3><p>\u25cf Al momento de contratarnos contar\u00e1 con el alquiler de equipos de nuestra flota al instante.<br \/>\n\u25cf Autoelevadores a combusti\u00f3n o el\u00e9ctricos, apiladores, transpalets, apiladores reach, equipos VNA y tractores de arrastre.<br \/>\n\u25cf Periodo de alquiler mensual, semestral o anual.<br \/>\n\u25cf Mantenimiento preventivo total a cargo de Premec, por lo tanto usted concentr\u00e1 sus esfuerzos en tareas productivas.<br \/>\n\u25cf Flexibilidad a la hora de configurar el equipo seg\u00fan su necesidad como ser la capacidad de carga, la altura de elevaci\u00f3n, el largo de las u\u00f1as y otros.<\/p><\/div><\/div><\/div>\r\n\r\n<!-- lists END-->\n\n\t\t<\/div> <\/div>\n\t<\/div> \n\n\t<div  class=\"vc_span4 wpb_column vc_column_container \"><div class=\"vc_column-inner \">\n\t\t<div class=\"wpb_wrapper\">\n\t\t\t<style type=\"text\/css\" >#rand_0k3yne1dsi8abswy4upt {margin-top:0px; margin-bottom:0px; }<\/style><style type='text\/css'> @font-face{font-family: 'wb'; src:url('https:\/\/premecsa.com.ar\/wp-content\/themes\/thefox\/includes\/4k-icons\/icons\/4k-icons-pack05\/icons\/fonts\/wb.eot'); src:url('https:\/\/premecsa.com.ar\/wp-content\/themes\/thefox\/includes\/4k-icons\/icons\/4k-icons-pack05\/icons\/fonts\/wb.eot?#iefix') format('embedded-opentype'), url('https:\/\/premecsa.com.ar\/wp-content\/themes\/thefox\/includes\/4k-icons\/icons\/4k-icons-pack05\/icons\/fonts\/wb.woff') format('woff'), url('https:\/\/premecsa.com.ar\/wp-content\/themes\/thefox\/includes\/4k-icons\/icons\/4k-icons-pack05\/icons\/fonts\/wb.ttf') format('truetype'), url('https:\/\/premecsa.com.ar\/wp-content\/themes\/thefox\/includes\/4k-icons\/icons\/4k-icons-pack05\/icons\/fonts\/wb.svg#oi') format('svg'); font-weight: normal; font-style: normal;}#rand_0k3yne1dsi8abswy4upt .wb-nut:before{font-family: 'wb'; font-weight: normal; font-style: normal;}#rand_0k3yne1dsi8abswy4upt .wb-nut:before{content: \"\\f427\";}<\/style>\n<div id=\"rand_0k3yne1dsi8abswy4upt\" class=\"icon_box_bigsquare \"><style type=\"text\/css\" >#rand_0k3yne1dsi8abswy4upt .ib_bigsquare{background:#00368a; }<\/style><div class=\"ib_bigsquare\"><i class=\"wb-nut\" style=\"color:#fff;\"><\/i><\/div><h3 style=\"color:#00368a;\">Repuestos<\/h3><p style=\"color:#7f7f93\"><\/p>\n<p style=\"text-align: left;\"><strong>Repuestos y partes originales.<\/strong><br \/>\nContamos con stock permanente para equipos de todas las marcas, en especial las que representamos.<\/p>\n<p><\/p><\/div>\n<!-- lists --><div class=\"rd_list_1_alt rd_list_left\"><style type='text\/css'> @font-face{font-family: 'ft'; src:url('https:\/\/premecsa.com.ar\/wp-content\/themes\/thefox\/includes\/4k-icons\/icons\/4k-icons-pack03\/icons\/fonts\/ft.eot'); src:url('https:\/\/premecsa.com.ar\/wp-content\/themes\/thefox\/includes\/4k-icons\/icons\/4k-icons-pack03\/icons\/fonts\/ft.eot?#iefix') format('embedded-opentype'), url('https:\/\/premecsa.com.ar\/wp-content\/themes\/thefox\/includes\/4k-icons\/icons\/4k-icons-pack03\/icons\/fonts\/ft.woff') format('woff'), url('https:\/\/premecsa.com.ar\/wp-content\/themes\/thefox\/includes\/4k-icons\/icons\/4k-icons-pack03\/icons\/fonts\/ft.ttf') format('truetype'), url('https:\/\/premecsa.com.ar\/wp-content\/themes\/thefox\/includes\/4k-icons\/icons\/4k-icons-pack03\/icons\/fonts\/ft.svg#oi') format('svg'); font-weight: normal; font-style: normal;}#rand_3eof2ehzk1wvhxaugdlj .ft-right20:before{font-family: 'ft'; font-weight: normal; font-style: normal;}#rand_3eof2ehzk1wvhxaugdlj .ft-right20:before{content: \"\\e82c\";}<\/style>\n<style type=\"text\/css\" >.rd_list_1 .list_item_ctn { border-color:#ecf0f1}.rd_list_1 #rand_3eof2ehzk1wvhxaugdlj .list_icn i,.rd_list_1_alt #rand_3eof2ehzk1wvhxaugdlj .list_icn i{color:#00368a;}.rd_list_2 #rand_3eof2ehzk1wvhxaugdlj:after{background:#939393;}.rd_list_2 #rand_3eof2ehzk1wvhxaugdlj .list_icn i{color:#00368a;}.rd_list_3 #rand_3eof2ehzk1wvhxaugdlj .list_icn,.rd_list_5 #rand_3eof2ehzk1wvhxaugdlj .list_icn,.rd_list_6 #rand_3eof2ehzk1wvhxaugdlj .list_icn{background:#00368a;}.rd_list_4 #rand_3eof2ehzk1wvhxaugdlj{background:#00368a;}#rand_3eof2ehzk1wvhxaugdlj h3{color:#1c4689;}#rand_3eof2ehzk1wvhxaugdlj p{color:#939393;}.rd_list_7 #rand_3eof2ehzk1wvhxaugdlj .list_icn{color:#00368a;}<\/style><div class=\"list_item_ctn\" id=\"rand_3eof2ehzk1wvhxaugdlj\"><div class=\"list_icn\"><i class=\"ft-right20\"><\/i><\/div><div class=\"list_desc\"><h3>Caracter\u00edsticas<\/h3><p> \u25cf Repuestos para todos los modelos.<br \/>\n\u25cf Bater\u00edas y cargadores (acido plomo o litio)<br \/>\n\u25cf Disponibilidad de repuestos para todas las marcas.<br \/>\n\u25cf Repuestos originales para todo tipo de equipos.<br \/>\n<\/p><\/div><\/div><\/div>\r\n\r\n<!-- lists END-->\n\n\t\t<\/div> <\/div>\n\t<\/div> \n<\/div><div   class=\"vc_row wpb_row vc_row-fluid  \">\n\t<div  class=\"vc_span12 wpb_column vc_column_container \"><div class=\"vc_column-inner \">\n\t\t<div class=\"wpb_wrapper\">\n\t\t\t\n\t<div class=\"wpb_text_column wpb_content_element   ct_8ovj4svstxb0qk8950ng\" >\n\t\t<div class=\"wpb_wrapper\" >\n\t\t\t<p><br data-start=\"2111\" data-end=\"2114\" \/>Premec S.A. es representante oficial de Hyundai Material Handling en Argentina. Brindamos soluciones integrales en autoelevadores, repuestos originales y servicio t\u00e9cnico certificado. Nuestro compromiso es ofrecer tecnolog\u00eda de vanguardia y soporte profesional a nuestros clientes.<\/p>\n\n\t\t<\/div> \n\t<\/div> \n\t\t<\/div> <\/div>\n\t<\/div> \n<\/div>\n<\/div>","protected":false},"excerpt":{"rendered":"<p>Servicio t\u00e9cnico Sabemos c\u00f3mo hacerlo. Brindamos un servicio de mantenimiento y reparaci\u00f3n con un alto valor agregado. Equipamiento especializado. Caracter\u00edsticas\u25cf Abono mensual para mantenimiento preventivo total. \u25cf Unidades m\u00f3viles completas y equipadas para efectuar mantenimiento ambulante. \u25cf Mantenimiento correctivo. \u25cf Reparaciones mayores e integrales en nuestra planta si el equipo lo requiere. \u25cf Diagn\u00f3stico sobre<br \/><a href=\"https:\/\/premecsa.com.ar\/es_ar\/servicios\/\" class=\"more\">Read more<\/a><\/p>\n","protected":false},"author":4,"featured_media":0,"parent":0,"menu_order":0,"comment_status":"closed","ping_status":"closed","template":"","meta":{"content-type":"","_joinchat":[],"footnotes":""},"class_list":["post-5005","page","type-page","status-publish","hentry"],"yoast_head":"<!-- This site is optimized with the Yoast SEO plugin v27.4 - https:\/\/yoast.com\/product\/yoast-seo-wordpress\/ -->\n<title>Servicios - Premec<\/title>\n<meta name=\"robots\" content=\"index, follow, max-snippet:-1, max-image-preview:large, max-video-preview:-1\" \/>\n<link rel=\"canonical\" href=\"https:\/\/premecsa.com.ar\/es_ar\/servicios\/\" \/>\n<meta property=\"og:locale\" content=\"es_ES\" \/>\n<meta property=\"og:type\" content=\"article\" \/>\n<meta property=\"og:title\" content=\"Servicios - Premec\" \/>\n<meta property=\"og:description\" content=\"Servicio t\u00e9cnico Sabemos c\u00f3mo hacerlo. Brindamos un servicio de mantenimiento y reparaci\u00f3n con un alto valor agregado. Equipamiento especializado. Caracter\u00edsticas\u25cf Abono mensual para mantenimiento preventivo total. \u25cf Unidades m\u00f3viles completas y equipadas para efectuar mantenimiento ambulante. \u25cf Mantenimiento correctivo. \u25cf Reparaciones mayores e integrales en nuestra planta si el equipo lo requiere. \u25cf Diagn\u00f3stico sobreRead more\" \/>\n<meta property=\"og:url\" content=\"https:\/\/premecsa.com.ar\/es_ar\/servicios\/\" \/>\n<meta property=\"og:site_name\" content=\"Premec\" \/>\n<meta property=\"article:publisher\" content=\"https:\/\/www.facebook.com\/premecsa\/\" \/>\n<meta property=\"article:modified_time\" content=\"2026-01-13T16:56:28+00:00\" \/>\n<meta name=\"twitter:card\" content=\"summary_large_image\" \/>\n<meta name=\"twitter:label1\" content=\"Tiempo de lectura\" \/>\n\t<meta name=\"twitter:data1\" content=\"2 minutos\" \/>\n<script type=\"application\/ld+json\" class=\"yoast-schema-graph\">{\"@context\":\"https:\\\/\\\/schema.org\",\"@graph\":[{\"@type\":\"WebPage\",\"@id\":\"https:\\\/\\\/premecsa.com.ar\\\/servicios\\\/\",\"url\":\"https:\\\/\\\/premecsa.com.ar\\\/servicios\\\/\",\"name\":\"Servicios - Premec\",\"isPartOf\":{\"@id\":\"https:\\\/\\\/premecsa.com.ar\\\/#website\"},\"datePublished\":\"2017-08-18T20:26:56+00:00\",\"dateModified\":\"2026-01-13T16:56:28+00:00\",\"breadcrumb\":{\"@id\":\"https:\\\/\\\/premecsa.com.ar\\\/servicios\\\/#breadcrumb\"},\"inLanguage\":\"es-AR\",\"potentialAction\":[{\"@type\":\"ReadAction\",\"target\":[\"https:\\\/\\\/premecsa.com.ar\\\/servicios\\\/\"]}]},{\"@type\":\"BreadcrumbList\",\"@id\":\"https:\\\/\\\/premecsa.com.ar\\\/servicios\\\/#breadcrumb\",\"itemListElement\":[{\"@type\":\"ListItem\",\"position\":1,\"name\":\"Inicio\",\"item\":\"https:\\\/\\\/premecsa.com.ar\\\/\"},{\"@type\":\"ListItem\",\"position\":2,\"name\":\"Servicios\"}]},{\"@type\":\"WebSite\",\"@id\":\"https:\\\/\\\/premecsa.com.ar\\\/#website\",\"url\":\"https:\\\/\\\/premecsa.com.ar\\\/\",\"name\":\"Premec\",\"description\":\"Premec S.A. - Autoelevadores servicio t\u00e9cnico reparaci\u00f3n alquiler venta tractores de arrastre transpalet autoelevadores electricos autoelevadores combustion Premec\",\"publisher\":{\"@id\":\"https:\\\/\\\/premecsa.com.ar\\\/#organization\"},\"potentialAction\":[{\"@type\":\"SearchAction\",\"target\":{\"@type\":\"EntryPoint\",\"urlTemplate\":\"https:\\\/\\\/premecsa.com.ar\\\/?s={search_term_string}\"},\"query-input\":{\"@type\":\"PropertyValueSpecification\",\"valueRequired\":true,\"valueName\":\"search_term_string\"}}],\"inLanguage\":\"es-AR\"},{\"@type\":\"Organization\",\"@id\":\"https:\\\/\\\/premecsa.com.ar\\\/#organization\",\"name\":\"Premec\",\"url\":\"https:\\\/\\\/premecsa.com.ar\\\/\",\"logo\":{\"@type\":\"ImageObject\",\"inLanguage\":\"es-AR\",\"@id\":\"https:\\\/\\\/premecsa.com.ar\\\/#\\\/schema\\\/logo\\\/image\\\/\",\"url\":\"https:\\\/\\\/premecsa.com.ar\\\/wp-content\\\/uploads\\\/2018\\\/05\\\/logo-premec-01.png\",\"contentUrl\":\"https:\\\/\\\/premecsa.com.ar\\\/wp-content\\\/uploads\\\/2018\\\/05\\\/logo-premec-01.png\",\"width\":1305,\"height\":246,\"caption\":\"Premec\"},\"image\":{\"@id\":\"https:\\\/\\\/premecsa.com.ar\\\/#\\\/schema\\\/logo\\\/image\\\/\"},\"sameAs\":[\"https:\\\/\\\/www.facebook.com\\\/premecsa\\\/\",\"https:\\\/\\\/www.instagram.com\\\/premecsa\\\/\"]}]}<\/script>\n<!-- \/ Yoast SEO plugin. -->","yoast_head_json":{"title":"Servicios - Premec","robots":{"index":"index","follow":"follow","max-snippet":"max-snippet:-1","max-image-preview":"max-image-preview:large","max-video-preview":"max-video-preview:-1"},"canonical":"https:\/\/premecsa.com.ar\/es_ar\/servicios\/","og_locale":"es_ES","og_type":"article","og_title":"Servicios - Premec","og_description":"Servicio t\u00e9cnico Sabemos c\u00f3mo hacerlo. Brindamos un servicio de mantenimiento y reparaci\u00f3n con un alto valor agregado. Equipamiento especializado. Caracter\u00edsticas\u25cf Abono mensual para mantenimiento preventivo total. \u25cf Unidades m\u00f3viles completas y equipadas para efectuar mantenimiento ambulante. \u25cf Mantenimiento correctivo. \u25cf Reparaciones mayores e integrales en nuestra planta si el equipo lo requiere. \u25cf Diagn\u00f3stico sobreRead more","og_url":"https:\/\/premecsa.com.ar\/es_ar\/servicios\/","og_site_name":"Premec","article_publisher":"https:\/\/www.facebook.com\/premecsa\/","article_modified_time":"2026-01-13T16:56:28+00:00","twitter_card":"summary_large_image","twitter_misc":{"Tiempo de lectura":"2 minutos"},"schema":{"@context":"https:\/\/schema.org","@graph":[{"@type":"WebPage","@id":"https:\/\/premecsa.com.ar\/servicios\/","url":"https:\/\/premecsa.com.ar\/servicios\/","name":"Servicios - Premec","isPartOf":{"@id":"https:\/\/premecsa.com.ar\/#website"},"datePublished":"2017-08-18T20:26:56+00:00","dateModified":"2026-01-13T16:56:28+00:00","breadcrumb":{"@id":"https:\/\/premecsa.com.ar\/servicios\/#breadcrumb"},"inLanguage":"es-AR","potentialAction":[{"@type":"ReadAction","target":["https:\/\/premecsa.com.ar\/servicios\/"]}]},{"@type":"BreadcrumbList","@id":"https:\/\/premecsa.com.ar\/servicios\/#breadcrumb","itemListElement":[{"@type":"ListItem","position":1,"name":"Inicio","item":"https:\/\/premecsa.com.ar\/"},{"@type":"ListItem","position":2,"name":"Servicios"}]},{"@type":"WebSite","@id":"https:\/\/premecsa.com.ar\/#website","url":"https:\/\/premecsa.com.ar\/","name":"Premec","description":"Premec S.A. - Autoelevadores servicio t\u00e9cnico reparaci\u00f3n alquiler venta tractores de arrastre transpalet autoelevadores electricos autoelevadores combustion Premec","publisher":{"@id":"https:\/\/premecsa.com.ar\/#organization"},"potentialAction":[{"@type":"SearchAction","target":{"@type":"EntryPoint","urlTemplate":"https:\/\/premecsa.com.ar\/?s={search_term_string}"},"query-input":{"@type":"PropertyValueSpecification","valueRequired":true,"valueName":"search_term_string"}}],"inLanguage":"es-AR"},{"@type":"Organization","@id":"https:\/\/premecsa.com.ar\/#organization","name":"Premec","url":"https:\/\/premecsa.com.ar\/","logo":{"@type":"ImageObject","inLanguage":"es-AR","@id":"https:\/\/premecsa.com.ar\/#\/schema\/logo\/image\/","url":"https:\/\/premecsa.com.ar\/wp-content\/uploads\/2018\/05\/logo-premec-01.png","contentUrl":"https:\/\/premecsa.com.ar\/wp-content\/uploads\/2018\/05\/logo-premec-01.png","width":1305,"height":246,"caption":"Premec"},"image":{"@id":"https:\/\/premecsa.com.ar\/#\/schema\/logo\/image\/"},"sameAs":["https:\/\/www.facebook.com\/premecsa\/","https:\/\/www.instagram.com\/premecsa\/"]}]}},"_links":{"self":[{"href":"https:\/\/premecsa.com.ar\/es_ar\/wp-json\/wp\/v2\/pages\/5005","targetHints":{"allow":["GET"]}}],"collection":[{"href":"https:\/\/premecsa.com.ar\/es_ar\/wp-json\/wp\/v2\/pages"}],"about":[{"href":"https:\/\/premecsa.com.ar\/es_ar\/wp-json\/wp\/v2\/types\/page"}],"author":[{"embeddable":true,"href":"https:\/\/premecsa.com.ar\/es_ar\/wp-json\/wp\/v2\/users\/4"}],"replies":[{"embeddable":true,"href":"https:\/\/premecsa.com.ar\/es_ar\/wp-json\/wp\/v2\/comments?post=5005"}],"version-history":[{"count":40,"href":"https:\/\/premecsa.com.ar\/es_ar\/wp-json\/wp\/v2\/pages\/5005\/revisions"}],"predecessor-version":[{"id":8916,"href":"https:\/\/premecsa.com.ar\/es_ar\/wp-json\/wp\/v2\/pages\/5005\/revisions\/8916"}],"wp:attachment":[{"href":"https:\/\/premecsa.com.ar\/es_ar\/wp-json\/wp\/v2\/media?parent=5005"}],"curies":[{"name":"wp","href":"https:\/\/api.w.org\/{rel}","templated":true}]}}