{"id":8952,"date":"2026-03-03T17:19:50","date_gmt":"2026-03-03T14:19:50","guid":{"rendered":"https:\/\/premecsa.com.ar\/?post_type=product&#038;p=8952"},"modified":"2026-03-03T17:23:26","modified_gmt":"2026-03-03T14:23:26","slug":"transpallet-electrico-autonomo-ep-xp-15","status":"publish","type":"product","link":"https:\/\/premecsa.com.ar\/en\/shop\/transpallet-electrico-autonomo-ep-xp-15\/","title":{"rendered":"Transpallet Autonomo ep xp15"},"content":{"rendered":"<div class=\"wpb-content-wrapper\"><div   class=\"vc_row wpb_row vc_row-fluid\">\n\t<div  class=\"vc_span3 wpb_column vc_column_container\"><div class=\"vc_column-inner\">\n\t\t<div class=\"wpb_wrapper\">\n\t\t\t\n\t<div class=\"wpb_text_column wpb_content_element   ct_htq28bln2yhnf559gsmp\" >\n\t\t<div class=\"wpb_wrapper\" >\n\t\t\t<ul>\n<li>Marca: EP.<\/li>\n<li>Modelo xp15.<\/li>\n<li>Capacidad de Carga: 1500 KG.<\/li>\n<li>Largo de u\u00f1as 1.650 mm.<\/li>\n<li>Ancho exterior de u\u00f1as: 685 mm.<\/li>\n<li>Rodado<\/li>\n<li>Sistema de elevaci\u00f3n y traslaci\u00f3n electrica y autonoma<\/li>\n<li>Direcci\u00f3n electro-asistida.<\/li>\n<li>Tecnolog\u00eda INVERTER AC ZAPI.<\/li>\n<li>Protecci\u00f3n lateral de seguridad.<\/li>\n<\/ul>\n\n\t\t<\/div> \n\t<\/div> \n\t\t<\/div> <\/div>\n\t<\/div> \n\n\t<div  class=\"vc_span3 wpb_column vc_column_container\"><div class=\"vc_column-inner\">\n\t\t<div class=\"wpb_wrapper\">\n\t\t\t\n\t<div class=\"wpb_text_column wpb_content_element  vc_custom_1658765037436  ct_fyxcmyoslpxu8melyvil\" >\n\t\t<div class=\"wpb_wrapper\" >\n\t\t\t<p><strong>Ventajas Bater\u00eda Litio:<\/strong><\/p>\n\n\t\t<\/div> \n\t<\/div> \n\t<div class=\"wpb_text_column wpb_content_element   ct_up5q1dvsspbstkvrouxu\" >\n\t\t<div class=\"wpb_wrapper\" >\n\t\t\t<ul>\n<li>Bater\u00eda Li-Ion 24V 60Ah (litio) y cargador.<\/li>\n<li>Mayor autonom\u00eda.<\/li>\n<li>Doble vida \u00fatil de bater\u00eda.<\/li>\n<li>Cargas r\u00e1pidas y de oportunidad.<\/li>\n<li>No requiere reposo despu\u00e9s de la carga.<\/li>\n<li>Menor consumo.<\/li>\n<li>Bater\u00eda libre de mantenimiento.<\/li>\n<li>Ecol\u00f3gica.<\/li>\n<\/ul>\n\n\t\t<\/div> \n\t<\/div> \n\t\t<\/div> <\/div>\n\t<\/div> \n\n\t<div  class=\"vc_span3 wpb_column vc_column_container\"><div class=\"vc_column-inner\">\n\t\t<div class=\"wpb_wrapper\">\n\t\t\t\r\n\t<div  class=\"wpb_single_image wpb_content_element vc_align_left\">\r\n\t\t<div class=\"wpb_wrapper\">\r\n\t\t\t\r\n\t\t\t<div class=\"vc_single_image-wrapper   vc_box_border_grey\"><img loading=\"lazy\" decoding=\"async\" width=\"206\" height=\"148\" src=\"https:\/\/premecsa.com.ar\/wp-content\/uploads\/2022\/07\/letsgrow_together.min_.png\" class=\"vc_single_image-img attachment-medium\" alt=\"\" title=\"letsgrow_together.min\" srcset=\"https:\/\/premecsa.com.ar\/wp-content\/uploads\/2022\/07\/letsgrow_together.min_.png 206w, https:\/\/premecsa.com.ar\/wp-content\/uploads\/2022\/07\/letsgrow_together.min_-553x400.png 553w\" sizes=\"auto, (max-width: 206px) 100vw, 206px\" \/><\/div>\r\n\t\t<\/div>\r\n\t<\/div>\r\n\r\n\t<div  class=\"wpb_single_image wpb_content_element vc_align_left\">\r\n\t\t<div class=\"wpb_wrapper\">\r\n\t\t\t\r\n\t\t\t<div class=\"vc_single_image-wrapper   vc_box_border_grey\"><img decoding=\"async\" class=\"vc_single_image-img\" src=\"https:\/\/premecsa.com.ar\/wp-content\/uploads\/2022\/07\/li-ion-1-172x80.png\" width=\"172\" height=\"80\" alt=\"li-ion\" title=\"li-ion\" loading=\"lazy\" \/><\/div>\r\n\t\t<\/div>\r\n\t<\/div>\r\n\r\n\t<div  class=\"wpb_single_image wpb_content_element vc_align_left\">\r\n\t\t<div class=\"wpb_wrapper\">\r\n\t\t\t\r\n\t\t\t<div class=\"vc_single_image-wrapper   vc_box_border_grey\"><img loading=\"lazy\" decoding=\"async\" width=\"177\" height=\"126\" src=\"https:\/\/premecsa.com.ar\/wp-content\/uploads\/2022\/07\/list-1.png\" class=\"vc_single_image-img attachment-medium\" alt=\"list\" title=\"list\" \/><\/div>\r\n\t\t<\/div>\r\n\t<\/div>\r\n\n\t\t<\/div> <\/div>\n\t<\/div> \n\n\t<div  class=\"vc_span3 wpb_column vc_column_container\"><div class=\"vc_column-inner vc_custom_1658765330451\">\n\t\t<div class=\"wpb_wrapper\">\n\t\t\t<style type=\"text\/css\" >#b_up11w1u3zpj980qq1ap4 a{color:; background:; margin-top:0px; margin-bottom:0px;  margin-left:0px; margin-right:0px; font-weight:900; border-radius:0px;}#b_up11w1u3zpj980qq1ap4 a:hover{color: ; background: ;}<\/style><div class=\"ta_left tf_btn_pos\" id=\"b_up11w1u3zpj980qq1ap4\" ><a class=\"rd_normal_bt mediumlarge_rd_bt bt_icon_left\" href=\"https:\/\/premecsa.com.ar\/wp-content\/uploads\/2022\/07\/transpallet_electrico_EPL153.pdf\" target=\"yes\"   ><i class=\"wi-download-cloud\" ><\/i><span>Download PDF<\/span><\/a><\/div><style type='text\/css'> @font-face{font-family: 'wi'; src:url('https:\/\/premecsa.com.ar\/wp-content\/themes\/thefox\/includes\/4k-icons\/icons\/4k-icons-pack05\/icons\/fonts\/wi.eot'); src:url('https:\/\/premecsa.com.ar\/wp-content\/themes\/thefox\/includes\/4k-icons\/icons\/4k-icons-pack05\/icons\/fonts\/wi.eot?#iefix') format('embedded-opentype'), url('https:\/\/premecsa.com.ar\/wp-content\/themes\/thefox\/includes\/4k-icons\/icons\/4k-icons-pack05\/icons\/fonts\/wi.woff') format('woff'), url('https:\/\/premecsa.com.ar\/wp-content\/themes\/thefox\/includes\/4k-icons\/icons\/4k-icons-pack05\/icons\/fonts\/wi.ttf') format('truetype'), url('https:\/\/premecsa.com.ar\/wp-content\/themes\/thefox\/includes\/4k-icons\/icons\/4k-icons-pack05\/icons\/fonts\/wi.svg#oi') format('svg'); font-weight: normal; font-style: normal;}#b_up11w1u3zpj980qq1ap4 .wi-download-cloud:before{font-family: 'wi'; font-weight: normal; font-style: normal;}#b_up11w1u3zpj980qq1ap4 .wi-download-cloud:before{content: \"\\e83b\";}<\/style>\n\n\t\t<\/div> <\/div>\n\t<\/div> \n<\/div>\n<\/div>","protected":false},"excerpt":{"rendered":"<p>Es la herramienta de transporte perfecta para diversas industrias, como bebidas, venta minorista y entornos de almac\u00e9n. Con bater\u00eda Litio. Ideal tanto para operaciones diarias normales como para m\u00faltiples configuraciones de turnos de trabajo. equipo autonomo<\/p>\n<p><a href=\"https:\/\/premecsa.com.ar\/wp-content\/uploads\/2022\/07\/transpallet_electrico_EPL153.pdf\" target=\"_blank\" rel=\"noopener\"><input class=\"contact pe-show-enq-modal wpi-button single_add_to_cart_button button alt\" name=\"contact\" type=\"button\" value=\"Download PDF\" \/><\/a><\/p>","protected":false},"featured_media":8953,"comment_status":"open","ping_status":"closed","template":"","meta":{"content-type":"","_joinchat":[]},"product_brand":[],"product_cat":[49,53],"product_tag":[],"class_list":{"0":"post-8952","1":"product","2":"type-product","3":"status-publish","4":"has-post-thumbnail","6":"product_cat-ep","7":"product_cat-transpallet-ep","9":"first","10":"instock","11":"shipping-taxable","12":"product-type-simple"},"yoast_head":"<!-- This site is optimized with the Yoast SEO plugin v27.4 - https:\/\/yoast.com\/product\/yoast-seo-wordpress\/ -->\n<title>Transpallet Autonomo ep xp15 - Premec<\/title>\n<meta name=\"description\" content=\"Adecuada para diversos entornos industriales, almacenes, empresas de log\u00edstica, muelles de carga\/descarga de servicio pesado.\" \/>\n<meta name=\"robots\" content=\"index, follow, max-snippet:-1, max-image-preview:large, max-video-preview:-1\" \/>\n<link rel=\"canonical\" href=\"https:\/\/premecsa.com.ar\/en\/shop\/transpallet-electrico-autonomo-ep-xp-15\/\" \/>\n<meta property=\"og:locale\" content=\"en_US\" \/>\n<meta property=\"og:type\" content=\"article\" \/>\n<meta property=\"og:title\" content=\"Transpallet el\u00e9ctrico EPL 153\" \/>\n<meta property=\"og:description\" content=\"Adecuada para diversos entornos industriales, almacenes, empresas de log\u00edstica, muelles de carga\/descarga de servicio pesado.\" \/>\n<meta property=\"og:url\" content=\"https:\/\/premecsa.com.ar\/en\/shop\/transpallet-electrico-autonomo-ep-xp-15\/\" \/>\n<meta property=\"og:site_name\" content=\"Premec\" \/>\n<meta property=\"article:publisher\" content=\"https:\/\/www.facebook.com\/premecsa\/\" \/>\n<meta property=\"article:modified_time\" content=\"2026-03-03T14:23:26+00:00\" \/>\n<meta property=\"og:image\" content=\"https:\/\/premecsa.com.ar\/wp-content\/uploads\/2022\/07\/transpallet_epl153-1.jpg\" \/>\n\t<meta property=\"og:image:width\" content=\"800\" \/>\n\t<meta property=\"og:image:height\" content=\"800\" \/>\n\t<meta property=\"og:image:type\" content=\"image\/jpeg\" \/>\n<meta name=\"twitter:card\" content=\"summary_large_image\" \/>\n<meta name=\"twitter:title\" content=\"Transpallet el\u00e9ctrico EPL 153\" \/>\n<meta name=\"twitter:description\" content=\"Adecuada para diversos entornos industriales, almacenes, empresas de log\u00edstica, muelles de carga\/descarga de servicio pesado.\" \/>\n<meta name=\"twitter:image\" content=\"https:\/\/premecsa.com.ar\/wp-content\/uploads\/2022\/07\/transpallet_epl153-1.jpg\" \/>\n<meta name=\"twitter:label1\" content=\"Est. reading time\" \/>\n\t<meta name=\"twitter:data1\" content=\"2 minutes\" \/>\n<script type=\"application\/ld+json\" class=\"yoast-schema-graph\">{\"@context\":\"https:\\\/\\\/schema.org\",\"@graph\":[{\"@type\":\"WebPage\",\"@id\":\"https:\\\/\\\/premecsa.com.ar\\\/shop\\\/transpallet-electrico-autonomo-ep-xp-15\\\/\",\"url\":\"https:\\\/\\\/premecsa.com.ar\\\/shop\\\/transpallet-electrico-autonomo-ep-xp-15\\\/\",\"name\":\"Transpallet Autonomo ep xp15 - Premec\",\"isPartOf\":{\"@id\":\"https:\\\/\\\/premecsa.com.ar\\\/#website\"},\"primaryImageOfPage\":{\"@id\":\"https:\\\/\\\/premecsa.com.ar\\\/shop\\\/transpallet-electrico-autonomo-ep-xp-15\\\/#primaryimage\"},\"image\":{\"@id\":\"https:\\\/\\\/premecsa.com.ar\\\/shop\\\/transpallet-electrico-autonomo-ep-xp-15\\\/#primaryimage\"},\"thumbnailUrl\":\"https:\\\/\\\/premecsa.com.ar\\\/wp-content\\\/uploads\\\/2026\\\/03\\\/EP-AUTONOMO-WEB-1.png\",\"datePublished\":\"2026-03-03T14:19:50+00:00\",\"dateModified\":\"2026-03-03T14:23:26+00:00\",\"description\":\"Adecuada para diversos entornos industriales, almacenes, empresas de log\u00edstica, muelles de carga\\\/descarga de servicio pesado.\",\"breadcrumb\":{\"@id\":\"https:\\\/\\\/premecsa.com.ar\\\/shop\\\/transpallet-electrico-autonomo-ep-xp-15\\\/#breadcrumb\"},\"inLanguage\":\"en-US\",\"potentialAction\":[{\"@type\":\"ReadAction\",\"target\":[\"https:\\\/\\\/premecsa.com.ar\\\/shop\\\/transpallet-electrico-autonomo-ep-xp-15\\\/\"]}]},{\"@type\":\"ImageObject\",\"inLanguage\":\"en-US\",\"@id\":\"https:\\\/\\\/premecsa.com.ar\\\/shop\\\/transpallet-electrico-autonomo-ep-xp-15\\\/#primaryimage\",\"url\":\"https:\\\/\\\/premecsa.com.ar\\\/wp-content\\\/uploads\\\/2026\\\/03\\\/EP-AUTONOMO-WEB-1.png\",\"contentUrl\":\"https:\\\/\\\/premecsa.com.ar\\\/wp-content\\\/uploads\\\/2026\\\/03\\\/EP-AUTONOMO-WEB-1.png\",\"width\":535,\"height\":696},{\"@type\":\"BreadcrumbList\",\"@id\":\"https:\\\/\\\/premecsa.com.ar\\\/shop\\\/transpallet-electrico-autonomo-ep-xp-15\\\/#breadcrumb\",\"itemListElement\":[{\"@type\":\"ListItem\",\"position\":1,\"name\":\"Inicio\",\"item\":\"https:\\\/\\\/premecsa.com.ar\\\/\"},{\"@type\":\"ListItem\",\"position\":2,\"name\":\"Productos\",\"item\":\"https:\\\/\\\/premecsa.com.ar\\\/productos_vieja\\\/\"},{\"@type\":\"ListItem\",\"position\":3,\"name\":\"Transpallet Autonomo ep xp15\"}]},{\"@type\":\"WebSite\",\"@id\":\"https:\\\/\\\/premecsa.com.ar\\\/#website\",\"url\":\"https:\\\/\\\/premecsa.com.ar\\\/\",\"name\":\"Premec\",\"description\":\"Premec S.A. - Autoelevadores servicio t\u00e9cnico reparaci\u00f3n alquiler venta tractores de arrastre transpalet autoelevadores electricos autoelevadores combustion Premec\",\"publisher\":{\"@id\":\"https:\\\/\\\/premecsa.com.ar\\\/#organization\"},\"potentialAction\":[{\"@type\":\"SearchAction\",\"target\":{\"@type\":\"EntryPoint\",\"urlTemplate\":\"https:\\\/\\\/premecsa.com.ar\\\/?s={search_term_string}\"},\"query-input\":{\"@type\":\"PropertyValueSpecification\",\"valueRequired\":true,\"valueName\":\"search_term_string\"}}],\"inLanguage\":\"en-US\"},{\"@type\":\"Organization\",\"@id\":\"https:\\\/\\\/premecsa.com.ar\\\/#organization\",\"name\":\"Premec\",\"url\":\"https:\\\/\\\/premecsa.com.ar\\\/\",\"logo\":{\"@type\":\"ImageObject\",\"inLanguage\":\"en-US\",\"@id\":\"https:\\\/\\\/premecsa.com.ar\\\/#\\\/schema\\\/logo\\\/image\\\/\",\"url\":\"https:\\\/\\\/premecsa.com.ar\\\/wp-content\\\/uploads\\\/2018\\\/05\\\/logo-premec-01.png\",\"contentUrl\":\"https:\\\/\\\/premecsa.com.ar\\\/wp-content\\\/uploads\\\/2018\\\/05\\\/logo-premec-01.png\",\"width\":1305,\"height\":246,\"caption\":\"Premec\"},\"image\":{\"@id\":\"https:\\\/\\\/premecsa.com.ar\\\/#\\\/schema\\\/logo\\\/image\\\/\"},\"sameAs\":[\"https:\\\/\\\/www.facebook.com\\\/premecsa\\\/\",\"https:\\\/\\\/www.instagram.com\\\/premecsa\\\/\"]}]}<\/script>\n<!-- \/ Yoast SEO plugin. -->","yoast_head_json":{"title":"Transpallet Autonomo ep xp15 - Premec","description":"Adecuada para diversos entornos industriales, almacenes, empresas de log\u00edstica, muelles de carga\/descarga de servicio pesado.","robots":{"index":"index","follow":"follow","max-snippet":"max-snippet:-1","max-image-preview":"max-image-preview:large","max-video-preview":"max-video-preview:-1"},"canonical":"https:\/\/premecsa.com.ar\/en\/shop\/transpallet-electrico-autonomo-ep-xp-15\/","og_locale":"en_US","og_type":"article","og_title":"Transpallet el\u00e9ctrico EPL 153","og_description":"Adecuada para diversos entornos industriales, almacenes, empresas de log\u00edstica, muelles de carga\/descarga de servicio pesado.","og_url":"https:\/\/premecsa.com.ar\/en\/shop\/transpallet-electrico-autonomo-ep-xp-15\/","og_site_name":"Premec","article_publisher":"https:\/\/www.facebook.com\/premecsa\/","article_modified_time":"2026-03-03T14:23:26+00:00","og_image":[{"width":800,"height":800,"url":"https:\/\/premecsa.com.ar\/wp-content\/uploads\/2022\/07\/transpallet_epl153-1.jpg","type":"image\/jpeg"}],"twitter_card":"summary_large_image","twitter_title":"Transpallet el\u00e9ctrico EPL 153","twitter_description":"Adecuada para diversos entornos industriales, almacenes, empresas de log\u00edstica, muelles de carga\/descarga de servicio pesado.","twitter_image":"https:\/\/premecsa.com.ar\/wp-content\/uploads\/2022\/07\/transpallet_epl153-1.jpg","twitter_misc":{"Est. reading time":"2 minutes"},"schema":{"@context":"https:\/\/schema.org","@graph":[{"@type":"WebPage","@id":"https:\/\/premecsa.com.ar\/shop\/transpallet-electrico-autonomo-ep-xp-15\/","url":"https:\/\/premecsa.com.ar\/shop\/transpallet-electrico-autonomo-ep-xp-15\/","name":"Transpallet Autonomo ep xp15 - Premec","isPartOf":{"@id":"https:\/\/premecsa.com.ar\/#website"},"primaryImageOfPage":{"@id":"https:\/\/premecsa.com.ar\/shop\/transpallet-electrico-autonomo-ep-xp-15\/#primaryimage"},"image":{"@id":"https:\/\/premecsa.com.ar\/shop\/transpallet-electrico-autonomo-ep-xp-15\/#primaryimage"},"thumbnailUrl":"https:\/\/premecsa.com.ar\/wp-content\/uploads\/2026\/03\/EP-AUTONOMO-WEB-1.png","datePublished":"2026-03-03T14:19:50+00:00","dateModified":"2026-03-03T14:23:26+00:00","description":"Adecuada para diversos entornos industriales, almacenes, empresas de log\u00edstica, muelles de carga\/descarga de servicio pesado.","breadcrumb":{"@id":"https:\/\/premecsa.com.ar\/shop\/transpallet-electrico-autonomo-ep-xp-15\/#breadcrumb"},"inLanguage":"en-US","potentialAction":[{"@type":"ReadAction","target":["https:\/\/premecsa.com.ar\/shop\/transpallet-electrico-autonomo-ep-xp-15\/"]}]},{"@type":"ImageObject","inLanguage":"en-US","@id":"https:\/\/premecsa.com.ar\/shop\/transpallet-electrico-autonomo-ep-xp-15\/#primaryimage","url":"https:\/\/premecsa.com.ar\/wp-content\/uploads\/2026\/03\/EP-AUTONOMO-WEB-1.png","contentUrl":"https:\/\/premecsa.com.ar\/wp-content\/uploads\/2026\/03\/EP-AUTONOMO-WEB-1.png","width":535,"height":696},{"@type":"BreadcrumbList","@id":"https:\/\/premecsa.com.ar\/shop\/transpallet-electrico-autonomo-ep-xp-15\/#breadcrumb","itemListElement":[{"@type":"ListItem","position":1,"name":"Inicio","item":"https:\/\/premecsa.com.ar\/"},{"@type":"ListItem","position":2,"name":"Productos","item":"https:\/\/premecsa.com.ar\/productos_vieja\/"},{"@type":"ListItem","position":3,"name":"Transpallet Autonomo ep xp15"}]},{"@type":"WebSite","@id":"https:\/\/premecsa.com.ar\/#website","url":"https:\/\/premecsa.com.ar\/","name":"Premec","description":"Premec S.A. - Autoelevadores servicio t\u00e9cnico reparaci\u00f3n alquiler venta tractores de arrastre transpalet autoelevadores electricos autoelevadores combustion Premec","publisher":{"@id":"https:\/\/premecsa.com.ar\/#organization"},"potentialAction":[{"@type":"SearchAction","target":{"@type":"EntryPoint","urlTemplate":"https:\/\/premecsa.com.ar\/?s={search_term_string}"},"query-input":{"@type":"PropertyValueSpecification","valueRequired":true,"valueName":"search_term_string"}}],"inLanguage":"en-US"},{"@type":"Organization","@id":"https:\/\/premecsa.com.ar\/#organization","name":"Premec","url":"https:\/\/premecsa.com.ar\/","logo":{"@type":"ImageObject","inLanguage":"en-US","@id":"https:\/\/premecsa.com.ar\/#\/schema\/logo\/image\/","url":"https:\/\/premecsa.com.ar\/wp-content\/uploads\/2018\/05\/logo-premec-01.png","contentUrl":"https:\/\/premecsa.com.ar\/wp-content\/uploads\/2018\/05\/logo-premec-01.png","width":1305,"height":246,"caption":"Premec"},"image":{"@id":"https:\/\/premecsa.com.ar\/#\/schema\/logo\/image\/"},"sameAs":["https:\/\/www.facebook.com\/premecsa\/","https:\/\/www.instagram.com\/premecsa\/"]}]}},"_links":{"self":[{"href":"https:\/\/premecsa.com.ar\/en\/wp-json\/wp\/v2\/product\/8952","targetHints":{"allow":["GET"]}}],"collection":[{"href":"https:\/\/premecsa.com.ar\/en\/wp-json\/wp\/v2\/product"}],"about":[{"href":"https:\/\/premecsa.com.ar\/en\/wp-json\/wp\/v2\/types\/product"}],"replies":[{"embeddable":true,"href":"https:\/\/premecsa.com.ar\/en\/wp-json\/wp\/v2\/comments?post=8952"}],"wp:featuredmedia":[{"embeddable":true,"href":"https:\/\/premecsa.com.ar\/en\/wp-json\/wp\/v2\/media\/8953"}],"wp:attachment":[{"href":"https:\/\/premecsa.com.ar\/en\/wp-json\/wp\/v2\/media?parent=8952"}],"wp:term":[{"taxonomy":"product_brand","embeddable":true,"href":"https:\/\/premecsa.com.ar\/en\/wp-json\/wp\/v2\/product_brand?post=8952"},{"taxonomy":"product_cat","embeddable":true,"href":"https:\/\/premecsa.com.ar\/en\/wp-json\/wp\/v2\/product_cat?post=8952"},{"taxonomy":"product_tag","embeddable":true,"href":"https:\/\/premecsa.com.ar\/en\/wp-json\/wp\/v2\/product_tag?post=8952"}],"curies":[{"name":"wp","href":"https:\/\/api.w.org\/{rel}","templated":true}]}}