{"id":8859,"date":"2025-06-26T20:52:27","date_gmt":"2025-06-26T17:52:27","guid":{"rendered":"https:\/\/premecsa.com.ar\/?post_type=product&#038;p=8859"},"modified":"2026-03-03T16:05:43","modified_gmt":"2026-03-03T13:05:43","slug":"apilador-reach-pantografico-hyundai-brp","status":"publish","type":"product","link":"https:\/\/premecsa.com.ar\/en\/shop\/apilador-reach-pantografico-hyundai-brp\/","title":{"rendered":"Hyundai BRP Pantograph Stacker"},"content":{"rendered":"<div class=\"wpb-content-wrapper\"><div   class=\"vc_row wpb_row vc_row-fluid\">\n\t<div  class=\"vc_span3 wpb_column vc_column_container\"><div class=\"vc_column-inner\">\n\t\t<div class=\"wpb_wrapper\">\n\t\t\t\n\t<div class=\"wpb_text_column wpb_content_element   ct_8ag1kg4pyyiiq4hwu4m7\" >\n\t\t<div class=\"wpb_wrapper\" >\n\t\t\t<ul>\n<li><strong>Marca: HYUNDAI<\/strong><\/li>\n<li><strong>Bater\u00eda Li-ion.<\/strong><\/li>\n<li>Capacidad de carga: <strong>Desde 1300 Hasta 2300kg<\/strong>.<\/li>\n<li>Triple tower.<\/li>\n<li>Elevaci\u00f3n <strong>4500\/10500mm<\/strong>.<\/li>\n<li>Hombre a bordo <strong>parado<\/strong>.<\/li>\n<li>Controladores ZAPI.<\/li>\n<li>Reach, inclinaci\u00f3n de u\u00f1as y desplazador.<\/li>\n<li>Rodado Poliuretano<strong>.<\/strong><\/li>\n<li><strong>Pasillo m\u00ednimo recomendado 2763 mm.<\/strong><\/li>\n<\/ul>\n\n\t\t<\/div> \n\t<\/div> \n\t\t<\/div> <\/div>\n\t<\/div> \n\n\t<div  class=\"vc_span3 wpb_column vc_column_container\"><div class=\"vc_column-inner vc_custom_1657219344640\">\n\t\t<div class=\"wpb_wrapper\">\n\t\t\t\n\t<div class=\"wpb_text_column wpb_content_element   ct_s2891zguhhta7u4l6zyv\" >\n\t\t<div class=\"wpb_wrapper\" >\n\t\t\t<p><strong>Ventaja Bateria Litio:<\/strong><\/p>\n\n\t\t<\/div> \n\t<\/div> \n\t<div class=\"wpb_text_column wpb_content_element   ct_sxwyvym5x96h9m7l4lgz\" >\n\t\t<div class=\"wpb_wrapper\" >\n\t\t\t<ul>\n<li>Mayor autonom\u00eda.<\/li>\n<li>Doble vida \u00fatil de bater\u00eda.<\/li>\n<li>Cargas r\u00e1pidas y de oportunidad.<\/li>\n<li>No requiere reposo despu\u00e9s de la carga.<\/li>\n<li>Menor consumo.<\/li>\n<li>Bater\u00eda libre de mantenimiento.<\/li>\n<li>Ecol\u00f3gica.<\/li>\n<\/ul>\n\n\t\t<\/div> \n\t<\/div> \n\t\t<\/div> <\/div>\n\t<\/div> \n\n\t<div  class=\"vc_span3 wpb_column vc_column_container\"><div class=\"vc_column-inner vc_custom_1657219351608\">\n\t\t<div class=\"wpb_wrapper\">\n\t\t\t\r\n\t<div  class=\"wpb_single_image wpb_content_element vc_align_left\">\r\n\t\t<div class=\"wpb_wrapper\">\r\n\t\t\t\r\n\t\t\t<div class=\"vc_single_image-wrapper   vc_box_border_grey\"><img loading=\"lazy\" decoding=\"async\" width=\"300\" height=\"56\" src=\"https:\/\/premecsa.com.ar\/wp-content\/uploads\/2022\/07\/hyundai_xitesolution_blue_web-300x56.png\" class=\"vc_single_image-img attachment-medium\" alt=\"hyundai_xitesolution\" title=\"Hyundai Xite Solution Blue Web\" srcset=\"https:\/\/premecsa.com.ar\/wp-content\/uploads\/2022\/07\/hyundai_xitesolution_blue_web-300x56.png 300w, https:\/\/premecsa.com.ar\/wp-content\/uploads\/2022\/07\/hyundai_xitesolution_blue_web.png 321w\" sizes=\"auto, (max-width: 300px) 100vw, 300px\" \/><\/div>\r\n\t\t<\/div>\r\n\t<\/div>\r\n\r\n\t<div  class=\"wpb_single_image wpb_content_element vc_align_left\">\r\n\t\t<div class=\"wpb_wrapper\">\r\n\t\t\t\r\n\t\t\t<div class=\"vc_single_image-wrapper   vc_box_border_grey\"><img decoding=\"async\" class=\"vc_single_image-img\" src=\"https:\/\/premecsa.com.ar\/wp-content\/uploads\/2022\/07\/li-ion-1-172x80.png\" width=\"172\" height=\"80\" alt=\"li-ion\" title=\"li-ion\" loading=\"lazy\" \/><\/div>\r\n\t\t<\/div>\r\n\t<\/div>\r\n\n\t\t<\/div> <\/div>\n\t<\/div> \n\n\t<div  class=\"vc_span3 wpb_column vc_column_container\"><div class=\"vc_column-inner\">\n\t\t<div class=\"wpb_wrapper\">\n\t\t\t<style type=\"text\/css\" >#b_4d4xz9cp1v8t4sr39k7g a{color:; background:; margin-top:0px; margin-bottom:0px;  margin-left:0px; margin-right:0px; font-weight:900; border-radius:0px;}#b_4d4xz9cp1v8t4sr39k7g a:hover{color: ; background: ;}<\/style><div class=\"ta_left tf_btn_pos\" id=\"b_4d4xz9cp1v8t4sr39k7g\" ><a class=\"rd_normal_bt mediumlarge_rd_bt bt_icon_left\" href=\"https:\/\/drive.google.com\/file\/d\/170Jzb371xpDA5_4DRxY3gRZ5d8ZqlyZ6\/view?usp=drivesdk\" target=\"yes\"   ><i class=\"wi-download-cloud\" ><\/i><span>Download PDF<\/span><\/a><\/div><style type='text\/css'> @font-face{font-family: 'wi'; src:url('https:\/\/premecsa.com.ar\/wp-content\/themes\/thefox\/includes\/4k-icons\/icons\/4k-icons-pack05\/icons\/fonts\/wi.eot'); src:url('https:\/\/premecsa.com.ar\/wp-content\/themes\/thefox\/includes\/4k-icons\/icons\/4k-icons-pack05\/icons\/fonts\/wi.eot?#iefix') format('embedded-opentype'), url('https:\/\/premecsa.com.ar\/wp-content\/themes\/thefox\/includes\/4k-icons\/icons\/4k-icons-pack05\/icons\/fonts\/wi.woff') format('woff'), url('https:\/\/premecsa.com.ar\/wp-content\/themes\/thefox\/includes\/4k-icons\/icons\/4k-icons-pack05\/icons\/fonts\/wi.ttf') format('truetype'), url('https:\/\/premecsa.com.ar\/wp-content\/themes\/thefox\/includes\/4k-icons\/icons\/4k-icons-pack05\/icons\/fonts\/wi.svg#oi') format('svg'); font-weight: normal; font-style: normal;}#b_4d4xz9cp1v8t4sr39k7g .wi-download-cloud:before{font-family: 'wi'; font-weight: normal; font-style: normal;}#b_4d4xz9cp1v8t4sr39k7g .wi-download-cloud:before{content: \"\\e83b\";}<\/style>\n\n\t\t<\/div> <\/div>\n\t<\/div> \n<\/div>\n<\/div>","protected":false},"excerpt":{"rendered":"<p><strong>Apilador el\u00e9ctrico<\/strong> HYUNDAI modelo BRP PANTOGRAFICO\u00a0 l\u00ednea Premium hombre a bordo sobre chasis. Equipo de alta performance con tecnolog\u00eda de LITIO para largas jornadas de trabajo. Ideal para log\u00edstica e intralog\u00edstica. Posee cuatro funciones hidr\u00e1ulicas (reach, elevaci\u00f3n, desplazador, inclinaci\u00f3n). Apto para pasillos angostos.<\/p>\n<p><a href=\"https:\/\/drive.google.com\/file\/d\/170Jzb371xpDA5_4DRxY3gRZ5d8ZqlyZ6\/view?usp=drivesdk\" target=\"_blank\" rel=\"noopener\"><input class=\"contact pe-show-enq-modal wpi-button single_add_to_cart_button button alt\" name=\"contact\" type=\"button\" value=\"Download PDF\" \/><\/a><\/p>","protected":false},"featured_media":8942,"comment_status":"open","ping_status":"closed","template":"","meta":{"content-type":"","_joinchat":[]},"product_brand":[],"product_cat":[45,43],"product_tag":[],"class_list":{"0":"post-8859","1":"product","2":"type-product","3":"status-publish","4":"has-post-thumbnail","6":"product_cat-apiladores-hyundai","7":"product_cat-hyundai","9":"first","10":"instock","11":"shipping-taxable","12":"product-type-simple"},"yoast_head":"<!-- This site is optimized with the Yoast SEO plugin v27.4 - https:\/\/yoast.com\/product\/yoast-seo-wordpress\/ -->\n<title>Apilador pantografico Hyundai BRP - Premec<\/title>\n<meta name=\"description\" content=\"Apilador el\u00e9ctrico HYUNDAI modelo BRP l\u00ednea Premium hombre a bordo sobre chasis, marca HYUNDAI modelo BRP. Equipo de alta performance.\" \/>\n<meta name=\"robots\" content=\"index, follow, max-snippet:-1, max-image-preview:large, max-video-preview:-1\" \/>\n<link rel=\"canonical\" href=\"https:\/\/premecsa.com.ar\/en\/shop\/apilador-reach-pantografico-hyundai-brp\/\" \/>\n<meta property=\"og:locale\" content=\"en_US\" \/>\n<meta property=\"og:type\" content=\"article\" \/>\n<meta property=\"og:title\" content=\"Apilador reach Hyundai BR-X\" \/>\n<meta property=\"og:description\" content=\"Apilador el\u00e9ctrico HYUNDAI modelo BR-X l\u00ednea Premium hombre a bordo sobre chasis, marca HYUNDAI modelo BR-X.\" \/>\n<meta property=\"og:url\" content=\"https:\/\/premecsa.com.ar\/en\/shop\/apilador-reach-pantografico-hyundai-brp\/\" \/>\n<meta property=\"og:site_name\" content=\"Premec\" \/>\n<meta property=\"article:publisher\" content=\"https:\/\/www.facebook.com\/premecsa\/\" \/>\n<meta property=\"article:modified_time\" content=\"2026-03-03T13:05:43+00:00\" \/>\n<meta name=\"twitter:card\" content=\"summary_large_image\" \/>\n<meta name=\"twitter:title\" content=\"Apilador reach Hyundai BR-X\" \/>\n<meta name=\"twitter:description\" content=\"Apilador el\u00e9ctrico HYUNDAI modelo BR-X l\u00ednea Premium hombre a bordo sobre chasis, marca HYUNDAI modelo BR-X.\" \/>\n<meta name=\"twitter:label1\" content=\"Est. reading time\" \/>\n\t<meta name=\"twitter:data1\" content=\"1 minute\" \/>\n<script type=\"application\/ld+json\" class=\"yoast-schema-graph\">{\"@context\":\"https:\\\/\\\/schema.org\",\"@graph\":[{\"@type\":\"WebPage\",\"@id\":\"https:\\\/\\\/premecsa.com.ar\\\/shop\\\/apilador-reach-pantografico-hyundai-brp\\\/\",\"url\":\"https:\\\/\\\/premecsa.com.ar\\\/shop\\\/apilador-reach-pantografico-hyundai-brp\\\/\",\"name\":\"Apilador pantografico Hyundai BRP - Premec\",\"isPartOf\":{\"@id\":\"https:\\\/\\\/premecsa.com.ar\\\/#website\"},\"primaryImageOfPage\":{\"@id\":\"https:\\\/\\\/premecsa.com.ar\\\/shop\\\/apilador-reach-pantografico-hyundai-brp\\\/#primaryimage\"},\"image\":{\"@id\":\"https:\\\/\\\/premecsa.com.ar\\\/shop\\\/apilador-reach-pantografico-hyundai-brp\\\/#primaryimage\"},\"thumbnailUrl\":\"https:\\\/\\\/premecsa.com.ar\\\/wp-content\\\/uploads\\\/2025\\\/06\\\/BRP-WEB-1.png\",\"datePublished\":\"2025-06-26T17:52:27+00:00\",\"dateModified\":\"2026-03-03T13:05:43+00:00\",\"description\":\"Apilador el\u00e9ctrico HYUNDAI modelo BRP l\u00ednea Premium hombre a bordo sobre chasis, marca HYUNDAI modelo BRP. Equipo de alta performance.\",\"breadcrumb\":{\"@id\":\"https:\\\/\\\/premecsa.com.ar\\\/shop\\\/apilador-reach-pantografico-hyundai-brp\\\/#breadcrumb\"},\"inLanguage\":\"en-US\",\"potentialAction\":[{\"@type\":\"ReadAction\",\"target\":[\"https:\\\/\\\/premecsa.com.ar\\\/shop\\\/apilador-reach-pantografico-hyundai-brp\\\/\"]}]},{\"@type\":\"ImageObject\",\"inLanguage\":\"en-US\",\"@id\":\"https:\\\/\\\/premecsa.com.ar\\\/shop\\\/apilador-reach-pantografico-hyundai-brp\\\/#primaryimage\",\"url\":\"https:\\\/\\\/premecsa.com.ar\\\/wp-content\\\/uploads\\\/2025\\\/06\\\/BRP-WEB-1.png\",\"contentUrl\":\"https:\\\/\\\/premecsa.com.ar\\\/wp-content\\\/uploads\\\/2025\\\/06\\\/BRP-WEB-1.png\",\"width\":535,\"height\":695},{\"@type\":\"BreadcrumbList\",\"@id\":\"https:\\\/\\\/premecsa.com.ar\\\/shop\\\/apilador-reach-pantografico-hyundai-brp\\\/#breadcrumb\",\"itemListElement\":[{\"@type\":\"ListItem\",\"position\":1,\"name\":\"Inicio\",\"item\":\"https:\\\/\\\/premecsa.com.ar\\\/\"},{\"@type\":\"ListItem\",\"position\":2,\"name\":\"Productos\",\"item\":\"https:\\\/\\\/premecsa.com.ar\\\/productos_vieja\\\/\"},{\"@type\":\"ListItem\",\"position\":3,\"name\":\"Apilador pantografico Hyundai BRP\"}]},{\"@type\":\"WebSite\",\"@id\":\"https:\\\/\\\/premecsa.com.ar\\\/#website\",\"url\":\"https:\\\/\\\/premecsa.com.ar\\\/\",\"name\":\"Premec\",\"description\":\"Premec S.A. - Autoelevadores servicio t\u00e9cnico reparaci\u00f3n alquiler venta tractores de arrastre transpalet autoelevadores electricos autoelevadores combustion Premec\",\"publisher\":{\"@id\":\"https:\\\/\\\/premecsa.com.ar\\\/#organization\"},\"potentialAction\":[{\"@type\":\"SearchAction\",\"target\":{\"@type\":\"EntryPoint\",\"urlTemplate\":\"https:\\\/\\\/premecsa.com.ar\\\/?s={search_term_string}\"},\"query-input\":{\"@type\":\"PropertyValueSpecification\",\"valueRequired\":true,\"valueName\":\"search_term_string\"}}],\"inLanguage\":\"en-US\"},{\"@type\":\"Organization\",\"@id\":\"https:\\\/\\\/premecsa.com.ar\\\/#organization\",\"name\":\"Premec\",\"url\":\"https:\\\/\\\/premecsa.com.ar\\\/\",\"logo\":{\"@type\":\"ImageObject\",\"inLanguage\":\"en-US\",\"@id\":\"https:\\\/\\\/premecsa.com.ar\\\/#\\\/schema\\\/logo\\\/image\\\/\",\"url\":\"https:\\\/\\\/premecsa.com.ar\\\/wp-content\\\/uploads\\\/2018\\\/05\\\/logo-premec-01.png\",\"contentUrl\":\"https:\\\/\\\/premecsa.com.ar\\\/wp-content\\\/uploads\\\/2018\\\/05\\\/logo-premec-01.png\",\"width\":1305,\"height\":246,\"caption\":\"Premec\"},\"image\":{\"@id\":\"https:\\\/\\\/premecsa.com.ar\\\/#\\\/schema\\\/logo\\\/image\\\/\"},\"sameAs\":[\"https:\\\/\\\/www.facebook.com\\\/premecsa\\\/\",\"https:\\\/\\\/www.instagram.com\\\/premecsa\\\/\"]}]}<\/script>\n<!-- \/ Yoast SEO plugin. -->","yoast_head_json":{"title":"Apilador pantografico Hyundai BRP - Premec","description":"Apilador el\u00e9ctrico HYUNDAI modelo BRP l\u00ednea Premium hombre a bordo sobre chasis, marca HYUNDAI modelo BRP. Equipo de alta performance.","robots":{"index":"index","follow":"follow","max-snippet":"max-snippet:-1","max-image-preview":"max-image-preview:large","max-video-preview":"max-video-preview:-1"},"canonical":"https:\/\/premecsa.com.ar\/en\/shop\/apilador-reach-pantografico-hyundai-brp\/","og_locale":"en_US","og_type":"article","og_title":"Apilador reach Hyundai BR-X","og_description":"Apilador el\u00e9ctrico HYUNDAI modelo BR-X l\u00ednea Premium hombre a bordo sobre chasis, marca HYUNDAI modelo BR-X.","og_url":"https:\/\/premecsa.com.ar\/en\/shop\/apilador-reach-pantografico-hyundai-brp\/","og_site_name":"Premec","article_publisher":"https:\/\/www.facebook.com\/premecsa\/","article_modified_time":"2026-03-03T13:05:43+00:00","twitter_card":"summary_large_image","twitter_title":"Apilador reach Hyundai BR-X","twitter_description":"Apilador el\u00e9ctrico HYUNDAI modelo BR-X l\u00ednea Premium hombre a bordo sobre chasis, marca HYUNDAI modelo BR-X.","twitter_misc":{"Est. reading time":"1 minute"},"schema":{"@context":"https:\/\/schema.org","@graph":[{"@type":"WebPage","@id":"https:\/\/premecsa.com.ar\/shop\/apilador-reach-pantografico-hyundai-brp\/","url":"https:\/\/premecsa.com.ar\/shop\/apilador-reach-pantografico-hyundai-brp\/","name":"Apilador pantografico Hyundai BRP - Premec","isPartOf":{"@id":"https:\/\/premecsa.com.ar\/#website"},"primaryImageOfPage":{"@id":"https:\/\/premecsa.com.ar\/shop\/apilador-reach-pantografico-hyundai-brp\/#primaryimage"},"image":{"@id":"https:\/\/premecsa.com.ar\/shop\/apilador-reach-pantografico-hyundai-brp\/#primaryimage"},"thumbnailUrl":"https:\/\/premecsa.com.ar\/wp-content\/uploads\/2025\/06\/BRP-WEB-1.png","datePublished":"2025-06-26T17:52:27+00:00","dateModified":"2026-03-03T13:05:43+00:00","description":"Apilador el\u00e9ctrico HYUNDAI modelo BRP l\u00ednea Premium hombre a bordo sobre chasis, marca HYUNDAI modelo BRP. Equipo de alta performance.","breadcrumb":{"@id":"https:\/\/premecsa.com.ar\/shop\/apilador-reach-pantografico-hyundai-brp\/#breadcrumb"},"inLanguage":"en-US","potentialAction":[{"@type":"ReadAction","target":["https:\/\/premecsa.com.ar\/shop\/apilador-reach-pantografico-hyundai-brp\/"]}]},{"@type":"ImageObject","inLanguage":"en-US","@id":"https:\/\/premecsa.com.ar\/shop\/apilador-reach-pantografico-hyundai-brp\/#primaryimage","url":"https:\/\/premecsa.com.ar\/wp-content\/uploads\/2025\/06\/BRP-WEB-1.png","contentUrl":"https:\/\/premecsa.com.ar\/wp-content\/uploads\/2025\/06\/BRP-WEB-1.png","width":535,"height":695},{"@type":"BreadcrumbList","@id":"https:\/\/premecsa.com.ar\/shop\/apilador-reach-pantografico-hyundai-brp\/#breadcrumb","itemListElement":[{"@type":"ListItem","position":1,"name":"Inicio","item":"https:\/\/premecsa.com.ar\/"},{"@type":"ListItem","position":2,"name":"Productos","item":"https:\/\/premecsa.com.ar\/productos_vieja\/"},{"@type":"ListItem","position":3,"name":"Apilador pantografico Hyundai BRP"}]},{"@type":"WebSite","@id":"https:\/\/premecsa.com.ar\/#website","url":"https:\/\/premecsa.com.ar\/","name":"Premec","description":"Premec S.A. - Autoelevadores servicio t\u00e9cnico reparaci\u00f3n alquiler venta tractores de arrastre transpalet autoelevadores electricos autoelevadores combustion Premec","publisher":{"@id":"https:\/\/premecsa.com.ar\/#organization"},"potentialAction":[{"@type":"SearchAction","target":{"@type":"EntryPoint","urlTemplate":"https:\/\/premecsa.com.ar\/?s={search_term_string}"},"query-input":{"@type":"PropertyValueSpecification","valueRequired":true,"valueName":"search_term_string"}}],"inLanguage":"en-US"},{"@type":"Organization","@id":"https:\/\/premecsa.com.ar\/#organization","name":"Premec","url":"https:\/\/premecsa.com.ar\/","logo":{"@type":"ImageObject","inLanguage":"en-US","@id":"https:\/\/premecsa.com.ar\/#\/schema\/logo\/image\/","url":"https:\/\/premecsa.com.ar\/wp-content\/uploads\/2018\/05\/logo-premec-01.png","contentUrl":"https:\/\/premecsa.com.ar\/wp-content\/uploads\/2018\/05\/logo-premec-01.png","width":1305,"height":246,"caption":"Premec"},"image":{"@id":"https:\/\/premecsa.com.ar\/#\/schema\/logo\/image\/"},"sameAs":["https:\/\/www.facebook.com\/premecsa\/","https:\/\/www.instagram.com\/premecsa\/"]}]}},"_links":{"self":[{"href":"https:\/\/premecsa.com.ar\/en\/wp-json\/wp\/v2\/product\/8859","targetHints":{"allow":["GET"]}}],"collection":[{"href":"https:\/\/premecsa.com.ar\/en\/wp-json\/wp\/v2\/product"}],"about":[{"href":"https:\/\/premecsa.com.ar\/en\/wp-json\/wp\/v2\/types\/product"}],"replies":[{"embeddable":true,"href":"https:\/\/premecsa.com.ar\/en\/wp-json\/wp\/v2\/comments?post=8859"}],"wp:featuredmedia":[{"embeddable":true,"href":"https:\/\/premecsa.com.ar\/en\/wp-json\/wp\/v2\/media\/8942"}],"wp:attachment":[{"href":"https:\/\/premecsa.com.ar\/en\/wp-json\/wp\/v2\/media?parent=8859"}],"wp:term":[{"taxonomy":"product_brand","embeddable":true,"href":"https:\/\/premecsa.com.ar\/en\/wp-json\/wp\/v2\/product_brand?post=8859"},{"taxonomy":"product_cat","embeddable":true,"href":"https:\/\/premecsa.com.ar\/en\/wp-json\/wp\/v2\/product_cat?post=8859"},{"taxonomy":"product_tag","embeddable":true,"href":"https:\/\/premecsa.com.ar\/en\/wp-json\/wp\/v2\/product_tag?post=8859"}],"curies":[{"name":"wp","href":"https:\/\/api.w.org\/{rel}","templated":true}]}}