{"id":8849,"date":"2025-06-25T16:35:13","date_gmt":"2025-06-25T13:35:13","guid":{"rendered":"https:\/\/premecsa.com.ar\/?post_type=product&#038;p=8849"},"modified":"2025-06-25T18:04:29","modified_gmt":"2025-06-25T15:04:29","slug":"plataforma-tijera-haulotte-c12-copia","status":"publish","type":"product","link":"https:\/\/premecsa.com.ar\/en\/shop\/plataforma-tijera-haulotte-c12-copia\/","title":{"rendered":"Plataforma tijera haulotte C12 LITIO"},"content":{"rendered":"<div class=\"wpb-content-wrapper\"><div   class=\"vc_row wpb_row vc_row-fluid\">\n\t<div  class=\"vc_span3 wpb_column vc_column_container\"><div class=\"vc_column-inner\">\n\t\t<div class=\"wpb_wrapper\">\n\t\t\t\n\t<div class=\"wpb_text_column wpb_content_element   ct_4u56gmm8dbygensmh2ra\" >\n\t\t<div class=\"wpb_wrapper\" >\n\t\t\t<ul>\n<li><strong>Marca: HAULOTTE<\/strong><\/li>\n<li><strong>Bateria li-ion.<\/strong><\/li>\n<li>Capacidad de Carga<strong>:350<\/strong><strong>kg<\/strong>.<\/li>\n<li>Elevaci\u00f3n m\u00e1x plataforma<strong>: <\/strong>10<strong>.<\/strong>000mm.<\/li>\n<li>Altura de trabajo: 12.000mm.<\/li>\n<li>Dimensiones plataforma extendida (m) 3,22 x 1,2<\/li>\n<li>Altura replegada &#8211; barandillas (m) 2,26<\/li>\n<li>Altura de transporte (m) 1,40<\/li>\n<li>Ancho (m) 1,20<\/li>\n<li>Longitud &#8211; replegada (m) 2,40<\/li>\n<li>Tiempo de subida \/ bajada (s) 51 s \/ 42 s<\/li>\n<li>Velocidad de traslaci\u00f3n (Km\/h) 1 &#8211; 3,5 km\/h<\/li>\n<li>Radio de giro exterior (m) 2,50<\/li>\n<li>Pendiente m\u00e1xima (%) 23<\/li>\n<li>Neum\u00e1ticos &#8211; no marcantes 15 x 5<\/li>\n<li>Peso (kg) 2 330<\/li>\n<\/ul>\n\n\t\t<\/div> \n\t<\/div> \n\t\t<\/div> <\/div>\n\t<\/div> \n\n\t<div  class=\"vc_span3 wpb_column vc_column_container\"><div class=\"vc_column-inner vc_custom_1659055167018\">\n\t\t<div class=\"wpb_wrapper\">\n\t\t\t\n\t<div class=\"wpb_text_column wpb_content_element  vc_custom_1659055158490  ct_rhadohvfg8hqt60444bh\" >\n\t\t<div class=\"wpb_wrapper\" >\n\t\t\t<p><strong>Ventajas bater\u00eda litio:<\/strong><\/p>\n\n\t\t<\/div> \n\t<\/div> \n\t<div class=\"wpb_text_column wpb_content_element   ct_h9vm7gavz7n2gzjidkcx\" >\n\t\t<div class=\"wpb_wrapper\" >\n\t\t\t<ul>\n<li>Bater\u00eda Li-Ion (litio) y cargador.<\/li>\n<li>Mayor autonom\u00eda.<\/li>\n<li>Doble vida \u00fatil de bater\u00eda.<\/li>\n<li>Cargas r\u00e1pidas y de oportunidad.<\/li>\n<li>No requiere reposo despu\u00e9s de la carga.<\/li>\n<li>Menor consumo.<\/li>\n<li>Bater\u00eda libre de mantenimiento.<\/li>\n<li>Ecol\u00f3gica.<\/li>\n<\/ul>\n\n\t\t<\/div> \n\t<\/div> \n\t\t<\/div> <\/div>\n\t<\/div> \n\n\t<div  class=\"vc_span3 wpb_column vc_column_container\"><div class=\"vc_column-inner vc_custom_1657219351608\">\n\t\t<div class=\"wpb_wrapper\">\n\t\t\t\r\n\t<div  class=\"wpb_single_image wpb_content_element vc_align_left\">\r\n\t\t<div class=\"wpb_wrapper\">\r\n\t\t\t\r\n\t\t\t<div class=\"vc_single_image-wrapper   vc_box_border_grey\"><img loading=\"lazy\" decoding=\"async\" width=\"231\" height=\"191\" src=\"https:\/\/premecsa.com.ar\/wp-content\/uploads\/2022\/07\/liion.png\" class=\"vc_single_image-img attachment-medium\" alt=\"liion\" title=\"liion\" \/><\/div>\r\n\t\t<\/div>\r\n\t<\/div>\r\n\n\t\t<\/div> <\/div>\n\t<\/div> \n\n\t<div  class=\"vc_span3 wpb_column vc_column_container\"><div class=\"vc_column-inner\">\n\t\t<div class=\"wpb_wrapper\">\n\t\t\t<style type=\"text\/css\" >#b_k3cevlt8dhcllq6ebsf7 a{color:; background:; margin-top:0px; margin-bottom:0px;  margin-left:0px; margin-right:0px; font-weight:900; border-radius:0px;}#b_k3cevlt8dhcllq6ebsf7 a:hover{color: ; background: ;}<\/style><div class=\"ta_left tf_btn_pos\" id=\"b_k3cevlt8dhcllq6ebsf7\" ><a class=\"rd_normal_bt mediumlarge_rd_bt bt_icon_left\" href=\"https:\/\/drive.google.com\/file\/d\/1sU1WGcOjuJgr9QWLVc9K9pzaICMsi6Z-\/view?usp=drive_link\" target=\"yes\"   ><i class=\"wi-download-cloud\" ><\/i><span>Download PDF<\/span><\/a><\/div><style type='text\/css'> @font-face{font-family: 'wi'; src:url('https:\/\/premecsa.com.ar\/wp-content\/themes\/thefox\/includes\/4k-icons\/icons\/4k-icons-pack05\/icons\/fonts\/wi.eot'); src:url('https:\/\/premecsa.com.ar\/wp-content\/themes\/thefox\/includes\/4k-icons\/icons\/4k-icons-pack05\/icons\/fonts\/wi.eot?#iefix') format('embedded-opentype'), url('https:\/\/premecsa.com.ar\/wp-content\/themes\/thefox\/includes\/4k-icons\/icons\/4k-icons-pack05\/icons\/fonts\/wi.woff') format('woff'), url('https:\/\/premecsa.com.ar\/wp-content\/themes\/thefox\/includes\/4k-icons\/icons\/4k-icons-pack05\/icons\/fonts\/wi.ttf') format('truetype'), url('https:\/\/premecsa.com.ar\/wp-content\/themes\/thefox\/includes\/4k-icons\/icons\/4k-icons-pack05\/icons\/fonts\/wi.svg#oi') format('svg'); font-weight: normal; font-style: normal;}#b_k3cevlt8dhcllq6ebsf7 .wi-download-cloud:before{font-family: 'wi'; font-weight: normal; font-style: normal;}#b_k3cevlt8dhcllq6ebsf7 .wi-download-cloud:before{content: \"\\e83b\";}<\/style>\n\n\t\t<\/div> <\/div>\n\t<\/div> \n<\/div>\n<\/div>","protected":false},"excerpt":{"rendered":"<p>Plataforma tijera HAULOTTE\u00a0 C12 con bateria de litio. altura de trabajo 12.000mm<\/p>\n<p><a href=\"https:\/\/drive.google.com\/file\/d\/1sU1WGcOjuJgr9QWLVc9K9pzaICMsi6Z-\/view?usp=drive_link\" target=\"_blank\" rel=\"noopener\"><input class=\"contact pe-show-enq-modal wpi-button single_add_to_cart_button button alt\" name=\"contact\" type=\"button\" value=\"Download PDF\" \/><\/a><\/p>\n<p>&nbsp;<\/p>","protected":false},"featured_media":8850,"comment_status":"open","ping_status":"closed","template":"","meta":{"content-type":"","_joinchat":[]},"product_brand":[],"product_cat":[56],"product_tag":[],"class_list":{"0":"post-8849","1":"product","2":"type-product","3":"status-publish","4":"has-post-thumbnail","6":"product_cat-plataforma-tijera-llitio-entrega-inmediata","8":"first","9":"instock","10":"shipping-taxable","11":"product-type-simple"},"yoast_head":"<!-- This site is optimized with the Yoast SEO plugin v27.4 - https:\/\/yoast.com\/product\/yoast-seo-wordpress\/ -->\n<title>Plataforma tijera haulotte C12 LITIO - Premec<\/title>\n<meta name=\"description\" content=\"Plataforma tijera HAULOTTE\u00a0 C12 con bateria de litio. altura de trabajo 12.000mm. Entrega inmediata\" \/>\n<meta name=\"robots\" content=\"index, follow, max-snippet:-1, max-image-preview:large, max-video-preview:-1\" \/>\n<link rel=\"canonical\" href=\"https:\/\/premecsa.com.ar\/en\/shop\/plataforma-tijera-haulotte-c12-copia\/\" \/>\n<meta property=\"og:locale\" content=\"en_US\" \/>\n<meta property=\"og:type\" content=\"article\" \/>\n<meta property=\"og:title\" content=\"Autoelevador el\u00e9ctrico triciclo Hyundai BT-9U\" \/>\n<meta property=\"og:description\" content=\"Autoelevador el\u00e9ctrico triciclo marca HYUNDAI modelo BT-9U torre triple, desplazador lateral e inclinaci\u00f3n, con tecnolog\u00eda de LITIO.\" \/>\n<meta property=\"og:url\" content=\"https:\/\/premecsa.com.ar\/en\/shop\/plataforma-tijera-haulotte-c12-copia\/\" \/>\n<meta property=\"og:site_name\" content=\"Premec\" \/>\n<meta property=\"article:publisher\" content=\"https:\/\/www.facebook.com\/premecsa\/\" \/>\n<meta property=\"article:modified_time\" content=\"2025-06-25T15:04:29+00:00\" \/>\n<meta property=\"og:image\" content=\"https:\/\/premecsa.com.ar\/wp-content\/uploads\/2022\/07\/autoelevador_electrico_triciclo_Hyundai_BT-9U.jpg\" \/>\n\t<meta property=\"og:image:width\" content=\"800\" \/>\n\t<meta property=\"og:image:height\" content=\"800\" \/>\n\t<meta property=\"og:image:type\" content=\"image\/jpeg\" \/>\n<meta name=\"twitter:card\" content=\"summary_large_image\" \/>\n<meta name=\"twitter:title\" content=\"Autoelevador el\u00e9ctrico triciclo Hyundai BT-9U\" \/>\n<meta name=\"twitter:description\" content=\"Autoelevador el\u00e9ctrico triciclo marca HYUNDAI modelo BT-9U torre triple, desplazador lateral e inclinaci\u00f3n, con tecnolog\u00eda de LITIO.\" \/>\n<meta name=\"twitter:image\" content=\"https:\/\/premecsa.com.ar\/wp-content\/uploads\/2022\/07\/autoelevador_electrico_triciclo_Hyundai_BT-9U.jpg\" \/>\n<meta name=\"twitter:label1\" content=\"Est. reading time\" \/>\n\t<meta name=\"twitter:data1\" content=\"2 minutes\" \/>\n<script type=\"application\/ld+json\" class=\"yoast-schema-graph\">{\"@context\":\"https:\\\/\\\/schema.org\",\"@graph\":[{\"@type\":\"WebPage\",\"@id\":\"https:\\\/\\\/premecsa.com.ar\\\/shop\\\/plataforma-tijera-haulotte-c12-copia\\\/\",\"url\":\"https:\\\/\\\/premecsa.com.ar\\\/shop\\\/plataforma-tijera-haulotte-c12-copia\\\/\",\"name\":\"Plataforma tijera haulotte C12 LITIO - Premec\",\"isPartOf\":{\"@id\":\"https:\\\/\\\/premecsa.com.ar\\\/#website\"},\"primaryImageOfPage\":{\"@id\":\"https:\\\/\\\/premecsa.com.ar\\\/shop\\\/plataforma-tijera-haulotte-c12-copia\\\/#primaryimage\"},\"image\":{\"@id\":\"https:\\\/\\\/premecsa.com.ar\\\/shop\\\/plataforma-tijera-haulotte-c12-copia\\\/#primaryimage\"},\"thumbnailUrl\":\"https:\\\/\\\/premecsa.com.ar\\\/wp-content\\\/uploads\\\/2025\\\/06\\\/c12-600.png\",\"datePublished\":\"2025-06-25T13:35:13+00:00\",\"dateModified\":\"2025-06-25T15:04:29+00:00\",\"description\":\"Plataforma tijera HAULOTTE\u00a0 C12 con bateria de litio. altura de trabajo 12.000mm. Entrega inmediata\",\"breadcrumb\":{\"@id\":\"https:\\\/\\\/premecsa.com.ar\\\/shop\\\/plataforma-tijera-haulotte-c12-copia\\\/#breadcrumb\"},\"inLanguage\":\"en-US\",\"potentialAction\":[{\"@type\":\"ReadAction\",\"target\":[\"https:\\\/\\\/premecsa.com.ar\\\/shop\\\/plataforma-tijera-haulotte-c12-copia\\\/\"]}]},{\"@type\":\"ImageObject\",\"inLanguage\":\"en-US\",\"@id\":\"https:\\\/\\\/premecsa.com.ar\\\/shop\\\/plataforma-tijera-haulotte-c12-copia\\\/#primaryimage\",\"url\":\"https:\\\/\\\/premecsa.com.ar\\\/wp-content\\\/uploads\\\/2025\\\/06\\\/c12-600.png\",\"contentUrl\":\"https:\\\/\\\/premecsa.com.ar\\\/wp-content\\\/uploads\\\/2025\\\/06\\\/c12-600.png\",\"width\":600,\"height\":600},{\"@type\":\"BreadcrumbList\",\"@id\":\"https:\\\/\\\/premecsa.com.ar\\\/shop\\\/plataforma-tijera-haulotte-c12-copia\\\/#breadcrumb\",\"itemListElement\":[{\"@type\":\"ListItem\",\"position\":1,\"name\":\"Inicio\",\"item\":\"https:\\\/\\\/premecsa.com.ar\\\/\"},{\"@type\":\"ListItem\",\"position\":2,\"name\":\"Productos\",\"item\":\"https:\\\/\\\/premecsa.com.ar\\\/productos_vieja\\\/\"},{\"@type\":\"ListItem\",\"position\":3,\"name\":\"Plataforma tijera haulotte C12 LITIO\"}]},{\"@type\":\"WebSite\",\"@id\":\"https:\\\/\\\/premecsa.com.ar\\\/#website\",\"url\":\"https:\\\/\\\/premecsa.com.ar\\\/\",\"name\":\"Premec\",\"description\":\"Premec S.A. - Autoelevadores servicio t\u00e9cnico reparaci\u00f3n alquiler venta tractores de arrastre transpalet autoelevadores electricos autoelevadores combustion Premec\",\"publisher\":{\"@id\":\"https:\\\/\\\/premecsa.com.ar\\\/#organization\"},\"potentialAction\":[{\"@type\":\"SearchAction\",\"target\":{\"@type\":\"EntryPoint\",\"urlTemplate\":\"https:\\\/\\\/premecsa.com.ar\\\/?s={search_term_string}\"},\"query-input\":{\"@type\":\"PropertyValueSpecification\",\"valueRequired\":true,\"valueName\":\"search_term_string\"}}],\"inLanguage\":\"en-US\"},{\"@type\":\"Organization\",\"@id\":\"https:\\\/\\\/premecsa.com.ar\\\/#organization\",\"name\":\"Premec\",\"url\":\"https:\\\/\\\/premecsa.com.ar\\\/\",\"logo\":{\"@type\":\"ImageObject\",\"inLanguage\":\"en-US\",\"@id\":\"https:\\\/\\\/premecsa.com.ar\\\/#\\\/schema\\\/logo\\\/image\\\/\",\"url\":\"https:\\\/\\\/premecsa.com.ar\\\/wp-content\\\/uploads\\\/2018\\\/05\\\/logo-premec-01.png\",\"contentUrl\":\"https:\\\/\\\/premecsa.com.ar\\\/wp-content\\\/uploads\\\/2018\\\/05\\\/logo-premec-01.png\",\"width\":1305,\"height\":246,\"caption\":\"Premec\"},\"image\":{\"@id\":\"https:\\\/\\\/premecsa.com.ar\\\/#\\\/schema\\\/logo\\\/image\\\/\"},\"sameAs\":[\"https:\\\/\\\/www.facebook.com\\\/premecsa\\\/\",\"https:\\\/\\\/www.instagram.com\\\/premecsa\\\/\"]}]}<\/script>\n<!-- \/ Yoast SEO plugin. -->","yoast_head_json":{"title":"Plataforma tijera haulotte C12 LITIO - Premec","description":"Plataforma tijera HAULOTTE\u00a0 C12 con bateria de litio. altura de trabajo 12.000mm. Entrega inmediata","robots":{"index":"index","follow":"follow","max-snippet":"max-snippet:-1","max-image-preview":"max-image-preview:large","max-video-preview":"max-video-preview:-1"},"canonical":"https:\/\/premecsa.com.ar\/en\/shop\/plataforma-tijera-haulotte-c12-copia\/","og_locale":"en_US","og_type":"article","og_title":"Autoelevador el\u00e9ctrico triciclo Hyundai BT-9U","og_description":"Autoelevador el\u00e9ctrico triciclo marca HYUNDAI modelo BT-9U torre triple, desplazador lateral e inclinaci\u00f3n, con tecnolog\u00eda de LITIO.","og_url":"https:\/\/premecsa.com.ar\/en\/shop\/plataforma-tijera-haulotte-c12-copia\/","og_site_name":"Premec","article_publisher":"https:\/\/www.facebook.com\/premecsa\/","article_modified_time":"2025-06-25T15:04:29+00:00","og_image":[{"width":800,"height":800,"url":"https:\/\/premecsa.com.ar\/wp-content\/uploads\/2022\/07\/autoelevador_electrico_triciclo_Hyundai_BT-9U.jpg","type":"image\/jpeg"}],"twitter_card":"summary_large_image","twitter_title":"Autoelevador el\u00e9ctrico triciclo Hyundai BT-9U","twitter_description":"Autoelevador el\u00e9ctrico triciclo marca HYUNDAI modelo BT-9U torre triple, desplazador lateral e inclinaci\u00f3n, con tecnolog\u00eda de LITIO.","twitter_image":"https:\/\/premecsa.com.ar\/wp-content\/uploads\/2022\/07\/autoelevador_electrico_triciclo_Hyundai_BT-9U.jpg","twitter_misc":{"Est. reading time":"2 minutes"},"schema":{"@context":"https:\/\/schema.org","@graph":[{"@type":"WebPage","@id":"https:\/\/premecsa.com.ar\/shop\/plataforma-tijera-haulotte-c12-copia\/","url":"https:\/\/premecsa.com.ar\/shop\/plataforma-tijera-haulotte-c12-copia\/","name":"Plataforma tijera haulotte C12 LITIO - Premec","isPartOf":{"@id":"https:\/\/premecsa.com.ar\/#website"},"primaryImageOfPage":{"@id":"https:\/\/premecsa.com.ar\/shop\/plataforma-tijera-haulotte-c12-copia\/#primaryimage"},"image":{"@id":"https:\/\/premecsa.com.ar\/shop\/plataforma-tijera-haulotte-c12-copia\/#primaryimage"},"thumbnailUrl":"https:\/\/premecsa.com.ar\/wp-content\/uploads\/2025\/06\/c12-600.png","datePublished":"2025-06-25T13:35:13+00:00","dateModified":"2025-06-25T15:04:29+00:00","description":"Plataforma tijera HAULOTTE\u00a0 C12 con bateria de litio. altura de trabajo 12.000mm. Entrega inmediata","breadcrumb":{"@id":"https:\/\/premecsa.com.ar\/shop\/plataforma-tijera-haulotte-c12-copia\/#breadcrumb"},"inLanguage":"en-US","potentialAction":[{"@type":"ReadAction","target":["https:\/\/premecsa.com.ar\/shop\/plataforma-tijera-haulotte-c12-copia\/"]}]},{"@type":"ImageObject","inLanguage":"en-US","@id":"https:\/\/premecsa.com.ar\/shop\/plataforma-tijera-haulotte-c12-copia\/#primaryimage","url":"https:\/\/premecsa.com.ar\/wp-content\/uploads\/2025\/06\/c12-600.png","contentUrl":"https:\/\/premecsa.com.ar\/wp-content\/uploads\/2025\/06\/c12-600.png","width":600,"height":600},{"@type":"BreadcrumbList","@id":"https:\/\/premecsa.com.ar\/shop\/plataforma-tijera-haulotte-c12-copia\/#breadcrumb","itemListElement":[{"@type":"ListItem","position":1,"name":"Inicio","item":"https:\/\/premecsa.com.ar\/"},{"@type":"ListItem","position":2,"name":"Productos","item":"https:\/\/premecsa.com.ar\/productos_vieja\/"},{"@type":"ListItem","position":3,"name":"Plataforma tijera haulotte C12 LITIO"}]},{"@type":"WebSite","@id":"https:\/\/premecsa.com.ar\/#website","url":"https:\/\/premecsa.com.ar\/","name":"Premec","description":"Premec S.A. - Autoelevadores servicio t\u00e9cnico reparaci\u00f3n alquiler venta tractores de arrastre transpalet autoelevadores electricos autoelevadores combustion Premec","publisher":{"@id":"https:\/\/premecsa.com.ar\/#organization"},"potentialAction":[{"@type":"SearchAction","target":{"@type":"EntryPoint","urlTemplate":"https:\/\/premecsa.com.ar\/?s={search_term_string}"},"query-input":{"@type":"PropertyValueSpecification","valueRequired":true,"valueName":"search_term_string"}}],"inLanguage":"en-US"},{"@type":"Organization","@id":"https:\/\/premecsa.com.ar\/#organization","name":"Premec","url":"https:\/\/premecsa.com.ar\/","logo":{"@type":"ImageObject","inLanguage":"en-US","@id":"https:\/\/premecsa.com.ar\/#\/schema\/logo\/image\/","url":"https:\/\/premecsa.com.ar\/wp-content\/uploads\/2018\/05\/logo-premec-01.png","contentUrl":"https:\/\/premecsa.com.ar\/wp-content\/uploads\/2018\/05\/logo-premec-01.png","width":1305,"height":246,"caption":"Premec"},"image":{"@id":"https:\/\/premecsa.com.ar\/#\/schema\/logo\/image\/"},"sameAs":["https:\/\/www.facebook.com\/premecsa\/","https:\/\/www.instagram.com\/premecsa\/"]}]}},"_links":{"self":[{"href":"https:\/\/premecsa.com.ar\/en\/wp-json\/wp\/v2\/product\/8849","targetHints":{"allow":["GET"]}}],"collection":[{"href":"https:\/\/premecsa.com.ar\/en\/wp-json\/wp\/v2\/product"}],"about":[{"href":"https:\/\/premecsa.com.ar\/en\/wp-json\/wp\/v2\/types\/product"}],"replies":[{"embeddable":true,"href":"https:\/\/premecsa.com.ar\/en\/wp-json\/wp\/v2\/comments?post=8849"}],"wp:featuredmedia":[{"embeddable":true,"href":"https:\/\/premecsa.com.ar\/en\/wp-json\/wp\/v2\/media\/8850"}],"wp:attachment":[{"href":"https:\/\/premecsa.com.ar\/en\/wp-json\/wp\/v2\/media?parent=8849"}],"wp:term":[{"taxonomy":"product_brand","embeddable":true,"href":"https:\/\/premecsa.com.ar\/en\/wp-json\/wp\/v2\/product_brand?post=8849"},{"taxonomy":"product_cat","embeddable":true,"href":"https:\/\/premecsa.com.ar\/en\/wp-json\/wp\/v2\/product_cat?post=8849"},{"taxonomy":"product_tag","embeddable":true,"href":"https:\/\/premecsa.com.ar\/en\/wp-json\/wp\/v2\/product_tag?post=8849"}],"curies":[{"name":"wp","href":"https:\/\/api.w.org\/{rel}","templated":true}]}}