{"id":7110,"date":"2023-05-04T15:11:30","date_gmt":"2023-05-04T18:11:30","guid":{"rendered":"https:\/\/premecsa.com.ar\/?post_type=product&#038;p=7110"},"modified":"2025-04-12T17:13:42","modified_gmt":"2025-04-12T14:13:42","slug":"autoelevador-electrico-triciclo-ep-cpd18tvl-lithium","status":"publish","type":"product","link":"https:\/\/premecsa.com.ar\/en\/shop\/autoelevador-electrico-triciclo-ep-cpd18tvl-lithium\/","title":{"rendered":"Autoelevador el\u00e9ctrico triciclo EP CPD18TVL Lithium"},"content":{"rendered":"<div class=\"wpb-content-wrapper\"><div   class=\"vc_row wpb_row vc_row-fluid\">\n\t<div  class=\"vc_span3 wpb_column vc_column_container\"><div class=\"vc_column-inner\">\n\t\t<div class=\"wpb_wrapper\">\n\t\t\t\n\t<div class=\"wpb_text_column wpb_content_element   ct_02wlrfdn3eydedqcsy7m\" >\n\t\t<div class=\"wpb_wrapper\" >\n\t\t\t<ul>\n<li>Marca: EP.<\/li>\n<li>Modelo CPD18TVL.<\/li>\n<li>Capacidad de Carga: 1800 KG.<\/li>\n<li>Elevaci\u00f3n m\u00e1x. 4800 mm.<\/li>\n<li>Torre triple con desplazador.<\/li>\n<li>Altura torre retraida 2150mm.<\/li>\n<li>Rodado s\u00f3lido\/neumatico<\/li>\n<li><strong>Mayor autonom\u00eda.<\/strong><\/li>\n<li><strong>Doble vida \u00fatil de bater\u00eda. <\/strong><\/li>\n<li><strong>Cargas r\u00e1pidas y de oportunidad.<\/strong><\/li>\n<li><strong>No requiere reposo despu\u00e9s de la carga.<\/strong><\/li>\n<li><strong>Menor consumo.<\/strong><\/li>\n<li><strong>Bater\u00eda libre de mantenimiento.<\/strong><\/li>\n<li><strong>Ecol\u00f3gica.<\/strong><\/li>\n<li>Direcci\u00f3n electro-asistida.<\/li>\n<li>Tecnolog\u00eda INVERTER AC ZAPI.<\/li>\n<li><strong>Incluye bater\u00eda y cargador.<\/strong><\/li>\n<\/ul>\n\n\t\t<\/div> \n\t<\/div> \n\t\t<\/div> <\/div>\n\t<\/div> \n\n\t<div  class=\"vc_span3 wpb_column vc_column_container\"><div class=\"vc_column-inner\">\n\t\t<div class=\"wpb_wrapper\">\n\t\t\t\r\n\t<div  class=\"wpb_single_image wpb_content_element vc_align_left\">\r\n\t\t<div class=\"wpb_wrapper\">\r\n\t\t\t\r\n\t\t\t<div class=\"vc_single_image-wrapper   vc_box_border_grey\"><img loading=\"lazy\" decoding=\"async\" width=\"206\" height=\"148\" src=\"https:\/\/premecsa.com.ar\/wp-content\/uploads\/2022\/07\/letsgrow_together.min_.png\" class=\"vc_single_image-img attachment-medium\" alt=\"\" title=\"letsgrow_together.min\" srcset=\"https:\/\/premecsa.com.ar\/wp-content\/uploads\/2022\/07\/letsgrow_together.min_.png 206w, https:\/\/premecsa.com.ar\/wp-content\/uploads\/2022\/07\/letsgrow_together.min_-553x400.png 553w\" sizes=\"auto, (max-width: 206px) 100vw, 206px\" \/><\/div>\r\n\t\t<\/div>\r\n\t<\/div>\r\n\r\n\t<div  class=\"wpb_single_image wpb_content_element vc_align_left\">\r\n\t\t<div class=\"wpb_wrapper\">\r\n\t\t\t\r\n\t\t\t<div class=\"vc_single_image-wrapper   vc_box_border_grey\"><img decoding=\"async\" class=\"vc_single_image-img\" src=\"https:\/\/premecsa.com.ar\/wp-content\/uploads\/2022\/07\/li-ion-1-172x80.png\" width=\"172\" height=\"80\" alt=\"li-ion\" title=\"li-ion\" loading=\"lazy\" \/><\/div>\r\n\t\t<\/div>\r\n\t<\/div>\r\n\n\t\t<\/div> <\/div>\n\t<\/div> \n\n\t<div  class=\"vc_span3 wpb_column vc_column_container\"><div class=\"vc_column-inner\">\n\t\t<div class=\"wpb_wrapper\">\n\t\t\t<style type=\"text\/css\" >#b_9se4ae7ucky8oj2mqbv3 a{color:; background:; margin-top:0px; margin-bottom:0px;  margin-left:0px; margin-right:0px; font-weight:900; border-radius:0px;}#b_9se4ae7ucky8oj2mqbv3 a:hover{color: ; background: ;}<\/style><div class=\"ta_left tf_btn_pos\" id=\"b_9se4ae7ucky8oj2mqbv3\" ><a class=\"rd_normal_bt mediumlarge_rd_bt bt_icon_left\" href=\"https:\/\/premecsa.com.ar\/wp-content\/uploads\/2023\/05\/cpd15-18-20tvl.pdf\" target=\"yes\"   ><i class=\"wi-download-cloud\" ><\/i><span>Download PDF<\/span><\/a><\/div><style type='text\/css'> @font-face{font-family: 'wi'; src:url('https:\/\/premecsa.com.ar\/wp-content\/themes\/thefox\/includes\/4k-icons\/icons\/4k-icons-pack05\/icons\/fonts\/wi.eot'); src:url('https:\/\/premecsa.com.ar\/wp-content\/themes\/thefox\/includes\/4k-icons\/icons\/4k-icons-pack05\/icons\/fonts\/wi.eot?#iefix') format('embedded-opentype'), url('https:\/\/premecsa.com.ar\/wp-content\/themes\/thefox\/includes\/4k-icons\/icons\/4k-icons-pack05\/icons\/fonts\/wi.woff') format('woff'), url('https:\/\/premecsa.com.ar\/wp-content\/themes\/thefox\/includes\/4k-icons\/icons\/4k-icons-pack05\/icons\/fonts\/wi.ttf') format('truetype'), url('https:\/\/premecsa.com.ar\/wp-content\/themes\/thefox\/includes\/4k-icons\/icons\/4k-icons-pack05\/icons\/fonts\/wi.svg#oi') format('svg'); font-weight: normal; font-style: normal;}#b_9se4ae7ucky8oj2mqbv3 .wi-download-cloud:before{font-family: 'wi'; font-weight: normal; font-style: normal;}#b_9se4ae7ucky8oj2mqbv3 .wi-download-cloud:before{content: \"\\e83b\";}<\/style>\n\n\t\t<\/div> <\/div>\n\t<\/div> \n\n\t<div  class=\"vc_span3 wpb_column vc_column_container\"><div class=\"vc_column-inner\">\n\t\t<div class=\"wpb_wrapper\">\n\t\t\t\n\t\t<\/div> <\/div>\n\t<\/div> \n<\/div>\n<\/div>","protected":false},"excerpt":{"rendered":"<p>Autoelevador el\u00e9ctrico triciclo marca EP EQUIPMENT modelo CPD18TVL torre triple, desplazador lateral e inclinaci\u00f3n, con tecnolog\u00eda de LITIO, (LIBRE DE MANTENIMIENTO). Equipo \u00e1gil y vers\u00e1til apto para jornadas de trabajo exigentes, ideal para pasillos angostos.<\/p>\n<p><a href=\"https:\/\/premecsa.com.ar\/wp-content\/uploads\/2023\/05\/cpd15-18-20tvl.pdf\" target=\"_blank\" rel=\"noopener\"><input class=\"contact pe-show-enq-modal wpi-button single_add_to_cart_button button alt\" name=\"contact\" type=\"button\" value=\"Download PDF\" \/><\/a><\/p>","protected":false},"featured_media":7171,"comment_status":"open","ping_status":"closed","template":"","meta":{"content-type":"","_joinchat":[]},"product_brand":[],"product_cat":[52,49],"product_tag":[],"class_list":{"0":"post-7110","1":"product","2":"type-product","3":"status-publish","4":"has-post-thumbnail","6":"product_cat-autoelevadores-electricos-ep","7":"product_cat-ep","9":"first","10":"instock","11":"shipping-taxable","12":"product-type-simple"},"yoast_head":"<!-- This site is optimized with the Yoast SEO plugin v27.4 - https:\/\/yoast.com\/product\/yoast-seo-wordpress\/ -->\n<title>Autoelevador el\u00e9ctrico triciclo EP CPD18TVL Lithium - Premec<\/title>\n<meta name=\"description\" content=\"Autoelevador el\u00e9ctrico triciclo marca EP EQUIPMENT modelo CPD18TVL torre triple, desplazador lateral e inclinaci\u00f3n, con tecnolog\u00eda de LITIO.\" \/>\n<meta name=\"robots\" content=\"index, follow, max-snippet:-1, max-image-preview:large, max-video-preview:-1\" \/>\n<link rel=\"canonical\" href=\"https:\/\/premecsa.com.ar\/en\/shop\/autoelevador-electrico-triciclo-ep-cpd18tvl-lithium\/\" \/>\n<meta property=\"og:locale\" content=\"en_US\" \/>\n<meta property=\"og:type\" content=\"article\" \/>\n<meta property=\"og:title\" content=\"Autoelevador el\u00e9ctrico triciclo EP CPD18TVL\" \/>\n<meta property=\"og:description\" content=\"Autoelevador el\u00e9ctrico triciclo marca EP EQUIPMENT modelo CPD18TVL torre triple, desplazador lateral e inclinaci\u00f3n, con tecnolog\u00eda de LITIO.\" \/>\n<meta property=\"og:url\" content=\"https:\/\/premecsa.com.ar\/en\/shop\/autoelevador-electrico-triciclo-ep-cpd18tvl-lithium\/\" \/>\n<meta property=\"og:site_name\" content=\"Premec\" \/>\n<meta property=\"article:publisher\" content=\"https:\/\/www.facebook.com\/premecsa\/\" \/>\n<meta property=\"article:modified_time\" content=\"2025-04-12T14:13:42+00:00\" \/>\n<meta property=\"og:image\" content=\"https:\/\/premecsa.com.ar\/wp-content\/uploads\/2023\/05\/autoelevador_electrico_triciclo_ep_cpd18tvl_lithium.jpg\" \/>\n\t<meta property=\"og:image:width\" content=\"800\" \/>\n\t<meta property=\"og:image:height\" content=\"800\" \/>\n\t<meta property=\"og:image:type\" content=\"image\/jpeg\" \/>\n<meta name=\"twitter:card\" content=\"summary_large_image\" \/>\n<meta name=\"twitter:title\" content=\"Autoelevador el\u00e9ctrico triciclo EP CPD18TVL\" \/>\n<meta name=\"twitter:description\" content=\"Autoelevador el\u00e9ctrico triciclo marca EP EQUIPMENT modelo CPD18TVL torre triple, desplazador lateral e inclinaci\u00f3n, con tecnolog\u00eda de LITIO.\" \/>\n<meta name=\"twitter:image\" content=\"https:\/\/premecsa.com.ar\/wp-content\/uploads\/2023\/05\/autoelevador_electrico_triciclo_ep_cpd18tvl_lithium.jpg\" \/>\n<meta name=\"twitter:label1\" content=\"Est. reading time\" \/>\n\t<meta name=\"twitter:data1\" content=\"1 minute\" \/>\n<script type=\"application\/ld+json\" class=\"yoast-schema-graph\">{\"@context\":\"https:\\\/\\\/schema.org\",\"@graph\":[{\"@type\":\"WebPage\",\"@id\":\"https:\\\/\\\/premecsa.com.ar\\\/shop\\\/autoelevador-electrico-triciclo-ep-cpd18tvl-lithium\\\/\",\"url\":\"https:\\\/\\\/premecsa.com.ar\\\/shop\\\/autoelevador-electrico-triciclo-ep-cpd18tvl-lithium\\\/\",\"name\":\"Autoelevador el\u00e9ctrico triciclo EP CPD18TVL Lithium - Premec\",\"isPartOf\":{\"@id\":\"https:\\\/\\\/premecsa.com.ar\\\/#website\"},\"primaryImageOfPage\":{\"@id\":\"https:\\\/\\\/premecsa.com.ar\\\/shop\\\/autoelevador-electrico-triciclo-ep-cpd18tvl-lithium\\\/#primaryimage\"},\"image\":{\"@id\":\"https:\\\/\\\/premecsa.com.ar\\\/shop\\\/autoelevador-electrico-triciclo-ep-cpd18tvl-lithium\\\/#primaryimage\"},\"thumbnailUrl\":\"https:\\\/\\\/premecsa.com.ar\\\/wp-content\\\/uploads\\\/2023\\\/05\\\/autoelevador_electrico_triciclo_ep_cpd18tvl_lithium.jpeg\",\"datePublished\":\"2023-05-04T18:11:30+00:00\",\"dateModified\":\"2025-04-12T14:13:42+00:00\",\"description\":\"Autoelevador el\u00e9ctrico triciclo marca EP EQUIPMENT modelo CPD18TVL torre triple, desplazador lateral e inclinaci\u00f3n, con tecnolog\u00eda de LITIO.\",\"breadcrumb\":{\"@id\":\"https:\\\/\\\/premecsa.com.ar\\\/shop\\\/autoelevador-electrico-triciclo-ep-cpd18tvl-lithium\\\/#breadcrumb\"},\"inLanguage\":\"en-US\",\"potentialAction\":[{\"@type\":\"ReadAction\",\"target\":[\"https:\\\/\\\/premecsa.com.ar\\\/shop\\\/autoelevador-electrico-triciclo-ep-cpd18tvl-lithium\\\/\"]}]},{\"@type\":\"ImageObject\",\"inLanguage\":\"en-US\",\"@id\":\"https:\\\/\\\/premecsa.com.ar\\\/shop\\\/autoelevador-electrico-triciclo-ep-cpd18tvl-lithium\\\/#primaryimage\",\"url\":\"https:\\\/\\\/premecsa.com.ar\\\/wp-content\\\/uploads\\\/2023\\\/05\\\/autoelevador_electrico_triciclo_ep_cpd18tvl_lithium.jpeg\",\"contentUrl\":\"https:\\\/\\\/premecsa.com.ar\\\/wp-content\\\/uploads\\\/2023\\\/05\\\/autoelevador_electrico_triciclo_ep_cpd18tvl_lithium.jpeg\",\"width\":535,\"height\":696,\"caption\":\"autoelevador_electrico_triciclo_ep_cpd18tvl_lithium\"},{\"@type\":\"BreadcrumbList\",\"@id\":\"https:\\\/\\\/premecsa.com.ar\\\/shop\\\/autoelevador-electrico-triciclo-ep-cpd18tvl-lithium\\\/#breadcrumb\",\"itemListElement\":[{\"@type\":\"ListItem\",\"position\":1,\"name\":\"Inicio\",\"item\":\"https:\\\/\\\/premecsa.com.ar\\\/\"},{\"@type\":\"ListItem\",\"position\":2,\"name\":\"Productos\",\"item\":\"https:\\\/\\\/premecsa.com.ar\\\/productos_vieja\\\/\"},{\"@type\":\"ListItem\",\"position\":3,\"name\":\"Autoelevador el\u00e9ctrico triciclo EP CPD18TVL Lithium\"}]},{\"@type\":\"WebSite\",\"@id\":\"https:\\\/\\\/premecsa.com.ar\\\/#website\",\"url\":\"https:\\\/\\\/premecsa.com.ar\\\/\",\"name\":\"Premec\",\"description\":\"Premec S.A. - Autoelevadores servicio t\u00e9cnico reparaci\u00f3n alquiler venta tractores de arrastre transpalet autoelevadores electricos autoelevadores combustion Premec\",\"publisher\":{\"@id\":\"https:\\\/\\\/premecsa.com.ar\\\/#organization\"},\"potentialAction\":[{\"@type\":\"SearchAction\",\"target\":{\"@type\":\"EntryPoint\",\"urlTemplate\":\"https:\\\/\\\/premecsa.com.ar\\\/?s={search_term_string}\"},\"query-input\":{\"@type\":\"PropertyValueSpecification\",\"valueRequired\":true,\"valueName\":\"search_term_string\"}}],\"inLanguage\":\"en-US\"},{\"@type\":\"Organization\",\"@id\":\"https:\\\/\\\/premecsa.com.ar\\\/#organization\",\"name\":\"Premec\",\"url\":\"https:\\\/\\\/premecsa.com.ar\\\/\",\"logo\":{\"@type\":\"ImageObject\",\"inLanguage\":\"en-US\",\"@id\":\"https:\\\/\\\/premecsa.com.ar\\\/#\\\/schema\\\/logo\\\/image\\\/\",\"url\":\"https:\\\/\\\/premecsa.com.ar\\\/wp-content\\\/uploads\\\/2018\\\/05\\\/logo-premec-01.png\",\"contentUrl\":\"https:\\\/\\\/premecsa.com.ar\\\/wp-content\\\/uploads\\\/2018\\\/05\\\/logo-premec-01.png\",\"width\":1305,\"height\":246,\"caption\":\"Premec\"},\"image\":{\"@id\":\"https:\\\/\\\/premecsa.com.ar\\\/#\\\/schema\\\/logo\\\/image\\\/\"},\"sameAs\":[\"https:\\\/\\\/www.facebook.com\\\/premecsa\\\/\",\"https:\\\/\\\/www.instagram.com\\\/premecsa\\\/\"]}]}<\/script>\n<!-- \/ Yoast SEO plugin. -->","yoast_head_json":{"title":"Autoelevador el\u00e9ctrico triciclo EP CPD18TVL Lithium - Premec","description":"Autoelevador el\u00e9ctrico triciclo marca EP EQUIPMENT modelo CPD18TVL torre triple, desplazador lateral e inclinaci\u00f3n, con tecnolog\u00eda de LITIO.","robots":{"index":"index","follow":"follow","max-snippet":"max-snippet:-1","max-image-preview":"max-image-preview:large","max-video-preview":"max-video-preview:-1"},"canonical":"https:\/\/premecsa.com.ar\/en\/shop\/autoelevador-electrico-triciclo-ep-cpd18tvl-lithium\/","og_locale":"en_US","og_type":"article","og_title":"Autoelevador el\u00e9ctrico triciclo EP CPD18TVL","og_description":"Autoelevador el\u00e9ctrico triciclo marca EP EQUIPMENT modelo CPD18TVL torre triple, desplazador lateral e inclinaci\u00f3n, con tecnolog\u00eda de LITIO.","og_url":"https:\/\/premecsa.com.ar\/en\/shop\/autoelevador-electrico-triciclo-ep-cpd18tvl-lithium\/","og_site_name":"Premec","article_publisher":"https:\/\/www.facebook.com\/premecsa\/","article_modified_time":"2025-04-12T14:13:42+00:00","og_image":[{"width":800,"height":800,"url":"https:\/\/premecsa.com.ar\/wp-content\/uploads\/2023\/05\/autoelevador_electrico_triciclo_ep_cpd18tvl_lithium.jpg","type":"image\/jpeg"}],"twitter_card":"summary_large_image","twitter_title":"Autoelevador el\u00e9ctrico triciclo EP CPD18TVL","twitter_description":"Autoelevador el\u00e9ctrico triciclo marca EP EQUIPMENT modelo CPD18TVL torre triple, desplazador lateral e inclinaci\u00f3n, con tecnolog\u00eda de LITIO.","twitter_image":"https:\/\/premecsa.com.ar\/wp-content\/uploads\/2023\/05\/autoelevador_electrico_triciclo_ep_cpd18tvl_lithium.jpg","twitter_misc":{"Est. reading time":"1 minute"},"schema":{"@context":"https:\/\/schema.org","@graph":[{"@type":"WebPage","@id":"https:\/\/premecsa.com.ar\/shop\/autoelevador-electrico-triciclo-ep-cpd18tvl-lithium\/","url":"https:\/\/premecsa.com.ar\/shop\/autoelevador-electrico-triciclo-ep-cpd18tvl-lithium\/","name":"Autoelevador el\u00e9ctrico triciclo EP CPD18TVL Lithium - Premec","isPartOf":{"@id":"https:\/\/premecsa.com.ar\/#website"},"primaryImageOfPage":{"@id":"https:\/\/premecsa.com.ar\/shop\/autoelevador-electrico-triciclo-ep-cpd18tvl-lithium\/#primaryimage"},"image":{"@id":"https:\/\/premecsa.com.ar\/shop\/autoelevador-electrico-triciclo-ep-cpd18tvl-lithium\/#primaryimage"},"thumbnailUrl":"https:\/\/premecsa.com.ar\/wp-content\/uploads\/2023\/05\/autoelevador_electrico_triciclo_ep_cpd18tvl_lithium.jpeg","datePublished":"2023-05-04T18:11:30+00:00","dateModified":"2025-04-12T14:13:42+00:00","description":"Autoelevador el\u00e9ctrico triciclo marca EP EQUIPMENT modelo CPD18TVL torre triple, desplazador lateral e inclinaci\u00f3n, con tecnolog\u00eda de LITIO.","breadcrumb":{"@id":"https:\/\/premecsa.com.ar\/shop\/autoelevador-electrico-triciclo-ep-cpd18tvl-lithium\/#breadcrumb"},"inLanguage":"en-US","potentialAction":[{"@type":"ReadAction","target":["https:\/\/premecsa.com.ar\/shop\/autoelevador-electrico-triciclo-ep-cpd18tvl-lithium\/"]}]},{"@type":"ImageObject","inLanguage":"en-US","@id":"https:\/\/premecsa.com.ar\/shop\/autoelevador-electrico-triciclo-ep-cpd18tvl-lithium\/#primaryimage","url":"https:\/\/premecsa.com.ar\/wp-content\/uploads\/2023\/05\/autoelevador_electrico_triciclo_ep_cpd18tvl_lithium.jpeg","contentUrl":"https:\/\/premecsa.com.ar\/wp-content\/uploads\/2023\/05\/autoelevador_electrico_triciclo_ep_cpd18tvl_lithium.jpeg","width":535,"height":696,"caption":"autoelevador_electrico_triciclo_ep_cpd18tvl_lithium"},{"@type":"BreadcrumbList","@id":"https:\/\/premecsa.com.ar\/shop\/autoelevador-electrico-triciclo-ep-cpd18tvl-lithium\/#breadcrumb","itemListElement":[{"@type":"ListItem","position":1,"name":"Inicio","item":"https:\/\/premecsa.com.ar\/"},{"@type":"ListItem","position":2,"name":"Productos","item":"https:\/\/premecsa.com.ar\/productos_vieja\/"},{"@type":"ListItem","position":3,"name":"Autoelevador el\u00e9ctrico triciclo EP CPD18TVL Lithium"}]},{"@type":"WebSite","@id":"https:\/\/premecsa.com.ar\/#website","url":"https:\/\/premecsa.com.ar\/","name":"Premec","description":"Premec S.A. - Autoelevadores servicio t\u00e9cnico reparaci\u00f3n alquiler venta tractores de arrastre transpalet autoelevadores electricos autoelevadores combustion Premec","publisher":{"@id":"https:\/\/premecsa.com.ar\/#organization"},"potentialAction":[{"@type":"SearchAction","target":{"@type":"EntryPoint","urlTemplate":"https:\/\/premecsa.com.ar\/?s={search_term_string}"},"query-input":{"@type":"PropertyValueSpecification","valueRequired":true,"valueName":"search_term_string"}}],"inLanguage":"en-US"},{"@type":"Organization","@id":"https:\/\/premecsa.com.ar\/#organization","name":"Premec","url":"https:\/\/premecsa.com.ar\/","logo":{"@type":"ImageObject","inLanguage":"en-US","@id":"https:\/\/premecsa.com.ar\/#\/schema\/logo\/image\/","url":"https:\/\/premecsa.com.ar\/wp-content\/uploads\/2018\/05\/logo-premec-01.png","contentUrl":"https:\/\/premecsa.com.ar\/wp-content\/uploads\/2018\/05\/logo-premec-01.png","width":1305,"height":246,"caption":"Premec"},"image":{"@id":"https:\/\/premecsa.com.ar\/#\/schema\/logo\/image\/"},"sameAs":["https:\/\/www.facebook.com\/premecsa\/","https:\/\/www.instagram.com\/premecsa\/"]}]}},"_links":{"self":[{"href":"https:\/\/premecsa.com.ar\/en\/wp-json\/wp\/v2\/product\/7110","targetHints":{"allow":["GET"]}}],"collection":[{"href":"https:\/\/premecsa.com.ar\/en\/wp-json\/wp\/v2\/product"}],"about":[{"href":"https:\/\/premecsa.com.ar\/en\/wp-json\/wp\/v2\/types\/product"}],"replies":[{"embeddable":true,"href":"https:\/\/premecsa.com.ar\/en\/wp-json\/wp\/v2\/comments?post=7110"}],"wp:featuredmedia":[{"embeddable":true,"href":"https:\/\/premecsa.com.ar\/en\/wp-json\/wp\/v2\/media\/7171"}],"wp:attachment":[{"href":"https:\/\/premecsa.com.ar\/en\/wp-json\/wp\/v2\/media?parent=7110"}],"wp:term":[{"taxonomy":"product_brand","embeddable":true,"href":"https:\/\/premecsa.com.ar\/en\/wp-json\/wp\/v2\/product_brand?post=7110"},{"taxonomy":"product_cat","embeddable":true,"href":"https:\/\/premecsa.com.ar\/en\/wp-json\/wp\/v2\/product_cat?post=7110"},{"taxonomy":"product_tag","embeddable":true,"href":"https:\/\/premecsa.com.ar\/en\/wp-json\/wp\/v2\/product_tag?post=7110"}],"curies":[{"name":"wp","href":"https:\/\/api.w.org\/{rel}","templated":true}]}}