{"id":6947,"date":"2022-07-20T10:40:47","date_gmt":"2022-07-20T13:40:47","guid":{"rendered":"https:\/\/premecsa.com.ar\/?post_type=product&#038;p=6947"},"modified":"2024-06-28T21:29:47","modified_gmt":"2024-06-29T00:29:47","slug":"autoelevador-diesel-ep-cpdc25-35-t8-mitsubishi","status":"publish","type":"product","link":"https:\/\/premecsa.com.ar\/en\/shop\/autoelevador-diesel-ep-cpdc25-35-t8-mitsubishi\/","title":{"rendered":"Autoelevador diesel  EP CPDC25\/35-T8 Mitsubishi"},"content":{"rendered":"<div class=\"wpb-content-wrapper\"><div   class=\"vc_row wpb_row vc_row-fluid\">\n\t<div  class=\"vc_span4 wpb_column vc_column_container\"><div class=\"vc_column-inner\">\n\t\t<div class=\"wpb_wrapper\">\n\t\t\t\n\t<div class=\"wpb_text_column wpb_content_element   ct_5pnku21m9s2vkv7k2ogj\" >\n\t\t<div class=\"wpb_wrapper\" >\n\t\t\t<ul>\n<li>Marca: EP.<\/li>\n<li>Motor <strong>MITSUBISHI S4S<\/strong> EURO III.<\/li>\n<li>Capacidad de carga 2.500 o 3500kg.<\/li>\n<li>Triple tower.<\/li>\n<li>Elevaci\u00f3n 4800\/6000mm.<\/li>\n<li>Tire tread.<\/li>\n<li><strong>Transmisi\u00f3n<\/strong><\/li>\n<li>Desplazador lateral.<\/li>\n<\/ul>\n\n\t\t<\/div> \n\t<\/div> \n\t\t<\/div> <\/div>\n\t<\/div> \n\n\t<div  class=\"vc_span4 wpb_column vc_column_container\"><div class=\"vc_column-inner vc_custom_1657219344640\">\n\t\t<div class=\"wpb_wrapper\">\n\t\t\t\r\n\t<div  class=\"wpb_single_image wpb_content_element vc_align_left\">\r\n\t\t<div class=\"wpb_wrapper\">\r\n\t\t\t\r\n\t\t\t<div class=\"vc_single_image-wrapper   vc_box_border_grey\"><img loading=\"lazy\" decoding=\"async\" width=\"206\" height=\"148\" src=\"https:\/\/premecsa.com.ar\/wp-content\/uploads\/2022\/07\/letsgrow_together.min_.png\" class=\"vc_single_image-img attachment-medium\" alt=\"\" title=\"letsgrow_together.min\" srcset=\"https:\/\/premecsa.com.ar\/wp-content\/uploads\/2022\/07\/letsgrow_together.min_.png 206w, https:\/\/premecsa.com.ar\/wp-content\/uploads\/2022\/07\/letsgrow_together.min_-553x400.png 553w\" sizes=\"auto, (max-width: 206px) 100vw, 206px\" \/><\/div>\r\n\t\t<\/div>\r\n\t<\/div>\r\n\n\t\t<\/div> <\/div>\n\t<\/div> \n\n\t<div  class=\"vc_span4 wpb_column vc_column_container\"><div class=\"vc_column-inner\">\n\t\t<div class=\"wpb_wrapper\">\n\t\t\t<style type=\"text\/css\" >#b_f53y3nmbtq89y9bduonz a{color:; background:; margin-top:0px; margin-bottom:0px;  margin-left:0px; margin-right:0px; font-weight:900; border-radius:0px;}#b_f53y3nmbtq89y9bduonz a:hover{color: ; background: ;}<\/style><div class=\"ta_left tf_btn_pos\" id=\"b_f53y3nmbtq89y9bduonz\" ><a class=\"rd_normal_bt mediumlarge_rd_bt bt_icon_left\" href=\"https:\/\/premecsa.com.ar\/wp-content\/uploads\/2022\/07\/CPCQD15-35T8-EN-Brochure.pdf\" target=\"yes\"   ><i class=\"wi-download-cloud\" ><\/i><span>Download PDF<\/span><\/a><\/div><style type='text\/css'> @font-face{font-family: 'wi'; src:url('https:\/\/premecsa.com.ar\/wp-content\/themes\/thefox\/includes\/4k-icons\/icons\/4k-icons-pack05\/icons\/fonts\/wi.eot'); src:url('https:\/\/premecsa.com.ar\/wp-content\/themes\/thefox\/includes\/4k-icons\/icons\/4k-icons-pack05\/icons\/fonts\/wi.eot?#iefix') format('embedded-opentype'), url('https:\/\/premecsa.com.ar\/wp-content\/themes\/thefox\/includes\/4k-icons\/icons\/4k-icons-pack05\/icons\/fonts\/wi.woff') format('woff'), url('https:\/\/premecsa.com.ar\/wp-content\/themes\/thefox\/includes\/4k-icons\/icons\/4k-icons-pack05\/icons\/fonts\/wi.ttf') format('truetype'), url('https:\/\/premecsa.com.ar\/wp-content\/themes\/thefox\/includes\/4k-icons\/icons\/4k-icons-pack05\/icons\/fonts\/wi.svg#oi') format('svg'); font-weight: normal; font-style: normal;}#b_f53y3nmbtq89y9bduonz .wi-download-cloud:before{font-family: 'wi'; font-weight: normal; font-style: normal;}#b_f53y3nmbtq89y9bduonz .wi-download-cloud:before{content: \"\\e83b\";}<\/style>\n\n\t\t<\/div> <\/div>\n\t<\/div> \n<\/div>\n<\/div>","protected":false},"excerpt":{"rendered":"<p>Autoelevador Diesel marca EP-EQUIPMENT modelo CPCD T8 con torre triple, desplazador lateral e inclinaci\u00f3n. Equipado con motor MITSUBISHI S4S y bomba hidr\u00e1ulica (Japon), transmisi\u00f3n autom\u00e1tica, cumple con la norma de contaminaci\u00f3n Euro III.<\/p>\n<p><a href=\"https:\/\/premecsa.com.ar\/wp-content\/uploads\/2022\/07\/CPCQD15-35T8-EN-Brochure.pdf\" target=\"_blank\" rel=\"noopener\"><input class=\"contact pe-show-enq-modal wpi-button single_add_to_cart_button button alt\" name=\"contact\" type=\"button\" value=\"Download PDF\" \/><\/a><\/p>","protected":false},"featured_media":6948,"comment_status":"open","ping_status":"closed","template":"","meta":{"content-type":"","_joinchat":[]},"product_brand":[],"product_cat":[51,49],"product_tag":[],"class_list":{"0":"post-6947","1":"product","2":"type-product","3":"status-publish","4":"has-post-thumbnail","6":"product_cat-autoelevadores-diesel-ep","7":"product_cat-ep","9":"first","10":"instock","11":"shipping-taxable","12":"product-type-simple"},"yoast_head":"<!-- This site is optimized with the Yoast SEO plugin v27.4 - https:\/\/yoast.com\/product\/yoast-seo-wordpress\/ -->\n<title>Autoelevador diesel EP CPDC25\/35-T8 Mitsubishi - Premec<\/title>\n<meta name=\"description\" content=\"Autoelevador Diesel marca EP-EQUIPMENT modelo CPCD T8 con torre triple, desplazador lateral e inclinaci\u00f3n.\" \/>\n<meta name=\"robots\" content=\"index, follow, max-snippet:-1, max-image-preview:large, max-video-preview:-1\" \/>\n<link rel=\"canonical\" href=\"https:\/\/premecsa.com.ar\/en\/shop\/autoelevador-diesel-ep-cpdc25-35-t8-mitsubishi\/\" \/>\n<meta property=\"og:locale\" content=\"en_US\" \/>\n<meta property=\"og:type\" content=\"article\" \/>\n<meta property=\"og:title\" content=\"Autoelevador diesel EP CPDC25\/35-T8 Mitsubishi\" \/>\n<meta property=\"og:description\" content=\"Autoelevador Diesel marca EP-EQUIPMENT modelo CPCD T8 con torre triple, desplazador lateral e inclinaci\u00f3n.\" \/>\n<meta property=\"og:url\" content=\"https:\/\/premecsa.com.ar\/en\/shop\/autoelevador-diesel-ep-cpdc25-35-t8-mitsubishi\/\" \/>\n<meta property=\"og:site_name\" content=\"Premec\" \/>\n<meta property=\"article:publisher\" content=\"https:\/\/www.facebook.com\/premecsa\/\" \/>\n<meta property=\"article:modified_time\" content=\"2024-06-29T00:29:47+00:00\" \/>\n<meta property=\"og:image\" content=\"https:\/\/premecsa.com.ar\/wp-content\/uploads\/2022\/07\/autoelevador_diesel-_EP_CPDC2535-T8_Mitsubishi.jpg\" \/>\n\t<meta property=\"og:image:width\" content=\"800\" \/>\n\t<meta property=\"og:image:height\" content=\"800\" \/>\n\t<meta property=\"og:image:type\" content=\"image\/jpeg\" \/>\n<meta name=\"twitter:card\" content=\"summary_large_image\" \/>\n<meta name=\"twitter:title\" content=\"Autoelevador diesel EP CPDC25\/35-T8 Mitsubishi\" \/>\n<meta name=\"twitter:description\" content=\"Autoelevador Diesel marca EP-EQUIPMENT modelo CPCD T8 con torre triple, desplazador lateral e inclinaci\u00f3n.\" \/>\n<meta name=\"twitter:image\" content=\"https:\/\/premecsa.com.ar\/wp-content\/uploads\/2022\/07\/autoelevador_diesel-_EP_CPDC2535-T8_Mitsubishi.jpg\" \/>\n<meta name=\"twitter:label1\" content=\"Est. reading time\" \/>\n\t<meta name=\"twitter:data1\" content=\"1 minute\" \/>\n<script type=\"application\/ld+json\" class=\"yoast-schema-graph\">{\"@context\":\"https:\\\/\\\/schema.org\",\"@graph\":[{\"@type\":\"WebPage\",\"@id\":\"https:\\\/\\\/premecsa.com.ar\\\/shop\\\/autoelevador-diesel-ep-cpdc25-35-t8-mitsubishi\\\/\",\"url\":\"https:\\\/\\\/premecsa.com.ar\\\/shop\\\/autoelevador-diesel-ep-cpdc25-35-t8-mitsubishi\\\/\",\"name\":\"Autoelevador diesel EP CPDC25\\\/35-T8 Mitsubishi - Premec\",\"isPartOf\":{\"@id\":\"https:\\\/\\\/premecsa.com.ar\\\/#website\"},\"primaryImageOfPage\":{\"@id\":\"https:\\\/\\\/premecsa.com.ar\\\/shop\\\/autoelevador-diesel-ep-cpdc25-35-t8-mitsubishi\\\/#primaryimage\"},\"image\":{\"@id\":\"https:\\\/\\\/premecsa.com.ar\\\/shop\\\/autoelevador-diesel-ep-cpdc25-35-t8-mitsubishi\\\/#primaryimage\"},\"thumbnailUrl\":\"https:\\\/\\\/premecsa.com.ar\\\/wp-content\\\/uploads\\\/2022\\\/07\\\/autoelevador_diesel-_EP_CPDC2535-T8_Mitsubishi.jpg\",\"datePublished\":\"2022-07-20T13:40:47+00:00\",\"dateModified\":\"2024-06-29T00:29:47+00:00\",\"description\":\"Autoelevador Diesel marca EP-EQUIPMENT modelo CPCD T8 con torre triple, desplazador lateral e inclinaci\u00f3n.\",\"breadcrumb\":{\"@id\":\"https:\\\/\\\/premecsa.com.ar\\\/shop\\\/autoelevador-diesel-ep-cpdc25-35-t8-mitsubishi\\\/#breadcrumb\"},\"inLanguage\":\"en-US\",\"potentialAction\":[{\"@type\":\"ReadAction\",\"target\":[\"https:\\\/\\\/premecsa.com.ar\\\/shop\\\/autoelevador-diesel-ep-cpdc25-35-t8-mitsubishi\\\/\"]}]},{\"@type\":\"ImageObject\",\"inLanguage\":\"en-US\",\"@id\":\"https:\\\/\\\/premecsa.com.ar\\\/shop\\\/autoelevador-diesel-ep-cpdc25-35-t8-mitsubishi\\\/#primaryimage\",\"url\":\"https:\\\/\\\/premecsa.com.ar\\\/wp-content\\\/uploads\\\/2022\\\/07\\\/autoelevador_diesel-_EP_CPDC2535-T8_Mitsubishi.jpg\",\"contentUrl\":\"https:\\\/\\\/premecsa.com.ar\\\/wp-content\\\/uploads\\\/2022\\\/07\\\/autoelevador_diesel-_EP_CPDC2535-T8_Mitsubishi.jpg\",\"width\":800,\"height\":800,\"caption\":\"autoelevador_diesel-_EP_CPDC2535-T8_Mitsubishi\"},{\"@type\":\"BreadcrumbList\",\"@id\":\"https:\\\/\\\/premecsa.com.ar\\\/shop\\\/autoelevador-diesel-ep-cpdc25-35-t8-mitsubishi\\\/#breadcrumb\",\"itemListElement\":[{\"@type\":\"ListItem\",\"position\":1,\"name\":\"Inicio\",\"item\":\"https:\\\/\\\/premecsa.com.ar\\\/\"},{\"@type\":\"ListItem\",\"position\":2,\"name\":\"Productos\",\"item\":\"https:\\\/\\\/premecsa.com.ar\\\/productos_vieja\\\/\"},{\"@type\":\"ListItem\",\"position\":3,\"name\":\"Autoelevador diesel EP CPDC25\\\/35-T8 Mitsubishi\"}]},{\"@type\":\"WebSite\",\"@id\":\"https:\\\/\\\/premecsa.com.ar\\\/#website\",\"url\":\"https:\\\/\\\/premecsa.com.ar\\\/\",\"name\":\"Premec\",\"description\":\"Premec S.A. - Autoelevadores servicio t\u00e9cnico reparaci\u00f3n alquiler venta tractores de arrastre transpalet autoelevadores electricos autoelevadores combustion Premec\",\"publisher\":{\"@id\":\"https:\\\/\\\/premecsa.com.ar\\\/#organization\"},\"potentialAction\":[{\"@type\":\"SearchAction\",\"target\":{\"@type\":\"EntryPoint\",\"urlTemplate\":\"https:\\\/\\\/premecsa.com.ar\\\/?s={search_term_string}\"},\"query-input\":{\"@type\":\"PropertyValueSpecification\",\"valueRequired\":true,\"valueName\":\"search_term_string\"}}],\"inLanguage\":\"en-US\"},{\"@type\":\"Organization\",\"@id\":\"https:\\\/\\\/premecsa.com.ar\\\/#organization\",\"name\":\"Premec\",\"url\":\"https:\\\/\\\/premecsa.com.ar\\\/\",\"logo\":{\"@type\":\"ImageObject\",\"inLanguage\":\"en-US\",\"@id\":\"https:\\\/\\\/premecsa.com.ar\\\/#\\\/schema\\\/logo\\\/image\\\/\",\"url\":\"https:\\\/\\\/premecsa.com.ar\\\/wp-content\\\/uploads\\\/2018\\\/05\\\/logo-premec-01.png\",\"contentUrl\":\"https:\\\/\\\/premecsa.com.ar\\\/wp-content\\\/uploads\\\/2018\\\/05\\\/logo-premec-01.png\",\"width\":1305,\"height\":246,\"caption\":\"Premec\"},\"image\":{\"@id\":\"https:\\\/\\\/premecsa.com.ar\\\/#\\\/schema\\\/logo\\\/image\\\/\"},\"sameAs\":[\"https:\\\/\\\/www.facebook.com\\\/premecsa\\\/\",\"https:\\\/\\\/www.instagram.com\\\/premecsa\\\/\"]}]}<\/script>\n<!-- \/ Yoast SEO plugin. -->","yoast_head_json":{"title":"Autoelevador diesel EP CPDC25\/35-T8 Mitsubishi - Premec","description":"Autoelevador Diesel marca EP-EQUIPMENT modelo CPCD T8 con torre triple, desplazador lateral e inclinaci\u00f3n.","robots":{"index":"index","follow":"follow","max-snippet":"max-snippet:-1","max-image-preview":"max-image-preview:large","max-video-preview":"max-video-preview:-1"},"canonical":"https:\/\/premecsa.com.ar\/en\/shop\/autoelevador-diesel-ep-cpdc25-35-t8-mitsubishi\/","og_locale":"en_US","og_type":"article","og_title":"Autoelevador diesel EP CPDC25\/35-T8 Mitsubishi","og_description":"Autoelevador Diesel marca EP-EQUIPMENT modelo CPCD T8 con torre triple, desplazador lateral e inclinaci\u00f3n.","og_url":"https:\/\/premecsa.com.ar\/en\/shop\/autoelevador-diesel-ep-cpdc25-35-t8-mitsubishi\/","og_site_name":"Premec","article_publisher":"https:\/\/www.facebook.com\/premecsa\/","article_modified_time":"2024-06-29T00:29:47+00:00","og_image":[{"width":800,"height":800,"url":"https:\/\/premecsa.com.ar\/wp-content\/uploads\/2022\/07\/autoelevador_diesel-_EP_CPDC2535-T8_Mitsubishi.jpg","type":"image\/jpeg"}],"twitter_card":"summary_large_image","twitter_title":"Autoelevador diesel EP CPDC25\/35-T8 Mitsubishi","twitter_description":"Autoelevador Diesel marca EP-EQUIPMENT modelo CPCD T8 con torre triple, desplazador lateral e inclinaci\u00f3n.","twitter_image":"https:\/\/premecsa.com.ar\/wp-content\/uploads\/2022\/07\/autoelevador_diesel-_EP_CPDC2535-T8_Mitsubishi.jpg","twitter_misc":{"Est. reading time":"1 minute"},"schema":{"@context":"https:\/\/schema.org","@graph":[{"@type":"WebPage","@id":"https:\/\/premecsa.com.ar\/shop\/autoelevador-diesel-ep-cpdc25-35-t8-mitsubishi\/","url":"https:\/\/premecsa.com.ar\/shop\/autoelevador-diesel-ep-cpdc25-35-t8-mitsubishi\/","name":"Autoelevador diesel EP CPDC25\/35-T8 Mitsubishi - Premec","isPartOf":{"@id":"https:\/\/premecsa.com.ar\/#website"},"primaryImageOfPage":{"@id":"https:\/\/premecsa.com.ar\/shop\/autoelevador-diesel-ep-cpdc25-35-t8-mitsubishi\/#primaryimage"},"image":{"@id":"https:\/\/premecsa.com.ar\/shop\/autoelevador-diesel-ep-cpdc25-35-t8-mitsubishi\/#primaryimage"},"thumbnailUrl":"https:\/\/premecsa.com.ar\/wp-content\/uploads\/2022\/07\/autoelevador_diesel-_EP_CPDC2535-T8_Mitsubishi.jpg","datePublished":"2022-07-20T13:40:47+00:00","dateModified":"2024-06-29T00:29:47+00:00","description":"Autoelevador Diesel marca EP-EQUIPMENT modelo CPCD T8 con torre triple, desplazador lateral e inclinaci\u00f3n.","breadcrumb":{"@id":"https:\/\/premecsa.com.ar\/shop\/autoelevador-diesel-ep-cpdc25-35-t8-mitsubishi\/#breadcrumb"},"inLanguage":"en-US","potentialAction":[{"@type":"ReadAction","target":["https:\/\/premecsa.com.ar\/shop\/autoelevador-diesel-ep-cpdc25-35-t8-mitsubishi\/"]}]},{"@type":"ImageObject","inLanguage":"en-US","@id":"https:\/\/premecsa.com.ar\/shop\/autoelevador-diesel-ep-cpdc25-35-t8-mitsubishi\/#primaryimage","url":"https:\/\/premecsa.com.ar\/wp-content\/uploads\/2022\/07\/autoelevador_diesel-_EP_CPDC2535-T8_Mitsubishi.jpg","contentUrl":"https:\/\/premecsa.com.ar\/wp-content\/uploads\/2022\/07\/autoelevador_diesel-_EP_CPDC2535-T8_Mitsubishi.jpg","width":800,"height":800,"caption":"autoelevador_diesel-_EP_CPDC2535-T8_Mitsubishi"},{"@type":"BreadcrumbList","@id":"https:\/\/premecsa.com.ar\/shop\/autoelevador-diesel-ep-cpdc25-35-t8-mitsubishi\/#breadcrumb","itemListElement":[{"@type":"ListItem","position":1,"name":"Inicio","item":"https:\/\/premecsa.com.ar\/"},{"@type":"ListItem","position":2,"name":"Productos","item":"https:\/\/premecsa.com.ar\/productos_vieja\/"},{"@type":"ListItem","position":3,"name":"Autoelevador diesel EP CPDC25\/35-T8 Mitsubishi"}]},{"@type":"WebSite","@id":"https:\/\/premecsa.com.ar\/#website","url":"https:\/\/premecsa.com.ar\/","name":"Premec","description":"Premec S.A. - Autoelevadores servicio t\u00e9cnico reparaci\u00f3n alquiler venta tractores de arrastre transpalet autoelevadores electricos autoelevadores combustion Premec","publisher":{"@id":"https:\/\/premecsa.com.ar\/#organization"},"potentialAction":[{"@type":"SearchAction","target":{"@type":"EntryPoint","urlTemplate":"https:\/\/premecsa.com.ar\/?s={search_term_string}"},"query-input":{"@type":"PropertyValueSpecification","valueRequired":true,"valueName":"search_term_string"}}],"inLanguage":"en-US"},{"@type":"Organization","@id":"https:\/\/premecsa.com.ar\/#organization","name":"Premec","url":"https:\/\/premecsa.com.ar\/","logo":{"@type":"ImageObject","inLanguage":"en-US","@id":"https:\/\/premecsa.com.ar\/#\/schema\/logo\/image\/","url":"https:\/\/premecsa.com.ar\/wp-content\/uploads\/2018\/05\/logo-premec-01.png","contentUrl":"https:\/\/premecsa.com.ar\/wp-content\/uploads\/2018\/05\/logo-premec-01.png","width":1305,"height":246,"caption":"Premec"},"image":{"@id":"https:\/\/premecsa.com.ar\/#\/schema\/logo\/image\/"},"sameAs":["https:\/\/www.facebook.com\/premecsa\/","https:\/\/www.instagram.com\/premecsa\/"]}]}},"_links":{"self":[{"href":"https:\/\/premecsa.com.ar\/en\/wp-json\/wp\/v2\/product\/6947","targetHints":{"allow":["GET"]}}],"collection":[{"href":"https:\/\/premecsa.com.ar\/en\/wp-json\/wp\/v2\/product"}],"about":[{"href":"https:\/\/premecsa.com.ar\/en\/wp-json\/wp\/v2\/types\/product"}],"replies":[{"embeddable":true,"href":"https:\/\/premecsa.com.ar\/en\/wp-json\/wp\/v2\/comments?post=6947"}],"wp:featuredmedia":[{"embeddable":true,"href":"https:\/\/premecsa.com.ar\/en\/wp-json\/wp\/v2\/media\/6948"}],"wp:attachment":[{"href":"https:\/\/premecsa.com.ar\/en\/wp-json\/wp\/v2\/media?parent=6947"}],"wp:term":[{"taxonomy":"product_brand","embeddable":true,"href":"https:\/\/premecsa.com.ar\/en\/wp-json\/wp\/v2\/product_brand?post=6947"},{"taxonomy":"product_cat","embeddable":true,"href":"https:\/\/premecsa.com.ar\/en\/wp-json\/wp\/v2\/product_cat?post=6947"},{"taxonomy":"product_tag","embeddable":true,"href":"https:\/\/premecsa.com.ar\/en\/wp-json\/wp\/v2\/product_tag?post=6947"}],"curies":[{"name":"wp","href":"https:\/\/api.w.org\/{rel}","templated":true}]}}