{"id":6932,"date":"2022-07-15T14:28:20","date_gmt":"2022-07-15T17:28:20","guid":{"rendered":"https:\/\/premecsa.com.ar\/?post_type=product&#038;p=6932"},"modified":"2023-05-08T14:54:08","modified_gmt":"2023-05-08T17:54:08","slug":"apilador-reach-ep-cqd-l-lithium","status":"publish","type":"product","link":"https:\/\/premecsa.com.ar\/en\/shop\/apilador-reach-ep-cqd-l-lithium\/","title":{"rendered":"Apilador reach EP CQD-L Lithium"},"content":{"rendered":"<div class=\"wpb-content-wrapper\"><div   class=\"vc_row wpb_row vc_row-fluid\">\n\t<div  class=\"vc_span3 wpb_column vc_column_container\"><div class=\"vc_column-inner\">\n\t\t<div class=\"wpb_wrapper\">\n\t\t\t\n\t<div class=\"wpb_text_column wpb_content_element   ct_b7s3qhmxjc6kx4bbv0zj\" >\n\t\t<div class=\"wpb_wrapper\" >\n\t\t\t<ul>\n<li>Marca: EP.<\/li>\n<li><strong>Bater\u00eda Li-ion y cargador.<\/strong><\/li>\n<li>Capacidad de Carga <strong>1600 o 2000KG.<\/strong><\/li>\n<li>Triple tower.<\/li>\n<li>Apto rack penetrable<\/li>\n<li>Elevaci\u00f3n <strong>7500\/12000mm.<\/strong><\/li>\n<li>Hombre a bordo<\/li>\n<li>Reach, inclinaci\u00f3n de u\u00f1as y desplazador.<\/li>\n<li>Rodado poliuretano.<\/li>\n<li>Ancho total <strong>1090mm<\/strong>.<\/li>\n<\/ul>\n\n\t\t<\/div> \n\t<\/div> \n\t\t<\/div> <\/div>\n\t<\/div> \n\n\t<div  class=\"vc_span3 wpb_column vc_column_container\"><div class=\"vc_column-inner vc_custom_1657219344640\">\n\t\t<div class=\"wpb_wrapper\">\n\t\t\t\n\t<div class=\"wpb_text_column wpb_content_element  vc_custom_1657910619656  ct_3pgigr2x1ry2if120mq3\" >\n\t\t<div class=\"wpb_wrapper\" >\n\t\t\t<p><strong>Ventaja Bateria Litio:<\/strong><\/p>\n\n\t\t<\/div> \n\t<\/div> \n\t<div class=\"wpb_text_column wpb_content_element   ct_5ncn216bimuv9tyixawf\" >\n\t\t<div class=\"wpb_wrapper\" >\n\t\t\t<ul>\n<li>Cargador 48V 150AH<\/li>\n<li>Mayor autonom\u00eda.<\/li>\n<li>Doble vida \u00fatil de bater\u00eda.<\/li>\n<li>Cargas r\u00e1pidas y de oportunidad.<\/li>\n<li>No requiere reposo despu\u00e9s de la carga.<\/li>\n<li>Menor consumo.<\/li>\n<li>Bater\u00eda libre de mantenimiento.<\/li>\n<\/ul>\n\n\t\t<\/div> \n\t<\/div> \n\t\t<\/div> <\/div>\n\t<\/div> \n\n\t<div  class=\"vc_span3 wpb_column vc_column_container\"><div class=\"vc_column-inner vc_custom_1657219351608\">\n\t\t<div class=\"wpb_wrapper\">\n\t\t\t\r\n\t<div  class=\"wpb_single_image wpb_content_element vc_align_left\">\r\n\t\t<div class=\"wpb_wrapper\">\r\n\t\t\t\r\n\t\t\t<div class=\"vc_single_image-wrapper   vc_box_border_grey\"><img loading=\"lazy\" decoding=\"async\" width=\"206\" height=\"148\" src=\"https:\/\/premecsa.com.ar\/wp-content\/uploads\/2022\/07\/letsgrow_together.min_.png\" class=\"vc_single_image-img attachment-medium\" alt=\"\" title=\"letsgrow_together.min\" srcset=\"https:\/\/premecsa.com.ar\/wp-content\/uploads\/2022\/07\/letsgrow_together.min_.png 206w, https:\/\/premecsa.com.ar\/wp-content\/uploads\/2022\/07\/letsgrow_together.min_-553x400.png 553w\" sizes=\"auto, (max-width: 206px) 100vw, 206px\" \/><\/div>\r\n\t\t<\/div>\r\n\t<\/div>\r\n\r\n\t<div  class=\"wpb_single_image wpb_content_element vc_align_left\">\r\n\t\t<div class=\"wpb_wrapper\">\r\n\t\t\t\r\n\t\t\t<div class=\"vc_single_image-wrapper   vc_box_border_grey\"><img decoding=\"async\" class=\"vc_single_image-img\" src=\"https:\/\/premecsa.com.ar\/wp-content\/uploads\/2022\/07\/li-ion-1-172x80.png\" width=\"172\" height=\"80\" alt=\"li-ion\" title=\"li-ion\" loading=\"lazy\" \/><\/div>\r\n\t\t<\/div>\r\n\t<\/div>\r\n\n\t\t<\/div> <\/div>\n\t<\/div> \n\n\t<div  class=\"vc_span3 wpb_column vc_column_container\"><div class=\"vc_column-inner\">\n\t\t<div class=\"wpb_wrapper\">\n\t\t\t<style type=\"text\/css\" >#b_ni2neic33gkwr66nkcxt a{color:; background:; margin-top:0px; margin-bottom:0px;  margin-left:0px; margin-right:0px; font-weight:900; border-radius:0px;}#b_ni2neic33gkwr66nkcxt a:hover{color: ; background: ;}<\/style><div class=\"ta_left tf_btn_pos\" id=\"b_ni2neic33gkwr66nkcxt\" ><a class=\"rd_normal_bt mediumlarge_rd_bt bt_icon_left\" href=\"http:\/\/premecsa.com.ar\/wp-content\/uploads\/2023\/05\/CQD16L-20L-ES-V220801.pdf\" target=\"yes\"   ><i class=\"wi-download-cloud\" ><\/i><span>Download PDF<\/span><\/a><\/div><style type='text\/css'> @font-face{font-family: 'wi'; src:url('https:\/\/premecsa.com.ar\/wp-content\/themes\/thefox\/includes\/4k-icons\/icons\/4k-icons-pack05\/icons\/fonts\/wi.eot'); src:url('https:\/\/premecsa.com.ar\/wp-content\/themes\/thefox\/includes\/4k-icons\/icons\/4k-icons-pack05\/icons\/fonts\/wi.eot?#iefix') format('embedded-opentype'), url('https:\/\/premecsa.com.ar\/wp-content\/themes\/thefox\/includes\/4k-icons\/icons\/4k-icons-pack05\/icons\/fonts\/wi.woff') format('woff'), url('https:\/\/premecsa.com.ar\/wp-content\/themes\/thefox\/includes\/4k-icons\/icons\/4k-icons-pack05\/icons\/fonts\/wi.ttf') format('truetype'), url('https:\/\/premecsa.com.ar\/wp-content\/themes\/thefox\/includes\/4k-icons\/icons\/4k-icons-pack05\/icons\/fonts\/wi.svg#oi') format('svg'); font-weight: normal; font-style: normal;}#b_ni2neic33gkwr66nkcxt .wi-download-cloud:before{font-family: 'wi'; font-weight: normal; font-style: normal;}#b_ni2neic33gkwr66nkcxt .wi-download-cloud:before{content: \"\\e83b\";}<\/style>\n\n\t\t<\/div> <\/div>\n\t<\/div> \n<\/div>\n<\/div>","protected":false},"excerpt":{"rendered":"<p>Apilador el\u00e9ctrico marca EP-EQUIPMENT modelo CQD-L apto para racks penetrables, hombre a bordo sentado el cual le brinda al operario un manejo c\u00f3modo para una mayor productividad. Equipo de alta performance con tecnolog\u00eda de LITIO para largas jornadas de trabajo. Ideal para log\u00edstica e intralogistica. Posee cuatro funciones hidr\u00e1ulicas (reach, elevaci\u00f3n, desplazador, inclinaci\u00f3n).<\/p>\n<p><a href=\"https:\/\/premecsa.com.ar\/wp-content\/uploads\/2023\/05\/CQD16L-20L-ES-V220801.pdf\" target=\"_blank\" rel=\"noopener\"><input class=\"contact pe-show-enq-modal wpi-button single_add_to_cart_button button alt\" name=\"contact\" type=\"button\" value=\"Download PDF\" \/><\/a><\/p>","protected":false},"featured_media":6933,"comment_status":"open","ping_status":"closed","template":"","meta":{"content-type":"","_joinchat":[]},"product_brand":[],"product_cat":[50,49],"product_tag":[],"class_list":{"0":"post-6932","1":"product","2":"type-product","3":"status-publish","4":"has-post-thumbnail","6":"product_cat-apiladores-ep","7":"product_cat-ep","9":"first","10":"instock","11":"shipping-taxable","12":"product-type-simple"},"yoast_head":"<!-- This site is optimized with the Yoast SEO plugin v27.4 - https:\/\/yoast.com\/product\/yoast-seo-wordpress\/ -->\n<title>Apilador reach EP CQD-L Lithium - Premec<\/title>\n<meta name=\"description\" content=\"Apilador el\u00e9ctrico marca EP-EQUIPMENT modelo CQD-L apto para racks penetrables, hombre a bordo sentado brindando al operario un manejo c\u00f3modo\" \/>\n<meta name=\"robots\" content=\"index, follow, max-snippet:-1, max-image-preview:large, max-video-preview:-1\" \/>\n<link rel=\"canonical\" href=\"https:\/\/premecsa.com.ar\/en\/shop\/apilador-reach-ep-cqd-l-lithium\/\" \/>\n<meta property=\"og:locale\" content=\"en_US\" \/>\n<meta property=\"og:type\" content=\"article\" \/>\n<meta property=\"og:title\" content=\"Apilador reach EP CQD-L Lithium\" \/>\n<meta property=\"og:description\" content=\"Apilador el\u00e9ctrico marca EP-EQUIPMENT modelo CQD-L apto para racks penetrables, hombre a bordo sentado brindando al operario un manejo c\u00f3modo\" \/>\n<meta property=\"og:url\" content=\"https:\/\/premecsa.com.ar\/en\/shop\/apilador-reach-ep-cqd-l-lithium\/\" \/>\n<meta property=\"og:site_name\" content=\"Premec\" \/>\n<meta property=\"article:publisher\" content=\"https:\/\/www.facebook.com\/premecsa\/\" \/>\n<meta property=\"article:modified_time\" content=\"2023-05-08T17:54:08+00:00\" \/>\n<meta property=\"og:image\" content=\"https:\/\/premecsa.com.ar\/wp-content\/uploads\/2022\/07\/ep_apilador_reach_cdq-l_narrow.jpg\" \/>\n\t<meta property=\"og:image:width\" content=\"800\" \/>\n\t<meta property=\"og:image:height\" content=\"800\" \/>\n\t<meta property=\"og:image:type\" content=\"image\/jpeg\" \/>\n<meta name=\"twitter:card\" content=\"summary_large_image\" \/>\n<meta name=\"twitter:title\" content=\"Apilador reach EP CQD-L Lithium\" \/>\n<meta name=\"twitter:description\" content=\"Apilador el\u00e9ctrico marca EP-EQUIPMENT modelo CQD-L apto para racks penetrables, hombre a bordo sentado brindando al operario un manejo c\u00f3modo.\" \/>\n<meta name=\"twitter:image\" content=\"https:\/\/premecsa.com.ar\/wp-content\/uploads\/2022\/07\/ep_apilador_reach_cdq-l_narrow.jpg\" \/>\n<meta name=\"twitter:label1\" content=\"Est. reading time\" \/>\n\t<meta name=\"twitter:data1\" content=\"1 minute\" \/>\n<script type=\"application\/ld+json\" class=\"yoast-schema-graph\">{\"@context\":\"https:\\\/\\\/schema.org\",\"@graph\":[{\"@type\":\"WebPage\",\"@id\":\"https:\\\/\\\/premecsa.com.ar\\\/shop\\\/apilador-reach-ep-cqd-l-lithium\\\/\",\"url\":\"https:\\\/\\\/premecsa.com.ar\\\/shop\\\/apilador-reach-ep-cqd-l-lithium\\\/\",\"name\":\"Apilador reach EP CQD-L Lithium - Premec\",\"isPartOf\":{\"@id\":\"https:\\\/\\\/premecsa.com.ar\\\/#website\"},\"primaryImageOfPage\":{\"@id\":\"https:\\\/\\\/premecsa.com.ar\\\/shop\\\/apilador-reach-ep-cqd-l-lithium\\\/#primaryimage\"},\"image\":{\"@id\":\"https:\\\/\\\/premecsa.com.ar\\\/shop\\\/apilador-reach-ep-cqd-l-lithium\\\/#primaryimage\"},\"thumbnailUrl\":\"https:\\\/\\\/premecsa.com.ar\\\/wp-content\\\/uploads\\\/2022\\\/07\\\/ep_apilador_reach_cdq-l_narrow.jpg\",\"datePublished\":\"2022-07-15T17:28:20+00:00\",\"dateModified\":\"2023-05-08T17:54:08+00:00\",\"description\":\"Apilador el\u00e9ctrico marca EP-EQUIPMENT modelo CQD-L apto para racks penetrables, hombre a bordo sentado brindando al operario un manejo c\u00f3modo\",\"breadcrumb\":{\"@id\":\"https:\\\/\\\/premecsa.com.ar\\\/shop\\\/apilador-reach-ep-cqd-l-lithium\\\/#breadcrumb\"},\"inLanguage\":\"en-US\",\"potentialAction\":[{\"@type\":\"ReadAction\",\"target\":[\"https:\\\/\\\/premecsa.com.ar\\\/shop\\\/apilador-reach-ep-cqd-l-lithium\\\/\"]}]},{\"@type\":\"ImageObject\",\"inLanguage\":\"en-US\",\"@id\":\"https:\\\/\\\/premecsa.com.ar\\\/shop\\\/apilador-reach-ep-cqd-l-lithium\\\/#primaryimage\",\"url\":\"https:\\\/\\\/premecsa.com.ar\\\/wp-content\\\/uploads\\\/2022\\\/07\\\/ep_apilador_reach_cdq-l_narrow.jpg\",\"contentUrl\":\"https:\\\/\\\/premecsa.com.ar\\\/wp-content\\\/uploads\\\/2022\\\/07\\\/ep_apilador_reach_cdq-l_narrow.jpg\",\"width\":800,\"height\":800,\"caption\":\"ep_apilador_reach_cdq-l_narrow\"},{\"@type\":\"BreadcrumbList\",\"@id\":\"https:\\\/\\\/premecsa.com.ar\\\/shop\\\/apilador-reach-ep-cqd-l-lithium\\\/#breadcrumb\",\"itemListElement\":[{\"@type\":\"ListItem\",\"position\":1,\"name\":\"Inicio\",\"item\":\"https:\\\/\\\/premecsa.com.ar\\\/\"},{\"@type\":\"ListItem\",\"position\":2,\"name\":\"Productos\",\"item\":\"https:\\\/\\\/premecsa.com.ar\\\/productos_vieja\\\/\"},{\"@type\":\"ListItem\",\"position\":3,\"name\":\"Apilador reach EP CQD-L Lithium\"}]},{\"@type\":\"WebSite\",\"@id\":\"https:\\\/\\\/premecsa.com.ar\\\/#website\",\"url\":\"https:\\\/\\\/premecsa.com.ar\\\/\",\"name\":\"Premec\",\"description\":\"Premec S.A. - Autoelevadores servicio t\u00e9cnico reparaci\u00f3n alquiler venta tractores de arrastre transpalet autoelevadores electricos autoelevadores combustion Premec\",\"publisher\":{\"@id\":\"https:\\\/\\\/premecsa.com.ar\\\/#organization\"},\"potentialAction\":[{\"@type\":\"SearchAction\",\"target\":{\"@type\":\"EntryPoint\",\"urlTemplate\":\"https:\\\/\\\/premecsa.com.ar\\\/?s={search_term_string}\"},\"query-input\":{\"@type\":\"PropertyValueSpecification\",\"valueRequired\":true,\"valueName\":\"search_term_string\"}}],\"inLanguage\":\"en-US\"},{\"@type\":\"Organization\",\"@id\":\"https:\\\/\\\/premecsa.com.ar\\\/#organization\",\"name\":\"Premec\",\"url\":\"https:\\\/\\\/premecsa.com.ar\\\/\",\"logo\":{\"@type\":\"ImageObject\",\"inLanguage\":\"en-US\",\"@id\":\"https:\\\/\\\/premecsa.com.ar\\\/#\\\/schema\\\/logo\\\/image\\\/\",\"url\":\"https:\\\/\\\/premecsa.com.ar\\\/wp-content\\\/uploads\\\/2018\\\/05\\\/logo-premec-01.png\",\"contentUrl\":\"https:\\\/\\\/premecsa.com.ar\\\/wp-content\\\/uploads\\\/2018\\\/05\\\/logo-premec-01.png\",\"width\":1305,\"height\":246,\"caption\":\"Premec\"},\"image\":{\"@id\":\"https:\\\/\\\/premecsa.com.ar\\\/#\\\/schema\\\/logo\\\/image\\\/\"},\"sameAs\":[\"https:\\\/\\\/www.facebook.com\\\/premecsa\\\/\",\"https:\\\/\\\/www.instagram.com\\\/premecsa\\\/\"]}]}<\/script>\n<!-- \/ Yoast SEO plugin. -->","yoast_head_json":{"title":"Apilador reach EP CQD-L Lithium - Premec","description":"Apilador el\u00e9ctrico marca EP-EQUIPMENT modelo CQD-L apto para racks penetrables, hombre a bordo sentado brindando al operario un manejo c\u00f3modo","robots":{"index":"index","follow":"follow","max-snippet":"max-snippet:-1","max-image-preview":"max-image-preview:large","max-video-preview":"max-video-preview:-1"},"canonical":"https:\/\/premecsa.com.ar\/en\/shop\/apilador-reach-ep-cqd-l-lithium\/","og_locale":"en_US","og_type":"article","og_title":"Apilador reach EP CQD-L Lithium","og_description":"Apilador el\u00e9ctrico marca EP-EQUIPMENT modelo CQD-L apto para racks penetrables, hombre a bordo sentado brindando al operario un manejo c\u00f3modo","og_url":"https:\/\/premecsa.com.ar\/en\/shop\/apilador-reach-ep-cqd-l-lithium\/","og_site_name":"Premec","article_publisher":"https:\/\/www.facebook.com\/premecsa\/","article_modified_time":"2023-05-08T17:54:08+00:00","og_image":[{"width":800,"height":800,"url":"https:\/\/premecsa.com.ar\/wp-content\/uploads\/2022\/07\/ep_apilador_reach_cdq-l_narrow.jpg","type":"image\/jpeg"}],"twitter_card":"summary_large_image","twitter_title":"Apilador reach EP CQD-L Lithium","twitter_description":"Apilador el\u00e9ctrico marca EP-EQUIPMENT modelo CQD-L apto para racks penetrables, hombre a bordo sentado brindando al operario un manejo c\u00f3modo.","twitter_image":"https:\/\/premecsa.com.ar\/wp-content\/uploads\/2022\/07\/ep_apilador_reach_cdq-l_narrow.jpg","twitter_misc":{"Est. reading time":"1 minute"},"schema":{"@context":"https:\/\/schema.org","@graph":[{"@type":"WebPage","@id":"https:\/\/premecsa.com.ar\/shop\/apilador-reach-ep-cqd-l-lithium\/","url":"https:\/\/premecsa.com.ar\/shop\/apilador-reach-ep-cqd-l-lithium\/","name":"Apilador reach EP CQD-L Lithium - Premec","isPartOf":{"@id":"https:\/\/premecsa.com.ar\/#website"},"primaryImageOfPage":{"@id":"https:\/\/premecsa.com.ar\/shop\/apilador-reach-ep-cqd-l-lithium\/#primaryimage"},"image":{"@id":"https:\/\/premecsa.com.ar\/shop\/apilador-reach-ep-cqd-l-lithium\/#primaryimage"},"thumbnailUrl":"https:\/\/premecsa.com.ar\/wp-content\/uploads\/2022\/07\/ep_apilador_reach_cdq-l_narrow.jpg","datePublished":"2022-07-15T17:28:20+00:00","dateModified":"2023-05-08T17:54:08+00:00","description":"Apilador el\u00e9ctrico marca EP-EQUIPMENT modelo CQD-L apto para racks penetrables, hombre a bordo sentado brindando al operario un manejo c\u00f3modo","breadcrumb":{"@id":"https:\/\/premecsa.com.ar\/shop\/apilador-reach-ep-cqd-l-lithium\/#breadcrumb"},"inLanguage":"en-US","potentialAction":[{"@type":"ReadAction","target":["https:\/\/premecsa.com.ar\/shop\/apilador-reach-ep-cqd-l-lithium\/"]}]},{"@type":"ImageObject","inLanguage":"en-US","@id":"https:\/\/premecsa.com.ar\/shop\/apilador-reach-ep-cqd-l-lithium\/#primaryimage","url":"https:\/\/premecsa.com.ar\/wp-content\/uploads\/2022\/07\/ep_apilador_reach_cdq-l_narrow.jpg","contentUrl":"https:\/\/premecsa.com.ar\/wp-content\/uploads\/2022\/07\/ep_apilador_reach_cdq-l_narrow.jpg","width":800,"height":800,"caption":"ep_apilador_reach_cdq-l_narrow"},{"@type":"BreadcrumbList","@id":"https:\/\/premecsa.com.ar\/shop\/apilador-reach-ep-cqd-l-lithium\/#breadcrumb","itemListElement":[{"@type":"ListItem","position":1,"name":"Inicio","item":"https:\/\/premecsa.com.ar\/"},{"@type":"ListItem","position":2,"name":"Productos","item":"https:\/\/premecsa.com.ar\/productos_vieja\/"},{"@type":"ListItem","position":3,"name":"Apilador reach EP CQD-L Lithium"}]},{"@type":"WebSite","@id":"https:\/\/premecsa.com.ar\/#website","url":"https:\/\/premecsa.com.ar\/","name":"Premec","description":"Premec S.A. - Autoelevadores servicio t\u00e9cnico reparaci\u00f3n alquiler venta tractores de arrastre transpalet autoelevadores electricos autoelevadores combustion Premec","publisher":{"@id":"https:\/\/premecsa.com.ar\/#organization"},"potentialAction":[{"@type":"SearchAction","target":{"@type":"EntryPoint","urlTemplate":"https:\/\/premecsa.com.ar\/?s={search_term_string}"},"query-input":{"@type":"PropertyValueSpecification","valueRequired":true,"valueName":"search_term_string"}}],"inLanguage":"en-US"},{"@type":"Organization","@id":"https:\/\/premecsa.com.ar\/#organization","name":"Premec","url":"https:\/\/premecsa.com.ar\/","logo":{"@type":"ImageObject","inLanguage":"en-US","@id":"https:\/\/premecsa.com.ar\/#\/schema\/logo\/image\/","url":"https:\/\/premecsa.com.ar\/wp-content\/uploads\/2018\/05\/logo-premec-01.png","contentUrl":"https:\/\/premecsa.com.ar\/wp-content\/uploads\/2018\/05\/logo-premec-01.png","width":1305,"height":246,"caption":"Premec"},"image":{"@id":"https:\/\/premecsa.com.ar\/#\/schema\/logo\/image\/"},"sameAs":["https:\/\/www.facebook.com\/premecsa\/","https:\/\/www.instagram.com\/premecsa\/"]}]}},"_links":{"self":[{"href":"https:\/\/premecsa.com.ar\/en\/wp-json\/wp\/v2\/product\/6932","targetHints":{"allow":["GET"]}}],"collection":[{"href":"https:\/\/premecsa.com.ar\/en\/wp-json\/wp\/v2\/product"}],"about":[{"href":"https:\/\/premecsa.com.ar\/en\/wp-json\/wp\/v2\/types\/product"}],"replies":[{"embeddable":true,"href":"https:\/\/premecsa.com.ar\/en\/wp-json\/wp\/v2\/comments?post=6932"}],"wp:featuredmedia":[{"embeddable":true,"href":"https:\/\/premecsa.com.ar\/en\/wp-json\/wp\/v2\/media\/6933"}],"wp:attachment":[{"href":"https:\/\/premecsa.com.ar\/en\/wp-json\/wp\/v2\/media?parent=6932"}],"wp:term":[{"taxonomy":"product_brand","embeddable":true,"href":"https:\/\/premecsa.com.ar\/en\/wp-json\/wp\/v2\/product_brand?post=6932"},{"taxonomy":"product_cat","embeddable":true,"href":"https:\/\/premecsa.com.ar\/en\/wp-json\/wp\/v2\/product_cat?post=6932"},{"taxonomy":"product_tag","embeddable":true,"href":"https:\/\/premecsa.com.ar\/en\/wp-json\/wp\/v2\/product_tag?post=6932"}],"curies":[{"name":"wp","href":"https:\/\/api.w.org\/{rel}","templated":true}]}}