{"id":5005,"date":"2017-08-18T20:26:56","date_gmt":"2017-08-18T20:26:56","guid":{"rendered":"http:\/\/premecsa.com.ar?page_id=5005"},"modified":"2026-01-13T19:56:28","modified_gmt":"2026-01-13T16:56:28","slug":"servicios","status":"publish","type":"page","link":"https:\/\/premecsa.com.ar\/en\/servicios\/","title":{"rendered":"Services"},"content":{"rendered":"<div class=\"wpb-content-wrapper\"><div   class=\"vc_row wpb_row vc_row-fluid vc_custom_1673613698287\">\n\t<div  class=\"vc_span4 wpb_column vc_column_container\"><div class=\"vc_column-inner\">\n\t\t<div class=\"wpb_wrapper\">\n\t\t\t<style type=\"text\/css\" >#rand_c21rhg0ospmrrqhcc7n4 {margin-top:0px; margin-bottom:0px; }<\/style><style type='text\/css'> @font-face{font-family: 'elg'; src:url('https:\/\/premecsa.com.ar\/wp-content\/themes\/thefox\/includes\/4k-icons\/icons\/4k-icons-pack02\/icons\/fonts\/elg.eot'); src:url('https:\/\/premecsa.com.ar\/wp-content\/themes\/thefox\/includes\/4k-icons\/icons\/4k-icons-pack02\/icons\/fonts\/elg.eot?#iefix') format('embedded-opentype'), url('https:\/\/premecsa.com.ar\/wp-content\/themes\/thefox\/includes\/4k-icons\/icons\/4k-icons-pack02\/icons\/fonts\/elg.woff') format('woff'), url('https:\/\/premecsa.com.ar\/wp-content\/themes\/thefox\/includes\/4k-icons\/icons\/4k-icons-pack02\/icons\/fonts\/elg.ttf') format('truetype'), url('https:\/\/premecsa.com.ar\/wp-content\/themes\/thefox\/includes\/4k-icons\/icons\/4k-icons-pack02\/icons\/fonts\/elg.svg#oi') format('svg'); font-weight: normal; font-style: normal;}#rand_c21rhg0ospmrrqhcc7n4 .elg-icon_key_alt:before{font-family: 'elg'; font-weight: normal; font-style: normal;}#rand_c21rhg0ospmrrqhcc7n4 .elg-icon_key_alt:before{content: \"\\e001\";}<\/style>\n<div id=\"rand_c21rhg0ospmrrqhcc7n4\" class=\"icon_box_bigsquare\"><style type=\"text\/css\" >#rand_c21rhg0ospmrrqhcc7n4 .ib_bigsquare{background:#00368a; }<\/style><div class=\"ib_bigsquare\"><i class=\"elg-icon_key_alt\" style=\"color:#fff;\"><\/i><\/div><h3 style=\"color:#00368a;\">Technical service<\/h3><p style=\"color:#7f7f93\"><\/p>\n<p style=\"text-align: left;\"><strong>We know how to do it.<\/strong><br \/>\nWe offer a maintenance and repair service with high added value. Specialized equipment.<\/p>\n<p><\/p><\/div>\n<!-- lists --><div class=\"rd_list_1_alt rd_list_left\"><style type='text\/css'> @font-face{font-family: 'ft'; src:url('https:\/\/premecsa.com.ar\/wp-content\/themes\/thefox\/includes\/4k-icons\/icons\/4k-icons-pack03\/icons\/fonts\/ft.eot'); src:url('https:\/\/premecsa.com.ar\/wp-content\/themes\/thefox\/includes\/4k-icons\/icons\/4k-icons-pack03\/icons\/fonts\/ft.eot?#iefix') format('embedded-opentype'), url('https:\/\/premecsa.com.ar\/wp-content\/themes\/thefox\/includes\/4k-icons\/icons\/4k-icons-pack03\/icons\/fonts\/ft.woff') format('woff'), url('https:\/\/premecsa.com.ar\/wp-content\/themes\/thefox\/includes\/4k-icons\/icons\/4k-icons-pack03\/icons\/fonts\/ft.ttf') format('truetype'), url('https:\/\/premecsa.com.ar\/wp-content\/themes\/thefox\/includes\/4k-icons\/icons\/4k-icons-pack03\/icons\/fonts\/ft.svg#oi') format('svg'); font-weight: normal; font-style: normal;}#rand_zgx8a1jsmgwb5pgevsvl .ft-right20:before{font-family: 'ft'; font-weight: normal; font-style: normal;}#rand_zgx8a1jsmgwb5pgevsvl .ft-right20:before{content: \"\\e82c\";}<\/style>\n<style type=\"text\/css\" >.rd_list_1 .list_item_ctn { border-color:#ecf0f1}.rd_list_1 #rand_zgx8a1jsmgwb5pgevsvl .list_icn i,.rd_list_1_alt #rand_zgx8a1jsmgwb5pgevsvl .list_icn i{color:#00368a;}.rd_list_2 #rand_zgx8a1jsmgwb5pgevsvl:after{background:#939393;}.rd_list_2 #rand_zgx8a1jsmgwb5pgevsvl .list_icn i{color:#00368a;}.rd_list_3 #rand_zgx8a1jsmgwb5pgevsvl .list_icn,.rd_list_5 #rand_zgx8a1jsmgwb5pgevsvl .list_icn,.rd_list_6 #rand_zgx8a1jsmgwb5pgevsvl .list_icn{background:#00368a;}.rd_list_4 #rand_zgx8a1jsmgwb5pgevsvl{background:#00368a;}#rand_zgx8a1jsmgwb5pgevsvl h3{color:#1c4689;}#rand_zgx8a1jsmgwb5pgevsvl p{color:#939393;}.rd_list_7 #rand_zgx8a1jsmgwb5pgevsvl .list_icn{color:#00368a;}<\/style><div class=\"list_item_ctn\" id=\"rand_zgx8a1jsmgwb5pgevsvl\"><div class=\"list_icn\"><i class=\"ft-right20\"><\/i><\/div><div class=\"list_desc\"><h3>Features<\/h3><p>\u25cf Monthly retainer for full preventive maintenance.<br \/>\n\u25cf Complete and equipped mobile units for carrying out mobile maintenance.<br \/>\nCorrective maintenance.<br \/>\n\u25cf Major and comprehensive repairs at our plant if the equipment requires it.<br \/>\n\u25cf Status diagnosis of equipment and report.<\/p><\/div><\/div><\/div>\r\n\r\n<!-- lists END-->\n\n\t\t<\/div> <\/div>\n\t<\/div> \n\n\t<div  class=\"vc_span4 wpb_column vc_column_container\"><div class=\"vc_column-inner\">\n\t\t<div class=\"wpb_wrapper\">\n\t\t\t<style type=\"text\/css\" >#rand_rgoebisa03vnicphqsno {margin-top:0px; margin-bottom:0px; }<\/style><style type='text\/css'> @font-face{font-family: 'elg'; src:url('https:\/\/premecsa.com.ar\/wp-content\/themes\/thefox\/includes\/4k-icons\/icons\/4k-icons-pack02\/icons\/fonts\/elg.eot'); src:url('https:\/\/premecsa.com.ar\/wp-content\/themes\/thefox\/includes\/4k-icons\/icons\/4k-icons-pack02\/icons\/fonts\/elg.eot?#iefix') format('embedded-opentype'), url('https:\/\/premecsa.com.ar\/wp-content\/themes\/thefox\/includes\/4k-icons\/icons\/4k-icons-pack02\/icons\/fonts\/elg.woff') format('woff'), url('https:\/\/premecsa.com.ar\/wp-content\/themes\/thefox\/includes\/4k-icons\/icons\/4k-icons-pack02\/icons\/fonts\/elg.ttf') format('truetype'), url('https:\/\/premecsa.com.ar\/wp-content\/themes\/thefox\/includes\/4k-icons\/icons\/4k-icons-pack02\/icons\/fonts\/elg.svg#oi') format('svg'); font-weight: normal; font-style: normal;}#rand_rgoebisa03vnicphqsno .elg-icon_key_alt:before{font-family: 'elg'; font-weight: normal; font-style: normal;}#rand_rgoebisa03vnicphqsno .elg-icon_key_alt:before{content: \"\\e001\";}<\/style>\n<div id=\"rand_rgoebisa03vnicphqsno\" class=\"icon_box_bigsquare\"><style type=\"text\/css\" >#rand_rgoebisa03vnicphqsno .ib_bigsquare{background:#00368a; }<\/style><div class=\"ib_bigsquare\"><i class=\"elg-icon_key_alt\" style=\"color:#fff;\"><\/i><\/div><h3 style=\"color:#00368a;\">Rentals<\/h3><p style=\"color:#7f7f93\"><\/p>\n<p style=\"text-align: left;\"><strong>A team for every solution.<\/strong><br \/>\nThe widest fleet of equipment for rent. Tailored solutions to maximize your company's productivity.<\/p>\n<p><\/p><\/div>\n<!-- lists --><div class=\"rd_list_1_alt rd_list_left\"><style type='text\/css'> @font-face{font-family: 'ft'; src:url('https:\/\/premecsa.com.ar\/wp-content\/themes\/thefox\/includes\/4k-icons\/icons\/4k-icons-pack03\/icons\/fonts\/ft.eot'); src:url('https:\/\/premecsa.com.ar\/wp-content\/themes\/thefox\/includes\/4k-icons\/icons\/4k-icons-pack03\/icons\/fonts\/ft.eot?#iefix') format('embedded-opentype'), url('https:\/\/premecsa.com.ar\/wp-content\/themes\/thefox\/includes\/4k-icons\/icons\/4k-icons-pack03\/icons\/fonts\/ft.woff') format('woff'), url('https:\/\/premecsa.com.ar\/wp-content\/themes\/thefox\/includes\/4k-icons\/icons\/4k-icons-pack03\/icons\/fonts\/ft.ttf') format('truetype'), url('https:\/\/premecsa.com.ar\/wp-content\/themes\/thefox\/includes\/4k-icons\/icons\/4k-icons-pack03\/icons\/fonts\/ft.svg#oi') format('svg'); font-weight: normal; font-style: normal;}#rand_a9wuklk0w667qli8hmqk .ft-right20:before{font-family: 'ft'; font-weight: normal; font-style: normal;}#rand_a9wuklk0w667qli8hmqk .ft-right20:before{content: \"\\e82c\";}<\/style>\n<style type=\"text\/css\" >.rd_list_1 .list_item_ctn { border-color:#ecf0f1}.rd_list_1 #rand_a9wuklk0w667qli8hmqk .list_icn i,.rd_list_1_alt #rand_a9wuklk0w667qli8hmqk .list_icn i{color:#00368a;}.rd_list_2 #rand_a9wuklk0w667qli8hmqk:after{background:#939393;}.rd_list_2 #rand_a9wuklk0w667qli8hmqk .list_icn i{color:#00368a;}.rd_list_3 #rand_a9wuklk0w667qli8hmqk .list_icn,.rd_list_5 #rand_a9wuklk0w667qli8hmqk .list_icn,.rd_list_6 #rand_a9wuklk0w667qli8hmqk .list_icn{background:#00368a;}.rd_list_4 #rand_a9wuklk0w667qli8hmqk{background:#00368a;}#rand_a9wuklk0w667qli8hmqk h3{color:#1c4689;}#rand_a9wuklk0w667qli8hmqk p{color:#939393;}.rd_list_7 #rand_a9wuklk0w667qli8hmqk .list_icn{color:#00368a;}<\/style><div class=\"list_item_ctn\" id=\"rand_a9wuklk0w667qli8hmqk\"><div class=\"list_icn\"><i class=\"ft-right20\"><\/i><\/div><div class=\"list_desc\"><h3>Features<\/h3><p>Upon hiring us, you will have immediate access to equipment rentals from our fleet.<br \/>\n\u25cf Combustion or electric forklifts, stackers, pallet jacks, reach stackers, VNA equipment, and tow tractors.<br \/>\n\u25cf Monthly, semi-annual, or annual rental period.<br \/>\n\u25cf Full preventive maintenance by Premec, allowing you to focus your efforts on productive tasks.<br \/>\nFlexibility in configuring the equipment according to your needs, such as load capacity, lifting height, fork length, and others.<\/p><\/div><\/div><\/div>\r\n\r\n<!-- lists END-->\n\n\t\t<\/div> <\/div>\n\t<\/div> \n\n\t<div  class=\"vc_span4 wpb_column vc_column_container\"><div class=\"vc_column-inner\">\n\t\t<div class=\"wpb_wrapper\">\n\t\t\t<style type=\"text\/css\" >#rand_sphsvjbwirx2cqnz02kz {margin-top:0px; margin-bottom:0px; }<\/style><style type='text\/css'> @font-face{font-family: 'wb'; src:url('https:\/\/premecsa.com.ar\/wp-content\/themes\/thefox\/includes\/4k-icons\/icons\/4k-icons-pack05\/icons\/fonts\/wb.eot'); src:url('https:\/\/premecsa.com.ar\/wp-content\/themes\/thefox\/includes\/4k-icons\/icons\/4k-icons-pack05\/icons\/fonts\/wb.eot?#iefix') format('embedded-opentype'), url('https:\/\/premecsa.com.ar\/wp-content\/themes\/thefox\/includes\/4k-icons\/icons\/4k-icons-pack05\/icons\/fonts\/wb.woff') format('woff'), url('https:\/\/premecsa.com.ar\/wp-content\/themes\/thefox\/includes\/4k-icons\/icons\/4k-icons-pack05\/icons\/fonts\/wb.ttf') format('truetype'), url('https:\/\/premecsa.com.ar\/wp-content\/themes\/thefox\/includes\/4k-icons\/icons\/4k-icons-pack05\/icons\/fonts\/wb.svg#oi') format('svg'); font-weight: normal; font-style: normal;}#rand_sphsvjbwirx2cqnz02kz .wb-nut:before{font-family: 'wb'; font-weight: normal; font-style: normal;}#rand_sphsvjbwirx2cqnz02kz .wb-nut:before{content: \"\\f427\";}<\/style>\n<div id=\"rand_sphsvjbwirx2cqnz02kz\" class=\"icon_box_bigsquare\"><style type=\"text\/css\" >#rand_sphsvjbwirx2cqnz02kz .ib_bigsquare{background:#00368a; }<\/style><div class=\"ib_bigsquare\"><i class=\"wb-nut\" style=\"color:#fff;\"><\/i><\/div><h3 style=\"color:#00368a;\">Spare parts<\/h3><p style=\"color:#7f7f93\"><\/p>\n<p style=\"text-align: left;\"><strong>Original spare parts and components.<\/strong><br \/>\nWe have permanent stock for equipment of all brands, especially those we represent.<\/p>\n<p><\/p><\/div>\n<!-- lists --><div class=\"rd_list_1_alt rd_list_left\"><style type='text\/css'> @font-face{font-family: 'ft'; src:url('https:\/\/premecsa.com.ar\/wp-content\/themes\/thefox\/includes\/4k-icons\/icons\/4k-icons-pack03\/icons\/fonts\/ft.eot'); src:url('https:\/\/premecsa.com.ar\/wp-content\/themes\/thefox\/includes\/4k-icons\/icons\/4k-icons-pack03\/icons\/fonts\/ft.eot?#iefix') format('embedded-opentype'), url('https:\/\/premecsa.com.ar\/wp-content\/themes\/thefox\/includes\/4k-icons\/icons\/4k-icons-pack03\/icons\/fonts\/ft.woff') format('woff'), url('https:\/\/premecsa.com.ar\/wp-content\/themes\/thefox\/includes\/4k-icons\/icons\/4k-icons-pack03\/icons\/fonts\/ft.ttf') format('truetype'), url('https:\/\/premecsa.com.ar\/wp-content\/themes\/thefox\/includes\/4k-icons\/icons\/4k-icons-pack03\/icons\/fonts\/ft.svg#oi') format('svg'); font-weight: normal; font-style: normal;}#rand_tl2td1qr4io4mcbfi3un .ft-right20:before{font-family: 'ft'; font-weight: normal; font-style: normal;}#rand_tl2td1qr4io4mcbfi3un .ft-right20:before{content: \"\\e82c\";}<\/style>\n<style type=\"text\/css\" >.rd_list_1 .list_item_ctn { border-color:#ecf0f1}.rd_list_1 #rand_tl2td1qr4io4mcbfi3un .list_icn i,.rd_list_1_alt #rand_tl2td1qr4io4mcbfi3un .list_icn i{color:#00368a;}.rd_list_2 #rand_tl2td1qr4io4mcbfi3un:after{background:#939393;}.rd_list_2 #rand_tl2td1qr4io4mcbfi3un .list_icn i{color:#00368a;}.rd_list_3 #rand_tl2td1qr4io4mcbfi3un .list_icn,.rd_list_5 #rand_tl2td1qr4io4mcbfi3un .list_icn,.rd_list_6 #rand_tl2td1qr4io4mcbfi3un .list_icn{background:#00368a;}.rd_list_4 #rand_tl2td1qr4io4mcbfi3un{background:#00368a;}#rand_tl2td1qr4io4mcbfi3un h3{color:#1c4689;}#rand_tl2td1qr4io4mcbfi3un p{color:#939393;}.rd_list_7 #rand_tl2td1qr4io4mcbfi3un .list_icn{color:#00368a;}<\/style><div class=\"list_item_ctn\" id=\"rand_tl2td1qr4io4mcbfi3un\"><div class=\"list_icn\"><i class=\"ft-right20\"><\/i><\/div><div class=\"list_desc\"><h3>Features<\/h3><p> \u25cf Spare parts for all models.<br \/>\n\u25cf Batteries and chargers (lead-acid or lithium)<br \/>\nAvailability of spare parts for all brands.<br \/>\nOriginal spare parts for all types of equipment.<br \/>\n<\/p><\/div><\/div><\/div>\r\n\r\n<!-- lists END-->\n\n\t\t<\/div> <\/div>\n\t<\/div> \n<\/div><div   class=\"vc_row wpb_row vc_row-fluid\">\n\t<div  class=\"vc_span12 wpb_column vc_column_container\"><div class=\"vc_column-inner\">\n\t\t<div class=\"wpb_wrapper\">\n\t\t\t\n\t<div class=\"wpb_text_column wpb_content_element   ct_pbcjsjtlh5z8p12nggsc\" >\n\t\t<div class=\"wpb_wrapper\" >\n\t\t\t<p><br data-start=\"2111\" data-end=\"2114\" \/>Premec S.A. is the official representative of Hyundai Material Handling in Argentina. We provide comprehensive solutions for forklifts, original spare parts, and certified technical service. Our commitment is to offer cutting-edge technology and professional support to our clients.<\/p>\n\n\t\t<\/div> \n\t<\/div> \n\t\t<\/div> <\/div>\n\t<\/div> \n<\/div>\n<\/div>","protected":false},"excerpt":{"rendered":"<p>Servicio t\u00e9cnico Sabemos c\u00f3mo hacerlo. Brindamos un servicio de mantenimiento y reparaci\u00f3n con un alto valor agregado. Equipamiento especializado. Caracter\u00edsticas\u25cf Abono mensual para mantenimiento preventivo total. \u25cf Unidades m\u00f3viles completas y equipadas para efectuar mantenimiento ambulante. \u25cf Mantenimiento correctivo. \u25cf Reparaciones mayores e integrales en nuestra planta si el equipo lo requiere. \u25cf Diagn\u00f3stico sobre<br \/><a href=\"https:\/\/premecsa.com.ar\/en\/servicios\/\" class=\"more\">Read more<\/a><\/p>","protected":false},"author":4,"featured_media":0,"parent":0,"menu_order":0,"comment_status":"closed","ping_status":"closed","template":"","meta":{"content-type":"","_joinchat":[],"footnotes":""},"class_list":["post-5005","page","type-page","status-publish","hentry"],"yoast_head":"<!-- This site is optimized with the Yoast SEO plugin v27.4 - https:\/\/yoast.com\/product\/yoast-seo-wordpress\/ -->\n<title>Servicios - Premec<\/title>\n<meta name=\"robots\" content=\"index, follow, max-snippet:-1, max-image-preview:large, max-video-preview:-1\" \/>\n<link rel=\"canonical\" href=\"https:\/\/premecsa.com.ar\/en\/servicios\/\" \/>\n<meta property=\"og:locale\" content=\"en_US\" \/>\n<meta property=\"og:type\" content=\"article\" \/>\n<meta property=\"og:title\" content=\"Servicios - Premec\" \/>\n<meta property=\"og:description\" content=\"Servicio t\u00e9cnico Sabemos c\u00f3mo hacerlo. Brindamos un servicio de mantenimiento y reparaci\u00f3n con un alto valor agregado. Equipamiento especializado. Caracter\u00edsticas\u25cf Abono mensual para mantenimiento preventivo total. \u25cf Unidades m\u00f3viles completas y equipadas para efectuar mantenimiento ambulante. \u25cf Mantenimiento correctivo. \u25cf Reparaciones mayores e integrales en nuestra planta si el equipo lo requiere. \u25cf Diagn\u00f3stico sobreRead more\" \/>\n<meta property=\"og:url\" content=\"https:\/\/premecsa.com.ar\/en\/servicios\/\" \/>\n<meta property=\"og:site_name\" content=\"Premec\" \/>\n<meta property=\"article:publisher\" content=\"https:\/\/www.facebook.com\/premecsa\/\" \/>\n<meta property=\"article:modified_time\" content=\"2026-01-13T16:56:28+00:00\" \/>\n<meta name=\"twitter:card\" content=\"summary_large_image\" \/>\n<meta name=\"twitter:label1\" content=\"Est. reading time\" \/>\n\t<meta name=\"twitter:data1\" content=\"2 minutes\" \/>\n<script type=\"application\/ld+json\" class=\"yoast-schema-graph\">{\"@context\":\"https:\\\/\\\/schema.org\",\"@graph\":[{\"@type\":\"WebPage\",\"@id\":\"https:\\\/\\\/premecsa.com.ar\\\/servicios\\\/\",\"url\":\"https:\\\/\\\/premecsa.com.ar\\\/servicios\\\/\",\"name\":\"Servicios - Premec\",\"isPartOf\":{\"@id\":\"https:\\\/\\\/premecsa.com.ar\\\/#website\"},\"datePublished\":\"2017-08-18T20:26:56+00:00\",\"dateModified\":\"2026-01-13T16:56:28+00:00\",\"breadcrumb\":{\"@id\":\"https:\\\/\\\/premecsa.com.ar\\\/servicios\\\/#breadcrumb\"},\"inLanguage\":\"en-US\",\"potentialAction\":[{\"@type\":\"ReadAction\",\"target\":[\"https:\\\/\\\/premecsa.com.ar\\\/servicios\\\/\"]}]},{\"@type\":\"BreadcrumbList\",\"@id\":\"https:\\\/\\\/premecsa.com.ar\\\/servicios\\\/#breadcrumb\",\"itemListElement\":[{\"@type\":\"ListItem\",\"position\":1,\"name\":\"Inicio\",\"item\":\"https:\\\/\\\/premecsa.com.ar\\\/\"},{\"@type\":\"ListItem\",\"position\":2,\"name\":\"Servicios\"}]},{\"@type\":\"WebSite\",\"@id\":\"https:\\\/\\\/premecsa.com.ar\\\/#website\",\"url\":\"https:\\\/\\\/premecsa.com.ar\\\/\",\"name\":\"Premec\",\"description\":\"Premec S.A. - Autoelevadores servicio t\u00e9cnico reparaci\u00f3n alquiler venta tractores de arrastre transpalet autoelevadores electricos autoelevadores combustion Premec\",\"publisher\":{\"@id\":\"https:\\\/\\\/premecsa.com.ar\\\/#organization\"},\"potentialAction\":[{\"@type\":\"SearchAction\",\"target\":{\"@type\":\"EntryPoint\",\"urlTemplate\":\"https:\\\/\\\/premecsa.com.ar\\\/?s={search_term_string}\"},\"query-input\":{\"@type\":\"PropertyValueSpecification\",\"valueRequired\":true,\"valueName\":\"search_term_string\"}}],\"inLanguage\":\"en-US\"},{\"@type\":\"Organization\",\"@id\":\"https:\\\/\\\/premecsa.com.ar\\\/#organization\",\"name\":\"Premec\",\"url\":\"https:\\\/\\\/premecsa.com.ar\\\/\",\"logo\":{\"@type\":\"ImageObject\",\"inLanguage\":\"en-US\",\"@id\":\"https:\\\/\\\/premecsa.com.ar\\\/#\\\/schema\\\/logo\\\/image\\\/\",\"url\":\"https:\\\/\\\/premecsa.com.ar\\\/wp-content\\\/uploads\\\/2018\\\/05\\\/logo-premec-01.png\",\"contentUrl\":\"https:\\\/\\\/premecsa.com.ar\\\/wp-content\\\/uploads\\\/2018\\\/05\\\/logo-premec-01.png\",\"width\":1305,\"height\":246,\"caption\":\"Premec\"},\"image\":{\"@id\":\"https:\\\/\\\/premecsa.com.ar\\\/#\\\/schema\\\/logo\\\/image\\\/\"},\"sameAs\":[\"https:\\\/\\\/www.facebook.com\\\/premecsa\\\/\",\"https:\\\/\\\/www.instagram.com\\\/premecsa\\\/\"]}]}<\/script>\n<!-- \/ Yoast SEO plugin. -->","yoast_head_json":{"title":"Servicios - Premec","robots":{"index":"index","follow":"follow","max-snippet":"max-snippet:-1","max-image-preview":"max-image-preview:large","max-video-preview":"max-video-preview:-1"},"canonical":"https:\/\/premecsa.com.ar\/en\/servicios\/","og_locale":"en_US","og_type":"article","og_title":"Servicios - Premec","og_description":"Servicio t\u00e9cnico Sabemos c\u00f3mo hacerlo. Brindamos un servicio de mantenimiento y reparaci\u00f3n con un alto valor agregado. Equipamiento especializado. Caracter\u00edsticas\u25cf Abono mensual para mantenimiento preventivo total. \u25cf Unidades m\u00f3viles completas y equipadas para efectuar mantenimiento ambulante. \u25cf Mantenimiento correctivo. \u25cf Reparaciones mayores e integrales en nuestra planta si el equipo lo requiere. \u25cf Diagn\u00f3stico sobreRead more","og_url":"https:\/\/premecsa.com.ar\/en\/servicios\/","og_site_name":"Premec","article_publisher":"https:\/\/www.facebook.com\/premecsa\/","article_modified_time":"2026-01-13T16:56:28+00:00","twitter_card":"summary_large_image","twitter_misc":{"Est. reading time":"2 minutes"},"schema":{"@context":"https:\/\/schema.org","@graph":[{"@type":"WebPage","@id":"https:\/\/premecsa.com.ar\/servicios\/","url":"https:\/\/premecsa.com.ar\/servicios\/","name":"Servicios - Premec","isPartOf":{"@id":"https:\/\/premecsa.com.ar\/#website"},"datePublished":"2017-08-18T20:26:56+00:00","dateModified":"2026-01-13T16:56:28+00:00","breadcrumb":{"@id":"https:\/\/premecsa.com.ar\/servicios\/#breadcrumb"},"inLanguage":"en-US","potentialAction":[{"@type":"ReadAction","target":["https:\/\/premecsa.com.ar\/servicios\/"]}]},{"@type":"BreadcrumbList","@id":"https:\/\/premecsa.com.ar\/servicios\/#breadcrumb","itemListElement":[{"@type":"ListItem","position":1,"name":"Inicio","item":"https:\/\/premecsa.com.ar\/"},{"@type":"ListItem","position":2,"name":"Servicios"}]},{"@type":"WebSite","@id":"https:\/\/premecsa.com.ar\/#website","url":"https:\/\/premecsa.com.ar\/","name":"Premec","description":"Premec S.A. - Autoelevadores servicio t\u00e9cnico reparaci\u00f3n alquiler venta tractores de arrastre transpalet autoelevadores electricos autoelevadores combustion Premec","publisher":{"@id":"https:\/\/premecsa.com.ar\/#organization"},"potentialAction":[{"@type":"SearchAction","target":{"@type":"EntryPoint","urlTemplate":"https:\/\/premecsa.com.ar\/?s={search_term_string}"},"query-input":{"@type":"PropertyValueSpecification","valueRequired":true,"valueName":"search_term_string"}}],"inLanguage":"en-US"},{"@type":"Organization","@id":"https:\/\/premecsa.com.ar\/#organization","name":"Premec","url":"https:\/\/premecsa.com.ar\/","logo":{"@type":"ImageObject","inLanguage":"en-US","@id":"https:\/\/premecsa.com.ar\/#\/schema\/logo\/image\/","url":"https:\/\/premecsa.com.ar\/wp-content\/uploads\/2018\/05\/logo-premec-01.png","contentUrl":"https:\/\/premecsa.com.ar\/wp-content\/uploads\/2018\/05\/logo-premec-01.png","width":1305,"height":246,"caption":"Premec"},"image":{"@id":"https:\/\/premecsa.com.ar\/#\/schema\/logo\/image\/"},"sameAs":["https:\/\/www.facebook.com\/premecsa\/","https:\/\/www.instagram.com\/premecsa\/"]}]}},"_links":{"self":[{"href":"https:\/\/premecsa.com.ar\/en\/wp-json\/wp\/v2\/pages\/5005","targetHints":{"allow":["GET"]}}],"collection":[{"href":"https:\/\/premecsa.com.ar\/en\/wp-json\/wp\/v2\/pages"}],"about":[{"href":"https:\/\/premecsa.com.ar\/en\/wp-json\/wp\/v2\/types\/page"}],"author":[{"embeddable":true,"href":"https:\/\/premecsa.com.ar\/en\/wp-json\/wp\/v2\/users\/4"}],"replies":[{"embeddable":true,"href":"https:\/\/premecsa.com.ar\/en\/wp-json\/wp\/v2\/comments?post=5005"}],"version-history":[{"count":40,"href":"https:\/\/premecsa.com.ar\/en\/wp-json\/wp\/v2\/pages\/5005\/revisions"}],"predecessor-version":[{"id":8916,"href":"https:\/\/premecsa.com.ar\/en\/wp-json\/wp\/v2\/pages\/5005\/revisions\/8916"}],"wp:attachment":[{"href":"https:\/\/premecsa.com.ar\/en\/wp-json\/wp\/v2\/media?parent=5005"}],"curies":[{"name":"wp","href":"https:\/\/api.w.org\/{rel}","templated":true}]}}